{"id":11856,"date":"2025-01-17T15:24:45","date_gmt":"2025-01-17T15:24:45","guid":{"rendered":"https:\/\/magistratiracing.com\/etica\/"},"modified":"2025-06-23T20:08:38","modified_gmt":"2025-06-23T20:08:38","slug":"etica","status":"publish","type":"page","link":"https:\/\/magistratiracing.com\/fr\/etica\/","title":{"rendered":"\u00c9thique"},"content":{"rendered":"\t\t<div data-elementor-type=\"wp-page\" data-elementor-id=\"11856\" class=\"elementor elementor-11856\">\n\t\t\t\t        <section class=\"elementor-section elementor-top-section elementor-element elementor-element-f38593d elementor-section-full_width elementor-section-height-default elementor-section-height-default pxl-type-header-none pxl-section-offset-none pxl-section-smoke_particles-no pxl-row-scroll-none\" data-id=\"f38593d\" data-element_type=\"section\" data-settings=\"{&quot;background_background&quot;:&quot;classic&quot;}\">\n\n                \n                <div class=\"elementor-container elementor-column-gap-extended \">\n                <div class=\"elementor-column elementor-col-50 elementor-top-column elementor-element elementor-element-1a6e18a elementor-hidden-tablet_extra elementor-hidden-tablet elementor-hidden-mobile_extra elementor-hidden-mobile pxl-column-element-default pxl-column-none\" data-id=\"1a6e18a\" data-element_type=\"column\">\r\n        <div class=\"elementor-widget-wrap elementor-element-populated\">\r\n                     \r\n        \t\t<div class=\"elementor-element elementor-element-d3b2a4d elementor-widget elementor-widget-pxl_image\" data-id=\"d3b2a4d\" data-element_type=\"widget\" data-widget_type=\"pxl_image.default\">\n\t\t\t\t<div class=\"elementor-widget-container\">\n\t\t\t\t\t<div class=\"pxl-image-single  wow fadeInLeft\" data-wow-delay=\"ms\">\r\n                                        <div class=\"pxl-item--inner\">\r\n                                            <img fetchpriority=\"high\" decoding=\"async\" width=\"1920\" height=\"1080\" src=\"https:\/\/magistratiracing.com\/wp-content\/uploads\/2023\/11\/layout_1920x1080_3.jpg\" class=\"no-lazyload attachment-full\" alt=\"\" \/>                                    <\/div>\r\n                        <\/div>\t\t\t\t<\/div>\n\t\t\t\t<\/div>\n\t\t            <\/div>\r\n        <\/div>\r\n                <div class=\"elementor-column elementor-col-50 elementor-top-column elementor-element elementor-element-ebf4a24 pxl-column-element-default pxl-column-none\" data-id=\"ebf4a24\" data-element_type=\"column\">\r\n        <div class=\"elementor-widget-wrap elementor-element-populated\">\r\n                     \r\n        \t\t<div class=\"elementor-element elementor-element-f55a739 elementor-widget elementor-widget-pxl_heading\" data-id=\"f55a739\" data-element_type=\"widget\" data-widget_type=\"pxl_heading.default\">\n\t\t\t\t<div class=\"elementor-widget-container\">\n\t\t\t\t\t<div id=\"pxl-pxl_heading-f55a739-4201\" class=\"pxl-heading px-sub-title-default-style\">\n\t<div class=\"pxl-heading--inner\">\n\t\t\n\t\t\t\t\t<div class=\"pxl-item--subtitle px-sub-title-default \" data-wow-delay=\"ms\">\n\t\t\t\t<span class=\"pxl-item--subtext\">\n\t\t\t\t\t\t\t\t\t\t...selon Magistrati Racing\u00ae\t\t\t\t\t<span class=\"pxl-item--subdivider\"><\/span>\n\t\t\t\t<\/span>\n\t\t\t<\/div>\n\t\t\n\t\t<h3 class=\"pxl-item--title  \" data-wow-delay=\"ms\">\n\t\t\t\t\t\t\tL\u2019\u00e9thique de notre <cite> travail<\/cite>\t\t\n\t\t\t\t\n\t\t<\/h3>\n\n\t\t\n\t\t\n\t\t\t\t\t\t\t\t\t<\/div>\n<\/div>\t\t\t\t<\/div>\n\t\t\t\t<\/div>\n\t\t\t\t<div class=\"elementor-element elementor-element-0b74ee2 elementor-widget elementor-widget-pxl_text_editor\" data-id=\"0b74ee2\" data-element_type=\"widget\" data-widget_type=\"pxl_text_editor.default\">\n\t\t\t\t<div class=\"elementor-widget-container\">\n\t\t\t\t\t<div class=\"pxl-text-editor wow fadeInLeft\">\n\t<div class=\"pxl-item--inner \" data-wow-delay=\"ms\">\n\t\t<p class=\"p1\"><span style=\"font-weight: 400\">Pour nous, chez Magistrati Racing\u00ae, <strong>la relation humaine est au c\u0153ur de tout ce que nous faisons.<\/strong><\/span><\/p><p class=\"p1\"><span style=\"font-weight: 400\">Nous sommes fermement convaincus que la <strong>qualit\u00e9 du travail<\/strong> et la <strong>satisfaction de nos clients et collaborateurs<\/strong> naissent de relations solides et authentiques, fond\u00e9es sur le respect mutuel et sur la confiance construite avec le temps.<\/span><\/p>\t<\/div>\n<\/div>\t\t\t\t<\/div>\n\t\t\t\t<\/div>\n\t\t            <\/div>\r\n        <\/div>\r\n        \t\t\t<\/div>\n\t\t<\/section>\n\t\t        <section class=\"elementor-section elementor-top-section elementor-element elementor-element-ef59362 elementor-section-boxed elementor-section-height-default elementor-section-height-default pxl-type-header-none pxl-section-smoke_particles-no pxl-row-scroll-none\" data-id=\"ef59362\" data-element_type=\"section\" data-settings=\"{&quot;background_background&quot;:&quot;classic&quot;}\">\n\n                \n                <div class=\"elementor-container elementor-column-gap-default \">\n                <div class=\"elementor-column elementor-col-100 elementor-top-column elementor-element elementor-element-ab54209 pxl-column-element-default pxl-column-none\" data-id=\"ab54209\" data-element_type=\"column\">\r\n        <div class=\"elementor-widget-wrap elementor-element-populated\">\r\n                     \r\n        \t\t<div class=\"elementor-element elementor-element-f703cb6 elementor-widget elementor-widget-pxl_heading\" data-id=\"f703cb6\" data-element_type=\"widget\" data-widget_type=\"pxl_heading.default\">\n\t\t\t\t<div class=\"elementor-widget-container\">\n\t\t\t\t\t<div id=\"pxl-pxl_heading-f703cb6-8841\" class=\"pxl-heading px-sub-title-default-style\">\n\t<div class=\"pxl-heading--inner\">\n\t\t\n\t\t\n\t\t<h3 class=\"pxl-item--title  \" data-wow-delay=\"ms\">\n\t\t\t\t\t\t\t\u00ab Nous ne faisons pas de compromis : si nous ne pouvons pas garantir l\u2019excellence, nous pr\u00e9f\u00e9rons ne rien faire. La qualit\u00e9 n\u2019est pas n\u00e9gociable ! \u00bb\t\t\n\t\t\t\t\n\t\t<\/h3>\n\n\t\t\n\t\t\n\t\t\t\t\t\t\t\t\t<\/div>\n<\/div>\t\t\t\t<\/div>\n\t\t\t\t<\/div>\n\t\t            <\/div>\r\n        <\/div>\r\n        \t\t\t<\/div>\n\t\t<\/section>\n\t\t        <section class=\"elementor-section elementor-top-section elementor-element elementor-element-b733970 elementor-section-boxed elementor-section-height-default elementor-section-height-default pxl-type-header-none pxl-section-smoke_particles-no pxl-row-scroll-none\" data-id=\"b733970\" data-element_type=\"section\">\n\n                \n                <div class=\"elementor-container elementor-column-gap-default \">\n                <div class=\"elementor-column elementor-col-100 elementor-top-column elementor-element elementor-element-690e1c0 pxl-column-element-default pxl-column-none\" data-id=\"690e1c0\" data-element_type=\"column\">\r\n        <div class=\"elementor-widget-wrap elementor-element-populated\">\r\n                     \r\n                <section class=\"elementor-section elementor-inner-section elementor-element elementor-element-f359bc6 elementor-section-full_width elementor-section-height-default elementor-section-height-default pxl-type-header-none pxl-section-offset-none pxl-section-smoke_particles-no pxl-row-scroll-none\" data-id=\"f359bc6\" data-element_type=\"section\">\n\n                \n                <div class=\"elementor-container elementor-column-gap-no \">\n                <div class=\"elementor-column elementor-col-33 elementor-inner-column elementor-element elementor-element-d8ddce8 pxl-column-element-default pxl-column-none\" data-id=\"d8ddce8\" data-element_type=\"column\" data-settings=\"{&quot;background_background&quot;:&quot;classic&quot;}\">\r\n        <div class=\"elementor-widget-wrap elementor-element-populated\">\r\n                     \r\n        \t\t<div class=\"elementor-element elementor-element-931ec37 elementor-widget elementor-widget-pxl_icon_box\" data-id=\"931ec37\" data-element_type=\"widget\" data-widget_type=\"pxl_icon_box.default\">\n\t\t\t\t<div class=\"elementor-widget-container\">\n\t\t\t\t\t<div class=\"pxl-icon-box pxl-icon-box1 \" data-wow-delay=\"ms\">\r\n    <div class=\"pxl-item--inner bg-off\">\r\n                    <div class=\"pxl-item--icon\">\r\n                                    <i aria-hidden=\"true\" class=\"fal fa-chart-network\"><\/i>                            <\/div>\r\n                        <div class=\"pxl-item--content\">\r\n            <h3 class=\"pxl-item--title el-empty\">\r\n                                    <span>Des collaborations qui \u00e9voluent dans le temps<\/span>\r\n                            <\/h3>  \r\n              \r\n        <\/div>\r\n    <\/div>\r\n<\/div>\t\t\t\t<\/div>\n\t\t\t\t<\/div>\n\t\t\t\t<div class=\"elementor-element elementor-element-97a3a51 elementor-widget elementor-widget-testimonial\" data-id=\"97a3a51\" data-element_type=\"widget\" data-widget_type=\"testimonial.default\">\n\t\t\t\t\t\t\t<div class=\"elementor-testimonial-wrapper\">\n\t\t\t\t\t\t\t<div class=\"elementor-testimonial-content\"><p>Nous avons instaur\u00e9 avec nos fournisseurs des relations durables, collaborant depuis des ann\u00e9es avec des partenaires qui partagent notre vision et notre engagement envers l\u2019excellence.<\/p>\n<p>Cette approche nous permet de garantir une fili\u00e8re fiable et de haute qualit\u00e9, essentielle pour nos produits artisanaux.<\/p>\n<\/div>\n\t\t\t\n\t\t\t\t\t\t<div class=\"elementor-testimonial-meta\">\n\t\t\t\t<div class=\"elementor-testimonial-meta-inner\">\n\t\t\t\t\t\n\t\t\t\t\t\t\t\t\t\t<div class=\"elementor-testimonial-details\">\n\t\t\t\t\t\t\t\t\t\t\t\t\t\t<div class=\"elementor-testimonial-name\">\u00c0 nos collaborateurs<\/div>\n\t\t\t\t\t\t\t\t\t\t\t\t\t\t\t\t\t\t\t<\/div>\n\t\t\t\t\t\t\t\t\t<\/div>\n\t\t\t<\/div>\n\t\t\t\t\t<\/div>\n\t\t\t\t\t\t<\/div>\n\t\t            <\/div>\r\n        <\/div>\r\n                <div class=\"elementor-column elementor-col-33 elementor-inner-column elementor-element elementor-element-82e3bb9 pxl-column-element-default pxl-column-none\" data-id=\"82e3bb9\" data-element_type=\"column\" data-settings=\"{&quot;background_background&quot;:&quot;classic&quot;}\">\r\n        <div class=\"elementor-widget-wrap elementor-element-populated\">\r\n                     \r\n        \t\t<div class=\"elementor-element elementor-element-fc677fd elementor-widget elementor-widget-pxl_icon_box\" data-id=\"fc677fd\" data-element_type=\"widget\" data-widget_type=\"pxl_icon_box.default\">\n\t\t\t\t<div class=\"elementor-widget-container\">\n\t\t\t\t\t<div class=\"pxl-icon-box pxl-icon-box1 \" data-wow-delay=\"ms\">\r\n    <div class=\"pxl-item--inner bg-off\">\r\n                    <div class=\"pxl-item--icon\">\r\n                                    <i aria-hidden=\"true\" class=\"fal fa-heart-circle\"><\/i>                            <\/div>\r\n                        <div class=\"pxl-item--content\">\r\n            <h3 class=\"pxl-item--title el-empty\">\r\n                                    <span>Les clients au centre<\/span>\r\n                            <\/h3>  \r\n              \r\n        <\/div>\r\n    <\/div>\r\n<\/div>\t\t\t\t<\/div>\n\t\t\t\t<\/div>\n\t\t\t\t<div class=\"elementor-element elementor-element-480139a elementor-widget elementor-widget-testimonial\" data-id=\"480139a\" data-element_type=\"widget\" data-widget_type=\"testimonial.default\">\n\t\t\t\t\t\t\t<div class=\"elementor-testimonial-wrapper\">\n\t\t\t\t\t\t\t<div class=\"elementor-testimonial-content\"><p>Passion et personnalisation<\/p>\n<p>Chaque client est unique et m\u00e9rite des solutions personnalis\u00e9es qui satisfassent \u00e0 ses exigences sp\u00e9cifiques. Nous r\u00e9servons toujours la premi\u00e8re place au d\u00e9sir d\u2019offrir des prestations sur mesure, en allant au-del\u00e0 de la simple vente d'un produit pour cr\u00e9er des exp\u00e9riences qui refl\u00e8tent leurs attentes et leur passion pour les deux-roues.<\/p>\n<\/div>\n\t\t\t\n\t\t\t\t\t\t<div class=\"elementor-testimonial-meta\">\n\t\t\t\t<div class=\"elementor-testimonial-meta-inner\">\n\t\t\t\t\t\n\t\t\t\t\t\t\t\t\t\t<div class=\"elementor-testimonial-details\">\n\t\t\t\t\t\t\t\t\t\t\t\t\t\t<div class=\"elementor-testimonial-name\">\u00c0 nos clients<\/div>\n\t\t\t\t\t\t\t\t\t\t\t\t\t\t\t\t\t\t\t<\/div>\n\t\t\t\t\t\t\t\t\t<\/div>\n\t\t\t<\/div>\n\t\t\t\t\t<\/div>\n\t\t\t\t\t\t<\/div>\n\t\t            <\/div>\r\n        <\/div>\r\n                <div class=\"elementor-column elementor-col-33 elementor-inner-column elementor-element elementor-element-b9a9058 pxl-column-element-default pxl-column-none\" data-id=\"b9a9058\" data-element_type=\"column\">\r\n        <div class=\"elementor-widget-wrap elementor-element-populated\">\r\n                     \r\n        \t\t<div class=\"elementor-element elementor-element-7807ae7 elementor-widget elementor-widget-pxl_icon_box\" data-id=\"7807ae7\" data-element_type=\"widget\" data-widget_type=\"pxl_icon_box.default\">\n\t\t\t\t<div class=\"elementor-widget-container\">\n\t\t\t\t\t<div class=\"pxl-icon-box pxl-icon-box1 \" data-wow-delay=\"ms\">\r\n    <div class=\"pxl-item--inner bg-off\">\r\n                    <div class=\"pxl-item--icon\">\r\n                                    <i aria-hidden=\"true\" class=\"fal fa-gem\"><\/i>                            <\/div>\r\n                        <div class=\"pxl-item--content\">\r\n            <h3 class=\"pxl-item--title el-empty\">\r\n                                    <span>La substance avant l\u2019apparence<\/span>\r\n                            <\/h3>  \r\n              \r\n        <\/div>\r\n    <\/div>\r\n<\/div>\t\t\t\t<\/div>\n\t\t\t\t<\/div>\n\t\t\t\t<div class=\"elementor-element elementor-element-096526d elementor-widget elementor-widget-testimonial\" data-id=\"096526d\" data-element_type=\"widget\" data-widget_type=\"testimonial.default\">\n\t\t\t\t\t\t\t<div class=\"elementor-testimonial-wrapper\">\n\t\t\t\t\t\t\t<div class=\"elementor-testimonial-content\"><p>Ce n\u2019est pas d\u2019appara\u00eetre qui nous int\u00e9resse, mais de faire la diff\u00e9rence. Nous aimons nous d\u00e9marquer gr\u00e2ce \u00e0 nos comp\u00e9tences, \u00e0 la valeur ajout\u00e9e que nous savons donner \u00e0 ceux qui choisissent de croire en nous.<\/p>\n<p>Chaque composant, chaque projet est le fruit d\u2019un d\u00e9vouement, d\u2019une \u00e9tude et d\u2019un soin, qui sont des valeurs d\u00e9passant la superficialit\u00e9 et se concentrant sur l'essentiel.<\/p>\n<\/div>\n\t\t\t\n\t\t\t\t\t\t<div class=\"elementor-testimonial-meta\">\n\t\t\t\t<div class=\"elementor-testimonial-meta-inner\">\n\t\t\t\t\t\n\t\t\t\t\t\t\t\t\t\t<div class=\"elementor-testimonial-details\">\n\t\t\t\t\t\t\t\t\t\t\t\t\t\t<div class=\"elementor-testimonial-name\">\u00c0 notre produit<\/div>\n\t\t\t\t\t\t\t\t\t\t\t\t\t\t\t\t\t\t\t<\/div>\n\t\t\t\t\t\t\t\t\t<\/div>\n\t\t\t<\/div>\n\t\t\t\t\t<\/div>\n\t\t\t\t\t\t<\/div>\n\t\t            <\/div>\r\n        <\/div>\r\n        \t\t\t<\/div>\n\t\t<\/section>\n\t\t            <\/div>\r\n        <\/div>\r\n        \t\t\t<\/div>\n\t\t<\/section>\n\t\t\t\t<\/div>\n\t\t","protected":false},"excerpt":{"rendered":"<p>&#8230;selon Magistrati Racing\u00ae L\u2019\u00e9thique de notre travail Pour nous, chez Magistrati Racing\u00ae, la relation humaine est au c\u0153ur de tout ce que nous faisons. Nous sommes fermement convaincus que la qualit\u00e9 du travail et la satisfaction de nos clients et collaborateurs naissent de relations solides et authentiques, fond\u00e9es sur le respect mutuel et sur la [&hellip;]<\/p>\n","protected":false},"author":1,"featured_media":0,"parent":0,"menu_order":0,"comment_status":"closed","ping_status":"closed","template":"","meta":{"footnotes":""},"class_list":["post-11856","page","type-page","status-publish","hentry"],"yoast_head":"<!-- This site is optimized with the Yoast SEO plugin v26.8 - https:\/\/yoast.com\/product\/yoast-seo-wordpress\/ -->\n<title>\u00c9thique - Magistrati racing<\/title>\n<meta name=\"robots\" content=\"index, follow, max-snippet:-1, max-image-preview:large, max-video-preview:-1\" \/>\n<link rel=\"canonical\" href=\"https:\/\/magistratiracing.com\/fr\/etica\/\" \/>\n<meta property=\"og:locale\" content=\"fr_FR\" \/>\n<meta property=\"og:type\" content=\"article\" \/>\n<meta property=\"og:title\" content=\"\u00c9thique - Magistrati racing\" \/>\n<meta property=\"og:description\" content=\"&#8230;selon Magistrati Racing\u00ae L\u2019\u00e9thique de notre travail Pour nous, chez Magistrati Racing\u00ae, la relation humaine est au c\u0153ur de tout ce que nous faisons. Nous sommes fermement convaincus que la qualit\u00e9 du travail et la satisfaction de nos clients et collaborateurs naissent de relations solides et authentiques, fond\u00e9es sur le respect mutuel et sur la [&hellip;]\" \/>\n<meta property=\"og:url\" content=\"https:\/\/magistratiracing.com\/fr\/etica\/\" \/>\n<meta property=\"og:site_name\" content=\"Magistrati racing\" \/>\n<meta property=\"article:modified_time\" content=\"2025-06-23T20:08:38+00:00\" \/>\n<meta property=\"og:image\" content=\"https:\/\/magistratiracing.com\/wp-content\/uploads\/2023\/11\/layout_1920x1080_3.jpg\" \/>\n<meta name=\"twitter:card\" content=\"summary_large_image\" \/>\n<meta name=\"twitter:label1\" content=\"Dur\u00e9e de lecture estim\u00e9e\" \/>\n\t<meta name=\"twitter:data1\" content=\"2 minutes\" \/>\n<script type=\"application\/ld+json\" class=\"yoast-schema-graph\">{\"@context\":\"https:\/\/schema.org\",\"@graph\":[{\"@type\":\"WebPage\",\"@id\":\"https:\/\/magistratiracing.com\/fr\/etica\/\",\"url\":\"https:\/\/magistratiracing.com\/fr\/etica\/\",\"name\":\"\u00c9thique - Magistrati racing\",\"isPartOf\":{\"@id\":\"https:\/\/magistratiracing.com\/fr\/#website\"},\"primaryImageOfPage\":{\"@id\":\"https:\/\/magistratiracing.com\/fr\/etica\/#primaryimage\"},\"image\":{\"@id\":\"https:\/\/magistratiracing.com\/fr\/etica\/#primaryimage\"},\"thumbnailUrl\":\"https:\/\/magistratiracing.com\/wp-content\/uploads\/2023\/11\/layout_1920x1080_3.jpg\",\"datePublished\":\"2025-01-17T15:24:45+00:00\",\"dateModified\":\"2025-06-23T20:08:38+00:00\",\"breadcrumb\":{\"@id\":\"https:\/\/magistratiracing.com\/fr\/etica\/#breadcrumb\"},\"inLanguage\":\"fr-FR\",\"potentialAction\":[{\"@type\":\"ReadAction\",\"target\":[\"https:\/\/magistratiracing.com\/fr\/etica\/\"]}]},{\"@type\":\"ImageObject\",\"inLanguage\":\"fr-FR\",\"@id\":\"https:\/\/magistratiracing.com\/fr\/etica\/#primaryimage\",\"url\":\"https:\/\/magistratiracing.com\/wp-content\/uploads\/2023\/11\/layout_1920x1080_3.jpg\",\"contentUrl\":\"https:\/\/magistratiracing.com\/wp-content\/uploads\/2023\/11\/layout_1920x1080_3.jpg\"},{\"@type\":\"BreadcrumbList\",\"@id\":\"https:\/\/magistratiracing.com\/fr\/etica\/#breadcrumb\",\"itemListElement\":[{\"@type\":\"ListItem\",\"position\":1,\"name\":\"Home\",\"item\":\"https:\/\/magistratiracing.com\/fr\/\"},{\"@type\":\"ListItem\",\"position\":2,\"name\":\"\u00c9thique\"}]},{\"@type\":\"WebSite\",\"@id\":\"https:\/\/magistratiracing.com\/fr\/#website\",\"url\":\"https:\/\/magistratiracing.com\/fr\/\",\"name\":\"Magistrati racing\",\"description\":\"\",\"potentialAction\":[{\"@type\":\"SearchAction\",\"target\":{\"@type\":\"EntryPoint\",\"urlTemplate\":\"https:\/\/magistratiracing.com\/fr\/?s={search_term_string}\"},\"query-input\":{\"@type\":\"PropertyValueSpecification\",\"valueRequired\":true,\"valueName\":\"search_term_string\"}}],\"inLanguage\":\"fr-FR\"}]}<\/script>\n<!-- \/ Yoast SEO plugin. -->","yoast_head_json":{"title":"\u00c9thique - Magistrati racing","robots":{"index":"index","follow":"follow","max-snippet":"max-snippet:-1","max-image-preview":"max-image-preview:large","max-video-preview":"max-video-preview:-1"},"canonical":"https:\/\/magistratiracing.com\/fr\/etica\/","og_locale":"fr_FR","og_type":"article","og_title":"\u00c9thique - Magistrati racing","og_description":"&#8230;selon Magistrati Racing\u00ae L\u2019\u00e9thique de notre travail Pour nous, chez Magistrati Racing\u00ae, la relation humaine est au c\u0153ur de tout ce que nous faisons. Nous sommes fermement convaincus que la qualit\u00e9 du travail et la satisfaction de nos clients et collaborateurs naissent de relations solides et authentiques, fond\u00e9es sur le respect mutuel et sur la [&hellip;]","og_url":"https:\/\/magistratiracing.com\/fr\/etica\/","og_site_name":"Magistrati racing","article_modified_time":"2025-06-23T20:08:38+00:00","og_image":[{"url":"https:\/\/magistratiracing.com\/wp-content\/uploads\/2023\/11\/layout_1920x1080_3.jpg","type":"","width":"","height":""}],"twitter_card":"summary_large_image","twitter_misc":{"Dur\u00e9e de lecture estim\u00e9e":"2 minutes"},"schema":{"@context":"https:\/\/schema.org","@graph":[{"@type":"WebPage","@id":"https:\/\/magistratiracing.com\/fr\/etica\/","url":"https:\/\/magistratiracing.com\/fr\/etica\/","name":"\u00c9thique - Magistrati racing","isPartOf":{"@id":"https:\/\/magistratiracing.com\/fr\/#website"},"primaryImageOfPage":{"@id":"https:\/\/magistratiracing.com\/fr\/etica\/#primaryimage"},"image":{"@id":"https:\/\/magistratiracing.com\/fr\/etica\/#primaryimage"},"thumbnailUrl":"https:\/\/magistratiracing.com\/wp-content\/uploads\/2023\/11\/layout_1920x1080_3.jpg","datePublished":"2025-01-17T15:24:45+00:00","dateModified":"2025-06-23T20:08:38+00:00","breadcrumb":{"@id":"https:\/\/magistratiracing.com\/fr\/etica\/#breadcrumb"},"inLanguage":"fr-FR","potentialAction":[{"@type":"ReadAction","target":["https:\/\/magistratiracing.com\/fr\/etica\/"]}]},{"@type":"ImageObject","inLanguage":"fr-FR","@id":"https:\/\/magistratiracing.com\/fr\/etica\/#primaryimage","url":"https:\/\/magistratiracing.com\/wp-content\/uploads\/2023\/11\/layout_1920x1080_3.jpg","contentUrl":"https:\/\/magistratiracing.com\/wp-content\/uploads\/2023\/11\/layout_1920x1080_3.jpg"},{"@type":"BreadcrumbList","@id":"https:\/\/magistratiracing.com\/fr\/etica\/#breadcrumb","itemListElement":[{"@type":"ListItem","position":1,"name":"Home","item":"https:\/\/magistratiracing.com\/fr\/"},{"@type":"ListItem","position":2,"name":"\u00c9thique"}]},{"@type":"WebSite","@id":"https:\/\/magistratiracing.com\/fr\/#website","url":"https:\/\/magistratiracing.com\/fr\/","name":"Magistrati racing","description":"","potentialAction":[{"@type":"SearchAction","target":{"@type":"EntryPoint","urlTemplate":"https:\/\/magistratiracing.com\/fr\/?s={search_term_string}"},"query-input":{"@type":"PropertyValueSpecification","valueRequired":true,"valueName":"search_term_string"}}],"inLanguage":"fr-FR"}]}},"_links":{"self":[{"href":"https:\/\/magistratiracing.com\/fr\/wp-json\/wp\/v2\/pages\/11856","targetHints":{"allow":["GET"]}}],"collection":[{"href":"https:\/\/magistratiracing.com\/fr\/wp-json\/wp\/v2\/pages"}],"about":[{"href":"https:\/\/magistratiracing.com\/fr\/wp-json\/wp\/v2\/types\/page"}],"author":[{"embeddable":true,"href":"https:\/\/magistratiracing.com\/fr\/wp-json\/wp\/v2\/users\/1"}],"replies":[{"embeddable":true,"href":"https:\/\/magistratiracing.com\/fr\/wp-json\/wp\/v2\/comments?post=11856"}],"version-history":[{"count":8,"href":"https:\/\/magistratiracing.com\/fr\/wp-json\/wp\/v2\/pages\/11856\/revisions"}],"predecessor-version":[{"id":12364,"href":"https:\/\/magistratiracing.com\/fr\/wp-json\/wp\/v2\/pages\/11856\/revisions\/12364"}],"wp:attachment":[{"href":"https:\/\/magistratiracing.com\/fr\/wp-json\/wp\/v2\/media?parent=11856"}],"curies":[{"name":"wp","href":"https:\/\/api.w.org\/{rel}","templated":true}]}}