{"id":11944,"date":"2025-05-27T16:50:06","date_gmt":"2025-05-27T16:50:06","guid":{"rendered":"https:\/\/magistratiracing.com\/?page_id=11944"},"modified":"2025-05-28T13:50:29","modified_gmt":"2025-05-28T13:50:29","slug":"faq","status":"publish","type":"page","link":"https:\/\/magistratiracing.com\/fr\/faq\/","title":{"rendered":"FAQ"},"content":{"rendered":"\t\t<div data-elementor-type=\"wp-page\" data-elementor-id=\"11944\" class=\"elementor elementor-11944\">\n\t\t\t\t        <section class=\"elementor-section elementor-top-section elementor-element elementor-element-9d94558 elementor-section-boxed elementor-section-height-default elementor-section-height-default pxl-type-header-none pxl-section-smoke_particles-no pxl-row-scroll-none\" data-id=\"9d94558\" data-element_type=\"section\">\n\n                \n                <div class=\"elementor-container elementor-column-gap-extended \">\n                <div class=\"elementor-column elementor-col-50 elementor-top-column elementor-element elementor-element-cbe7e9f pxl-column-element-default pxl-column-none\" data-id=\"cbe7e9f\" data-element_type=\"column\">\r\n        <div class=\"elementor-widget-wrap elementor-element-populated\">\r\n                     \r\n        \t\t<div class=\"elementor-element elementor-element-e6f6bf6 elementor-widget elementor-widget-pxl_heading\" data-id=\"e6f6bf6\" data-element_type=\"widget\" data-widget_type=\"pxl_heading.default\">\n\t\t\t\t<div class=\"elementor-widget-container\">\n\t\t\t\t\t<div id=\"pxl-pxl_heading-e6f6bf6-1500\" class=\"pxl-heading px-sub-title-default-style\">\n\t<div class=\"pxl-heading--inner\">\n\t\t\n\t\t\t\t\t<div class=\"pxl-item--subtitle px-sub-title-default \" data-wow-delay=\"ms\">\n\t\t\t\t<span class=\"pxl-item--subtext\">\n\t\t\t\t\t\t\t\t\t\tFOIRE AUX QUESTIONS\t\t\t\t\t<span class=\"pxl-item--subdivider\"><\/span>\n\t\t\t\t<\/span>\n\t\t\t<\/div>\n\t\t\n\t\t<h3 class=\"pxl-item--title  \" data-wow-delay=\"ms\">\n\t\t\t\t\t\t\tVeuillez trouver ici les r\u00e9ponses aux questions les plus fr\u00e9quentes\t\t\n\t\t\t\t\n\t\t<\/h3>\n\n\t\t\n\t\t\n\t\t\t\t\t\t\t\t\t\t\t<div class=\"px-divider--wrap \">\n\t\t\t\t<div class=\"px-title--divider px-title--divider6\"><span><\/span><\/div>\n\t\t\t<\/div>\n\t\t\t<\/div>\n<\/div>\t\t\t\t<\/div>\n\t\t\t\t<\/div>\n\t\t\t\t<div class=\"elementor-element elementor-element-e278259 elementor-widget elementor-widget-pxl_accordion\" data-id=\"e278259\" data-element_type=\"widget\" data-widget_type=\"pxl_accordion.default\">\n\t\t\t\t<div class=\"elementor-widget-container\">\n\t\t\t\t\t    <div class=\"pxl-accordion pxl-accordion1 style2 \" data-wow-delay=\"ms\">\r\n                    <div class=\"pxl--item active\">\r\n                <h3 class=\"pxl-item--title\" data-target=\"#pxl_accordion-e278259-6859-c1386bf\">\r\n                    <span class=\"pxl-title--text\"><cite>01.<\/cite>AVEC LE NOUVEAU DISPOSITIF DE D\u00c9BRIDAGE DE MAGISTRATI, LES PRESTATIONS DE MON T-MAX 560 AUGMENTENT-ELLES ?<\/span>\r\n                    <i class=\"bravisicon-angle-arrow-down\"><\/i>\r\n                <\/h3>\r\n                <div id=\"pxl_accordion-e278259-6859-c1386bf\" class=\"pxl-item--content\" style=\"display: block;\"><p><span style=\"font-weight: 400\">Non, avec le dispositif de <strong>d\u00e9bridage de Magistrati<\/strong>, le limiteur de vitesse pr\u00e9sent sur le <strong>Tmax\u00a0560<\/strong> est \u00e9limin\u00e9. L'augmentation des prestations d\u00e9pend d'autres composants.<\/span><\/p><\/div>\r\n            <\/div>\r\n                    <div class=\"pxl--item \">\r\n                <h3 class=\"pxl-item--title\" data-target=\"#pxl_accordion-e278259-6859-c791719\">\r\n                    <span class=\"pxl-title--text\"><cite>02.<\/cite>QUELLE SERA LA VITESSE DE MON TMAX AVEC LE DISPOSITIF DE D\u00c9BRIDAGE DE MAGISTRATI ?<\/span>\r\n                    <i class=\"bravisicon-angle-arrow-down\"><\/i>\r\n                <\/h3>\r\n                <div id=\"pxl_accordion-e278259-6859-c791719\" class=\"pxl-item--content\" ><p><span style=\"font-weight: 400\">Non d\u00e9finissable, la vitesse finale d\u00e9pend\u00a0: des installations du v\u00e9hicule\u00a0; des conditions d'utilisation\u00a0; du poids transport\u00e9\u00a0; etc...<\/span><\/p><p><span style=\"font-weight: 400\">Les param\u00e8tres sont trop nombreux pour pouvoir effectuer une estimation correcte.<\/span><\/p><\/div>\r\n            <\/div>\r\n                    <div class=\"pxl--item \">\r\n                <h3 class=\"pxl-item--title\" data-target=\"#pxl_accordion-e278259-6859-357f8d5\">\r\n                    <span class=\"pxl-title--text\"><cite>03.<\/cite>LE DISPOSITIF DE D\u00c9BRIDAGE DE MAGISTRATI INTERF\u00c8RE-T-IL AVEC LA FIABILIT\u00c9 DU MOTEUR ?<\/span>\r\n                    <i class=\"bravisicon-angle-arrow-down\"><\/i>\r\n                <\/h3>\r\n                <div id=\"pxl_accordion-e278259-6859-357f8d5\" class=\"pxl-item--content\" ><p><span style=\"font-weight: 400\">Non, le dispositif n\u2019affecte aucun composant du moteur.<\/span><\/p><\/div>\r\n            <\/div>\r\n                    <div class=\"pxl--item \">\r\n                <h3 class=\"pxl-item--title\" data-target=\"#pxl_accordion-e278259-6859-4cc900c\">\r\n                    <span class=\"pxl-title--text\"><cite>04.<\/cite>LE DISPOSITIF DE D\u00c9BRIDAGE DE MAGISTRATI INTERF\u00c8RE-T-IL AVEC LE FONCTIONNEMENT D\u2019AUTRES DISPOSITIFS PR\u00c9SENTS SUR LE TMAX 560 ?<\/span>\r\n                    <i class=\"bravisicon-angle-arrow-down\"><\/i>\r\n                <\/h3>\r\n                <div id=\"pxl_accordion-e278259-6859-4cc900c\" class=\"pxl-item--content\" ><p><span style=\"font-weight: 400\">Non, il n\u2019interf\u00e8re pas.<\/span><\/p><\/div>\r\n            <\/div>\r\n                    <div class=\"pxl--item \">\r\n                <h3 class=\"pxl-item--title\" data-target=\"#pxl_accordion-e278259-6859-ea98a57\">\r\n                    <span class=\"pxl-title--text\"><cite>05.<\/cite>LE FONCTIONNEMENT DU DISPOSITIF DE D\u00c9BRIDAGE DE MAGISTRATI EST-IL PERMANENT ?<\/span>\r\n                    <i class=\"bravisicon-angle-arrow-down\"><\/i>\r\n                <\/h3>\r\n                <div id=\"pxl_accordion-e278259-6859-ea98a57\" class=\"pxl-item--content\" ><p><span style=\"font-weight: 400\">Oui, tant qu'il est branch\u00e9.<\/span><\/p><p><span style=\"font-weight: 400\">Si le dispositif est d\u00e9branch\u00e9, tout redevient comme \u00e0 l\u2019origine.<\/span><\/p><\/div>\r\n            <\/div>\r\n                    <div class=\"pxl--item \">\r\n                <h3 class=\"pxl-item--title\" data-target=\"#pxl_accordion-e278259-6859-507abfe\">\r\n                    <span class=\"pxl-title--text\"><cite>06.<\/cite>PUIS-JE EFFECTUER MOI-M\u00caME LE MONTAGE DU DISPOSITIF DE D\u00c9BRIDAGE DE MAGISTRATI OU DOIS-JE N\u00c9CESSAIREMENT ME TOURNER VERS UN TECHNICIEN ?<\/span>\r\n                    <i class=\"bravisicon-angle-arrow-down\"><\/i>\r\n                <\/h3>\r\n                <div id=\"pxl_accordion-e278259-6859-507abfe\" class=\"pxl-item--content\" ><p><span style=\"font-weight: 400\">Normalement, le dispositif \u00e9tant fourni accompagn\u00e9 de vid\u00e9os d'instructions de montage, celui-ci peut \u00eatre mont\u00e9 directement par le client.<\/span><\/p><\/div>\r\n            <\/div>\r\n                    <div class=\"pxl--item \">\r\n                <h3 class=\"pxl-item--title\" data-target=\"#pxl_accordion-e278259-6859-2d8f052\">\r\n                    <span class=\"pxl-title--text\"><cite>07.<\/cite>POURQUOI LES VALEURS DES CHEVAUX D\u00c9CLAR\u00c9ES PAR L\u2019ENTREPRISE M\u00c8RE SONT-ELLES SI HAUTES PAR RAPPORT \u00c0 CELLES DES GRAPHIQUES ?<\/span>\r\n                    <i class=\"bravisicon-angle-arrow-down\"><\/i>\r\n                <\/h3>\r\n                <div id=\"pxl_accordion-e278259-6859-2d8f052\" class=\"pxl-item--content\" ><p><span style=\"font-weight: 400\">Les maisons de production d\u00e9clarent la puissance moteur.<\/span><\/p><p><span style=\"font-weight: 400\">Cette donn\u00e9e ne tient pas compte des dissipations (pertes) rencontr\u00e9es dans les passages pour arriver jusqu'\u00e0 la roue, c\u2019est-\u00e0-dire quand la puissance est r\u00e9ellement \u00ab\u00a0d\u00e9charg\u00e9e\u00a0\u00bb au sol.<\/span><\/p><p><span style=\"font-weight: 400\">Le banc de puissance Dynojet d\u00e9tecte les chevaux r\u00e9els de la puissance d\u00e9charg\u00e9e au sol.<\/span><\/p><\/div>\r\n            <\/div>\r\n            <\/div>\r\n\t\t\t\t<\/div>\n\t\t\t\t<\/div>\n\t\t            <\/div>\r\n        <\/div>\r\n                <div class=\"elementor-column elementor-col-50 elementor-top-column elementor-element elementor-element-21e8601 pxl-column-element-default pxl-column-none\" data-id=\"21e8601\" data-element_type=\"column\">\r\n        <div class=\"elementor-widget-wrap elementor-element-populated\">\r\n                     \r\n        \t\t<div class=\"elementor-element elementor-element-9383ab1 elementor-hidden-desktop elementor-hidden-laptop elementor-hidden-tablet_extra elementor-hidden-tablet elementor-hidden-mobile_extra elementor-hidden-mobile elementor-widget elementor-widget-html\" data-id=\"9383ab1\" data-element_type=\"widget\" data-widget_type=\"html.default\">\n\t\t\t\t\t\n\n<div id=\"sb_youtube_sbyUC57OHjCxdK2Fc3SlQuTlJw4\" \n\t class=\"sb_youtube sby_layout_gallery sby_col_2 sby_mob_col_1 sby_palette_custom  sby_width_resp\" \n\tdata-feedid=\"sby_UC57O-HjCxdK2Fc3SlQuTlJw#4\" \n\tdata-shortcode-atts=\"{&quot;feed&quot;:&quot;2&quot;}\" \n\tdata-cols=\"2\" \n\tdata-colsmobile=\"1\" \n\tdata-num=\"4\" \n\tdata-nummobile=\"4\" \n\tdata-channel-subscribers=\"6.7K abbonati\"\tdata-subscribe-btn=\"1\" \n\tdata-subscribe-btn-text=\"Iscriviti\" \n\tdata_channel_header_colors =\"{&quot;channelName&quot;:&quot;&quot;,&quot;subscribeCount&quot;:&quot;&quot;,&quot;buttonBackground&quot;:&quot;&quot;,&quot;buttonText&quot;:&quot;&quot;}\"\n\t data-sby-flags=\"resizeDisable\" data-postid=\"11944\" \n\t data-videocardlayout=\"vertical\" \n>\n\t        <div class=\"sby_items_wrap\" style=\"padding: 5px;\">\n\t\t    <\/div>\n    \n\t\n    \n\t\t\t\t<div id=\"sby_mod_error\">\r\n\t\t\t\t<span>Ce message d\u2019erreur est visible uniquement pour les administrateurs\/administratrices de WordPress.<\/span><br \/>\r\n\t\t\t\t\t\t\t\t\t<p><b>Impossible de collecter les vid\u00e9os de cette cha\u00eene. Veuillez vous assurer qu\u2019il s\u2019agit d\u2019un ID de cha\u00eene valide.<\/b><\/p><p><b>Erreur\u00a0: aucune vid\u00e9o n\u2019a \u00e9t\u00e9 trouv\u00e9e.<\/b><p>Assurez-vous qu\u2019il s\u2019agit d\u2019un identifiant de chaine valide et que la chaine a des vid\u00e9os disponibles sur youtube.com.<\/p>\t\t\t\t\t\t\t<\/div>\r\n\t\t\t\n<\/div>\n\n\t<style type=\"text\/css\">\n\t\t\t\t\t\t\tbody #sb_youtube_sbyUC57OHjCxdK2Fc3SlQuTlJw4.sb_youtube.sby_palette_custom .sby_follow_btn a {\n\t\t\tbackground: #E1C02B;\n\t\t}\n    \t\t\tbody #sb_youtube_sbyUC57OHjCxdK2Fc3SlQuTlJw4.sb_youtube.sby_palette_custom .sby_footer .sby_load_btn {\n\t\t\tbackground: #2b50a5;\n\t\t}\n        <\/style>\n\t<style type=\"text\/css\">body #sb_youtube_sbyUC57OHjCxdK2Fc3SlQuTlJw4 .sby_caption_wrap .sby_caption { font-size: 13px !important}body #sb_youtube_sbyUC57OHjCxdK2Fc3SlQuTlJw4 .sby_follow_btn a:hover { box-shadow:inset 0 0 10px 20px #F2F2F2 !important}body #sb_youtube_sbyUC57OHjCxdK2Fc3SlQuTlJw4[data-videostyle=boxed] .sby_items_wrap .sby_item .sby_inner_item { background-color: #ffffff !important}<\/style>\t\t\t\t<\/div>\n\t\t\t\t<div class=\"elementor-element elementor-element-e0ece41 elementor-widget elementor-widget-pxl_text_editor\" data-id=\"e0ece41\" data-element_type=\"widget\" data-widget_type=\"pxl_text_editor.default\">\n\t\t\t\t<div class=\"elementor-widget-container\">\n\t\t\t\t\t<div class=\"pxl-text-editor \">\n\t<div class=\"pxl-item--inner \" data-wow-delay=\"ms\">\n\t\t<h4><strong>Vous pouvez trouver sur notre cha\u00eene YouTube les instructions pour effectuer quelques petites op\u00e9rations en autonomie\u00a0!<\/strong><\/h4>\t<\/div>\n<\/div>\t\t\t\t<\/div>\n\t\t\t\t<\/div>\n\t\t\t\t<div class=\"elementor-element elementor-element-0c06b79 elementor-widget elementor-widget-pxl_contact_form\" data-id=\"0c06b79\" data-element_type=\"widget\" data-widget_type=\"pxl_contact_form.default\">\n\t\t\t\t<div class=\"elementor-widget-container\">\n\t\t\t\t\t    <div class=\"pxl-contact-form pxl-contact-form1 btn-w-full \" data-wow-delay=\"ms\">\r\n                    <div class=\"el-headding\">\r\n                <h3 class=\"el--title\">\r\n                    <span>Contactez-nous<\/span>\r\n                <\/h3>\r\n            <\/div>\r\n    \t        \n<div class=\"wpcf7 no-js\" id=\"wpcf7-f11979-o1\" lang=\"it-IT\" dir=\"ltr\" data-wpcf7-id=\"11979\">\n<div class=\"screen-reader-response\"><p role=\"status\" aria-live=\"polite\" aria-atomic=\"true\"><\/p> <ul><\/ul><\/div>\n<form action=\"\/fr\/wp-json\/wp\/v2\/pages\/11944#wpcf7-f11979-o1\" method=\"post\" class=\"wpcf7-form init\" aria-label=\"Modulo di contatto\" novalidate=\"novalidate\" data-status=\"init\">\n<fieldset class=\"hidden-fields-container\"><input type=\"hidden\" name=\"_wpcf7\" value=\"11979\" \/><input type=\"hidden\" name=\"_wpcf7_version\" value=\"6.1.4\" \/><input type=\"hidden\" name=\"_wpcf7_locale\" value=\"it_IT\" \/><input type=\"hidden\" name=\"_wpcf7_unit_tag\" value=\"wpcf7-f11979-o1\" \/><input type=\"hidden\" name=\"_wpcf7_container_post\" value=\"0\" \/><input type=\"hidden\" name=\"_wpcf7_posted_data_hash\" value=\"\" \/>\n<\/fieldset>\n<p>Pour toute information, n\u2019h\u00e9sitez pas \u00e0 nous contacter en remplissant le formulaire d\u00e9di\u00e9 que vous trouverez ici.\n<\/p>\n<div>\n<\/div>\n<div class=\"wp-row-ctf7 contact-form-custom1\">\n\t<div class=\"row pxl-group--items\">\n\t\t<div class=\"col-lg-6\">\n\t\t\t<div class=\"pxl--item your-name\">\n\t\t\t\t<p><label>Pr\u00e9nom*<\/label><br \/>\n<span class=\"wpcf7-form-control-wrap\" data-name=\"your-name\"><input size=\"40\" maxlength=\"400\" class=\"wpcf7-form-control wpcf7-text wpcf7-validates-as-required\" aria-required=\"true\" aria-invalid=\"false\" value=\"\" type=\"text\" name=\"your-name\" \/><\/span>\n\t\t\t\t<\/p>\n\t\t\t<\/div>\n\t\t<\/div>\n\t\t<div class=\"col-lg-6\">\n\t\t\t<div class=\"pxl--item your-address\">\n\t\t\t\t<p><label>Nom<\/label><br \/>\n<span class=\"wpcf7-form-control-wrap\" data-name=\"your-surname\"><input size=\"40\" maxlength=\"400\" class=\"wpcf7-form-control wpcf7-text\" aria-invalid=\"false\" value=\"\" type=\"text\" name=\"your-surname\" \/><\/span>\n\t\t\t\t<\/p>\n\t\t\t<\/div>\n\t\t<\/div>\n\t\t<div class=\"col-lg-6\">\n\t\t\t<div class=\"pxl--item your-emaill\">\n\t\t\t\t<p><label>Email*<\/label><br \/>\n<span class=\"wpcf7-form-control-wrap\" data-name=\"your-email\"><input size=\"40\" maxlength=\"400\" class=\"wpcf7-form-control wpcf7-email wpcf7-validates-as-required wpcf7-text wpcf7-validates-as-email\" aria-required=\"true\" aria-invalid=\"false\" value=\"\" type=\"email\" name=\"your-email\" \/><\/span>\n\t\t\t\t<\/p>\n\t\t\t<\/div>\n\t\t<\/div>\n\t\t<div class=\"col-lg-6\">\n\t\t\t<div class=\"pxl--item your-phone\">\n\t\t\t\t<p><label>T\u00e9l\u00e9phone*<\/label><br \/>\n<span class=\"wpcf7-form-control-wrap\" data-name=\"your-phone\"><input size=\"40\" maxlength=\"400\" class=\"wpcf7-form-control wpcf7-text wpcf7-validates-as-required\" aria-required=\"true\" aria-invalid=\"false\" value=\"\" type=\"text\" name=\"your-phone\" \/><\/span>\n\t\t\t\t<\/p>\n\t\t\t<\/div>\n\t\t<\/div>\n\t\t<div class=\"col-lg-6\">\n\t\t\t<div class=\"pxl--item your-name\">\n\t\t\t\t<p><label>Mod\u00e8le de votre TMax<\/label><br \/>\n<span class=\"wpcf7-form-control-wrap\" data-name=\"text-model\"><select class=\"wpcf7-form-control wpcf7-select\" aria-invalid=\"false\" name=\"text-model\"><option value=\"TMax 530\">TMax 530<\/option><option value=\"TMax 560\">TMax 560<\/option><\/select><\/span>\n\t\t\t\t<\/p>\n\t\t\t<\/div>\n\t\t<\/div>\n\t\t<div class=\"col-lg-6\">\n\t\t\t<div class=\"pxl--item your-address\">\n\t\t\t\t<p><label>Ann\u00e9e de votre TMax<\/label><br \/>\n<span class=\"wpcf7-form-control-wrap\" data-name=\"your-year\"><input size=\"40\" maxlength=\"400\" class=\"wpcf7-form-control wpcf7-text\" aria-invalid=\"false\" value=\"\" type=\"text\" name=\"your-year\" \/><\/span>\n\t\t\t\t<\/p>\n\t\t\t<\/div>\n\t\t<\/div>\n\t\t<div class=\"col-lg-12\">\n\t\t\t<div class=\"pxl--item your-service\">\n\t\t\t\t<p><label>Ce qui vous int\u00e9resse<\/label><br \/>\n<span class=\"wpcf7-form-control-wrap\" data-name=\"menu-service\"><select class=\"wpcf7-form-control wpcf7-select\" aria-invalid=\"false\" name=\"menu-service\"><option value=\"Pr\u00e9paration\">Pr\u00e9paration<\/option><option value=\"Pr\u00e9paration\">Pr\u00e9paration<\/option><option value=\"Autre\">Autre<\/option><\/select><\/span>\n\t\t\t\t<\/p>\n\t\t\t<\/div>\n\t\t<\/div>\n\t\t<div class=\"col-lg-12\">\n\t\t\t<div class=\"pxl--item your-message\">\n\t\t\t\t<p><span class=\"wpcf7-form-control-wrap\" data-name=\"textarea-message\"><textarea cols=\"40\" rows=\"10\" maxlength=\"2000\" class=\"wpcf7-form-control wpcf7-textarea wpcf7-validates-as-required\" aria-required=\"true\" aria-invalid=\"false\" name=\"textarea-message\"><\/textarea><\/span>\n\t\t\t\t<\/p>\n\t\t\t<\/div>\n\t\t<\/div>\n\t<\/div>\n\t<div class=\"pxl--item input-filled-btn\">\n\t\t<p><button type=\"submit\" class=\"btn btn-default\" data-animation=\"pxl-xspin\">ENVOYER UN E-MAIL<\/button>\n\t\t<\/p>\n\t<\/div>\n<\/div><div class=\"wpcf7-response-output\" aria-hidden=\"true\"><\/div>\n<\/form>\n<\/div>\n    <\/div>\r\n\t\t\t\t<\/div>\n\t\t\t\t<\/div>\n\t\t            <\/div>\r\n        <\/div>\r\n        \t\t\t<\/div>\n\t\t<\/section>\n\t\t\t\t<\/div>\n\t\t","protected":false},"excerpt":{"rendered":"<p>FOIRE AUX QUESTIONS Veuillez trouver ici les r\u00e9ponses aux questions les plus fr\u00e9quentes 01.AVEC LE NOUVEAU DISPOSITIF DE D\u00c9BRIDAGE DE MAGISTRATI, LES PRESTATIONS DE MON T-MAX 560 AUGMENTENT-ELLES ? Non, avec le dispositif de d\u00e9bridage de Magistrati, le limiteur de vitesse pr\u00e9sent sur le Tmax\u00a0560 est \u00e9limin\u00e9. L&#8217;augmentation des prestations d\u00e9pend d&#8217;autres composants. 02.QUELLE SERA [&hellip;]<\/p>\n","protected":false},"author":1,"featured_media":0,"parent":0,"menu_order":0,"comment_status":"closed","ping_status":"closed","template":"","meta":{"footnotes":""},"class_list":["post-11944","page","type-page","status-publish","hentry"],"yoast_head":"<!-- This site is optimized with the Yoast SEO plugin v26.8 - https:\/\/yoast.com\/product\/yoast-seo-wordpress\/ -->\n<title>FAQ - Magistrati racing<\/title>\n<meta name=\"robots\" content=\"index, follow, max-snippet:-1, max-image-preview:large, max-video-preview:-1\" \/>\n<link rel=\"canonical\" href=\"https:\/\/magistratiracing.com\/fr\/faq\/\" \/>\n<meta property=\"og:locale\" content=\"fr_FR\" \/>\n<meta property=\"og:type\" content=\"article\" \/>\n<meta property=\"og:title\" content=\"FAQ - Magistrati racing\" \/>\n<meta property=\"og:description\" content=\"FOIRE AUX QUESTIONS Veuillez trouver ici les r\u00e9ponses aux questions les plus fr\u00e9quentes 01.AVEC LE NOUVEAU DISPOSITIF DE D\u00c9BRIDAGE DE MAGISTRATI, LES PRESTATIONS DE MON T-MAX 560 AUGMENTENT-ELLES ? Non, avec le dispositif de d\u00e9bridage de Magistrati, le limiteur de vitesse pr\u00e9sent sur le Tmax\u00a0560 est \u00e9limin\u00e9. L&#8217;augmentation des prestations d\u00e9pend d&#8217;autres composants. 02.QUELLE SERA [&hellip;]\" \/>\n<meta property=\"og:url\" content=\"https:\/\/magistratiracing.com\/fr\/faq\/\" \/>\n<meta property=\"og:site_name\" content=\"Magistrati racing\" \/>\n<meta property=\"article:modified_time\" content=\"2025-05-28T13:50:29+00:00\" \/>\n<meta name=\"twitter:card\" content=\"summary_large_image\" \/>\n<meta name=\"twitter:label1\" content=\"Dur\u00e9e de lecture estim\u00e9e\" \/>\n\t<meta name=\"twitter:data1\" content=\"2 minutes\" \/>\n<script type=\"application\/ld+json\" class=\"yoast-schema-graph\">{\"@context\":\"https:\/\/schema.org\",\"@graph\":[{\"@type\":\"WebPage\",\"@id\":\"https:\/\/magistratiracing.com\/fr\/faq\/\",\"url\":\"https:\/\/magistratiracing.com\/fr\/faq\/\",\"name\":\"FAQ - Magistrati racing\",\"isPartOf\":{\"@id\":\"https:\/\/magistratiracing.com\/fr\/#website\"},\"datePublished\":\"2025-05-27T16:50:06+00:00\",\"dateModified\":\"2025-05-28T13:50:29+00:00\",\"breadcrumb\":{\"@id\":\"https:\/\/magistratiracing.com\/fr\/faq\/#breadcrumb\"},\"inLanguage\":\"fr-FR\",\"potentialAction\":[{\"@type\":\"ReadAction\",\"target\":[\"https:\/\/magistratiracing.com\/fr\/faq\/\"]}]},{\"@type\":\"BreadcrumbList\",\"@id\":\"https:\/\/magistratiracing.com\/fr\/faq\/#breadcrumb\",\"itemListElement\":[{\"@type\":\"ListItem\",\"position\":1,\"name\":\"Home\",\"item\":\"https:\/\/magistratiracing.com\/fr\/\"},{\"@type\":\"ListItem\",\"position\":2,\"name\":\"FAQ\"}]},{\"@type\":\"WebSite\",\"@id\":\"https:\/\/magistratiracing.com\/fr\/#website\",\"url\":\"https:\/\/magistratiracing.com\/fr\/\",\"name\":\"Magistrati racing\",\"description\":\"\",\"potentialAction\":[{\"@type\":\"SearchAction\",\"target\":{\"@type\":\"EntryPoint\",\"urlTemplate\":\"https:\/\/magistratiracing.com\/fr\/?s={search_term_string}\"},\"query-input\":{\"@type\":\"PropertyValueSpecification\",\"valueRequired\":true,\"valueName\":\"search_term_string\"}}],\"inLanguage\":\"fr-FR\"}]}<\/script>\n<!-- \/ Yoast SEO plugin. -->","yoast_head_json":{"title":"FAQ - Magistrati racing","robots":{"index":"index","follow":"follow","max-snippet":"max-snippet:-1","max-image-preview":"max-image-preview:large","max-video-preview":"max-video-preview:-1"},"canonical":"https:\/\/magistratiracing.com\/fr\/faq\/","og_locale":"fr_FR","og_type":"article","og_title":"FAQ - Magistrati racing","og_description":"FOIRE AUX QUESTIONS Veuillez trouver ici les r\u00e9ponses aux questions les plus fr\u00e9quentes 01.AVEC LE NOUVEAU DISPOSITIF DE D\u00c9BRIDAGE DE MAGISTRATI, LES PRESTATIONS DE MON T-MAX 560 AUGMENTENT-ELLES ? Non, avec le dispositif de d\u00e9bridage de Magistrati, le limiteur de vitesse pr\u00e9sent sur le Tmax\u00a0560 est \u00e9limin\u00e9. L&#8217;augmentation des prestations d\u00e9pend d&#8217;autres composants. 02.QUELLE SERA [&hellip;]","og_url":"https:\/\/magistratiracing.com\/fr\/faq\/","og_site_name":"Magistrati racing","article_modified_time":"2025-05-28T13:50:29+00:00","twitter_card":"summary_large_image","twitter_misc":{"Dur\u00e9e de lecture estim\u00e9e":"2 minutes"},"schema":{"@context":"https:\/\/schema.org","@graph":[{"@type":"WebPage","@id":"https:\/\/magistratiracing.com\/fr\/faq\/","url":"https:\/\/magistratiracing.com\/fr\/faq\/","name":"FAQ - Magistrati racing","isPartOf":{"@id":"https:\/\/magistratiracing.com\/fr\/#website"},"datePublished":"2025-05-27T16:50:06+00:00","dateModified":"2025-05-28T13:50:29+00:00","breadcrumb":{"@id":"https:\/\/magistratiracing.com\/fr\/faq\/#breadcrumb"},"inLanguage":"fr-FR","potentialAction":[{"@type":"ReadAction","target":["https:\/\/magistratiracing.com\/fr\/faq\/"]}]},{"@type":"BreadcrumbList","@id":"https:\/\/magistratiracing.com\/fr\/faq\/#breadcrumb","itemListElement":[{"@type":"ListItem","position":1,"name":"Home","item":"https:\/\/magistratiracing.com\/fr\/"},{"@type":"ListItem","position":2,"name":"FAQ"}]},{"@type":"WebSite","@id":"https:\/\/magistratiracing.com\/fr\/#website","url":"https:\/\/magistratiracing.com\/fr\/","name":"Magistrati racing","description":"","potentialAction":[{"@type":"SearchAction","target":{"@type":"EntryPoint","urlTemplate":"https:\/\/magistratiracing.com\/fr\/?s={search_term_string}"},"query-input":{"@type":"PropertyValueSpecification","valueRequired":true,"valueName":"search_term_string"}}],"inLanguage":"fr-FR"}]}},"_links":{"self":[{"href":"https:\/\/magistratiracing.com\/fr\/wp-json\/wp\/v2\/pages\/11944","targetHints":{"allow":["GET"]}}],"collection":[{"href":"https:\/\/magistratiracing.com\/fr\/wp-json\/wp\/v2\/pages"}],"about":[{"href":"https:\/\/magistratiracing.com\/fr\/wp-json\/wp\/v2\/types\/page"}],"author":[{"embeddable":true,"href":"https:\/\/magistratiracing.com\/fr\/wp-json\/wp\/v2\/users\/1"}],"replies":[{"embeddable":true,"href":"https:\/\/magistratiracing.com\/fr\/wp-json\/wp\/v2\/comments?post=11944"}],"version-history":[{"count":7,"href":"https:\/\/magistratiracing.com\/fr\/wp-json\/wp\/v2\/pages\/11944\/revisions"}],"predecessor-version":[{"id":11985,"href":"https:\/\/magistratiracing.com\/fr\/wp-json\/wp\/v2\/pages\/11944\/revisions\/11985"}],"wp:attachment":[{"href":"https:\/\/magistratiracing.com\/fr\/wp-json\/wp\/v2\/media?parent=11944"}],"curies":[{"name":"wp","href":"https:\/\/api.w.org\/{rel}","templated":true}]}}