{"id":12021,"date":"2025-05-19T08:26:40","date_gmt":"2025-05-19T08:26:40","guid":{"rendered":"https:\/\/magistratiracing.com\/product\/mappa-pre-caricata-ecu-originale-tmax-560-2025-eliminazione-limitatore-rimozione-lambda\/"},"modified":"2026-03-06T08:56:10","modified_gmt":"2026-03-06T08:56:10","slug":"cartographie-prechargee-ecu-dorigine-tmax-560-2025-suppression-du-limiteur-suppression-du-lambda","status":"publish","type":"product","link":"https:\/\/magistratiracing.com\/fr\/prodotto\/cartographie-prechargee-ecu-dorigine-tmax-560-2025-suppression-du-limiteur-suppression-du-lambda\/","title":{"rendered":"Cartographie pr\u00e9charg\u00e9e ECU d&#8217;origine TMAX 560 2025+ Suppression du limiteur + Suppression du Lambda"},"content":{"rendered":"<p>Optimisez les performances de votre TMAX 560 \u00e0 partir de 2025 avec la cartographie pr\u00e9charg\u00e9e sur le calculateur d&#8217;origine par Magistrati Racing\u00ae.<\/p>\n<p>Cette cartographie non personnalis\u00e9e est con\u00e7ue pour am\u00e9liorer les performances du moteur et comprend l&#8217;\u00e9limination du limiteur de vitesse, ce qui vous permet d&#8217;exploiter tout le potentiel de votre TMAX.<\/p>\n<p><strong>Principaux avantages<\/strong><\/p>\n<ul>\n<li>Instant Tuning : augmentez les performances de votre TMAX 560 avec une cartographie pr\u00e9charg\u00e9e sp\u00e9cialement con\u00e7ue pour les mod\u00e8les 2025&gt;<\/li>\n<li>Speed Limiter Elimination : supprime le limiteur de vitesse pour permettre des vitesses plus \u00e9lev\u00e9es.<\/li>\n<li>\u00c9limination du lambda : suppression du lambda.<\/li>\n<\/ul>\n<p><strong>Instrution vid\u00e9o<\/strong><\/p>\n<ul>\n<li>Instruction vid\u00e9o D\u00e9montage du car\u00e9nage lat\u00e9ral TMAX 560 (2020-2021) : <a href=\"https:\/\/www.youtube.com\/watch?v=RryC9ZjOFJE&amp;t=148s\">Voir la vid\u00e9o<\/a><\/li>\n<\/ul>\n<h4>IMPORTANT<\/h4>\n<h4>Apr\u00e8s l&#8217;achat du produit, veuillez envoyer votre calculateur d&#8217;origine (ECU) pour r\u00e9paration. Merci d&#8217;inclure dans le colis une fiche d\u00e9taillant toutes les modifications apport\u00e9es \u00e0 votre Tmax.<\/h4>\n<h4>Adresse d&#8217;exp\u00e9dition\u00a0:<\/h4>\n<h4>CORSA MAGISTRATI<\/h4>\n<h4>VIA SCHIANTAPETTO 6\/R &#8211; 17100 SAVONA<\/h4>\n<h4>ITALIE<br \/>\nT\u00e9l.\u00a0: +39 019811232<\/h4>\n","protected":false},"excerpt":{"rendered":"<p>Optimisez les performances de votre TMAX 560 \u00e0 partir de 2025 avec la cartographie pr\u00e9charg\u00e9e sur le calculateur d&#8217;origine par Magistrati Racing\u00ae. Cette cartographie non personnalis\u00e9e est con\u00e7ue pour am\u00e9liorer les performances du moteur et comprend l&#8217;\u00e9limination du limiteur de vitesse, ce qui vous permet d&#8217;exploiter tout le potentiel de votre TMAX. Principaux avantages Instant [&hellip;]<\/p>\n","protected":false},"featured_media":12022,"comment_status":"open","ping_status":"closed","template":"","meta":[],"product_brand":[],"product_cat":[331,324,320],"product_tag":[],"class_list":{"0":"post-12021","1":"product","2":"type-product","3":"status-publish","4":"has-post-thumbnail","6":"product_cat-elettronica-fr-2","7":"product_cat-tmax-560-2025-fr-2","8":"product_cat-tmax-aspirato-fr","9":"product_shipping_class-mappa-su-ecu-fr","11":"first","12":"instock","13":"shipping-taxable","14":"purchasable","15":"product-type-simple"},"yoast_head":"<!-- This site is optimized with the Yoast SEO plugin v26.8 - https:\/\/yoast.com\/product\/yoast-seo-wordpress\/ -->\n<title>Cartographie pr\u00e9charg\u00e9e ECU d&#039;origine TMAX 560 2025+ Suppression du limiteur + Suppression du Lambda - Magistrati racing<\/title>\n<meta name=\"robots\" content=\"index, follow, max-snippet:-1, max-image-preview:large, max-video-preview:-1\" \/>\n<link rel=\"canonical\" href=\"https:\/\/magistratiracing.com\/fr\/prodotto\/cartographie-prechargee-ecu-dorigine-tmax-560-2025-suppression-du-limiteur-suppression-du-lambda\/\" \/>\n<meta property=\"og:locale\" content=\"fr_FR\" \/>\n<meta property=\"og:type\" content=\"article\" \/>\n<meta property=\"og:title\" content=\"Cartographie pr\u00e9charg\u00e9e ECU d&#039;origine TMAX 560 2025+ Suppression du limiteur + Suppression du Lambda - Magistrati racing\" \/>\n<meta property=\"og:description\" content=\"Optimisez les performances de votre TMAX 560 \u00e0 partir de 2025 avec la cartographie pr\u00e9charg\u00e9e sur le calculateur d&#8217;origine par Magistrati Racing\u00ae. Cette cartographie non personnalis\u00e9e est con\u00e7ue pour am\u00e9liorer les performances du moteur et comprend l&#8217;\u00e9limination du limiteur de vitesse, ce qui vous permet d&#8217;exploiter tout le potentiel de votre TMAX. Principaux avantages Instant [&hellip;]\" \/>\n<meta property=\"og:url\" content=\"https:\/\/magistratiracing.com\/fr\/prodotto\/cartographie-prechargee-ecu-dorigine-tmax-560-2025-suppression-du-limiteur-suppression-du-lambda\/\" \/>\n<meta property=\"og:site_name\" content=\"Magistrati racing\" \/>\n<meta property=\"article:modified_time\" content=\"2026-03-06T08:56:10+00:00\" \/>\n<meta property=\"og:image\" content=\"https:\/\/magistratiracing.com\/wp-content\/uploads\/2025\/02\/980x980_cornetti_5.jpg\" \/>\n\t<meta property=\"og:image:width\" content=\"980\" \/>\n\t<meta property=\"og:image:height\" content=\"980\" \/>\n\t<meta property=\"og:image:type\" content=\"image\/jpeg\" \/>\n<meta name=\"twitter:card\" content=\"summary_large_image\" \/>\n<meta name=\"twitter:label1\" content=\"Dur\u00e9e de lecture estim\u00e9e\" \/>\n\t<meta name=\"twitter:data1\" content=\"1 minute\" \/>\n<script type=\"application\/ld+json\" class=\"yoast-schema-graph\">{\"@context\":\"https:\/\/schema.org\",\"@graph\":[{\"@type\":\"WebPage\",\"@id\":\"https:\/\/magistratiracing.com\/fr\/prodotto\/cartographie-prechargee-ecu-dorigine-tmax-560-2025-suppression-du-limiteur-suppression-du-lambda\/\",\"url\":\"https:\/\/magistratiracing.com\/fr\/prodotto\/cartographie-prechargee-ecu-dorigine-tmax-560-2025-suppression-du-limiteur-suppression-du-lambda\/\",\"name\":\"Cartographie pr\u00e9charg\u00e9e ECU d'origine TMAX 560 2025+ Suppression du limiteur + Suppression du Lambda - Magistrati racing\",\"isPartOf\":{\"@id\":\"https:\/\/magistratiracing.com\/fr\/#website\"},\"primaryImageOfPage\":{\"@id\":\"https:\/\/magistratiracing.com\/fr\/prodotto\/cartographie-prechargee-ecu-dorigine-tmax-560-2025-suppression-du-limiteur-suppression-du-lambda\/#primaryimage\"},\"image\":{\"@id\":\"https:\/\/magistratiracing.com\/fr\/prodotto\/cartographie-prechargee-ecu-dorigine-tmax-560-2025-suppression-du-limiteur-suppression-du-lambda\/#primaryimage\"},\"thumbnailUrl\":\"https:\/\/magistratiracing.com\/wp-content\/uploads\/2025\/02\/980x980_cornetti_5.jpg\",\"datePublished\":\"2025-05-19T08:26:40+00:00\",\"dateModified\":\"2026-03-06T08:56:10+00:00\",\"breadcrumb\":{\"@id\":\"https:\/\/magistratiracing.com\/fr\/prodotto\/cartographie-prechargee-ecu-dorigine-tmax-560-2025-suppression-du-limiteur-suppression-du-lambda\/#breadcrumb\"},\"inLanguage\":\"fr-FR\",\"potentialAction\":[{\"@type\":\"ReadAction\",\"target\":[\"https:\/\/magistratiracing.com\/fr\/prodotto\/cartographie-prechargee-ecu-dorigine-tmax-560-2025-suppression-du-limiteur-suppression-du-lambda\/\"]}]},{\"@type\":\"ImageObject\",\"inLanguage\":\"fr-FR\",\"@id\":\"https:\/\/magistratiracing.com\/fr\/prodotto\/cartographie-prechargee-ecu-dorigine-tmax-560-2025-suppression-du-limiteur-suppression-du-lambda\/#primaryimage\",\"url\":\"https:\/\/magistratiracing.com\/wp-content\/uploads\/2025\/02\/980x980_cornetti_5.jpg\",\"contentUrl\":\"https:\/\/magistratiracing.com\/wp-content\/uploads\/2025\/02\/980x980_cornetti_5.jpg\",\"width\":980,\"height\":980},{\"@type\":\"BreadcrumbList\",\"@id\":\"https:\/\/magistratiracing.com\/fr\/prodotto\/cartographie-prechargee-ecu-dorigine-tmax-560-2025-suppression-du-limiteur-suppression-du-lambda\/#breadcrumb\",\"itemListElement\":[{\"@type\":\"ListItem\",\"position\":1,\"name\":\"Home\",\"item\":\"https:\/\/magistratiracing.com\/fr\/\"},{\"@type\":\"ListItem\",\"position\":2,\"name\":\"Shop\",\"item\":\"https:\/\/magistratiracing.com\/fr\/boutique\/\"},{\"@type\":\"ListItem\",\"position\":3,\"name\":\"Cartographie pr\u00e9charg\u00e9e ECU d&#8217;origine TMAX 560 2025+ Suppression du limiteur + Suppression du Lambda\"}]},{\"@type\":\"WebSite\",\"@id\":\"https:\/\/magistratiracing.com\/fr\/#website\",\"url\":\"https:\/\/magistratiracing.com\/fr\/\",\"name\":\"Magistrati racing\",\"description\":\"\",\"potentialAction\":[{\"@type\":\"SearchAction\",\"target\":{\"@type\":\"EntryPoint\",\"urlTemplate\":\"https:\/\/magistratiracing.com\/fr\/?s={search_term_string}\"},\"query-input\":{\"@type\":\"PropertyValueSpecification\",\"valueRequired\":true,\"valueName\":\"search_term_string\"}}],\"inLanguage\":\"fr-FR\"}]}<\/script>\n<!-- \/ Yoast SEO plugin. -->","yoast_head_json":{"title":"Cartographie pr\u00e9charg\u00e9e ECU d'origine TMAX 560 2025+ Suppression du limiteur + Suppression du Lambda - Magistrati racing","robots":{"index":"index","follow":"follow","max-snippet":"max-snippet:-1","max-image-preview":"max-image-preview:large","max-video-preview":"max-video-preview:-1"},"canonical":"https:\/\/magistratiracing.com\/fr\/prodotto\/cartographie-prechargee-ecu-dorigine-tmax-560-2025-suppression-du-limiteur-suppression-du-lambda\/","og_locale":"fr_FR","og_type":"article","og_title":"Cartographie pr\u00e9charg\u00e9e ECU d'origine TMAX 560 2025+ Suppression du limiteur + Suppression du Lambda - Magistrati racing","og_description":"Optimisez les performances de votre TMAX 560 \u00e0 partir de 2025 avec la cartographie pr\u00e9charg\u00e9e sur le calculateur d&#8217;origine par Magistrati Racing\u00ae. Cette cartographie non personnalis\u00e9e est con\u00e7ue pour am\u00e9liorer les performances du moteur et comprend l&#8217;\u00e9limination du limiteur de vitesse, ce qui vous permet d&#8217;exploiter tout le potentiel de votre TMAX. Principaux avantages Instant [&hellip;]","og_url":"https:\/\/magistratiracing.com\/fr\/prodotto\/cartographie-prechargee-ecu-dorigine-tmax-560-2025-suppression-du-limiteur-suppression-du-lambda\/","og_site_name":"Magistrati racing","article_modified_time":"2026-03-06T08:56:10+00:00","og_image":[{"width":980,"height":980,"url":"https:\/\/magistratiracing.com\/wp-content\/uploads\/2025\/02\/980x980_cornetti_5.jpg","type":"image\/jpeg"}],"twitter_card":"summary_large_image","twitter_misc":{"Dur\u00e9e de lecture estim\u00e9e":"1 minute"},"schema":{"@context":"https:\/\/schema.org","@graph":[{"@type":"WebPage","@id":"https:\/\/magistratiracing.com\/fr\/prodotto\/cartographie-prechargee-ecu-dorigine-tmax-560-2025-suppression-du-limiteur-suppression-du-lambda\/","url":"https:\/\/magistratiracing.com\/fr\/prodotto\/cartographie-prechargee-ecu-dorigine-tmax-560-2025-suppression-du-limiteur-suppression-du-lambda\/","name":"Cartographie pr\u00e9charg\u00e9e ECU d'origine TMAX 560 2025+ Suppression du limiteur + Suppression du Lambda - Magistrati racing","isPartOf":{"@id":"https:\/\/magistratiracing.com\/fr\/#website"},"primaryImageOfPage":{"@id":"https:\/\/magistratiracing.com\/fr\/prodotto\/cartographie-prechargee-ecu-dorigine-tmax-560-2025-suppression-du-limiteur-suppression-du-lambda\/#primaryimage"},"image":{"@id":"https:\/\/magistratiracing.com\/fr\/prodotto\/cartographie-prechargee-ecu-dorigine-tmax-560-2025-suppression-du-limiteur-suppression-du-lambda\/#primaryimage"},"thumbnailUrl":"https:\/\/magistratiracing.com\/wp-content\/uploads\/2025\/02\/980x980_cornetti_5.jpg","datePublished":"2025-05-19T08:26:40+00:00","dateModified":"2026-03-06T08:56:10+00:00","breadcrumb":{"@id":"https:\/\/magistratiracing.com\/fr\/prodotto\/cartographie-prechargee-ecu-dorigine-tmax-560-2025-suppression-du-limiteur-suppression-du-lambda\/#breadcrumb"},"inLanguage":"fr-FR","potentialAction":[{"@type":"ReadAction","target":["https:\/\/magistratiracing.com\/fr\/prodotto\/cartographie-prechargee-ecu-dorigine-tmax-560-2025-suppression-du-limiteur-suppression-du-lambda\/"]}]},{"@type":"ImageObject","inLanguage":"fr-FR","@id":"https:\/\/magistratiracing.com\/fr\/prodotto\/cartographie-prechargee-ecu-dorigine-tmax-560-2025-suppression-du-limiteur-suppression-du-lambda\/#primaryimage","url":"https:\/\/magistratiracing.com\/wp-content\/uploads\/2025\/02\/980x980_cornetti_5.jpg","contentUrl":"https:\/\/magistratiracing.com\/wp-content\/uploads\/2025\/02\/980x980_cornetti_5.jpg","width":980,"height":980},{"@type":"BreadcrumbList","@id":"https:\/\/magistratiracing.com\/fr\/prodotto\/cartographie-prechargee-ecu-dorigine-tmax-560-2025-suppression-du-limiteur-suppression-du-lambda\/#breadcrumb","itemListElement":[{"@type":"ListItem","position":1,"name":"Home","item":"https:\/\/magistratiracing.com\/fr\/"},{"@type":"ListItem","position":2,"name":"Shop","item":"https:\/\/magistratiracing.com\/fr\/boutique\/"},{"@type":"ListItem","position":3,"name":"Cartographie pr\u00e9charg\u00e9e ECU d&#8217;origine TMAX 560 2025+ Suppression du limiteur + Suppression du Lambda"}]},{"@type":"WebSite","@id":"https:\/\/magistratiracing.com\/fr\/#website","url":"https:\/\/magistratiracing.com\/fr\/","name":"Magistrati racing","description":"","potentialAction":[{"@type":"SearchAction","target":{"@type":"EntryPoint","urlTemplate":"https:\/\/magistratiracing.com\/fr\/?s={search_term_string}"},"query-input":{"@type":"PropertyValueSpecification","valueRequired":true,"valueName":"search_term_string"}}],"inLanguage":"fr-FR"}]}},"_links":{"self":[{"href":"https:\/\/magistratiracing.com\/fr\/wp-json\/wp\/v2\/product\/12021","targetHints":{"allow":["GET"]}}],"collection":[{"href":"https:\/\/magistratiracing.com\/fr\/wp-json\/wp\/v2\/product"}],"about":[{"href":"https:\/\/magistratiracing.com\/fr\/wp-json\/wp\/v2\/types\/product"}],"replies":[{"embeddable":true,"href":"https:\/\/magistratiracing.com\/fr\/wp-json\/wp\/v2\/comments?post=12021"}],"wp:featuredmedia":[{"embeddable":true,"href":"https:\/\/magistratiracing.com\/fr\/wp-json\/wp\/v2\/media\/12022"}],"wp:attachment":[{"href":"https:\/\/magistratiracing.com\/fr\/wp-json\/wp\/v2\/media?parent=12021"}],"wp:term":[{"taxonomy":"product_brand","embeddable":true,"href":"https:\/\/magistratiracing.com\/fr\/wp-json\/wp\/v2\/product_brand?post=12021"},{"taxonomy":"product_cat","embeddable":true,"href":"https:\/\/magistratiracing.com\/fr\/wp-json\/wp\/v2\/product_cat?post=12021"},{"taxonomy":"product_tag","embeddable":true,"href":"https:\/\/magistratiracing.com\/fr\/wp-json\/wp\/v2\/product_tag?post=12021"}],"curies":[{"name":"wp","href":"https:\/\/api.w.org\/{rel}","templated":true}]}}