{"id":12051,"date":"2025-04-17T17:25:33","date_gmt":"2025-04-17T17:25:33","guid":{"rendered":"https:\/\/magistratiracing.com\/product\/bielle-forgiate-rinforzate-yamaha-tmax-560-aspirato-atmo\/"},"modified":"2025-06-23T20:25:21","modified_gmt":"2025-06-23T20:25:21","slug":"bielle-forgiate-rinforzate-yamaha-tmax-560-aspirato-atmo","status":"publish","type":"product","link":"https:\/\/magistratiracing.com\/fr\/prodotto\/bielle-forgiate-rinforzate-yamaha-tmax-560-aspirato-atmo\/","title":{"rendered":"Bielles forg\u00e9es renforc\u00e9es Yamaha TMAX 560 Aspir\u00e9\/Atmo"},"content":{"rendered":"<h3><strong><em>Nouveaut\u00e9s 2025<\/em><\/strong><\/h3>\n<p><strong>Magistrati racing\u00ae<\/strong> a le plaisir de pr\u00e9senter les <strong>Bielles forg\u00e9es renforc\u00e9es Nouvelle G\u00e9n\u00e9ration pour Tmax 560 2020-2025 aspir\u00e9\/atmo<\/strong><\/p>\n<p>Ces pr\u00e9cieux composants du moteur sont le r\u00e9sultat d&#8217;un d\u00e9veloppement constant sous notre <strong>marque exclusive Magistrati racing\u00ae<\/strong>. Ils sont le <strong>r\u00e9sultat d&#8217;\u00e9tudes, de conceptions<\/strong> et surtout <strong>d&#8217;essais approfondis sur le terrain pendant des ann\u00e9es sur de nombreux Tmax 560 aspir\u00e9s\/atmo<\/strong>.<\/p>\n<p>D\u00e9velopp\u00e9es conjointement avec leurs \u00ab s\u0153urs \u00bb turbo, les bielles forg\u00e9es renforc\u00e9es de nouvelle g\u00e9n\u00e9ration pour le Tmax 560 aspir\u00e9\/atmo <strong>sont sp\u00e9cialement con\u00e7ues pour les moteurs \u00e0 pr\u00e9paration aspir\u00e9e\/atmo dont le comportement et les exigences diff\u00e8rent de ceux des moteurs turbo<\/strong>.<\/p>\n<h4><em><strong>CHOISI PAR LES MAGISTRATS ET AUTRES PR\u00c9PARATEURS POUR SA DURABILIT\u00c9 ET SA FIABILIT\u00c9 TOTALES<\/strong><\/em><\/h4>\n<ul>\n<li><strong>Mat\u00e9riaux de haute qualit\u00e9<\/strong> : <strong>acier forg\u00e9<\/strong> et traitement thermique avanc\u00e9 pour garantir une <strong>duret\u00e9 et une r\u00e9sistance \u00e0 la fatigue accrues<\/strong>, sp\u00e9cifiquement pour les exigences de puissance extr\u00eame sur les modifications de moteurs ultra-hautes performances.<\/li>\n<li><strong>Technologie avanc\u00e9e<\/strong> : forg\u00e9s et enti\u00e8rement usin\u00e9s par <strong>CNC<\/strong> pour une pr\u00e9cision et une r\u00e9sistance in\u00e9gal\u00e9es. Leur conception sp\u00e9ciale est parfaitement adapt\u00e9e pour garantir des performances \u00e9lev\u00e9es et une longue dur\u00e9e de vie gr\u00e2ce \u00e0 leur <strong>excellent rapport poids\/r\u00e9sistance<\/strong>.<\/li>\n<li><strong>Ultra r\u00e9sistance et fiabilit\u00e9<\/strong> : con\u00e7ues pour \u00eatre nettement plus r\u00e9sistantes que les bielles de course actuelles, elles garantissent une <strong>durabilit\u00e9 sup\u00e9rieure<\/strong>, m\u00eame en cas d&#8217;<strong>utilisation extr\u00eame<\/strong> \u00e0 haut r\u00e9gime. Quel que soit votre domaine d&#8217;utilisation, les bielles Nouvelle G\u00e9n\u00e9ration maintiendront votre moteur en performance constante et am\u00e9lioreront sa r\u00e9activit\u00e9.<\/li>\n<li><strong>Durabilit\u00e9 et performance<\/strong> : <strong>tests effectu\u00e9s sous contraintes extr\u00eames sur des pr\u00e9parations aspir\u00e9es\/atmo jusqu&#8217;\u00e0 80 chevaux effectifs \u00e0 la roue<\/strong> (sur banc d&#8217;essai Dynojet) avec <strong>d&#8217;excellents r\u00e9sultats, des performances et un rendement de haut niveau*<\/strong>.<\/li>\n<li><strong>Kit complet<\/strong> : livr\u00e9 avec <strong>4 boulons de bielle ARP<\/strong> haut de gamme pour une installation facile et s\u00fbre.<\/li>\n<li><strong>Made in Italy<\/strong>:\u00a0qualit\u00e0 e artigianalit\u00e0 italiane per un prodotto di eccellenza.<\/li>\n<li><strong>Assemblage<\/strong> : <strong>PLUG &amp; PLAY<\/strong> sans modification.<\/li>\n<li><strong>Applications<\/strong> : Tmax 560 <strong>aspir\u00e9\/atmo<\/strong> de 2020 \u00e0 2025 pour <strong>les pr\u00e9parations de course, le tuning, la course sportive ou les pi\u00e8ces professionnelles<\/strong>.<\/li>\n<\/ul>\n<p>*Tests effectu\u00e9s sur de nombreux Tmax 560 aspir\u00e9s\/atmo au fil des ans. Les <strong>tests<\/strong> ont \u00e9t\u00e9 effectu\u00e9s \u00e0 la fois <strong>sur la route<\/strong> pour \u00e9valuer la fiabilit\u00e9 sur les nombreux kilom\u00e8tres parcourus et sur le banc d&#8217;essai <strong>Dynojet<\/strong> et ont certifi\u00e9 sa <strong>r\u00e9sistance aux contraintes extr\u00eames<\/strong> ainsi que ses <strong>excellentes performances<\/strong>.<\/p>\n<p>ATTENTION PORT\u00c9E AUX NORMES ET \u00c0 LA QUALIT\u00c9 DES PRODUITS\/PRIX COMP\u00c9TITIFS<\/p>\n<p>L&#8217;accent mis sur les demandes du march\u00e9 est de toujours fournir la meilleure solution tout en maintenant des normes de <strong>qualit\u00e9 \u00e9lev\u00e9es et en promettant<\/strong> des <strong>performances \u00e9lev\u00e9es<\/strong>. Le kit de bielles forg\u00e9es renforc\u00e9es pour Tmax 560 aspir\u00e9\/atmo de Magistrati racing\u00ae offre un <strong>prix absolument comp\u00e9titif<\/strong>, sans compromis sur la qualit\u00e9 et les performances \u00e0 un niveau tr\u00e8s \u00e9lev\u00e9.<\/p>\n<p>&nbsp;<\/p>\n<h3>MAGI RECOMMANDE LES COMBINAISONS SUIVANTES :<\/h3>\n<blockquote class=\"wp-embedded-content\" data-secret=\"sTBCpYecZj\"><p><a href=\"https:\/\/magistratiracing.com\/fr\/produit\/kit-goujons-prisonniers-du-cylindre-renforce-magistrati-racing\/\">KIT GOUJONS prisonniers du cylindre renforc\u00e9 Magistrati racing\u00ae<\/a><\/p><\/blockquote>\n<p><iframe class=\"wp-embedded-content\" sandbox=\"allow-scripts\" security=\"restricted\" style=\"position: absolute; visibility: hidden;\" title=\"\u00ab\u00a0KIT GOUJONS prisonniers du cylindre renforc\u00e9 Magistrati racing\u00ae\u00a0\u00bb &#8212; Magistrati racing\" src=\"https:\/\/magistratiracing.com\/fr\/produit\/kit-goujons-prisonniers-du-cylindre-renforce-magistrati-racing\/embed\/#?secret=wOyYbkTBN7#?secret=sTBCpYecZj\" data-secret=\"sTBCpYecZj\" width=\"600\" height=\"338\" frameborder=\"0\" marginwidth=\"0\" marginheight=\"0\" scrolling=\"no\"><\/iframe><\/p>\n<p>&nbsp;<\/p>\n<blockquote class=\"wp-embedded-content\" data-secret=\"Urfde5Vnyx\"><p><a href=\"https:\/\/magistratiracing.com\/fr\/produit\/arbres-a-cames-ultra-racing-kit-ressorts-soupapes-tmax-560-performances-extremes\/\">Arbres \u00e0 cames Ultra Racing + kit ressorts soupapes TMAX 560 | Performances extr\u00eames<\/a><\/p><\/blockquote>\n<p><iframe class=\"wp-embedded-content\" sandbox=\"allow-scripts\" security=\"restricted\" style=\"position: absolute; visibility: hidden;\" title=\"\u00ab\u00a0Arbres \u00e0 cames Ultra Racing + kit ressorts soupapes TMAX 560 | Performances extr\u00eames\u00a0\u00bb &#8212; Magistrati racing\" src=\"https:\/\/magistratiracing.com\/fr\/produit\/arbres-a-cames-ultra-racing-kit-ressorts-soupapes-tmax-560-performances-extremes\/embed\/#?secret=xapkcZpf85#?secret=Urfde5Vnyx\" data-secret=\"Urfde5Vnyx\" width=\"600\" height=\"338\" frameborder=\"0\" marginwidth=\"0\" marginheight=\"0\" scrolling=\"no\"><\/iframe><\/p>\n<p>&nbsp;<\/p>\n<blockquote class=\"wp-embedded-content\" data-secret=\"kOZ6SifoI6\"><p><a href=\"https:\/\/magistratiracing.com\/fr\/produit\/arbres-a-cames-racing-tailles-dans-la-masse-tmax-560-performances-superieures-magistrati-racing\/\">Arbres \u00e0 cames Racing taill\u00e9s dans la masse TMAX 560 | Performances sup\u00e9rieures | Magistrati Racing\u00ae<\/a><\/p><\/blockquote>\n<p><iframe class=\"wp-embedded-content\" sandbox=\"allow-scripts\" security=\"restricted\" style=\"position: absolute; visibility: hidden;\" title=\"\u00ab\u00a0Arbres \u00e0 cames Racing taill\u00e9s dans la masse TMAX 560 | Performances sup\u00e9rieures | Magistrati Racing\u00ae\u00a0\u00bb &#8212; Magistrati racing\" src=\"https:\/\/magistratiracing.com\/fr\/produit\/arbres-a-cames-racing-tailles-dans-la-masse-tmax-560-performances-superieures-magistrati-racing\/embed\/#?secret=YTrbDZmBFU#?secret=kOZ6SifoI6\" data-secret=\"kOZ6SifoI6\" width=\"600\" height=\"338\" frameborder=\"0\" marginwidth=\"0\" marginheight=\"0\" scrolling=\"no\"><\/iframe><\/p>\n<p>&nbsp;<\/p>\n<p>&nbsp;<\/p>\n<blockquote class=\"wp-embedded-content\" data-secret=\"5fitjyL4Qd\"><p><a href=\"https:\/\/magistratiracing.com\/fr\/produit\/pistons-a-haute-compression-tmax-560-atmo-cylindre-dorigine\/\">Pistons \u00e0 haute compression Tmax 560 atmo cylindre d&#8217;origine<\/a><\/p><\/blockquote>\n<p><iframe class=\"wp-embedded-content\" sandbox=\"allow-scripts\" security=\"restricted\" style=\"position: absolute; visibility: hidden;\" title=\"\u00ab\u00a0Pistons \u00e0 haute compression Tmax 560 atmo cylindre d&#8217;origine\u00a0\u00bb &#8212; Magistrati racing\" src=\"https:\/\/magistratiracing.com\/fr\/produit\/pistons-a-haute-compression-tmax-560-atmo-cylindre-dorigine\/embed\/#?secret=niI6D2ViQa#?secret=5fitjyL4Qd\" data-secret=\"5fitjyL4Qd\" width=\"600\" height=\"338\" frameborder=\"0\" marginwidth=\"0\" marginheight=\"0\" scrolling=\"no\"><\/iframe><\/p>\n<p>&nbsp;<\/p>\n<p>&nbsp;<\/p>\n<p>&nbsp;<\/p>\n<ul>\n<li><\/li>\n<\/ul>\n","protected":false},"excerpt":{"rendered":"<p><br data-mce-bogus=\"1\"><\/p>\n","protected":false},"featured_media":12052,"comment_status":"open","ping_status":"closed","template":"","meta":[],"product_brand":[],"product_cat":[344,345,323,324,320],"product_tag":[],"class_list":{"0":"post-12051","1":"product","2":"type-product","3":"status-publish","4":"has-post-thumbnail","6":"product_cat-motore-fr-7","7":"product_cat-motore-fr-8","8":"product_cat-tmax-560-2020-2024-fr-2","9":"product_cat-tmax-560-2025-fr-2","10":"product_cat-tmax-aspirato-fr","11":"product_shipping_class-bielle-forgiate-fr","13":"first","14":"onbackorder","15":"shipping-taxable","16":"purchasable","17":"product-type-simple"},"yoast_head":"<!-- This site is optimized with the Yoast SEO plugin v26.8 - https:\/\/yoast.com\/product\/yoast-seo-wordpress\/ -->\n<title>Bielles forg\u00e9es renforc\u00e9es Yamaha TMAX 560 Aspir\u00e9\/Atmo - Magistrati racing<\/title>\n<meta name=\"description\" content=\"Bielles forg\u00e9es renforc\u00e9es pour Yamaha TMAX 560 par Magistrati racing\u00ae. R\u00e9sistance maximale, hautes performances. Id\u00e9ales pour les moteurs de comp\u00e9tition et de tuning.\" \/>\n<meta name=\"robots\" content=\"index, follow, max-snippet:-1, max-image-preview:large, max-video-preview:-1\" \/>\n<link rel=\"canonical\" href=\"https:\/\/magistratiracing.com\/fr\/prodotto\/bielle-forgiate-rinforzate-yamaha-tmax-560-aspirato-atmo\/\" \/>\n<meta property=\"og:locale\" content=\"fr_FR\" \/>\n<meta property=\"og:type\" content=\"article\" \/>\n<meta property=\"og:title\" content=\"BIELLES FORG\u00c9ES TMAX 560\" \/>\n<meta property=\"og:description\" content=\"BIELLES FORG\u00c9ES RENFORC\u00c9ES YANAHA TMAX 560 ASPIRATED\/ATMO RACING\" \/>\n<meta property=\"og:url\" content=\"https:\/\/magistratiracing.com\/fr\/prodotto\/bielle-forgiate-rinforzate-yamaha-tmax-560-aspirato-atmo\/\" \/>\n<meta property=\"og:site_name\" content=\"Magistrati racing\" \/>\n<meta property=\"article:modified_time\" content=\"2025-06-23T20:25:21+00:00\" \/>\n<meta property=\"og:image\" content=\"https:\/\/magistratiracing.com\/wp-content\/uploads\/2025\/04\/20250411_092321cc-211x300.jpg\" \/>\n<meta name=\"twitter:card\" content=\"summary_large_image\" \/>\n<meta name=\"twitter:label1\" content=\"Dur\u00e9e de lecture estim\u00e9e\" \/>\n\t<meta name=\"twitter:data1\" content=\"3 minutes\" \/>\n<script type=\"application\/ld+json\" class=\"yoast-schema-graph\">{\"@context\":\"https:\/\/schema.org\",\"@graph\":[{\"@type\":\"WebPage\",\"@id\":\"https:\/\/magistratiracing.com\/fr\/prodotto\/bielle-forgiate-rinforzate-yamaha-tmax-560-aspirato-atmo\/\",\"url\":\"https:\/\/magistratiracing.com\/fr\/prodotto\/bielle-forgiate-rinforzate-yamaha-tmax-560-aspirato-atmo\/\",\"name\":\"Bielles forg\u00e9es renforc\u00e9es Yamaha TMAX 560 Aspir\u00e9\/Atmo - Magistrati racing\",\"isPartOf\":{\"@id\":\"https:\/\/magistratiracing.com\/fr\/#website\"},\"primaryImageOfPage\":{\"@id\":\"https:\/\/magistratiracing.com\/fr\/prodotto\/bielle-forgiate-rinforzate-yamaha-tmax-560-aspirato-atmo\/#primaryimage\"},\"image\":{\"@id\":\"https:\/\/magistratiracing.com\/fr\/prodotto\/bielle-forgiate-rinforzate-yamaha-tmax-560-aspirato-atmo\/#primaryimage\"},\"thumbnailUrl\":\"https:\/\/magistratiracing.com\/wp-content\/uploads\/2025\/04\/20250410_095037-scaled.jpg\",\"datePublished\":\"2025-04-17T17:25:33+00:00\",\"dateModified\":\"2025-06-23T20:25:21+00:00\",\"description\":\"Bielles forg\u00e9es renforc\u00e9es pour Yamaha TMAX 560 par Magistrati racing\u00ae. R\u00e9sistance maximale, hautes performances. Id\u00e9ales pour les moteurs de comp\u00e9tition et de tuning.\",\"breadcrumb\":{\"@id\":\"https:\/\/magistratiracing.com\/fr\/prodotto\/bielle-forgiate-rinforzate-yamaha-tmax-560-aspirato-atmo\/#breadcrumb\"},\"inLanguage\":\"fr-FR\",\"potentialAction\":[{\"@type\":\"ReadAction\",\"target\":[\"https:\/\/magistratiracing.com\/fr\/prodotto\/bielle-forgiate-rinforzate-yamaha-tmax-560-aspirato-atmo\/\"]}]},{\"@type\":\"ImageObject\",\"inLanguage\":\"fr-FR\",\"@id\":\"https:\/\/magistratiracing.com\/fr\/prodotto\/bielle-forgiate-rinforzate-yamaha-tmax-560-aspirato-atmo\/#primaryimage\",\"url\":\"https:\/\/magistratiracing.com\/wp-content\/uploads\/2025\/04\/20250410_095037-scaled.jpg\",\"contentUrl\":\"https:\/\/magistratiracing.com\/wp-content\/uploads\/2025\/04\/20250410_095037-scaled.jpg\",\"width\":2560,\"height\":2328,\"caption\":\"BIELLES FORG\u00c9ES RENFORC\u00c9ES YAMAHA TMAX 560 ASPIRATED ATMO MAGISTRATI RACING\u00ae\"},{\"@type\":\"BreadcrumbList\",\"@id\":\"https:\/\/magistratiracing.com\/fr\/prodotto\/bielle-forgiate-rinforzate-yamaha-tmax-560-aspirato-atmo\/#breadcrumb\",\"itemListElement\":[{\"@type\":\"ListItem\",\"position\":1,\"name\":\"Home\",\"item\":\"https:\/\/magistratiracing.com\/fr\/\"},{\"@type\":\"ListItem\",\"position\":2,\"name\":\"Shop\",\"item\":\"https:\/\/magistratiracing.com\/fr\/boutique\/\"},{\"@type\":\"ListItem\",\"position\":3,\"name\":\"Bielles forg\u00e9es renforc\u00e9es Yamaha TMAX 560 Aspir\u00e9\/Atmo\"}]},{\"@type\":\"WebSite\",\"@id\":\"https:\/\/magistratiracing.com\/fr\/#website\",\"url\":\"https:\/\/magistratiracing.com\/fr\/\",\"name\":\"Magistrati racing\",\"description\":\"\",\"potentialAction\":[{\"@type\":\"SearchAction\",\"target\":{\"@type\":\"EntryPoint\",\"urlTemplate\":\"https:\/\/magistratiracing.com\/fr\/?s={search_term_string}\"},\"query-input\":{\"@type\":\"PropertyValueSpecification\",\"valueRequired\":true,\"valueName\":\"search_term_string\"}}],\"inLanguage\":\"fr-FR\"}]}<\/script>\n<!-- \/ Yoast SEO plugin. -->","yoast_head_json":{"title":"Bielles forg\u00e9es renforc\u00e9es Yamaha TMAX 560 Aspir\u00e9\/Atmo - Magistrati racing","description":"Bielles forg\u00e9es renforc\u00e9es pour Yamaha TMAX 560 par Magistrati racing\u00ae. R\u00e9sistance maximale, hautes performances. Id\u00e9ales pour les moteurs de comp\u00e9tition et de tuning.","robots":{"index":"index","follow":"follow","max-snippet":"max-snippet:-1","max-image-preview":"max-image-preview:large","max-video-preview":"max-video-preview:-1"},"canonical":"https:\/\/magistratiracing.com\/fr\/prodotto\/bielle-forgiate-rinforzate-yamaha-tmax-560-aspirato-atmo\/","og_locale":"fr_FR","og_type":"article","og_title":"BIELLES FORG\u00c9ES TMAX 560","og_description":"BIELLES FORG\u00c9ES RENFORC\u00c9ES YANAHA TMAX 560 ASPIRATED\/ATMO RACING","og_url":"https:\/\/magistratiracing.com\/fr\/prodotto\/bielle-forgiate-rinforzate-yamaha-tmax-560-aspirato-atmo\/","og_site_name":"Magistrati racing","article_modified_time":"2025-06-23T20:25:21+00:00","og_image":[{"url":"https:\/\/magistratiracing.com\/wp-content\/uploads\/2025\/04\/20250411_092321cc-211x300.jpg","type":"","width":"","height":""}],"twitter_card":"summary_large_image","twitter_misc":{"Dur\u00e9e de lecture estim\u00e9e":"3 minutes"},"schema":{"@context":"https:\/\/schema.org","@graph":[{"@type":"WebPage","@id":"https:\/\/magistratiracing.com\/fr\/prodotto\/bielle-forgiate-rinforzate-yamaha-tmax-560-aspirato-atmo\/","url":"https:\/\/magistratiracing.com\/fr\/prodotto\/bielle-forgiate-rinforzate-yamaha-tmax-560-aspirato-atmo\/","name":"Bielles forg\u00e9es renforc\u00e9es Yamaha TMAX 560 Aspir\u00e9\/Atmo - Magistrati racing","isPartOf":{"@id":"https:\/\/magistratiracing.com\/fr\/#website"},"primaryImageOfPage":{"@id":"https:\/\/magistratiracing.com\/fr\/prodotto\/bielle-forgiate-rinforzate-yamaha-tmax-560-aspirato-atmo\/#primaryimage"},"image":{"@id":"https:\/\/magistratiracing.com\/fr\/prodotto\/bielle-forgiate-rinforzate-yamaha-tmax-560-aspirato-atmo\/#primaryimage"},"thumbnailUrl":"https:\/\/magistratiracing.com\/wp-content\/uploads\/2025\/04\/20250410_095037-scaled.jpg","datePublished":"2025-04-17T17:25:33+00:00","dateModified":"2025-06-23T20:25:21+00:00","description":"Bielles forg\u00e9es renforc\u00e9es pour Yamaha TMAX 560 par Magistrati racing\u00ae. R\u00e9sistance maximale, hautes performances. Id\u00e9ales pour les moteurs de comp\u00e9tition et de tuning.","breadcrumb":{"@id":"https:\/\/magistratiracing.com\/fr\/prodotto\/bielle-forgiate-rinforzate-yamaha-tmax-560-aspirato-atmo\/#breadcrumb"},"inLanguage":"fr-FR","potentialAction":[{"@type":"ReadAction","target":["https:\/\/magistratiracing.com\/fr\/prodotto\/bielle-forgiate-rinforzate-yamaha-tmax-560-aspirato-atmo\/"]}]},{"@type":"ImageObject","inLanguage":"fr-FR","@id":"https:\/\/magistratiracing.com\/fr\/prodotto\/bielle-forgiate-rinforzate-yamaha-tmax-560-aspirato-atmo\/#primaryimage","url":"https:\/\/magistratiracing.com\/wp-content\/uploads\/2025\/04\/20250410_095037-scaled.jpg","contentUrl":"https:\/\/magistratiracing.com\/wp-content\/uploads\/2025\/04\/20250410_095037-scaled.jpg","width":2560,"height":2328,"caption":"BIELLES FORG\u00c9ES RENFORC\u00c9ES YAMAHA TMAX 560 ASPIRATED ATMO MAGISTRATI RACING\u00ae"},{"@type":"BreadcrumbList","@id":"https:\/\/magistratiracing.com\/fr\/prodotto\/bielle-forgiate-rinforzate-yamaha-tmax-560-aspirato-atmo\/#breadcrumb","itemListElement":[{"@type":"ListItem","position":1,"name":"Home","item":"https:\/\/magistratiracing.com\/fr\/"},{"@type":"ListItem","position":2,"name":"Shop","item":"https:\/\/magistratiracing.com\/fr\/boutique\/"},{"@type":"ListItem","position":3,"name":"Bielles forg\u00e9es renforc\u00e9es Yamaha TMAX 560 Aspir\u00e9\/Atmo"}]},{"@type":"WebSite","@id":"https:\/\/magistratiracing.com\/fr\/#website","url":"https:\/\/magistratiracing.com\/fr\/","name":"Magistrati racing","description":"","potentialAction":[{"@type":"SearchAction","target":{"@type":"EntryPoint","urlTemplate":"https:\/\/magistratiracing.com\/fr\/?s={search_term_string}"},"query-input":{"@type":"PropertyValueSpecification","valueRequired":true,"valueName":"search_term_string"}}],"inLanguage":"fr-FR"}]}},"_links":{"self":[{"href":"https:\/\/magistratiracing.com\/fr\/wp-json\/wp\/v2\/product\/12051","targetHints":{"allow":["GET"]}}],"collection":[{"href":"https:\/\/magistratiracing.com\/fr\/wp-json\/wp\/v2\/product"}],"about":[{"href":"https:\/\/magistratiracing.com\/fr\/wp-json\/wp\/v2\/types\/product"}],"replies":[{"embeddable":true,"href":"https:\/\/magistratiracing.com\/fr\/wp-json\/wp\/v2\/comments?post=12051"}],"wp:featuredmedia":[{"embeddable":true,"href":"https:\/\/magistratiracing.com\/fr\/wp-json\/wp\/v2\/media\/12052"}],"wp:attachment":[{"href":"https:\/\/magistratiracing.com\/fr\/wp-json\/wp\/v2\/media?parent=12051"}],"wp:term":[{"taxonomy":"product_brand","embeddable":true,"href":"https:\/\/magistratiracing.com\/fr\/wp-json\/wp\/v2\/product_brand?post=12051"},{"taxonomy":"product_cat","embeddable":true,"href":"https:\/\/magistratiracing.com\/fr\/wp-json\/wp\/v2\/product_cat?post=12051"},{"taxonomy":"product_tag","embeddable":true,"href":"https:\/\/magistratiracing.com\/fr\/wp-json\/wp\/v2\/product_tag?post=12051"}],"curies":[{"name":"wp","href":"https:\/\/api.w.org\/{rel}","templated":true}]}}