{"id":12072,"date":"2025-02-17T16:04:19","date_gmt":"2025-02-17T16:04:19","guid":{"rendered":"https:\/\/magistratiracing.com\/product\/camme-ultra-racing-kit-molle-valvole-tmax-530-prestazioni-estreme\/"},"modified":"2025-12-31T12:36:34","modified_gmt":"2025-12-31T12:36:34","slug":"arbres-a-cames-ultra-racing-extreme-kit-de-ressorts-de-soupapes-tmax-530-performances-extremes-a-tres-haut-regime","status":"publish","type":"product","link":"https:\/\/magistratiracing.com\/fr\/prodotto\/arbres-a-cames-ultra-racing-extreme-kit-de-ressorts-de-soupapes-tmax-530-performances-extremes-a-tres-haut-regime\/","title":{"rendered":"Arbres \u00e0 cames Ultra Racing Extreme + kit de ressorts de soupapes TMAX 530 | Performances extr\u00eames \u00e0 tr\u00e8s haut r\u00e9gime"},"content":{"rendered":"<h4><strong>Les arbres \u00e0 cames Magistrati racing\u00ae Ultra Racing Extreme pour TMAX 530 sont con\u00e7us pour ceux qui recherchent les performances maximales de leur moteur.<\/strong><\/h4>\n<h4><strong>Profil de course extr\u00eame, con\u00e7u pour optimiser la puissance \u00e0 tr\u00e8s haut r\u00e9gime.<\/strong><\/h4>\n<p><span style=\"font-weight: 400;\">R\u00e9alis\u00e9s enti\u00e8rement dans la masse, ces arbres \u00e0 cames sont construits \u00e0 partir de mat\u00e9riaux de haute qualit\u00e9 et usin\u00e9s avec pr\u00e9cision pour garantir une augmentation significative de la puissance et de la r\u00e9activit\u00e9 du moteur. Les engrenages r\u00e9glables permettent un montage facile ainsi que le phasage.<\/span><\/p>\n<p><span style=\"font-weight: 400;\">Ils sont fournis avec un kit de ressorts et soupapes.<\/span><\/p>\n<p>\u26a0\ufe0f <strong>Usage comp\u00e9tition\u00a0: Id\u00e9al pour la piste ou les moteurs pr\u00e9par\u00e9s pour la comp\u00e9tition.<\/strong><\/p>\n<p>\ud83d\udd27 <strong>N\u00e9cessite des ressorts renforc\u00e9s (fournis).<\/strong><\/p>\n<p>\ud83d\ude08 <strong>D\u00e9conseill\u00e9 \u00e0 tous.<\/strong><\/p>\n<p>&nbsp;<\/p>\n<p><strong>Choisissez le type d&#8217;arbre \u00e0 cames qui vous int\u00e9resse :<\/strong><\/p>\n<p><img decoding=\"async\" class=\"emoji\" role=\"img\" draggable=\"false\" src=\"https:\/\/s.w.org\/images\/core\/emoji\/17.0.2\/svg\/1f4ca.svg\" alt=\"\ud83d\udcca\" \/> <span style=\"color: #ff0000;\"><strong>Tableau de s\u00e9lection des arbres \u00e0 cames Magistrati racing\u00ae<\/strong><\/span><\/p>\n<div class=\"TyagGW_tableContainer\">\n<div class=\"group TyagGW_tableWrapper flex w-fit flex-col-reverse\" tabindex=\"-1\">\n<table class=\"w-fit min-w-(--thread-content-width)\" width=\"554\" data-start=\"2185\" data-end=\"2524\">\n<thead data-start=\"2185\" data-end=\"2223\">\n<tr data-start=\"2185\" data-end=\"2223\">\n<th data-start=\"2185\" data-end=\"2193\" data-col-size=\"sm\">Type<\/th>\n<th data-start=\"2193\" data-end=\"2200\" data-col-size=\"sm\">Nom<\/th>\n<th data-start=\"2200\" data-end=\"2206\" data-col-size=\"sm\">Utilisation -Moteur<\/th>\n<th data-start=\"2206\" data-end=\"2223\" data-col-size=\"sm\">R\u00e9gime moteur id\u00e9al<\/th>\n<\/tr>\n<\/thead>\n<tbody data-start=\"2250\" data-end=\"2524\">\n<tr data-start=\"2250\" data-end=\"2307\">\n<td data-start=\"2250\" data-end=\"2260\" data-col-size=\"sm\">Re-profil\u00e9es<\/td>\n<td data-start=\"2260\" data-end=\"2276\" data-col-size=\"sm\">Street Torque<\/td>\n<td data-start=\"2276\" data-end=\"2293\" data-col-size=\"sm\">Usage quotidien \/ Route \u2013 Moteur Standard<\/td>\n<td data-start=\"2293\" data-end=\"2307\" data-col-size=\"sm\">Bas\u2013Moyen R\u00e9gime<\/td>\n<\/tr>\n<tr data-start=\"2308\" data-end=\"2358\">\n<td data-start=\"2308\" data-end=\"2318\" data-col-size=\"sm\">Racing<\/td>\n<td data-start=\"2318\" data-end=\"2332\" data-col-size=\"sm\">Stage 1<\/td>\n<td data-start=\"2332\" data-end=\"2350\" data-col-size=\"sm\">Sportif Route (bient\u00f4t disponible) \u2013 Moteur Standard \/Pr\u00e9par\u00e9<\/td>\n<td data-start=\"2350\" data-end=\"2358\" data-col-size=\"sm\">Moyen R\u00e9gime<\/td>\n<\/tr>\n<tr data-start=\"2359\" data-end=\"2419\">\n<td data-start=\"2359\" data-end=\"2369\" data-col-size=\"sm\"><\/td>\n<td data-start=\"2369\" data-end=\"2385\" data-col-size=\"sm\"><\/td>\n<td data-start=\"2385\" data-end=\"2406\" data-col-size=\"sm\"><\/td>\n<td data-start=\"2406\" data-end=\"2419\" data-col-size=\"sm\"><\/td>\n<\/tr>\n<tr data-start=\"2420\" data-end=\"2460\">\n<td data-start=\"2420\" data-end=\"2430\" data-col-size=\"sm\">Racing<\/td>\n<td data-start=\"2430\" data-end=\"2444\" data-col-size=\"sm\">Stage 2<\/td>\n<td data-start=\"2444\" data-end=\"2452\" data-col-size=\"sm\">Ultra Sportif Route \/Circuit \u2013 Moteur Standard \/ Pr\u00e9par\u00e9<\/td>\n<td data-start=\"2452\" data-end=\"2460\" data-col-size=\"sm\">Haut R\u00e9gime<\/td>\n<\/tr>\n<tr data-start=\"2461\" data-end=\"2524\">\n<td data-start=\"2461\" data-end=\"2471\" data-col-size=\"sm\"><strong>Ultra Racing<\/strong><\/td>\n<td data-start=\"2471\" data-end=\"2494\" data-col-size=\"sm\"><strong>\u00a0Extr\u00eame<\/strong><\/td>\n<td data-start=\"2494\" data-end=\"2511\" data-col-size=\"sm\"><strong>Course extr\u00eame\u2013 Moteur pr\u00e9par\u00e9 uniquement<\/strong><\/td>\n<td data-start=\"2511\" data-end=\"2524\" data-col-size=\"sm\"><strong>Tr\u00e8s haut R\u00e9gime<\/strong><\/td>\n<\/tr>\n<\/tbody>\n<\/table>\n<\/div>\n<\/div>\n<p data-start=\"2419\" data-end=\"2444\"><strong>Comment utiliserez-vous le Tmax ?<\/strong><\/p>\n<p data-start=\"2447\" data-end=\"2465\">Route \u2192 Street Torque \u2013 Stage 1 (bient\u00f4t disponible)<\/p>\n<p data-start=\"2447\" data-end=\"2465\">Route Sportive \u2192 Stage 1 (bient\u00f4t disponible)\u00a0 -Stage 2<\/p>\n<p data-start=\"2498\" data-end=\"2515\">Circuit\u2192 Stage 2 \u2013 Ultra racing Extreme<\/p>\n<p>Racing \u2192 Ultra racing Extreme<\/p>\n<h3 data-start=\"1538\" data-end=\"1550\"><\/h3>\n<h3 data-start=\"1320\" data-end=\"1341\">\ud83c\udfcd\ufe0f Quotidien<\/h3>\n<p data-start=\"1344\" data-end=\"1386\">Couple \u00e0 bas r\u00e9gime \u2192 <strong data-start=\"1359\" data-end=\"1386\">\u00a0Street Torque<\/strong><\/p>\n<p>&nbsp;<\/p>\n<h3 data-start=\"1430\" data-end=\"1454\">\ud83c\udfcd\ufe0f<img decoding=\"async\" class=\"emoji\" role=\"img\" draggable=\"false\" src=\"https:\/\/s.w.org\/images\/core\/emoji\/17.0.2\/svg\/1f4a8.svg\" alt=\"\ud83d\udca8\" \/> Route Sportive<\/h3>\n<p data-start=\"1457\" data-end=\"1496\">Compromis \u2192 <strong data-start=\"1471\" data-end=\"1496\">Street Torque<\/strong><\/p>\n<p>R\u00e9gime Moyen \u2192 <strong data-start=\"1509\" data-end=\"1536\">Racing \u2013 Stage 1 (bient\u00f4t disponible)<\/strong><\/p>\n<p data-start=\"1499\" data-end=\"1536\">Vitesse Finale \u2192 <strong data-start=\"1509\" data-end=\"1536\">Racing \u2013 Stage 2\u00a0<\/strong><\/p>\n<h3 data-start=\"1538\" data-end=\"1550\"><\/h3>\n<h3 data-start=\"1430\" data-end=\"1454\">\ud83c\udfcd\ufe0f<img decoding=\"async\" class=\"emoji\" role=\"img\" draggable=\"false\" src=\"https:\/\/s.w.org\/images\/core\/emoji\/17.0.2\/svg\/1f3c1.svg\" alt=\"\ud83c\udfc1\" \/> Circuit<\/h3>\n<p data-start=\"1553\" data-end=\"1588\">Vitesse Finale \u2192 <strong data-start=\"1563\" data-end=\"1588\">Racing \u2013 Stage 2<\/strong><\/p>\n<p data-start=\"1591\" data-end=\"1626\">Performances Extr\u00eames \u2192 <strong data-start=\"1605\" data-end=\"1626\">Ultra\u00a0<\/strong><strong data-start=\"1605\" data-end=\"1626\">Racing\u00a0 Extreme<\/strong><\/p>\n<h3 data-start=\"1628\" data-end=\"1652\"><\/h3>\n<h3 data-start=\"1430\" data-end=\"1454\">\ud83c\udfcd\ufe0f\ud83d\udd25Racing Extr\u00eame<\/h3>\n<p data-start=\"1655\" data-end=\"1730\">Toujours \u2192 <strong data-start=\"1664\" data-end=\"1698\">Ultra racing \u2013 Extreme<\/strong><br \/>\n<img decoding=\"async\" class=\"emoji\" role=\"img\" draggable=\"false\" src=\"https:\/\/s.w.org\/images\/core\/emoji\/17.0.2\/svg\/26a0.svg\" alt=\"\u26a0\ufe0f\" \/> Uniquement avec kit de ressorts de soupapes<\/p>\n<p>&nbsp;<\/p>\n<p>&nbsp;<\/p>\n<p><b>Principaux avantages<\/b><\/p>\n<ul>\n<li style=\"font-weight: 400;\" aria-level=\"1\"><b>Performances extr\u00eames\u00a0:<\/b><span style=\"font-weight: 400;\"> con\u00e7us pour optimiser la synchronisation des soupapes et am\u00e9liorer l\u2019efficacit\u00e9 de la combustion, offrant une augmentation consid\u00e9rable de la puissance du moteur.<\/span><\/li>\n<li style=\"font-weight: 400;\" aria-level=\"1\"><b>Qualit\u00e9 sup\u00e9rieure\u00a0:<\/b><span style=\"font-weight: 400;\"> r\u00e9alis\u00e9s enti\u00e8rement dans la masse \u00e0 partir de mat\u00e9riaux de haute qualit\u00e9, ils garantissent r\u00e9sistance et durabilit\u00e9 m\u00eame dans des conditions d&#8217;utilisation extr\u00eames.<\/span><\/li>\n<li style=\"font-weight: 400;\" aria-level=\"1\"><b>Pr\u00e9cision de l\u2019usinage\u00a0:<\/b><span style=\"font-weight: 400;\"> usin\u00e9s \u00e0 l\u2019aide de techniques avanc\u00e9es pour garantir une compatibilit\u00e9 parfaite et des performances optimales.<\/span><\/li>\n<\/ul>\n<p><b>Compatibilit\u00e9\u00a0:<\/b><span style=\"font-weight: 400;\"> sp\u00e9cifiquement con\u00e7ues pour TMAX\u00a0530, garantissent une installation et une int\u00e9gration facile avec le moteur.<\/span><\/p>\n<p>&nbsp;<\/p>\n<p>IMPORTANT<br \/>\nLe montage et le r\u00e9glage requi\u00e8rent de bonnes comp\u00e9tences en m\u00e9canique.<\/p>\n<p>NOTE TECHNIQUE\u00a0:<br \/>\nLes arbres \u00e0 cames Ultra Racing, \u00e9quip\u00e9s de pignons r\u00e9glables, sont fournis avec des calages de r\u00e9f\u00e9rence pr\u00e9r\u00e9gl\u00e9s, servant de point de d\u00e9part. Ces calages peuvent \u00eatre ajust\u00e9s lors du montage pour s&#8217;adapter aux caract\u00e9ristiques et configurations sp\u00e9cifiques du moteur, gr\u00e2ce aux pignons r\u00e9glables.<\/p>\n","protected":false},"excerpt":{"rendered":"<p>Les arbres \u00e0 cames Magistrati racing\u00ae Ultra Racing Extreme pour TMAX 530 sont con\u00e7us pour ceux qui recherchent les performances maximales de leur moteur. Profil de course extr\u00eame, con\u00e7u pour optimiser la puissance \u00e0 tr\u00e8s haut r\u00e9gime. R\u00e9alis\u00e9s enti\u00e8rement dans la masse, ces arbres \u00e0 cames sont construits \u00e0 partir de mat\u00e9riaux de haute qualit\u00e9 [&hellip;]<\/p>\n","protected":false},"featured_media":12073,"comment_status":"open","ping_status":"closed","template":"","meta":[],"product_brand":[],"product_cat":[342,343,336,338,320],"product_tag":[],"class_list":{"0":"post-12072","1":"product","2":"type-product","3":"status-publish","4":"has-post-thumbnail","6":"product_cat-motore-fr-5","7":"product_cat-motore-fr-6","8":"product_cat-tmax-530-2012-2016-fr-2","9":"product_cat-tmax-530-2017-2019-fr-2","10":"product_cat-tmax-aspirato-fr","11":"product_shipping_class-camme-fr","13":"first","14":"instock","15":"shipping-taxable","16":"purchasable","17":"product-type-simple"},"yoast_head":"<!-- This site is optimized with the Yoast SEO plugin v26.8 - https:\/\/yoast.com\/product\/yoast-seo-wordpress\/ -->\n<title>Arbres \u00e0 cames Ultra Racing Extreme + kit de ressorts de soupapes TMAX 530 | Performances extr\u00eames \u00e0 tr\u00e8s haut r\u00e9gime - Magistrati racing<\/title>\n<meta name=\"robots\" content=\"index, follow, max-snippet:-1, max-image-preview:large, max-video-preview:-1\" \/>\n<link rel=\"canonical\" href=\"https:\/\/magistratiracing.com\/fr\/prodotto\/arbres-a-cames-ultra-racing-extreme-kit-de-ressorts-de-soupapes-tmax-530-performances-extremes-a-tres-haut-regime\/\" \/>\n<meta property=\"og:locale\" content=\"fr_FR\" \/>\n<meta property=\"og:type\" content=\"article\" \/>\n<meta property=\"og:title\" content=\"Arbres \u00e0 cames Ultra Racing Extreme + kit de ressorts de soupapes TMAX 530 | Performances extr\u00eames \u00e0 tr\u00e8s haut r\u00e9gime - Magistrati racing\" \/>\n<meta property=\"og:description\" content=\"Les arbres \u00e0 cames Magistrati racing\u00ae Ultra Racing Extreme pour TMAX 530 sont con\u00e7us pour ceux qui recherchent les performances maximales de leur moteur. Profil de course extr\u00eame, con\u00e7u pour optimiser la puissance \u00e0 tr\u00e8s haut r\u00e9gime. R\u00e9alis\u00e9s enti\u00e8rement dans la masse, ces arbres \u00e0 cames sont construits \u00e0 partir de mat\u00e9riaux de haute qualit\u00e9 [&hellip;]\" \/>\n<meta property=\"og:url\" content=\"https:\/\/magistratiracing.com\/fr\/prodotto\/arbres-a-cames-ultra-racing-extreme-kit-de-ressorts-de-soupapes-tmax-530-performances-extremes-a-tres-haut-regime\/\" \/>\n<meta property=\"og:site_name\" content=\"Magistrati racing\" \/>\n<meta property=\"article:modified_time\" content=\"2025-12-31T12:36:34+00:00\" \/>\n<meta property=\"og:image\" content=\"https:\/\/magistratiracing.com\/wp-content\/uploads\/2025\/02\/980x980_camme-racing.jpg\" \/>\n\t<meta property=\"og:image:width\" content=\"980\" \/>\n\t<meta property=\"og:image:height\" content=\"980\" \/>\n\t<meta property=\"og:image:type\" content=\"image\/jpeg\" \/>\n<meta name=\"twitter:card\" content=\"summary_large_image\" \/>\n<meta name=\"twitter:label1\" content=\"Dur\u00e9e de lecture estim\u00e9e\" \/>\n\t<meta name=\"twitter:data1\" content=\"4 minutes\" \/>\n<script type=\"application\/ld+json\" class=\"yoast-schema-graph\">{\"@context\":\"https:\/\/schema.org\",\"@graph\":[{\"@type\":\"WebPage\",\"@id\":\"https:\/\/magistratiracing.com\/fr\/prodotto\/arbres-a-cames-ultra-racing-extreme-kit-de-ressorts-de-soupapes-tmax-530-performances-extremes-a-tres-haut-regime\/\",\"url\":\"https:\/\/magistratiracing.com\/fr\/prodotto\/arbres-a-cames-ultra-racing-extreme-kit-de-ressorts-de-soupapes-tmax-530-performances-extremes-a-tres-haut-regime\/\",\"name\":\"Arbres \u00e0 cames Ultra Racing Extreme + kit de ressorts de soupapes TMAX 530 | Performances extr\u00eames \u00e0 tr\u00e8s haut r\u00e9gime - Magistrati racing\",\"isPartOf\":{\"@id\":\"https:\/\/magistratiracing.com\/fr\/#website\"},\"primaryImageOfPage\":{\"@id\":\"https:\/\/magistratiracing.com\/fr\/prodotto\/arbres-a-cames-ultra-racing-extreme-kit-de-ressorts-de-soupapes-tmax-530-performances-extremes-a-tres-haut-regime\/#primaryimage\"},\"image\":{\"@id\":\"https:\/\/magistratiracing.com\/fr\/prodotto\/arbres-a-cames-ultra-racing-extreme-kit-de-ressorts-de-soupapes-tmax-530-performances-extremes-a-tres-haut-regime\/#primaryimage\"},\"thumbnailUrl\":\"https:\/\/magistratiracing.com\/wp-content\/uploads\/2025\/02\/980x980_camme-racing.jpg\",\"datePublished\":\"2025-02-17T16:04:19+00:00\",\"dateModified\":\"2025-12-31T12:36:34+00:00\",\"breadcrumb\":{\"@id\":\"https:\/\/magistratiracing.com\/fr\/prodotto\/arbres-a-cames-ultra-racing-extreme-kit-de-ressorts-de-soupapes-tmax-530-performances-extremes-a-tres-haut-regime\/#breadcrumb\"},\"inLanguage\":\"fr-FR\",\"potentialAction\":[{\"@type\":\"ReadAction\",\"target\":[\"https:\/\/magistratiracing.com\/fr\/prodotto\/arbres-a-cames-ultra-racing-extreme-kit-de-ressorts-de-soupapes-tmax-530-performances-extremes-a-tres-haut-regime\/\"]}]},{\"@type\":\"ImageObject\",\"inLanguage\":\"fr-FR\",\"@id\":\"https:\/\/magistratiracing.com\/fr\/prodotto\/arbres-a-cames-ultra-racing-extreme-kit-de-ressorts-de-soupapes-tmax-530-performances-extremes-a-tres-haut-regime\/#primaryimage\",\"url\":\"https:\/\/magistratiracing.com\/wp-content\/uploads\/2025\/02\/980x980_camme-racing.jpg\",\"contentUrl\":\"https:\/\/magistratiracing.com\/wp-content\/uploads\/2025\/02\/980x980_camme-racing.jpg\",\"width\":980,\"height\":980},{\"@type\":\"BreadcrumbList\",\"@id\":\"https:\/\/magistratiracing.com\/fr\/prodotto\/arbres-a-cames-ultra-racing-extreme-kit-de-ressorts-de-soupapes-tmax-530-performances-extremes-a-tres-haut-regime\/#breadcrumb\",\"itemListElement\":[{\"@type\":\"ListItem\",\"position\":1,\"name\":\"Home\",\"item\":\"https:\/\/magistratiracing.com\/fr\/\"},{\"@type\":\"ListItem\",\"position\":2,\"name\":\"Shop\",\"item\":\"https:\/\/magistratiracing.com\/fr\/boutique\/\"},{\"@type\":\"ListItem\",\"position\":3,\"name\":\"Arbres \u00e0 cames Ultra Racing Extreme + kit de ressorts de soupapes TMAX 530 | Performances extr\u00eames \u00e0 tr\u00e8s haut r\u00e9gime\"}]},{\"@type\":\"WebSite\",\"@id\":\"https:\/\/magistratiracing.com\/fr\/#website\",\"url\":\"https:\/\/magistratiracing.com\/fr\/\",\"name\":\"Magistrati racing\",\"description\":\"\",\"potentialAction\":[{\"@type\":\"SearchAction\",\"target\":{\"@type\":\"EntryPoint\",\"urlTemplate\":\"https:\/\/magistratiracing.com\/fr\/?s={search_term_string}\"},\"query-input\":{\"@type\":\"PropertyValueSpecification\",\"valueRequired\":true,\"valueName\":\"search_term_string\"}}],\"inLanguage\":\"fr-FR\"}]}<\/script>\n<!-- \/ Yoast SEO plugin. -->","yoast_head_json":{"title":"Arbres \u00e0 cames Ultra Racing Extreme + kit de ressorts de soupapes TMAX 530 | Performances extr\u00eames \u00e0 tr\u00e8s haut r\u00e9gime - Magistrati racing","robots":{"index":"index","follow":"follow","max-snippet":"max-snippet:-1","max-image-preview":"max-image-preview:large","max-video-preview":"max-video-preview:-1"},"canonical":"https:\/\/magistratiracing.com\/fr\/prodotto\/arbres-a-cames-ultra-racing-extreme-kit-de-ressorts-de-soupapes-tmax-530-performances-extremes-a-tres-haut-regime\/","og_locale":"fr_FR","og_type":"article","og_title":"Arbres \u00e0 cames Ultra Racing Extreme + kit de ressorts de soupapes TMAX 530 | Performances extr\u00eames \u00e0 tr\u00e8s haut r\u00e9gime - Magistrati racing","og_description":"Les arbres \u00e0 cames Magistrati racing\u00ae Ultra Racing Extreme pour TMAX 530 sont con\u00e7us pour ceux qui recherchent les performances maximales de leur moteur. Profil de course extr\u00eame, con\u00e7u pour optimiser la puissance \u00e0 tr\u00e8s haut r\u00e9gime. R\u00e9alis\u00e9s enti\u00e8rement dans la masse, ces arbres \u00e0 cames sont construits \u00e0 partir de mat\u00e9riaux de haute qualit\u00e9 [&hellip;]","og_url":"https:\/\/magistratiracing.com\/fr\/prodotto\/arbres-a-cames-ultra-racing-extreme-kit-de-ressorts-de-soupapes-tmax-530-performances-extremes-a-tres-haut-regime\/","og_site_name":"Magistrati racing","article_modified_time":"2025-12-31T12:36:34+00:00","og_image":[{"width":980,"height":980,"url":"https:\/\/magistratiracing.com\/wp-content\/uploads\/2025\/02\/980x980_camme-racing.jpg","type":"image\/jpeg"}],"twitter_card":"summary_large_image","twitter_misc":{"Dur\u00e9e de lecture estim\u00e9e":"4 minutes"},"schema":{"@context":"https:\/\/schema.org","@graph":[{"@type":"WebPage","@id":"https:\/\/magistratiracing.com\/fr\/prodotto\/arbres-a-cames-ultra-racing-extreme-kit-de-ressorts-de-soupapes-tmax-530-performances-extremes-a-tres-haut-regime\/","url":"https:\/\/magistratiracing.com\/fr\/prodotto\/arbres-a-cames-ultra-racing-extreme-kit-de-ressorts-de-soupapes-tmax-530-performances-extremes-a-tres-haut-regime\/","name":"Arbres \u00e0 cames Ultra Racing Extreme + kit de ressorts de soupapes TMAX 530 | Performances extr\u00eames \u00e0 tr\u00e8s haut r\u00e9gime - Magistrati racing","isPartOf":{"@id":"https:\/\/magistratiracing.com\/fr\/#website"},"primaryImageOfPage":{"@id":"https:\/\/magistratiracing.com\/fr\/prodotto\/arbres-a-cames-ultra-racing-extreme-kit-de-ressorts-de-soupapes-tmax-530-performances-extremes-a-tres-haut-regime\/#primaryimage"},"image":{"@id":"https:\/\/magistratiracing.com\/fr\/prodotto\/arbres-a-cames-ultra-racing-extreme-kit-de-ressorts-de-soupapes-tmax-530-performances-extremes-a-tres-haut-regime\/#primaryimage"},"thumbnailUrl":"https:\/\/magistratiracing.com\/wp-content\/uploads\/2025\/02\/980x980_camme-racing.jpg","datePublished":"2025-02-17T16:04:19+00:00","dateModified":"2025-12-31T12:36:34+00:00","breadcrumb":{"@id":"https:\/\/magistratiracing.com\/fr\/prodotto\/arbres-a-cames-ultra-racing-extreme-kit-de-ressorts-de-soupapes-tmax-530-performances-extremes-a-tres-haut-regime\/#breadcrumb"},"inLanguage":"fr-FR","potentialAction":[{"@type":"ReadAction","target":["https:\/\/magistratiracing.com\/fr\/prodotto\/arbres-a-cames-ultra-racing-extreme-kit-de-ressorts-de-soupapes-tmax-530-performances-extremes-a-tres-haut-regime\/"]}]},{"@type":"ImageObject","inLanguage":"fr-FR","@id":"https:\/\/magistratiracing.com\/fr\/prodotto\/arbres-a-cames-ultra-racing-extreme-kit-de-ressorts-de-soupapes-tmax-530-performances-extremes-a-tres-haut-regime\/#primaryimage","url":"https:\/\/magistratiracing.com\/wp-content\/uploads\/2025\/02\/980x980_camme-racing.jpg","contentUrl":"https:\/\/magistratiracing.com\/wp-content\/uploads\/2025\/02\/980x980_camme-racing.jpg","width":980,"height":980},{"@type":"BreadcrumbList","@id":"https:\/\/magistratiracing.com\/fr\/prodotto\/arbres-a-cames-ultra-racing-extreme-kit-de-ressorts-de-soupapes-tmax-530-performances-extremes-a-tres-haut-regime\/#breadcrumb","itemListElement":[{"@type":"ListItem","position":1,"name":"Home","item":"https:\/\/magistratiracing.com\/fr\/"},{"@type":"ListItem","position":2,"name":"Shop","item":"https:\/\/magistratiracing.com\/fr\/boutique\/"},{"@type":"ListItem","position":3,"name":"Arbres \u00e0 cames Ultra Racing Extreme + kit de ressorts de soupapes TMAX 530 | Performances extr\u00eames \u00e0 tr\u00e8s haut r\u00e9gime"}]},{"@type":"WebSite","@id":"https:\/\/magistratiracing.com\/fr\/#website","url":"https:\/\/magistratiracing.com\/fr\/","name":"Magistrati racing","description":"","potentialAction":[{"@type":"SearchAction","target":{"@type":"EntryPoint","urlTemplate":"https:\/\/magistratiracing.com\/fr\/?s={search_term_string}"},"query-input":{"@type":"PropertyValueSpecification","valueRequired":true,"valueName":"search_term_string"}}],"inLanguage":"fr-FR"}]}},"_links":{"self":[{"href":"https:\/\/magistratiracing.com\/fr\/wp-json\/wp\/v2\/product\/12072","targetHints":{"allow":["GET"]}}],"collection":[{"href":"https:\/\/magistratiracing.com\/fr\/wp-json\/wp\/v2\/product"}],"about":[{"href":"https:\/\/magistratiracing.com\/fr\/wp-json\/wp\/v2\/types\/product"}],"replies":[{"embeddable":true,"href":"https:\/\/magistratiracing.com\/fr\/wp-json\/wp\/v2\/comments?post=12072"}],"wp:featuredmedia":[{"embeddable":true,"href":"https:\/\/magistratiracing.com\/fr\/wp-json\/wp\/v2\/media\/12073"}],"wp:attachment":[{"href":"https:\/\/magistratiracing.com\/fr\/wp-json\/wp\/v2\/media?parent=12072"}],"wp:term":[{"taxonomy":"product_brand","embeddable":true,"href":"https:\/\/magistratiracing.com\/fr\/wp-json\/wp\/v2\/product_brand?post=12072"},{"taxonomy":"product_cat","embeddable":true,"href":"https:\/\/magistratiracing.com\/fr\/wp-json\/wp\/v2\/product_cat?post=12072"},{"taxonomy":"product_tag","embeddable":true,"href":"https:\/\/magistratiracing.com\/fr\/wp-json\/wp\/v2\/product_tag?post=12072"}],"curies":[{"name":"wp","href":"https:\/\/api.w.org\/{rel}","templated":true}]}}