{"id":12081,"date":"2025-02-08T13:11:00","date_gmt":"2025-02-08T13:11:00","guid":{"rendered":"https:\/\/magistratiracing.com\/product\/device-tcs-off-on-tmax-530-2017-2019-magistrati-racing-con-interruttore-led-blu\/"},"modified":"2025-05-29T19:46:20","modified_gmt":"2025-05-29T19:46:20","slug":"suppresseur-tcs-off-on-tmax-530-17-19-magistrati-racing-avec-interrupteur-a-led-bleu","status":"publish","type":"product","link":"https:\/\/magistratiracing.com\/fr\/prodotto\/suppresseur-tcs-off-on-tmax-530-17-19-magistrati-racing-avec-interrupteur-a-led-bleu\/","title":{"rendered":"Suppresseur TCS Off\/On TMAX 530 \u201817-\u201919 Magistrati racing \u00ae avec interrupteur \u00e0 led bleu"},"content":{"rendered":"<p><span style=\"font-weight: 400;\">Le suppresseur de TCS On\/Off de Magistrati Racing \u00ae est con\u00e7u pour offrir un contr\u00f4le total du syst\u00e8me de contr\u00f4le de traction de votre TMAX\u00a0530 2017&gt;2019.<\/span><\/p>\n<p><span style=\"font-weight: 400;\">Ce dispositif permet de d\u00e9sactiver de mani\u00e8re permanente le contr\u00f4le de traction lorsque l&#8217;interrupteur est plac\u00e9 sur OFF, permettant ainsi une conduite plus libre et personnalis\u00e9e. Lorsque l&#8217;interrupteur est sur ON, le contr\u00f4le de traction reste toujours actif, garantissant ainsi s\u00e9curit\u00e9 et stabilit\u00e9.<\/span><\/p>\n<p><b>Principaux avantages<\/b><\/p>\n<ul>\n<li style=\"font-weight: 400;\" aria-level=\"1\"><b>Contr\u00f4le total\u00a0:<\/b><span style=\"font-weight: 400;\"> possibilit\u00e9 d\u2019activer ou de d\u00e9sactiver le contr\u00f4le de traction selon les besoins \u00e0 travers le bouton \u00e0 led bleu.<\/span><\/li>\n<li style=\"font-weight: 400;\" aria-level=\"1\"><b>Facilit\u00e9 d\u2019utilisation\u00a0:<\/b><span style=\"font-weight: 400;\"> activation simple \u00e0 travers un interrupteur qui permet de passer rapidement de ON \u00e0 OFF.\u00a0 L&#8217;interrupteur peut \u00eatre plac\u00e9 sur le Tmax de mani\u00e8re personnalis\u00e9e \u00e0 l\u2019endroit souhait\u00e9.<\/span><\/li>\n<li style=\"font-weight: 400;\" aria-level=\"1\"><b>Conduite personnalis\u00e9e\u00a0:<\/b><span style=\"font-weight: 400;\"> id\u00e9al pour ceux qui souhaitent avoir une conduite plus dynamique et moins contrainte par la commande \u00e9lectronique.<\/span><\/li>\n<li style=\"font-weight: 400;\" aria-level=\"1\"><b>Compatibilit\u00e9\u00a0:<\/b><span style=\"font-weight: 400;\"> con\u00e7u sp\u00e9cifiquement pour TMAX\u00a0530 2017&gt;2019. L&#8217;interrupteur peut \u00eatre plac\u00e9 sur le Tmax comme vous le souhaitez.<\/span><\/li>\n<\/ul>\n<p>&nbsp;<\/p>\n<p><span style=\"font-weight: 400;\">INSTRUCTIONS POUR L\u2019ASSEMBLAGE<\/span><span style=\"font-weight: 400;\"><br \/>\n<\/span><span style=\"font-weight: 400;\">Apr\u00e8s avoir effectu\u00e9 l\u2019achat, les vid\u00e9os d&#8217;instructions vous seront envoy\u00e9es pour un montage correct du dispositif sur tout type de TMAX.<\/span><\/p>\n","protected":false},"excerpt":{"rendered":"<p>Le suppresseur de TCS On\/Off de Magistrati Racing \u00ae est con\u00e7u pour offrir un contr\u00f4le total du syst\u00e8me de contr\u00f4le de traction de votre TMAX\u00a0530 2017&gt;2019. Ce dispositif permet de d\u00e9sactiver de mani\u00e8re permanente le contr\u00f4le de traction lorsque l&#8217;interrupteur est plac\u00e9 sur OFF, permettant ainsi une conduite plus libre et personnalis\u00e9e. Lorsque l&#8217;interrupteur est [&hellip;]<\/p>\n","protected":false},"featured_media":12082,"comment_status":"open","ping_status":"closed","template":"","meta":[],"product_brand":[],"product_cat":[352,354,353,355,338,337,320,319],"product_tag":[],"class_list":{"0":"post-12081","1":"product","2":"type-product","3":"status-publish","4":"has-post-thumbnail","6":"product_cat-accessori-fr","7":"product_cat-accessori-fr-2","8":"product_cat-elettronica-fr-3","9":"product_cat-elettronica-fr-4","10":"product_cat-tmax-530-2017-2019-fr-2","11":"product_cat-tmax-530-2017-2019-fr","12":"product_cat-tmax-aspirato-fr","13":"product_cat-tmax-turbo-fr","14":"product_shipping_class-tcs-on-off-fr","16":"first","17":"instock","18":"shipping-taxable","19":"purchasable","20":"product-type-simple"},"yoast_head":"<!-- This site is optimized with the Yoast SEO plugin v26.8 - https:\/\/yoast.com\/product\/yoast-seo-wordpress\/ -->\n<title>Suppresseur TCS Off\/On TMAX 530 \u201817-\u201919 Magistrati racing \u00ae avec interrupteur \u00e0 led bleu - Magistrati racing<\/title>\n<meta name=\"robots\" content=\"index, follow, max-snippet:-1, max-image-preview:large, max-video-preview:-1\" \/>\n<link rel=\"canonical\" href=\"https:\/\/magistratiracing.com\/fr\/prodotto\/suppresseur-tcs-off-on-tmax-530-17-19-magistrati-racing-avec-interrupteur-a-led-bleu\/\" \/>\n<meta property=\"og:locale\" content=\"fr_FR\" \/>\n<meta property=\"og:type\" content=\"article\" \/>\n<meta property=\"og:title\" content=\"Suppresseur TCS Off\/On TMAX 530 \u201817-\u201919 Magistrati racing \u00ae avec interrupteur \u00e0 led bleu - Magistrati racing\" \/>\n<meta property=\"og:description\" content=\"Le suppresseur de TCS On\/Off de Magistrati Racing \u00ae est con\u00e7u pour offrir un contr\u00f4le total du syst\u00e8me de contr\u00f4le de traction de votre TMAX\u00a0530 2017&gt;2019. Ce dispositif permet de d\u00e9sactiver de mani\u00e8re permanente le contr\u00f4le de traction lorsque l&#8217;interrupteur est plac\u00e9 sur OFF, permettant ainsi une conduite plus libre et personnalis\u00e9e. Lorsque l&#8217;interrupteur est [&hellip;]\" \/>\n<meta property=\"og:url\" content=\"https:\/\/magistratiracing.com\/fr\/prodotto\/suppresseur-tcs-off-on-tmax-530-17-19-magistrati-racing-avec-interrupteur-a-led-bleu\/\" \/>\n<meta property=\"og:site_name\" content=\"Magistrati racing\" \/>\n<meta property=\"article:modified_time\" content=\"2025-05-29T19:46:20+00:00\" \/>\n<meta property=\"og:image\" content=\"https:\/\/magistratiracing.com\/wp-content\/uploads\/2025\/02\/980x980_TCSon-off_5.jpg\" \/>\n\t<meta property=\"og:image:width\" content=\"980\" \/>\n\t<meta property=\"og:image:height\" content=\"980\" \/>\n\t<meta property=\"og:image:type\" content=\"image\/jpeg\" \/>\n<meta name=\"twitter:card\" content=\"summary_large_image\" \/>\n<meta name=\"twitter:label1\" content=\"Dur\u00e9e de lecture estim\u00e9e\" \/>\n\t<meta name=\"twitter:data1\" content=\"2 minutes\" \/>\n<script type=\"application\/ld+json\" class=\"yoast-schema-graph\">{\"@context\":\"https:\/\/schema.org\",\"@graph\":[{\"@type\":\"WebPage\",\"@id\":\"https:\/\/magistratiracing.com\/fr\/prodotto\/suppresseur-tcs-off-on-tmax-530-17-19-magistrati-racing-avec-interrupteur-a-led-bleu\/\",\"url\":\"https:\/\/magistratiracing.com\/fr\/prodotto\/suppresseur-tcs-off-on-tmax-530-17-19-magistrati-racing-avec-interrupteur-a-led-bleu\/\",\"name\":\"Suppresseur TCS Off\/On TMAX 530 \u201817-\u201919 Magistrati racing \u00ae avec interrupteur \u00e0 led bleu - Magistrati racing\",\"isPartOf\":{\"@id\":\"https:\/\/magistratiracing.com\/fr\/#website\"},\"primaryImageOfPage\":{\"@id\":\"https:\/\/magistratiracing.com\/fr\/prodotto\/suppresseur-tcs-off-on-tmax-530-17-19-magistrati-racing-avec-interrupteur-a-led-bleu\/#primaryimage\"},\"image\":{\"@id\":\"https:\/\/magistratiracing.com\/fr\/prodotto\/suppresseur-tcs-off-on-tmax-530-17-19-magistrati-racing-avec-interrupteur-a-led-bleu\/#primaryimage\"},\"thumbnailUrl\":\"https:\/\/magistratiracing.com\/wp-content\/uploads\/2025\/02\/980x980_TCSon-off_5.jpg\",\"datePublished\":\"2025-02-08T13:11:00+00:00\",\"dateModified\":\"2025-05-29T19:46:20+00:00\",\"breadcrumb\":{\"@id\":\"https:\/\/magistratiracing.com\/fr\/prodotto\/suppresseur-tcs-off-on-tmax-530-17-19-magistrati-racing-avec-interrupteur-a-led-bleu\/#breadcrumb\"},\"inLanguage\":\"fr-FR\",\"potentialAction\":[{\"@type\":\"ReadAction\",\"target\":[\"https:\/\/magistratiracing.com\/fr\/prodotto\/suppresseur-tcs-off-on-tmax-530-17-19-magistrati-racing-avec-interrupteur-a-led-bleu\/\"]}]},{\"@type\":\"ImageObject\",\"inLanguage\":\"fr-FR\",\"@id\":\"https:\/\/magistratiracing.com\/fr\/prodotto\/suppresseur-tcs-off-on-tmax-530-17-19-magistrati-racing-avec-interrupteur-a-led-bleu\/#primaryimage\",\"url\":\"https:\/\/magistratiracing.com\/wp-content\/uploads\/2025\/02\/980x980_TCSon-off_5.jpg\",\"contentUrl\":\"https:\/\/magistratiracing.com\/wp-content\/uploads\/2025\/02\/980x980_TCSon-off_5.jpg\",\"width\":980,\"height\":980},{\"@type\":\"BreadcrumbList\",\"@id\":\"https:\/\/magistratiracing.com\/fr\/prodotto\/suppresseur-tcs-off-on-tmax-530-17-19-magistrati-racing-avec-interrupteur-a-led-bleu\/#breadcrumb\",\"itemListElement\":[{\"@type\":\"ListItem\",\"position\":1,\"name\":\"Home\",\"item\":\"https:\/\/magistratiracing.com\/fr\/\"},{\"@type\":\"ListItem\",\"position\":2,\"name\":\"Shop\",\"item\":\"https:\/\/magistratiracing.com\/fr\/boutique\/\"},{\"@type\":\"ListItem\",\"position\":3,\"name\":\"Suppresseur TCS Off\/On TMAX 530 \u201817-\u201919 Magistrati racing \u00ae avec interrupteur \u00e0 led bleu\"}]},{\"@type\":\"WebSite\",\"@id\":\"https:\/\/magistratiracing.com\/fr\/#website\",\"url\":\"https:\/\/magistratiracing.com\/fr\/\",\"name\":\"Magistrati racing\",\"description\":\"\",\"potentialAction\":[{\"@type\":\"SearchAction\",\"target\":{\"@type\":\"EntryPoint\",\"urlTemplate\":\"https:\/\/magistratiracing.com\/fr\/?s={search_term_string}\"},\"query-input\":{\"@type\":\"PropertyValueSpecification\",\"valueRequired\":true,\"valueName\":\"search_term_string\"}}],\"inLanguage\":\"fr-FR\"}]}<\/script>\n<!-- \/ Yoast SEO plugin. -->","yoast_head_json":{"title":"Suppresseur TCS Off\/On TMAX 530 \u201817-\u201919 Magistrati racing \u00ae avec interrupteur \u00e0 led bleu - Magistrati racing","robots":{"index":"index","follow":"follow","max-snippet":"max-snippet:-1","max-image-preview":"max-image-preview:large","max-video-preview":"max-video-preview:-1"},"canonical":"https:\/\/magistratiracing.com\/fr\/prodotto\/suppresseur-tcs-off-on-tmax-530-17-19-magistrati-racing-avec-interrupteur-a-led-bleu\/","og_locale":"fr_FR","og_type":"article","og_title":"Suppresseur TCS Off\/On TMAX 530 \u201817-\u201919 Magistrati racing \u00ae avec interrupteur \u00e0 led bleu - Magistrati racing","og_description":"Le suppresseur de TCS On\/Off de Magistrati Racing \u00ae est con\u00e7u pour offrir un contr\u00f4le total du syst\u00e8me de contr\u00f4le de traction de votre TMAX\u00a0530 2017&gt;2019. Ce dispositif permet de d\u00e9sactiver de mani\u00e8re permanente le contr\u00f4le de traction lorsque l&#8217;interrupteur est plac\u00e9 sur OFF, permettant ainsi une conduite plus libre et personnalis\u00e9e. Lorsque l&#8217;interrupteur est [&hellip;]","og_url":"https:\/\/magistratiracing.com\/fr\/prodotto\/suppresseur-tcs-off-on-tmax-530-17-19-magistrati-racing-avec-interrupteur-a-led-bleu\/","og_site_name":"Magistrati racing","article_modified_time":"2025-05-29T19:46:20+00:00","og_image":[{"width":980,"height":980,"url":"https:\/\/magistratiracing.com\/wp-content\/uploads\/2025\/02\/980x980_TCSon-off_5.jpg","type":"image\/jpeg"}],"twitter_card":"summary_large_image","twitter_misc":{"Dur\u00e9e de lecture estim\u00e9e":"2 minutes"},"schema":{"@context":"https:\/\/schema.org","@graph":[{"@type":"WebPage","@id":"https:\/\/magistratiracing.com\/fr\/prodotto\/suppresseur-tcs-off-on-tmax-530-17-19-magistrati-racing-avec-interrupteur-a-led-bleu\/","url":"https:\/\/magistratiracing.com\/fr\/prodotto\/suppresseur-tcs-off-on-tmax-530-17-19-magistrati-racing-avec-interrupteur-a-led-bleu\/","name":"Suppresseur TCS Off\/On TMAX 530 \u201817-\u201919 Magistrati racing \u00ae avec interrupteur \u00e0 led bleu - Magistrati racing","isPartOf":{"@id":"https:\/\/magistratiracing.com\/fr\/#website"},"primaryImageOfPage":{"@id":"https:\/\/magistratiracing.com\/fr\/prodotto\/suppresseur-tcs-off-on-tmax-530-17-19-magistrati-racing-avec-interrupteur-a-led-bleu\/#primaryimage"},"image":{"@id":"https:\/\/magistratiracing.com\/fr\/prodotto\/suppresseur-tcs-off-on-tmax-530-17-19-magistrati-racing-avec-interrupteur-a-led-bleu\/#primaryimage"},"thumbnailUrl":"https:\/\/magistratiracing.com\/wp-content\/uploads\/2025\/02\/980x980_TCSon-off_5.jpg","datePublished":"2025-02-08T13:11:00+00:00","dateModified":"2025-05-29T19:46:20+00:00","breadcrumb":{"@id":"https:\/\/magistratiracing.com\/fr\/prodotto\/suppresseur-tcs-off-on-tmax-530-17-19-magistrati-racing-avec-interrupteur-a-led-bleu\/#breadcrumb"},"inLanguage":"fr-FR","potentialAction":[{"@type":"ReadAction","target":["https:\/\/magistratiracing.com\/fr\/prodotto\/suppresseur-tcs-off-on-tmax-530-17-19-magistrati-racing-avec-interrupteur-a-led-bleu\/"]}]},{"@type":"ImageObject","inLanguage":"fr-FR","@id":"https:\/\/magistratiracing.com\/fr\/prodotto\/suppresseur-tcs-off-on-tmax-530-17-19-magistrati-racing-avec-interrupteur-a-led-bleu\/#primaryimage","url":"https:\/\/magistratiracing.com\/wp-content\/uploads\/2025\/02\/980x980_TCSon-off_5.jpg","contentUrl":"https:\/\/magistratiracing.com\/wp-content\/uploads\/2025\/02\/980x980_TCSon-off_5.jpg","width":980,"height":980},{"@type":"BreadcrumbList","@id":"https:\/\/magistratiracing.com\/fr\/prodotto\/suppresseur-tcs-off-on-tmax-530-17-19-magistrati-racing-avec-interrupteur-a-led-bleu\/#breadcrumb","itemListElement":[{"@type":"ListItem","position":1,"name":"Home","item":"https:\/\/magistratiracing.com\/fr\/"},{"@type":"ListItem","position":2,"name":"Shop","item":"https:\/\/magistratiracing.com\/fr\/boutique\/"},{"@type":"ListItem","position":3,"name":"Suppresseur TCS Off\/On TMAX 530 \u201817-\u201919 Magistrati racing \u00ae avec interrupteur \u00e0 led bleu"}]},{"@type":"WebSite","@id":"https:\/\/magistratiracing.com\/fr\/#website","url":"https:\/\/magistratiracing.com\/fr\/","name":"Magistrati racing","description":"","potentialAction":[{"@type":"SearchAction","target":{"@type":"EntryPoint","urlTemplate":"https:\/\/magistratiracing.com\/fr\/?s={search_term_string}"},"query-input":{"@type":"PropertyValueSpecification","valueRequired":true,"valueName":"search_term_string"}}],"inLanguage":"fr-FR"}]}},"_links":{"self":[{"href":"https:\/\/magistratiracing.com\/fr\/wp-json\/wp\/v2\/product\/12081","targetHints":{"allow":["GET"]}}],"collection":[{"href":"https:\/\/magistratiracing.com\/fr\/wp-json\/wp\/v2\/product"}],"about":[{"href":"https:\/\/magistratiracing.com\/fr\/wp-json\/wp\/v2\/types\/product"}],"replies":[{"embeddable":true,"href":"https:\/\/magistratiracing.com\/fr\/wp-json\/wp\/v2\/comments?post=12081"}],"wp:featuredmedia":[{"embeddable":true,"href":"https:\/\/magistratiracing.com\/fr\/wp-json\/wp\/v2\/media\/12082"}],"wp:attachment":[{"href":"https:\/\/magistratiracing.com\/fr\/wp-json\/wp\/v2\/media?parent=12081"}],"wp:term":[{"taxonomy":"product_brand","embeddable":true,"href":"https:\/\/magistratiracing.com\/fr\/wp-json\/wp\/v2\/product_brand?post=12081"},{"taxonomy":"product_cat","embeddable":true,"href":"https:\/\/magistratiracing.com\/fr\/wp-json\/wp\/v2\/product_cat?post=12081"},{"taxonomy":"product_tag","embeddable":true,"href":"https:\/\/magistratiracing.com\/fr\/wp-json\/wp\/v2\/product_tag?post=12081"}],"curies":[{"name":"wp","href":"https:\/\/api.w.org\/{rel}","templated":true}]}}