{"id":12090,"date":"2025-02-28T21:50:03","date_gmt":"2025-02-28T21:50:03","guid":{"rendered":"https:\/\/magistratiracing.com\/?post_type=product&#038;p=12090"},"modified":"2026-01-06T14:08:14","modified_gmt":"2026-01-06T14:08:14","slug":"unite-de-commande-gestion-moteur-elite-750-silver-cablage-universel","status":"publish","type":"product","link":"https:\/\/magistratiracing.com\/fr\/prodotto\/unite-de-commande-gestion-moteur-elite-750-silver-cablage-universel\/","title":{"rendered":"Unit\u00e9 de commande gestion moteur Elite 750 Silver + c\u00e2blage universel"},"content":{"rendered":"<p><span style=\"font-weight: 400;\">D\u00e9sormais disponible \u00e0 l\u2019achat, le syst\u00e8me de gestion \u00e9lectronique du moteur d\u00e9finitif pour TMAX. Ce syst\u00e8me a \u00e9t\u00e9 test\u00e9 et utilis\u00e9 dans les fameux kit turbo Elite de Magistrati Racing, connus pour leur fiabilit\u00e9 et leurs performances sup\u00e9rieures.<\/span><\/p>\n<p><span style=\"font-weight: 400;\">Remplace de mani\u00e8re fiable le syst\u00e8me de gestion du moteur d&#8217;origine, offrant un contr\u00f4le et des performances in\u00e9galables dans la gestion turbo.<\/span><\/p>\n<p><span style=\"font-weight: 400;\">Fournie avec cartographie de base atmo qui permet d\u2019ex\u00e9cuter le d\u00e9marrage du Tmax ainsi qu&#8217;un c\u00e2blage universel. Chargez votre cartographie de base et vous \u00eates pr\u00eat \u00e0 partir\u00a0!<\/span><\/p>\n<p><b>Enti\u00e8rement<\/b><span style=\"font-weight: 400;\"> programmable et donc <\/span><b>personnalisable<\/b><span style=\"font-weight: 400;\"> selon les exigences gr\u00e2ce au logiciel gratuit.<\/span><\/p>\n<p><b>Principaux avantages<\/b><\/p>\n<ul>\n<li style=\"font-weight: 400;\" aria-level=\"1\"><b>Performances\u00a0:<\/b><span style=\"font-weight: 400;\"> l\u2019unit\u00e9 de commande fonctionne avec le nouveau \u00ab\u00a0Nexus Software Programmer\u00a0\u00bb (NSP) &#8211; un logiciel puissant et intuitif, qui comporte des niveaux de fonctionnalit\u00e9 et de facilit\u00e9 d&#8217;utilisation jamais connus auparavant dans une unit\u00e9 de commande de gestion moteur et garantit un maximum de performances.<\/span><\/li>\n<li style=\"font-weight: 400;\" aria-level=\"1\"><b>Installation\u00a0:<\/b><span style=\"font-weight: 400;\"> fournie avec c\u00e2blage universel devant \u00eatre adapt\u00e9 au v\u00e9hicule sur lequel elle est mont\u00e9e. Longueur\u00a0: 2,5\u00a0m (8 &#8216;). Le c\u00e2blage universel comporte un ensemble de connecteurs ECU \u00e0 une extr\u00e9mit\u00e9, et des fils sans gaine \u00e0 l\u2019autre. Tous les fils \u00e0 l\u2019extr\u00e9mit\u00e9 sans gaine ont des codes couleurs et sont clairement \u00e9tiquet\u00e9s. Brancher l&#8217;unit\u00e9 de commande Haltech \u00e0 l\u2019extr\u00e9mit\u00e9 termin\u00e9e et suivre le sch\u00e9ma \u00e9lectrique pour tous les raccordements du moteur. Fils couleurs \u00e9tiquet\u00e9s qui correspondent au sch\u00e9ma \u00e9lectrique d\u00e9taill\u00e9 pour un processus de fabrication sans confusion. Le sch\u00e9ma \u00e9lectrique est accompagn\u00e9 du manuel complet de l\u2019ECU et du logiciel se trouvant sur le CD ou sur la cl\u00e9 USB fournis avec l\u2019ECU, \u00e0 titre de r\u00e9f\u00e9rence pour l&#8217;installation et la configuration.<\/span><\/li>\n<li style=\"font-weight: 400;\" aria-level=\"1\"><b>Contr\u00f4le total\u00a0:<\/b><span style=\"font-weight: 400;\"> gestion optimale de tous les param\u00e8tres du turbo, essentiel pour le fonctionnement, le suivi et la gestion du TMAX Turbo. Contr\u00f4le des injecteurs \u00e0 faible imp\u00e9dance avec des courants de pointe et maintien programmables.- Fonction Flex Fuel (entr\u00e9e directe du capteur) &#8211; R\u00e9glage de la suralimentation, du carburant et de l\u2019allumage du moteur en fonction du contenu en \u00e9thanol.- Configuration de r\u00e9glage flexible pour essence, m\u00e9thane et \u00e9thanol qui permet de s\u00e9lectionner simplement le type de carburant E85 &#8211; Connexion directe au capteur.- Contr\u00f4le O2 en circuit ferm\u00e9 &#8211; pour un r\u00e9glage pr\u00e9cis (avec kit facultatif de contr\u00f4le CAN O2 haut d\u00e9bit externe). &#8211; Correction \u00e0 long terme.- Contr\u00f4le du minimum en circuit ferm\u00e9 avec correction pour une stabilit\u00e9 constante du minimum &#8211; n\u00e9cessite 1 ou 2\u00a0sorties d\u00e9finies par l\u2019utilisateur (type BAC).- Correction \u00e0 long terme (Autotune) des cartographies de carburant, cames et contr\u00f4le du minimum (jusqu\u2019\u00e0 3D).- Enregistrement des donn\u00e9es \u00e0 bords.- Communication aux tableaux de bord Haltech et dispositifs d\u2019extension \u00e0 travers CAN Bus CAN Bus ou OBDII (visualisation en temps r\u00e9el des donn\u00e9es du moteur et configuration et suppression des codes diagnostics de panne).- 2\u00a0phases d&#8217;injection pour l\u2019utilisation avec moteurs rotatifs.- Contr\u00f4le \u00e0 cames variable &#8211; Contr\u00f4le ind\u00e9pendant d\u2019un seul arbre \u00e0 cames &#8211; N\u00e9cessite au minimum 1\u00a0entr\u00e9e et 1\u00a0sortie d\u00e9finie par l\u2019utilisateur.- *Contr\u00f4le des variateurs de phase pris en charge pour moteurs avec uniquement un capteur \u00e0 came, situ\u00e9 sur la came variable. Moteurs VVT pris en charge &#8211; Toyota 1JZ\/2JZ VVT, Toyota 1ZZ et 2ZZ , Mazda MX5 NB avec VVT , Mazda \/ Ford Duratec, Suzuki M Series.<\/span><\/li>\n<li style=\"font-weight: 400;\" aria-level=\"1\"><b>Exp\u00e9rience am\u00e9lior\u00e9e\u00a0: <\/b><span style=\"font-weight: 400;\">&#8211; R\u00e9solution du tableau de r\u00e9glage jusqu&#8217;\u00e0 32&#215;32.- Flexibilit\u00e9 de r\u00e9glage illimit\u00e9e &#8211; R\u00e9glage du moteur \u00e0 travers une association de tableaux 3D avec compensations 3D pour cylindre et corrections multiples d\u00e9finissables par l\u2019utilisateur.- R\u00e9glage \u00e0 travers une association de pression collecteur, position papillon, position came, contenu en \u00e9thanol, vitesse utilis\u00e9e, vitesse de course, temps de course, EGT, amortisseur, hauteur de roulement ou tout autre canal pour un maximum de flexibilit\u00e9 &#8211; La double cartographie est un souvenir du pass\u00e9.- Correction du r\u00e9glage pour cylindre &#8211; 3D.- O2 haut d\u00e9bit &#8211; Connexion jusqu\u2019\u00e0 3\u00a0canaux \u00e0 travers des dispositifs d\u2019extension CAN.- Thermocouples\/EGT (temp\u00e9rature des gaz d\u2019\u00e9chappement) &#8211; Connexion jusqu&#8217;\u00e0 12\u00a0canaux \u00e0 travers des dispositifs d\u2019extension CAN externes.- Corrections 3D disponibles pour carburation et allumage.- Boost Control &#8211; Circuit ouvert 3D intelligent, avec axe flexible d\u00e9finissable par l\u2019utilisateur et 6\u00a0corrections enti\u00e8rement d\u00e9finissables par l\u2019utilisateur.- Modalit\u00e9s multiples &#8211; par ex. pression du moteur selon la vitesse utilis\u00e9e, la vitesse de course, etc.<\/span><\/li>\n<li style=\"font-weight: 400;\" aria-level=\"1\"><span style=\"font-weight: 400;\">Sorties\u00a0: jusqu&#8217;\u00e0 6 injecteur et 6 allumage.<\/span><span style=\"font-weight: 400;\"><br \/>\n<\/span><span style=\"font-weight: 400;\">Compatibilit\u00e9\u00a0: applications universelles 1-12\u00a0cylindres ou 2-3\u00a0rotors.<\/span><span style=\"font-weight: 400;\"><br \/>\n<\/span><span style=\"font-weight: 400;\">Comprend\u00a0: ECU Elite 750, c\u00e2blage universel de base. Capuchon USB imperm\u00e9able, c\u00e2ble de programmation USB.<\/span><span style=\"font-weight: 400;\"><br \/>\n<\/span><span style=\"font-weight: 400;\">NOTE\u00a0: Kit ECU connecteur simple id\u00e9al pour les applications de base avec moteur \u00e0 6\u00a0cylindres ou 2\u00a0rotors, conversions EFI de base et moteurs VVTi simples. Ne comprend pas la bo\u00eete de fusibles et relais.<\/span><\/li>\n<li style=\"font-weight: 400;\" aria-level=\"1\"><span style=\"font-weight: 400;\">&#8211; Housse imperm\u00e9able (IP67) (avec couverture usb sur mesure).<\/span><span style=\"font-weight: 400;\"><br \/>\n<\/span><span style=\"font-weight: 400;\">&#8211; 34\u00a0connecteurs AMP de position.<\/span><span style=\"font-weight: 400;\"><br \/>\n<\/span><span style=\"font-weight: 400;\">&#8211; 6\u00a0sorties injecteurs (pics et constantes (0-8A\u00a0pics\/0-2\u00a0constantes).<\/span><span style=\"font-weight: 400;\"><br \/>\n<\/span><span style=\"font-weight: 400;\">&#8211; 6\u00a0sorties allumage.<\/span><span style=\"font-weight: 400;\"><br \/>\n<\/span><span style=\"font-weight: 400;\">&#8211; 2\u00a0entr\u00e9es de transmission num\u00e9rique (ne prend en charge que les entr\u00e9es num\u00e9riques).<\/span><span style=\"font-weight: 400;\"><br \/>\n<\/span><span style=\"font-weight: 400;\">&#8211; 5\u00a0sorties de transmission num\u00e9rique.<\/span><span style=\"font-weight: 400;\"><br \/>\n<\/span><span style=\"font-weight: 400;\">&#8211; 2\u00a0entr\u00e9es analogiques.<\/span><span style=\"font-weight: 400;\"><br \/>\n<\/span><span style=\"font-weight: 400;\">&#8211; 3\u00a0entr\u00e9es d\u00e9di\u00e9es (position du papillon, liquide r\u00e9frig\u00e9rant, temp\u00e9rature air).<\/span><span style=\"font-weight: 400;\"><br \/>\n<\/span><span style=\"font-weight: 400;\">&#8211; Capteur de cartographie interne 3\u00a0Bar configur\u00e9 jusqu&#8217;\u00e0 200\u00a0kPa de pression (2\u00a0bar\/29\u00a0psi).<\/span><span style=\"font-weight: 400;\"><br \/>\n<\/span><span style=\"font-weight: 400;\">&#8211; Sch\u00e9mas d&#8217;injections s\u00e9quentielles, semi-s\u00e9quentielles, group\u00e9s ou multiples.<\/span><span style=\"font-weight: 400;\"><br \/>\n<\/span><span style=\"font-weight: 400;\">&#8211; Syst\u00e8me de distributeur d\u2019allumage, syst\u00e8me \u00e0 bobine multiple ou syst\u00e8me Haltech multiplex CDI.<\/span><span style=\"font-weight: 400;\"><br \/>\n<\/span><span style=\"font-weight: 400;\">&#8211; D\u00e9tection de charge \u00e0 travers\u00a0: position du papillon (TPS), pression absolue du collecteur (MAP) ou d\u00e9bit d\u2019air massique (MAF).<\/span><span style=\"font-weight: 400;\"><br \/>\n<\/span><span style=\"font-weight: 400;\">&#8211; Connexion via CAN \u00e0 une ample gamme de tableaux de bord, \u00e9crans et dispositifs d\u2019extension.<\/span><span style=\"font-weight: 400;\"><br \/>\n<\/span><span style=\"font-weight: 400;\">-Jusqu&#8217;\u00e0 45\u00a0canaux d\u2019extension d\u2019entr\u00e9es et sorties (I\/O) (via CAN).<\/span><span style=\"font-weight: 400;\"><br \/>\n<\/span><span style=\"font-weight: 400;\">&#8211; Connexion USB (Windows).<\/span><span style=\"font-weight: 400;\"><br \/>\n<\/span><span style=\"font-weight: 400;\">&#8211; Nouveau logiciel de calibrage NSP.<\/span><\/li>\n<\/ul>\n","protected":false},"excerpt":{"rendered":"<p>D\u00e9sormais disponible \u00e0 l\u2019achat, le syst\u00e8me de gestion \u00e9lectronique du moteur d\u00e9finitif pour TMAX. Ce syst\u00e8me a \u00e9t\u00e9 test\u00e9 et utilis\u00e9 dans les fameux kit turbo Elite de Magistrati Racing, connus pour leur fiabilit\u00e9 et leurs performances sup\u00e9rieures. Remplace de mani\u00e8re fiable le syst\u00e8me de gestion du moteur d&#8217;origine, offrant un contr\u00f4le et des performances [&hellip;]<\/p>\n","protected":false},"featured_media":12091,"comment_status":"open","ping_status":"closed","template":"","meta":[],"product_brand":[],"product_cat":[330,331,358,360,321,323,322,324,320,319,42],"product_tag":[],"class_list":{"0":"post-12090","1":"product","2":"type-product","3":"status-publish","4":"has-post-thumbnail","6":"product_cat-elettronica-fr","7":"product_cat-elettronica-fr-2","8":"product_cat-elettronica-fr-5","9":"product_cat-elettronica-fr-6","10":"product_cat-tmax-560-2020-2024-fr","11":"product_cat-tmax-560-2020-2024-fr-2","12":"product_cat-tmax-560-2025-fr","13":"product_cat-tmax-560-2025-fr-2","14":"product_cat-tmax-aspirato-fr","15":"product_cat-tmax-turbo-fr","16":"product_cat-tmax-aspirato","17":"product_shipping_class-elettronica-gestione-motore-fr","19":"first","20":"instock","21":"shipping-taxable","22":"purchasable","23":"product-type-simple"},"yoast_head":"<!-- This site is optimized with the Yoast SEO plugin v26.8 - https:\/\/yoast.com\/product\/yoast-seo-wordpress\/ -->\n<title>Unit\u00e9 de commande gestion moteur Elite 750 Silver + c\u00e2blage universel - Magistrati racing<\/title>\n<meta name=\"robots\" content=\"index, follow, max-snippet:-1, max-image-preview:large, max-video-preview:-1\" \/>\n<link rel=\"canonical\" href=\"https:\/\/magistratiracing.com\/fr\/prodotto\/unite-de-commande-gestion-moteur-elite-750-silver-cablage-universel\/\" \/>\n<meta property=\"og:locale\" content=\"fr_FR\" \/>\n<meta property=\"og:type\" content=\"article\" \/>\n<meta property=\"og:title\" content=\"Unit\u00e9 de commande gestion moteur Elite 750 Silver + c\u00e2blage universel - Magistrati racing\" \/>\n<meta property=\"og:description\" content=\"D\u00e9sormais disponible \u00e0 l\u2019achat, le syst\u00e8me de gestion \u00e9lectronique du moteur d\u00e9finitif pour TMAX. Ce syst\u00e8me a \u00e9t\u00e9 test\u00e9 et utilis\u00e9 dans les fameux kit turbo Elite de Magistrati Racing, connus pour leur fiabilit\u00e9 et leurs performances sup\u00e9rieures. Remplace de mani\u00e8re fiable le syst\u00e8me de gestion du moteur d&#8217;origine, offrant un contr\u00f4le et des performances [&hellip;]\" \/>\n<meta property=\"og:url\" content=\"https:\/\/magistratiracing.com\/fr\/prodotto\/unite-de-commande-gestion-moteur-elite-750-silver-cablage-universel\/\" \/>\n<meta property=\"og:site_name\" content=\"Magistrati racing\" \/>\n<meta property=\"article:modified_time\" content=\"2026-01-06T14:08:14+00:00\" \/>\n<meta property=\"og:image\" content=\"https:\/\/magistratiracing.com\/wp-content\/uploads\/2025\/02\/20241219_093757_edited-scaled.jpg\" \/>\n\t<meta property=\"og:image:width\" content=\"2133\" \/>\n\t<meta property=\"og:image:height\" content=\"2560\" \/>\n\t<meta property=\"og:image:type\" content=\"image\/jpeg\" \/>\n<meta name=\"twitter:card\" content=\"summary_large_image\" \/>\n<meta name=\"twitter:label1\" content=\"Dur\u00e9e de lecture estim\u00e9e\" \/>\n\t<meta name=\"twitter:data1\" content=\"5 minutes\" \/>\n<script type=\"application\/ld+json\" class=\"yoast-schema-graph\">{\"@context\":\"https:\/\/schema.org\",\"@graph\":[{\"@type\":\"WebPage\",\"@id\":\"https:\/\/magistratiracing.com\/fr\/prodotto\/unite-de-commande-gestion-moteur-elite-750-silver-cablage-universel\/\",\"url\":\"https:\/\/magistratiracing.com\/fr\/prodotto\/unite-de-commande-gestion-moteur-elite-750-silver-cablage-universel\/\",\"name\":\"Unit\u00e9 de commande gestion moteur Elite 750 Silver + c\u00e2blage universel - Magistrati racing\",\"isPartOf\":{\"@id\":\"https:\/\/magistratiracing.com\/fr\/#website\"},\"primaryImageOfPage\":{\"@id\":\"https:\/\/magistratiracing.com\/fr\/prodotto\/unite-de-commande-gestion-moteur-elite-750-silver-cablage-universel\/#primaryimage\"},\"image\":{\"@id\":\"https:\/\/magistratiracing.com\/fr\/prodotto\/unite-de-commande-gestion-moteur-elite-750-silver-cablage-universel\/#primaryimage\"},\"thumbnailUrl\":\"https:\/\/magistratiracing.com\/wp-content\/uploads\/2025\/02\/20241219_093757_edited-scaled.jpg\",\"datePublished\":\"2025-02-28T21:50:03+00:00\",\"dateModified\":\"2026-01-06T14:08:14+00:00\",\"breadcrumb\":{\"@id\":\"https:\/\/magistratiracing.com\/fr\/prodotto\/unite-de-commande-gestion-moteur-elite-750-silver-cablage-universel\/#breadcrumb\"},\"inLanguage\":\"fr-FR\",\"potentialAction\":[{\"@type\":\"ReadAction\",\"target\":[\"https:\/\/magistratiracing.com\/fr\/prodotto\/unite-de-commande-gestion-moteur-elite-750-silver-cablage-universel\/\"]}]},{\"@type\":\"ImageObject\",\"inLanguage\":\"fr-FR\",\"@id\":\"https:\/\/magistratiracing.com\/fr\/prodotto\/unite-de-commande-gestion-moteur-elite-750-silver-cablage-universel\/#primaryimage\",\"url\":\"https:\/\/magistratiracing.com\/wp-content\/uploads\/2025\/02\/20241219_093757_edited-scaled.jpg\",\"contentUrl\":\"https:\/\/magistratiracing.com\/wp-content\/uploads\/2025\/02\/20241219_093757_edited-scaled.jpg\",\"width\":2133,\"height\":2560,\"caption\":\"Versione Silver\"},{\"@type\":\"BreadcrumbList\",\"@id\":\"https:\/\/magistratiracing.com\/fr\/prodotto\/unite-de-commande-gestion-moteur-elite-750-silver-cablage-universel\/#breadcrumb\",\"itemListElement\":[{\"@type\":\"ListItem\",\"position\":1,\"name\":\"Home\",\"item\":\"https:\/\/magistratiracing.com\/fr\/\"},{\"@type\":\"ListItem\",\"position\":2,\"name\":\"Shop\",\"item\":\"https:\/\/magistratiracing.com\/fr\/boutique\/\"},{\"@type\":\"ListItem\",\"position\":3,\"name\":\"Unit\u00e9 de commande gestion moteur Elite 750 Silver + c\u00e2blage universel\"}]},{\"@type\":\"WebSite\",\"@id\":\"https:\/\/magistratiracing.com\/fr\/#website\",\"url\":\"https:\/\/magistratiracing.com\/fr\/\",\"name\":\"Magistrati racing\",\"description\":\"\",\"potentialAction\":[{\"@type\":\"SearchAction\",\"target\":{\"@type\":\"EntryPoint\",\"urlTemplate\":\"https:\/\/magistratiracing.com\/fr\/?s={search_term_string}\"},\"query-input\":{\"@type\":\"PropertyValueSpecification\",\"valueRequired\":true,\"valueName\":\"search_term_string\"}}],\"inLanguage\":\"fr-FR\"}]}<\/script>\n<!-- \/ Yoast SEO plugin. -->","yoast_head_json":{"title":"Unit\u00e9 de commande gestion moteur Elite 750 Silver + c\u00e2blage universel - Magistrati racing","robots":{"index":"index","follow":"follow","max-snippet":"max-snippet:-1","max-image-preview":"max-image-preview:large","max-video-preview":"max-video-preview:-1"},"canonical":"https:\/\/magistratiracing.com\/fr\/prodotto\/unite-de-commande-gestion-moteur-elite-750-silver-cablage-universel\/","og_locale":"fr_FR","og_type":"article","og_title":"Unit\u00e9 de commande gestion moteur Elite 750 Silver + c\u00e2blage universel - Magistrati racing","og_description":"D\u00e9sormais disponible \u00e0 l\u2019achat, le syst\u00e8me de gestion \u00e9lectronique du moteur d\u00e9finitif pour TMAX. Ce syst\u00e8me a \u00e9t\u00e9 test\u00e9 et utilis\u00e9 dans les fameux kit turbo Elite de Magistrati Racing, connus pour leur fiabilit\u00e9 et leurs performances sup\u00e9rieures. Remplace de mani\u00e8re fiable le syst\u00e8me de gestion du moteur d&#8217;origine, offrant un contr\u00f4le et des performances [&hellip;]","og_url":"https:\/\/magistratiracing.com\/fr\/prodotto\/unite-de-commande-gestion-moteur-elite-750-silver-cablage-universel\/","og_site_name":"Magistrati racing","article_modified_time":"2026-01-06T14:08:14+00:00","og_image":[{"width":2133,"height":2560,"url":"https:\/\/magistratiracing.com\/wp-content\/uploads\/2025\/02\/20241219_093757_edited-scaled.jpg","type":"image\/jpeg"}],"twitter_card":"summary_large_image","twitter_misc":{"Dur\u00e9e de lecture estim\u00e9e":"5 minutes"},"schema":{"@context":"https:\/\/schema.org","@graph":[{"@type":"WebPage","@id":"https:\/\/magistratiracing.com\/fr\/prodotto\/unite-de-commande-gestion-moteur-elite-750-silver-cablage-universel\/","url":"https:\/\/magistratiracing.com\/fr\/prodotto\/unite-de-commande-gestion-moteur-elite-750-silver-cablage-universel\/","name":"Unit\u00e9 de commande gestion moteur Elite 750 Silver + c\u00e2blage universel - Magistrati racing","isPartOf":{"@id":"https:\/\/magistratiracing.com\/fr\/#website"},"primaryImageOfPage":{"@id":"https:\/\/magistratiracing.com\/fr\/prodotto\/unite-de-commande-gestion-moteur-elite-750-silver-cablage-universel\/#primaryimage"},"image":{"@id":"https:\/\/magistratiracing.com\/fr\/prodotto\/unite-de-commande-gestion-moteur-elite-750-silver-cablage-universel\/#primaryimage"},"thumbnailUrl":"https:\/\/magistratiracing.com\/wp-content\/uploads\/2025\/02\/20241219_093757_edited-scaled.jpg","datePublished":"2025-02-28T21:50:03+00:00","dateModified":"2026-01-06T14:08:14+00:00","breadcrumb":{"@id":"https:\/\/magistratiracing.com\/fr\/prodotto\/unite-de-commande-gestion-moteur-elite-750-silver-cablage-universel\/#breadcrumb"},"inLanguage":"fr-FR","potentialAction":[{"@type":"ReadAction","target":["https:\/\/magistratiracing.com\/fr\/prodotto\/unite-de-commande-gestion-moteur-elite-750-silver-cablage-universel\/"]}]},{"@type":"ImageObject","inLanguage":"fr-FR","@id":"https:\/\/magistratiracing.com\/fr\/prodotto\/unite-de-commande-gestion-moteur-elite-750-silver-cablage-universel\/#primaryimage","url":"https:\/\/magistratiracing.com\/wp-content\/uploads\/2025\/02\/20241219_093757_edited-scaled.jpg","contentUrl":"https:\/\/magistratiracing.com\/wp-content\/uploads\/2025\/02\/20241219_093757_edited-scaled.jpg","width":2133,"height":2560,"caption":"Versione Silver"},{"@type":"BreadcrumbList","@id":"https:\/\/magistratiracing.com\/fr\/prodotto\/unite-de-commande-gestion-moteur-elite-750-silver-cablage-universel\/#breadcrumb","itemListElement":[{"@type":"ListItem","position":1,"name":"Home","item":"https:\/\/magistratiracing.com\/fr\/"},{"@type":"ListItem","position":2,"name":"Shop","item":"https:\/\/magistratiracing.com\/fr\/boutique\/"},{"@type":"ListItem","position":3,"name":"Unit\u00e9 de commande gestion moteur Elite 750 Silver + c\u00e2blage universel"}]},{"@type":"WebSite","@id":"https:\/\/magistratiracing.com\/fr\/#website","url":"https:\/\/magistratiracing.com\/fr\/","name":"Magistrati racing","description":"","potentialAction":[{"@type":"SearchAction","target":{"@type":"EntryPoint","urlTemplate":"https:\/\/magistratiracing.com\/fr\/?s={search_term_string}"},"query-input":{"@type":"PropertyValueSpecification","valueRequired":true,"valueName":"search_term_string"}}],"inLanguage":"fr-FR"}]}},"_links":{"self":[{"href":"https:\/\/magistratiracing.com\/fr\/wp-json\/wp\/v2\/product\/12090","targetHints":{"allow":["GET"]}}],"collection":[{"href":"https:\/\/magistratiracing.com\/fr\/wp-json\/wp\/v2\/product"}],"about":[{"href":"https:\/\/magistratiracing.com\/fr\/wp-json\/wp\/v2\/types\/product"}],"replies":[{"embeddable":true,"href":"https:\/\/magistratiracing.com\/fr\/wp-json\/wp\/v2\/comments?post=12090"}],"wp:featuredmedia":[{"embeddable":true,"href":"https:\/\/magistratiracing.com\/fr\/wp-json\/wp\/v2\/media\/12091"}],"wp:attachment":[{"href":"https:\/\/magistratiracing.com\/fr\/wp-json\/wp\/v2\/media?parent=12090"}],"wp:term":[{"taxonomy":"product_brand","embeddable":true,"href":"https:\/\/magistratiracing.com\/fr\/wp-json\/wp\/v2\/product_brand?post=12090"},{"taxonomy":"product_cat","embeddable":true,"href":"https:\/\/magistratiracing.com\/fr\/wp-json\/wp\/v2\/product_cat?post=12090"},{"taxonomy":"product_tag","embeddable":true,"href":"https:\/\/magistratiracing.com\/fr\/wp-json\/wp\/v2\/product_tag?post=12090"}],"curies":[{"name":"wp","href":"https:\/\/api.w.org\/{rel}","templated":true}]}}