{"id":12097,"date":"2025-02-08T14:41:38","date_gmt":"2025-02-08T14:41:38","guid":{"rendered":"https:\/\/magistratiracing.com\/product\/kit-vite-prigioniera-del-cilindro-rinforzata-magistrati-racing\/"},"modified":"2026-01-01T00:22:18","modified_gmt":"2026-01-01T00:22:18","slug":"kit-goujons-prisonniers-du-cylindre-renforce-magistrati-racing","status":"publish","type":"product","link":"https:\/\/magistratiracing.com\/fr\/prodotto\/kit-goujons-prisonniers-du-cylindre-renforce-magistrati-racing\/","title":{"rendered":"KIT GOUJONS prisonniers du cylindre renforc\u00e9 Magistrati racing\u00ae"},"content":{"rendered":"<p><span style=\"font-weight: 400;\">En augmentant les performances du TMAX, certaines pi\u00e8ces m\u00e9caniques sont fortement sollicit\u00e9es, entre autres les goujons prisonniers du cylindre. Magistrati Racing propose d\u00e9sormais un kit de goujons prisonniers du cylindre renforc\u00e9, con\u00e7us pour r\u00e9sister aux sollicitations accrues d\u00e9rivant de l\u2019augmentation de puissance.<\/span><\/p>\n<p><b>Principaux avantages<\/b><\/p>\n<ul>\n<li style=\"font-weight: 400;\" aria-level=\"1\"><b>R\u00e9sistance accrue<\/b><span style=\"font-weight: 400;\">\u00a0: fabriqu\u00e9 \u00e0 partir d\u2019un mat\u00e9riau sp\u00e9cial, l\u2019acier tremp\u00e9, pour supporter les sollicitations suppl\u00e9mentaires caus\u00e9es par l\u2019augmentation de puissance.\u00a0<\/span><\/li>\n<li style=\"font-weight: 400;\" aria-level=\"1\"><b>Design Plug &amp; Play\u00a0:<\/b><span style=\"font-weight: 400;\"> installation facile sans que des modifications suppl\u00e9mentaires soient n\u00e9cessaires.<\/span><\/li>\n<li style=\"font-weight: 400;\" aria-level=\"1\"><b>Fiabilit\u00e9 et dur\u00e9e\u00a0:<\/b><span style=\"font-weight: 400;\"> con\u00e7u pour garantir une longue dur\u00e9e et une plus grande fiabilit\u00e9 par rapport aux composants d\u2019origine.<\/span><\/li>\n<\/ul>\n<p><b>Informations techniques<\/b><\/p>\n<ul>\n<li style=\"font-weight: 400;\" aria-level=\"1\"><b>Compatibilit\u00e9\u00a0:<\/b><span style=\"font-weight: 400;\"> con\u00e7u sp\u00e9cifiquement pour TMAX\u00a0530 et 560.<\/span><\/li>\n<\/ul>\n<p><b>Mat\u00e9riaux\u00a0:<\/b><span style=\"font-weight: 400;\"> fabriqu\u00e9 \u00e0 partir de mat\u00e9riaux sp\u00e9ciaux de haute qualit\u00e9 pour une r\u00e9sistance optimale.<\/span><\/p>\n","protected":false},"excerpt":{"rendered":"<p>En augmentant les performances du TMAX, certaines pi\u00e8ces m\u00e9caniques sont fortement sollicit\u00e9es, entre autres les goujons prisonniers du cylindre. Magistrati Racing propose d\u00e9sormais un kit de goujons prisonniers du cylindre renforc\u00e9, con\u00e7us pour r\u00e9sister aux sollicitations accrues d\u00e9rivant de l\u2019augmentation de puissance. Principaux avantages R\u00e9sistance accrue\u00a0: fabriqu\u00e9 \u00e0 partir d\u2019un mat\u00e9riau sp\u00e9cial, l\u2019acier tremp\u00e9, pour [&hellip;]<\/p>\n","protected":false},"featured_media":12099,"comment_status":"open","ping_status":"closed","template":"","meta":[],"product_brand":[],"product_cat":[335,340,345,341,342,343,339,344,336,334,337,338,323,321,322,324,320,319],"product_tag":[],"class_list":{"0":"post-12097","1":"product","2":"type-product","3":"status-publish","4":"has-post-thumbnail","6":"product_cat-motore-fr","7":"product_cat-motore-fr-3","8":"product_cat-motore-fr-8","9":"product_cat-motore-fr-4","10":"product_cat-motore-fr-5","11":"product_cat-motore-fr-6","12":"product_cat-motore-fr-2","13":"product_cat-motore-fr-7","14":"product_cat-tmax-530-2012-2016-fr-2","15":"product_cat-tmax-530-2012-2016-fr","16":"product_cat-tmax-530-2017-2019-fr","17":"product_cat-tmax-530-2017-2019-fr-2","18":"product_cat-tmax-560-2020-2024-fr-2","19":"product_cat-tmax-560-2020-2024-fr","20":"product_cat-tmax-560-2025-fr","21":"product_cat-tmax-560-2025-fr-2","22":"product_cat-tmax-aspirato-fr","23":"product_cat-tmax-turbo-fr","24":"product_shipping_class-albero-secondario-fr","26":"first","27":"instock","28":"sale","29":"shipping-taxable","30":"purchasable","31":"product-type-simple"},"yoast_head":"<!-- This site is optimized with the Yoast SEO plugin v26.8 - https:\/\/yoast.com\/product\/yoast-seo-wordpress\/ -->\n<title>KIT GOUJONS prisonniers du cylindre renforc\u00e9 Magistrati racing\u00ae - Magistrati racing<\/title>\n<meta name=\"robots\" content=\"index, follow, max-snippet:-1, max-image-preview:large, max-video-preview:-1\" \/>\n<link rel=\"canonical\" href=\"https:\/\/magistratiracing.com\/fr\/prodotto\/kit-goujons-prisonniers-du-cylindre-renforce-magistrati-racing\/\" \/>\n<meta property=\"og:locale\" content=\"fr_FR\" \/>\n<meta property=\"og:type\" content=\"article\" \/>\n<meta property=\"og:title\" content=\"KIT GOUJONS prisonniers du cylindre renforc\u00e9 Magistrati racing\u00ae - Magistrati racing\" \/>\n<meta property=\"og:description\" content=\"En augmentant les performances du TMAX, certaines pi\u00e8ces m\u00e9caniques sont fortement sollicit\u00e9es, entre autres les goujons prisonniers du cylindre. Magistrati Racing propose d\u00e9sormais un kit de goujons prisonniers du cylindre renforc\u00e9, con\u00e7us pour r\u00e9sister aux sollicitations accrues d\u00e9rivant de l\u2019augmentation de puissance. Principaux avantages R\u00e9sistance accrue\u00a0: fabriqu\u00e9 \u00e0 partir d\u2019un mat\u00e9riau sp\u00e9cial, l\u2019acier tremp\u00e9, pour [&hellip;]\" \/>\n<meta property=\"og:url\" content=\"https:\/\/magistratiracing.com\/fr\/prodotto\/kit-goujons-prisonniers-du-cylindre-renforce-magistrati-racing\/\" \/>\n<meta property=\"og:site_name\" content=\"Magistrati racing\" \/>\n<meta property=\"article:modified_time\" content=\"2026-01-01T00:22:18+00:00\" \/>\n<meta property=\"og:image\" content=\"https:\/\/magistratiracing.com\/wp-content\/uploads\/2025\/02\/980x980_kitVite_1.jpg\" \/>\n\t<meta property=\"og:image:width\" content=\"980\" \/>\n\t<meta property=\"og:image:height\" content=\"980\" \/>\n\t<meta property=\"og:image:type\" content=\"image\/jpeg\" \/>\n<meta name=\"twitter:card\" content=\"summary_large_image\" \/>\n<meta name=\"twitter:label1\" content=\"Dur\u00e9e de lecture estim\u00e9e\" \/>\n\t<meta name=\"twitter:data1\" content=\"1 minute\" \/>\n<script type=\"application\/ld+json\" class=\"yoast-schema-graph\">{\"@context\":\"https:\/\/schema.org\",\"@graph\":[{\"@type\":\"WebPage\",\"@id\":\"https:\/\/magistratiracing.com\/fr\/prodotto\/kit-goujons-prisonniers-du-cylindre-renforce-magistrati-racing\/\",\"url\":\"https:\/\/magistratiracing.com\/fr\/prodotto\/kit-goujons-prisonniers-du-cylindre-renforce-magistrati-racing\/\",\"name\":\"KIT GOUJONS prisonniers du cylindre renforc\u00e9 Magistrati racing\u00ae - Magistrati racing\",\"isPartOf\":{\"@id\":\"https:\/\/magistratiracing.com\/fr\/#website\"},\"primaryImageOfPage\":{\"@id\":\"https:\/\/magistratiracing.com\/fr\/prodotto\/kit-goujons-prisonniers-du-cylindre-renforce-magistrati-racing\/#primaryimage\"},\"image\":{\"@id\":\"https:\/\/magistratiracing.com\/fr\/prodotto\/kit-goujons-prisonniers-du-cylindre-renforce-magistrati-racing\/#primaryimage\"},\"thumbnailUrl\":\"https:\/\/magistratiracing.com\/wp-content\/uploads\/2025\/02\/980x980_kitVite_1.jpg\",\"datePublished\":\"2025-02-08T14:41:38+00:00\",\"dateModified\":\"2026-01-01T00:22:18+00:00\",\"breadcrumb\":{\"@id\":\"https:\/\/magistratiracing.com\/fr\/prodotto\/kit-goujons-prisonniers-du-cylindre-renforce-magistrati-racing\/#breadcrumb\"},\"inLanguage\":\"fr-FR\",\"potentialAction\":[{\"@type\":\"ReadAction\",\"target\":[\"https:\/\/magistratiracing.com\/fr\/prodotto\/kit-goujons-prisonniers-du-cylindre-renforce-magistrati-racing\/\"]}]},{\"@type\":\"ImageObject\",\"inLanguage\":\"fr-FR\",\"@id\":\"https:\/\/magistratiracing.com\/fr\/prodotto\/kit-goujons-prisonniers-du-cylindre-renforce-magistrati-racing\/#primaryimage\",\"url\":\"https:\/\/magistratiracing.com\/wp-content\/uploads\/2025\/02\/980x980_kitVite_1.jpg\",\"contentUrl\":\"https:\/\/magistratiracing.com\/wp-content\/uploads\/2025\/02\/980x980_kitVite_1.jpg\",\"width\":980,\"height\":980},{\"@type\":\"BreadcrumbList\",\"@id\":\"https:\/\/magistratiracing.com\/fr\/prodotto\/kit-goujons-prisonniers-du-cylindre-renforce-magistrati-racing\/#breadcrumb\",\"itemListElement\":[{\"@type\":\"ListItem\",\"position\":1,\"name\":\"Home\",\"item\":\"https:\/\/magistratiracing.com\/fr\/\"},{\"@type\":\"ListItem\",\"position\":2,\"name\":\"Shop\",\"item\":\"https:\/\/magistratiracing.com\/fr\/boutique\/\"},{\"@type\":\"ListItem\",\"position\":3,\"name\":\"KIT GOUJONS prisonniers du cylindre renforc\u00e9 Magistrati racing\u00ae\"}]},{\"@type\":\"WebSite\",\"@id\":\"https:\/\/magistratiracing.com\/fr\/#website\",\"url\":\"https:\/\/magistratiracing.com\/fr\/\",\"name\":\"Magistrati racing\",\"description\":\"\",\"potentialAction\":[{\"@type\":\"SearchAction\",\"target\":{\"@type\":\"EntryPoint\",\"urlTemplate\":\"https:\/\/magistratiracing.com\/fr\/?s={search_term_string}\"},\"query-input\":{\"@type\":\"PropertyValueSpecification\",\"valueRequired\":true,\"valueName\":\"search_term_string\"}}],\"inLanguage\":\"fr-FR\"}]}<\/script>\n<!-- \/ Yoast SEO plugin. -->","yoast_head_json":{"title":"KIT GOUJONS prisonniers du cylindre renforc\u00e9 Magistrati racing\u00ae - Magistrati racing","robots":{"index":"index","follow":"follow","max-snippet":"max-snippet:-1","max-image-preview":"max-image-preview:large","max-video-preview":"max-video-preview:-1"},"canonical":"https:\/\/magistratiracing.com\/fr\/prodotto\/kit-goujons-prisonniers-du-cylindre-renforce-magistrati-racing\/","og_locale":"fr_FR","og_type":"article","og_title":"KIT GOUJONS prisonniers du cylindre renforc\u00e9 Magistrati racing\u00ae - Magistrati racing","og_description":"En augmentant les performances du TMAX, certaines pi\u00e8ces m\u00e9caniques sont fortement sollicit\u00e9es, entre autres les goujons prisonniers du cylindre. Magistrati Racing propose d\u00e9sormais un kit de goujons prisonniers du cylindre renforc\u00e9, con\u00e7us pour r\u00e9sister aux sollicitations accrues d\u00e9rivant de l\u2019augmentation de puissance. Principaux avantages R\u00e9sistance accrue\u00a0: fabriqu\u00e9 \u00e0 partir d\u2019un mat\u00e9riau sp\u00e9cial, l\u2019acier tremp\u00e9, pour [&hellip;]","og_url":"https:\/\/magistratiracing.com\/fr\/prodotto\/kit-goujons-prisonniers-du-cylindre-renforce-magistrati-racing\/","og_site_name":"Magistrati racing","article_modified_time":"2026-01-01T00:22:18+00:00","og_image":[{"width":980,"height":980,"url":"https:\/\/magistratiracing.com\/wp-content\/uploads\/2025\/02\/980x980_kitVite_1.jpg","type":"image\/jpeg"}],"twitter_card":"summary_large_image","twitter_misc":{"Dur\u00e9e de lecture estim\u00e9e":"1 minute"},"schema":{"@context":"https:\/\/schema.org","@graph":[{"@type":"WebPage","@id":"https:\/\/magistratiracing.com\/fr\/prodotto\/kit-goujons-prisonniers-du-cylindre-renforce-magistrati-racing\/","url":"https:\/\/magistratiracing.com\/fr\/prodotto\/kit-goujons-prisonniers-du-cylindre-renforce-magistrati-racing\/","name":"KIT GOUJONS prisonniers du cylindre renforc\u00e9 Magistrati racing\u00ae - Magistrati racing","isPartOf":{"@id":"https:\/\/magistratiracing.com\/fr\/#website"},"primaryImageOfPage":{"@id":"https:\/\/magistratiracing.com\/fr\/prodotto\/kit-goujons-prisonniers-du-cylindre-renforce-magistrati-racing\/#primaryimage"},"image":{"@id":"https:\/\/magistratiracing.com\/fr\/prodotto\/kit-goujons-prisonniers-du-cylindre-renforce-magistrati-racing\/#primaryimage"},"thumbnailUrl":"https:\/\/magistratiracing.com\/wp-content\/uploads\/2025\/02\/980x980_kitVite_1.jpg","datePublished":"2025-02-08T14:41:38+00:00","dateModified":"2026-01-01T00:22:18+00:00","breadcrumb":{"@id":"https:\/\/magistratiracing.com\/fr\/prodotto\/kit-goujons-prisonniers-du-cylindre-renforce-magistrati-racing\/#breadcrumb"},"inLanguage":"fr-FR","potentialAction":[{"@type":"ReadAction","target":["https:\/\/magistratiracing.com\/fr\/prodotto\/kit-goujons-prisonniers-du-cylindre-renforce-magistrati-racing\/"]}]},{"@type":"ImageObject","inLanguage":"fr-FR","@id":"https:\/\/magistratiracing.com\/fr\/prodotto\/kit-goujons-prisonniers-du-cylindre-renforce-magistrati-racing\/#primaryimage","url":"https:\/\/magistratiracing.com\/wp-content\/uploads\/2025\/02\/980x980_kitVite_1.jpg","contentUrl":"https:\/\/magistratiracing.com\/wp-content\/uploads\/2025\/02\/980x980_kitVite_1.jpg","width":980,"height":980},{"@type":"BreadcrumbList","@id":"https:\/\/magistratiracing.com\/fr\/prodotto\/kit-goujons-prisonniers-du-cylindre-renforce-magistrati-racing\/#breadcrumb","itemListElement":[{"@type":"ListItem","position":1,"name":"Home","item":"https:\/\/magistratiracing.com\/fr\/"},{"@type":"ListItem","position":2,"name":"Shop","item":"https:\/\/magistratiracing.com\/fr\/boutique\/"},{"@type":"ListItem","position":3,"name":"KIT GOUJONS prisonniers du cylindre renforc\u00e9 Magistrati racing\u00ae"}]},{"@type":"WebSite","@id":"https:\/\/magistratiracing.com\/fr\/#website","url":"https:\/\/magistratiracing.com\/fr\/","name":"Magistrati racing","description":"","potentialAction":[{"@type":"SearchAction","target":{"@type":"EntryPoint","urlTemplate":"https:\/\/magistratiracing.com\/fr\/?s={search_term_string}"},"query-input":{"@type":"PropertyValueSpecification","valueRequired":true,"valueName":"search_term_string"}}],"inLanguage":"fr-FR"}]}},"_links":{"self":[{"href":"https:\/\/magistratiracing.com\/fr\/wp-json\/wp\/v2\/product\/12097","targetHints":{"allow":["GET"]}}],"collection":[{"href":"https:\/\/magistratiracing.com\/fr\/wp-json\/wp\/v2\/product"}],"about":[{"href":"https:\/\/magistratiracing.com\/fr\/wp-json\/wp\/v2\/types\/product"}],"replies":[{"embeddable":true,"href":"https:\/\/magistratiracing.com\/fr\/wp-json\/wp\/v2\/comments?post=12097"}],"wp:featuredmedia":[{"embeddable":true,"href":"https:\/\/magistratiracing.com\/fr\/wp-json\/wp\/v2\/media\/12099"}],"wp:attachment":[{"href":"https:\/\/magistratiracing.com\/fr\/wp-json\/wp\/v2\/media?parent=12097"}],"wp:term":[{"taxonomy":"product_brand","embeddable":true,"href":"https:\/\/magistratiracing.com\/fr\/wp-json\/wp\/v2\/product_brand?post=12097"},{"taxonomy":"product_cat","embeddable":true,"href":"https:\/\/magistratiracing.com\/fr\/wp-json\/wp\/v2\/product_cat?post=12097"},{"taxonomy":"product_tag","embeddable":true,"href":"https:\/\/magistratiracing.com\/fr\/wp-json\/wp\/v2\/product_tag?post=12097"}],"curies":[{"name":"wp","href":"https:\/\/api.w.org\/{rel}","templated":true}]}}