{"id":12100,"date":"2025-02-17T16:27:35","date_gmt":"2025-02-17T16:27:35","guid":{"rendered":"https:\/\/magistratiracing.com\/product\/pistoni-alta-compressione-tmax-560-atmo-cilindro-originale\/"},"modified":"2025-05-29T20:04:19","modified_gmt":"2025-05-29T20:04:19","slug":"pistons-a-haute-compression-tmax-560-atmo-cylindre-dorigine","status":"publish","type":"product","link":"https:\/\/magistratiracing.com\/fr\/prodotto\/pistons-a-haute-compression-tmax-560-atmo-cylindre-dorigine\/","title":{"rendered":"Pistons \u00e0 haute compression Tmax 560 atmo cylindre d&#8217;origine"},"content":{"rendered":"<p><span style=\"font-weight: 400;\">D\u00e9couvrez les pistons en aluminium forg\u00e9 con\u00e7us pour la transformation <\/span><b>atmo aspir\u00e9e<\/b><span style=\"font-weight: 400;\"> du Tmax\u00a0560\u00a02020-2024.<\/span><\/p>\n<p><span style=\"font-weight: 400;\">Caract\u00e9ristiques principales\u00a0:<\/span><\/p>\n<ul>\n<li style=\"font-weight: 400;\" aria-level=\"1\"><b>Compatibilit\u00e9<\/b><span style=\"font-weight: 400;\">\u00a0: utilisables avec des bielles d&#8217;origine ou des bielles racing de Magistrati racing.<\/span><\/li>\n<li style=\"font-weight: 400;\" aria-level=\"1\"><b>Performances optimis\u00e9es<\/b><span style=\"font-weight: 400;\">\u00a0: une plus grande puissance et fiabilit\u00e9.<\/span><\/li>\n<li style=\"font-weight: 400;\" aria-level=\"1\"><b>Ensembles d\u2019accessoires<\/b><span style=\"font-weight: 400;\">\u00a0: fournis avec colliers, axes de piston et circlips seeger inclus.<\/span><\/li>\n<li style=\"font-weight: 400;\" aria-level=\"1\"><b>Facilit\u00e9 de montage<\/b><span style=\"font-weight: 400;\">\u00a0: installation sans modifications sur la bielle de s\u00e9rie.<\/span><\/li>\n<\/ul>\n<p><b>Informations techniques<\/b><span style=\"font-weight: 400;\">\u00a0: diam\u00e8tre cylindre de 70\u00a0mm.<\/span><\/p>\n","protected":false},"excerpt":{"rendered":"<p>D\u00e9couvrez les pistons en aluminium forg\u00e9 con\u00e7us pour la transformation atmo aspir\u00e9e du Tmax\u00a0560\u00a02020-2024. Caract\u00e9ristiques principales\u00a0: Compatibilit\u00e9\u00a0: utilisables avec des bielles d&#8217;origine ou des bielles racing de Magistrati racing. Performances optimis\u00e9es\u00a0: une plus grande puissance et fiabilit\u00e9. Ensembles d\u2019accessoires\u00a0: fournis avec colliers, axes de piston et circlips seeger inclus. Facilit\u00e9 de montage\u00a0: installation sans modifications [&hellip;]<\/p>\n","protected":false},"featured_media":12093,"comment_status":"open","ping_status":"closed","template":"","meta":[],"product_brand":[],"product_cat":[344,323,320],"product_tag":[],"class_list":{"0":"post-12100","1":"product","2":"type-product","3":"status-publish","4":"has-post-thumbnail","6":"product_cat-motore-fr-7","7":"product_cat-tmax-560-2020-2024-fr-2","8":"product_cat-tmax-aspirato-fr","9":"product_shipping_class-pistoni-fr","11":"first","12":"instock","13":"shipping-taxable","14":"purchasable","15":"product-type-simple"},"yoast_head":"<!-- This site is optimized with the Yoast SEO plugin v26.8 - https:\/\/yoast.com\/product\/yoast-seo-wordpress\/ -->\n<title>Pistons \u00e0 haute compression Tmax 560 atmo cylindre d&#039;origine - Magistrati racing<\/title>\n<meta name=\"robots\" content=\"index, follow, max-snippet:-1, max-image-preview:large, max-video-preview:-1\" \/>\n<link rel=\"canonical\" href=\"https:\/\/magistratiracing.com\/fr\/prodotto\/pistons-a-haute-compression-tmax-560-atmo-cylindre-dorigine\/\" \/>\n<meta property=\"og:locale\" content=\"fr_FR\" \/>\n<meta property=\"og:type\" content=\"article\" \/>\n<meta property=\"og:title\" content=\"Pistons \u00e0 haute compression Tmax 560 atmo cylindre d&#039;origine - Magistrati racing\" \/>\n<meta property=\"og:description\" content=\"D\u00e9couvrez les pistons en aluminium forg\u00e9 con\u00e7us pour la transformation atmo aspir\u00e9e du Tmax\u00a0560\u00a02020-2024. Caract\u00e9ristiques principales\u00a0: Compatibilit\u00e9\u00a0: utilisables avec des bielles d&#8217;origine ou des bielles racing de Magistrati racing. Performances optimis\u00e9es\u00a0: une plus grande puissance et fiabilit\u00e9. Ensembles d\u2019accessoires\u00a0: fournis avec colliers, axes de piston et circlips seeger inclus. Facilit\u00e9 de montage\u00a0: installation sans modifications [&hellip;]\" \/>\n<meta property=\"og:url\" content=\"https:\/\/magistratiracing.com\/fr\/prodotto\/pistons-a-haute-compression-tmax-560-atmo-cylindre-dorigine\/\" \/>\n<meta property=\"og:site_name\" content=\"Magistrati racing\" \/>\n<meta property=\"article:modified_time\" content=\"2025-05-29T20:04:19+00:00\" \/>\n<meta property=\"og:image\" content=\"https:\/\/magistratiracing.com\/wp-content\/uploads\/2025\/04\/20250503_144402CCC-scaled.jpg\" \/>\n\t<meta property=\"og:image:width\" content=\"2560\" \/>\n\t<meta property=\"og:image:height\" content=\"2436\" \/>\n\t<meta property=\"og:image:type\" content=\"image\/jpeg\" \/>\n<meta name=\"twitter:card\" content=\"summary_large_image\" \/>\n<meta name=\"twitter:label1\" content=\"Dur\u00e9e de lecture estim\u00e9e\" \/>\n\t<meta name=\"twitter:data1\" content=\"1 minute\" \/>\n<script type=\"application\/ld+json\" class=\"yoast-schema-graph\">{\"@context\":\"https:\/\/schema.org\",\"@graph\":[{\"@type\":\"WebPage\",\"@id\":\"https:\/\/magistratiracing.com\/fr\/prodotto\/pistons-a-haute-compression-tmax-560-atmo-cylindre-dorigine\/\",\"url\":\"https:\/\/magistratiracing.com\/fr\/prodotto\/pistons-a-haute-compression-tmax-560-atmo-cylindre-dorigine\/\",\"name\":\"Pistons \u00e0 haute compression Tmax 560 atmo cylindre d'origine - Magistrati racing\",\"isPartOf\":{\"@id\":\"https:\/\/magistratiracing.com\/fr\/#website\"},\"primaryImageOfPage\":{\"@id\":\"https:\/\/magistratiracing.com\/fr\/prodotto\/pistons-a-haute-compression-tmax-560-atmo-cylindre-dorigine\/#primaryimage\"},\"image\":{\"@id\":\"https:\/\/magistratiracing.com\/fr\/prodotto\/pistons-a-haute-compression-tmax-560-atmo-cylindre-dorigine\/#primaryimage\"},\"thumbnailUrl\":\"https:\/\/magistratiracing.com\/wp-content\/uploads\/2025\/04\/20250503_144402CCC-scaled.jpg\",\"datePublished\":\"2025-02-17T16:27:35+00:00\",\"dateModified\":\"2025-05-29T20:04:19+00:00\",\"breadcrumb\":{\"@id\":\"https:\/\/magistratiracing.com\/fr\/prodotto\/pistons-a-haute-compression-tmax-560-atmo-cylindre-dorigine\/#breadcrumb\"},\"inLanguage\":\"fr-FR\",\"potentialAction\":[{\"@type\":\"ReadAction\",\"target\":[\"https:\/\/magistratiracing.com\/fr\/prodotto\/pistons-a-haute-compression-tmax-560-atmo-cylindre-dorigine\/\"]}]},{\"@type\":\"ImageObject\",\"inLanguage\":\"fr-FR\",\"@id\":\"https:\/\/magistratiracing.com\/fr\/prodotto\/pistons-a-haute-compression-tmax-560-atmo-cylindre-dorigine\/#primaryimage\",\"url\":\"https:\/\/magistratiracing.com\/wp-content\/uploads\/2025\/04\/20250503_144402CCC-scaled.jpg\",\"contentUrl\":\"https:\/\/magistratiracing.com\/wp-content\/uploads\/2025\/04\/20250503_144402CCC-scaled.jpg\",\"width\":2560,\"height\":2436,\"caption\":\"PISTONI ALTA COMPRESSIONE BB TMAX 560\"},{\"@type\":\"BreadcrumbList\",\"@id\":\"https:\/\/magistratiracing.com\/fr\/prodotto\/pistons-a-haute-compression-tmax-560-atmo-cylindre-dorigine\/#breadcrumb\",\"itemListElement\":[{\"@type\":\"ListItem\",\"position\":1,\"name\":\"Home\",\"item\":\"https:\/\/magistratiracing.com\/fr\/\"},{\"@type\":\"ListItem\",\"position\":2,\"name\":\"Shop\",\"item\":\"https:\/\/magistratiracing.com\/fr\/boutique\/\"},{\"@type\":\"ListItem\",\"position\":3,\"name\":\"Pistons \u00e0 haute compression Tmax 560 atmo cylindre d&#8217;origine\"}]},{\"@type\":\"WebSite\",\"@id\":\"https:\/\/magistratiracing.com\/fr\/#website\",\"url\":\"https:\/\/magistratiracing.com\/fr\/\",\"name\":\"Magistrati racing\",\"description\":\"\",\"potentialAction\":[{\"@type\":\"SearchAction\",\"target\":{\"@type\":\"EntryPoint\",\"urlTemplate\":\"https:\/\/magistratiracing.com\/fr\/?s={search_term_string}\"},\"query-input\":{\"@type\":\"PropertyValueSpecification\",\"valueRequired\":true,\"valueName\":\"search_term_string\"}}],\"inLanguage\":\"fr-FR\"}]}<\/script>\n<!-- \/ Yoast SEO plugin. -->","yoast_head_json":{"title":"Pistons \u00e0 haute compression Tmax 560 atmo cylindre d'origine - Magistrati racing","robots":{"index":"index","follow":"follow","max-snippet":"max-snippet:-1","max-image-preview":"max-image-preview:large","max-video-preview":"max-video-preview:-1"},"canonical":"https:\/\/magistratiracing.com\/fr\/prodotto\/pistons-a-haute-compression-tmax-560-atmo-cylindre-dorigine\/","og_locale":"fr_FR","og_type":"article","og_title":"Pistons \u00e0 haute compression Tmax 560 atmo cylindre d'origine - Magistrati racing","og_description":"D\u00e9couvrez les pistons en aluminium forg\u00e9 con\u00e7us pour la transformation atmo aspir\u00e9e du Tmax\u00a0560\u00a02020-2024. Caract\u00e9ristiques principales\u00a0: Compatibilit\u00e9\u00a0: utilisables avec des bielles d&#8217;origine ou des bielles racing de Magistrati racing. Performances optimis\u00e9es\u00a0: une plus grande puissance et fiabilit\u00e9. Ensembles d\u2019accessoires\u00a0: fournis avec colliers, axes de piston et circlips seeger inclus. Facilit\u00e9 de montage\u00a0: installation sans modifications [&hellip;]","og_url":"https:\/\/magistratiracing.com\/fr\/prodotto\/pistons-a-haute-compression-tmax-560-atmo-cylindre-dorigine\/","og_site_name":"Magistrati racing","article_modified_time":"2025-05-29T20:04:19+00:00","og_image":[{"width":2560,"height":2436,"url":"https:\/\/magistratiracing.com\/wp-content\/uploads\/2025\/04\/20250503_144402CCC-scaled.jpg","type":"image\/jpeg"}],"twitter_card":"summary_large_image","twitter_misc":{"Dur\u00e9e de lecture estim\u00e9e":"1 minute"},"schema":{"@context":"https:\/\/schema.org","@graph":[{"@type":"WebPage","@id":"https:\/\/magistratiracing.com\/fr\/prodotto\/pistons-a-haute-compression-tmax-560-atmo-cylindre-dorigine\/","url":"https:\/\/magistratiracing.com\/fr\/prodotto\/pistons-a-haute-compression-tmax-560-atmo-cylindre-dorigine\/","name":"Pistons \u00e0 haute compression Tmax 560 atmo cylindre d'origine - Magistrati racing","isPartOf":{"@id":"https:\/\/magistratiracing.com\/fr\/#website"},"primaryImageOfPage":{"@id":"https:\/\/magistratiracing.com\/fr\/prodotto\/pistons-a-haute-compression-tmax-560-atmo-cylindre-dorigine\/#primaryimage"},"image":{"@id":"https:\/\/magistratiracing.com\/fr\/prodotto\/pistons-a-haute-compression-tmax-560-atmo-cylindre-dorigine\/#primaryimage"},"thumbnailUrl":"https:\/\/magistratiracing.com\/wp-content\/uploads\/2025\/04\/20250503_144402CCC-scaled.jpg","datePublished":"2025-02-17T16:27:35+00:00","dateModified":"2025-05-29T20:04:19+00:00","breadcrumb":{"@id":"https:\/\/magistratiracing.com\/fr\/prodotto\/pistons-a-haute-compression-tmax-560-atmo-cylindre-dorigine\/#breadcrumb"},"inLanguage":"fr-FR","potentialAction":[{"@type":"ReadAction","target":["https:\/\/magistratiracing.com\/fr\/prodotto\/pistons-a-haute-compression-tmax-560-atmo-cylindre-dorigine\/"]}]},{"@type":"ImageObject","inLanguage":"fr-FR","@id":"https:\/\/magistratiracing.com\/fr\/prodotto\/pistons-a-haute-compression-tmax-560-atmo-cylindre-dorigine\/#primaryimage","url":"https:\/\/magistratiracing.com\/wp-content\/uploads\/2025\/04\/20250503_144402CCC-scaled.jpg","contentUrl":"https:\/\/magistratiracing.com\/wp-content\/uploads\/2025\/04\/20250503_144402CCC-scaled.jpg","width":2560,"height":2436,"caption":"PISTONI ALTA COMPRESSIONE BB TMAX 560"},{"@type":"BreadcrumbList","@id":"https:\/\/magistratiracing.com\/fr\/prodotto\/pistons-a-haute-compression-tmax-560-atmo-cylindre-dorigine\/#breadcrumb","itemListElement":[{"@type":"ListItem","position":1,"name":"Home","item":"https:\/\/magistratiracing.com\/fr\/"},{"@type":"ListItem","position":2,"name":"Shop","item":"https:\/\/magistratiracing.com\/fr\/boutique\/"},{"@type":"ListItem","position":3,"name":"Pistons \u00e0 haute compression Tmax 560 atmo cylindre d&#8217;origine"}]},{"@type":"WebSite","@id":"https:\/\/magistratiracing.com\/fr\/#website","url":"https:\/\/magistratiracing.com\/fr\/","name":"Magistrati racing","description":"","potentialAction":[{"@type":"SearchAction","target":{"@type":"EntryPoint","urlTemplate":"https:\/\/magistratiracing.com\/fr\/?s={search_term_string}"},"query-input":{"@type":"PropertyValueSpecification","valueRequired":true,"valueName":"search_term_string"}}],"inLanguage":"fr-FR"}]}},"_links":{"self":[{"href":"https:\/\/magistratiracing.com\/fr\/wp-json\/wp\/v2\/product\/12100","targetHints":{"allow":["GET"]}}],"collection":[{"href":"https:\/\/magistratiracing.com\/fr\/wp-json\/wp\/v2\/product"}],"about":[{"href":"https:\/\/magistratiracing.com\/fr\/wp-json\/wp\/v2\/types\/product"}],"replies":[{"embeddable":true,"href":"https:\/\/magistratiracing.com\/fr\/wp-json\/wp\/v2\/comments?post=12100"}],"wp:featuredmedia":[{"embeddable":true,"href":"https:\/\/magistratiracing.com\/fr\/wp-json\/wp\/v2\/media\/12093"}],"wp:attachment":[{"href":"https:\/\/magistratiracing.com\/fr\/wp-json\/wp\/v2\/media?parent=12100"}],"wp:term":[{"taxonomy":"product_brand","embeddable":true,"href":"https:\/\/magistratiracing.com\/fr\/wp-json\/wp\/v2\/product_brand?post=12100"},{"taxonomy":"product_cat","embeddable":true,"href":"https:\/\/magistratiracing.com\/fr\/wp-json\/wp\/v2\/product_cat?post=12100"},{"taxonomy":"product_tag","embeddable":true,"href":"https:\/\/magistratiracing.com\/fr\/wp-json\/wp\/v2\/product_tag?post=12100"}],"curies":[{"name":"wp","href":"https:\/\/api.w.org\/{rel}","templated":true}]}}