{"id":12119,"date":"2025-02-03T15:54:20","date_gmt":"2025-02-03T15:54:20","guid":{"rendered":"https:\/\/magistratiracing.com\/product\/felpa-magistrati-racing\/"},"modified":"2025-05-29T20:50:45","modified_gmt":"2025-05-29T20:50:45","slug":"sweat-magistrati-racing","status":"publish","type":"product","link":"https:\/\/magistratiracing.com\/fr\/prodotto\/sweat-magistrati-racing\/","title":{"rendered":"Sweat Magistrati Racing"},"content":{"rendered":"<p><span style=\"font-weight: 400;\">Sweat officiel Magistrati Racing<\/span>\u00ae !<\/p>\n<ul>\n<li>80\u00a0% coton &#8211; 20\u00a0% polyester<\/li>\n<li>zips longs<\/li>\n<li>fermetures \u00e9clair thermosoud\u00e9es<\/li>\n<li>insert avant jaune fluo sur les \u00e9paules et arri\u00e8re sur le dos<\/li>\n<li>une poche avec fermeture \u00e9clair sur la poitrine<\/li>\n<li>une poche sur le bras avec fermeture \u00e9clair et double porte-stylo<\/li>\n<li>deux poches avec fermeture \u00e9clair<\/li>\n<li>col, poignets et bas c\u00f4tel\u00e9 \u00e9lastique<\/li>\n<li>doublure jaune fluo \u00e0 l\u2019int\u00e9rieur du col<\/li>\n<li>coutures rabattues<\/li>\n<\/ul>\n<p><strong>Tailles disponibles\u00a0:<\/strong><\/p>\n<p><span style=\"font-weight: 400;\">S &#8211; M &#8211; L &#8211; XL &#8211; XXL &#8211; 3XL<\/span><\/p>\n<p><span style=\"font-weight: 400;\"><strong>ATTENTION<\/strong>\u00a0: choisissez attentivement la taille (voir tableau des tailles dans les images) avant d\u2019effectuer la commande, car les retours sont possibles uniquement en cas de d\u00e9fauts, et non pour des questions de taille.<\/span><\/p>\n<p>&nbsp;<\/p>\n","protected":false},"excerpt":{"rendered":"<p>Sweat officiel Magistrati Racing\u00ae ! 80\u00a0% coton &#8211; 20\u00a0% polyester zips longs fermetures \u00e9clair thermosoud\u00e9es insert avant jaune fluo sur les \u00e9paules et arri\u00e8re sur le dos une poche avec fermeture \u00e9clair sur la poitrine une poche sur le bras avec fermeture \u00e9clair et double porte-stylo deux poches avec fermeture \u00e9clair col, poignets et bas [&hellip;]<\/p>\n","protected":false},"featured_media":12122,"comment_status":"open","ping_status":"closed","template":"","meta":[],"product_brand":[],"product_cat":[349],"product_tag":[],"class_list":{"0":"post-12119","1":"product","2":"type-product","3":"status-publish","4":"has-post-thumbnail","6":"product_cat-merchandising-fr","7":"product_shipping_class-felpa-fr","9":"first","10":"onbackorder","11":"sale","12":"shipping-taxable","13":"purchasable","14":"product-type-variable"},"yoast_head":"<!-- This site is optimized with the Yoast SEO plugin v26.8 - https:\/\/yoast.com\/product\/yoast-seo-wordpress\/ -->\n<title>Sweat Magistrati Racing - Magistrati racing<\/title>\n<meta name=\"robots\" content=\"index, follow, max-snippet:-1, max-image-preview:large, max-video-preview:-1\" \/>\n<link rel=\"canonical\" href=\"https:\/\/magistratiracing.com\/fr\/prodotto\/sweat-magistrati-racing\/\" \/>\n<meta property=\"og:locale\" content=\"fr_FR\" \/>\n<meta property=\"og:type\" content=\"article\" \/>\n<meta property=\"og:title\" content=\"Sweat Magistrati Racing - Magistrati racing\" \/>\n<meta property=\"og:description\" content=\"Sweat officiel Magistrati Racing\u00ae ! 80\u00a0% coton &#8211; 20\u00a0% polyester zips longs fermetures \u00e9clair thermosoud\u00e9es insert avant jaune fluo sur les \u00e9paules et arri\u00e8re sur le dos une poche avec fermeture \u00e9clair sur la poitrine une poche sur le bras avec fermeture \u00e9clair et double porte-stylo deux poches avec fermeture \u00e9clair col, poignets et bas [&hellip;]\" \/>\n<meta property=\"og:url\" content=\"https:\/\/magistratiracing.com\/fr\/prodotto\/sweat-magistrati-racing\/\" \/>\n<meta property=\"og:site_name\" content=\"Magistrati racing\" \/>\n<meta property=\"article:modified_time\" content=\"2025-05-29T20:50:45+00:00\" \/>\n<meta property=\"og:image\" content=\"https:\/\/magistratiracing.com\/wp-content\/uploads\/2025\/02\/980x980_felpa1.jpg\" \/>\n\t<meta property=\"og:image:width\" content=\"980\" \/>\n\t<meta property=\"og:image:height\" content=\"980\" \/>\n\t<meta property=\"og:image:type\" content=\"image\/jpeg\" \/>\n<meta name=\"twitter:card\" content=\"summary_large_image\" \/>\n<meta name=\"twitter:label1\" content=\"Dur\u00e9e de lecture estim\u00e9e\" \/>\n\t<meta name=\"twitter:data1\" content=\"1 minute\" \/>\n<script type=\"application\/ld+json\" class=\"yoast-schema-graph\">{\"@context\":\"https:\/\/schema.org\",\"@graph\":[{\"@type\":\"WebPage\",\"@id\":\"https:\/\/magistratiracing.com\/fr\/prodotto\/sweat-magistrati-racing\/\",\"url\":\"https:\/\/magistratiracing.com\/fr\/prodotto\/sweat-magistrati-racing\/\",\"name\":\"Sweat Magistrati Racing - Magistrati racing\",\"isPartOf\":{\"@id\":\"https:\/\/magistratiracing.com\/fr\/#website\"},\"primaryImageOfPage\":{\"@id\":\"https:\/\/magistratiracing.com\/fr\/prodotto\/sweat-magistrati-racing\/#primaryimage\"},\"image\":{\"@id\":\"https:\/\/magistratiracing.com\/fr\/prodotto\/sweat-magistrati-racing\/#primaryimage\"},\"thumbnailUrl\":\"https:\/\/magistratiracing.com\/wp-content\/uploads\/2025\/02\/980x980_felpa1.jpg\",\"datePublished\":\"2025-02-03T15:54:20+00:00\",\"dateModified\":\"2025-05-29T20:50:45+00:00\",\"breadcrumb\":{\"@id\":\"https:\/\/magistratiracing.com\/fr\/prodotto\/sweat-magistrati-racing\/#breadcrumb\"},\"inLanguage\":\"fr-FR\",\"potentialAction\":[{\"@type\":\"ReadAction\",\"target\":[\"https:\/\/magistratiracing.com\/fr\/prodotto\/sweat-magistrati-racing\/\"]}]},{\"@type\":\"ImageObject\",\"inLanguage\":\"fr-FR\",\"@id\":\"https:\/\/magistratiracing.com\/fr\/prodotto\/sweat-magistrati-racing\/#primaryimage\",\"url\":\"https:\/\/magistratiracing.com\/wp-content\/uploads\/2025\/02\/980x980_felpa1.jpg\",\"contentUrl\":\"https:\/\/magistratiracing.com\/wp-content\/uploads\/2025\/02\/980x980_felpa1.jpg\",\"width\":980,\"height\":980},{\"@type\":\"BreadcrumbList\",\"@id\":\"https:\/\/magistratiracing.com\/fr\/prodotto\/sweat-magistrati-racing\/#breadcrumb\",\"itemListElement\":[{\"@type\":\"ListItem\",\"position\":1,\"name\":\"Home\",\"item\":\"https:\/\/magistratiracing.com\/fr\/\"},{\"@type\":\"ListItem\",\"position\":2,\"name\":\"Shop\",\"item\":\"https:\/\/magistratiracing.com\/fr\/boutique\/\"},{\"@type\":\"ListItem\",\"position\":3,\"name\":\"Sweat Magistrati Racing\"}]},{\"@type\":\"WebSite\",\"@id\":\"https:\/\/magistratiracing.com\/fr\/#website\",\"url\":\"https:\/\/magistratiracing.com\/fr\/\",\"name\":\"Magistrati racing\",\"description\":\"\",\"potentialAction\":[{\"@type\":\"SearchAction\",\"target\":{\"@type\":\"EntryPoint\",\"urlTemplate\":\"https:\/\/magistratiracing.com\/fr\/?s={search_term_string}\"},\"query-input\":{\"@type\":\"PropertyValueSpecification\",\"valueRequired\":true,\"valueName\":\"search_term_string\"}}],\"inLanguage\":\"fr-FR\"}]}<\/script>\n<!-- \/ Yoast SEO plugin. -->","yoast_head_json":{"title":"Sweat Magistrati Racing - Magistrati racing","robots":{"index":"index","follow":"follow","max-snippet":"max-snippet:-1","max-image-preview":"max-image-preview:large","max-video-preview":"max-video-preview:-1"},"canonical":"https:\/\/magistratiracing.com\/fr\/prodotto\/sweat-magistrati-racing\/","og_locale":"fr_FR","og_type":"article","og_title":"Sweat Magistrati Racing - Magistrati racing","og_description":"Sweat officiel Magistrati Racing\u00ae ! 80\u00a0% coton &#8211; 20\u00a0% polyester zips longs fermetures \u00e9clair thermosoud\u00e9es insert avant jaune fluo sur les \u00e9paules et arri\u00e8re sur le dos une poche avec fermeture \u00e9clair sur la poitrine une poche sur le bras avec fermeture \u00e9clair et double porte-stylo deux poches avec fermeture \u00e9clair col, poignets et bas [&hellip;]","og_url":"https:\/\/magistratiracing.com\/fr\/prodotto\/sweat-magistrati-racing\/","og_site_name":"Magistrati racing","article_modified_time":"2025-05-29T20:50:45+00:00","og_image":[{"width":980,"height":980,"url":"https:\/\/magistratiracing.com\/wp-content\/uploads\/2025\/02\/980x980_felpa1.jpg","type":"image\/jpeg"}],"twitter_card":"summary_large_image","twitter_misc":{"Dur\u00e9e de lecture estim\u00e9e":"1 minute"},"schema":{"@context":"https:\/\/schema.org","@graph":[{"@type":"WebPage","@id":"https:\/\/magistratiracing.com\/fr\/prodotto\/sweat-magistrati-racing\/","url":"https:\/\/magistratiracing.com\/fr\/prodotto\/sweat-magistrati-racing\/","name":"Sweat Magistrati Racing - Magistrati racing","isPartOf":{"@id":"https:\/\/magistratiracing.com\/fr\/#website"},"primaryImageOfPage":{"@id":"https:\/\/magistratiracing.com\/fr\/prodotto\/sweat-magistrati-racing\/#primaryimage"},"image":{"@id":"https:\/\/magistratiracing.com\/fr\/prodotto\/sweat-magistrati-racing\/#primaryimage"},"thumbnailUrl":"https:\/\/magistratiracing.com\/wp-content\/uploads\/2025\/02\/980x980_felpa1.jpg","datePublished":"2025-02-03T15:54:20+00:00","dateModified":"2025-05-29T20:50:45+00:00","breadcrumb":{"@id":"https:\/\/magistratiracing.com\/fr\/prodotto\/sweat-magistrati-racing\/#breadcrumb"},"inLanguage":"fr-FR","potentialAction":[{"@type":"ReadAction","target":["https:\/\/magistratiracing.com\/fr\/prodotto\/sweat-magistrati-racing\/"]}]},{"@type":"ImageObject","inLanguage":"fr-FR","@id":"https:\/\/magistratiracing.com\/fr\/prodotto\/sweat-magistrati-racing\/#primaryimage","url":"https:\/\/magistratiracing.com\/wp-content\/uploads\/2025\/02\/980x980_felpa1.jpg","contentUrl":"https:\/\/magistratiracing.com\/wp-content\/uploads\/2025\/02\/980x980_felpa1.jpg","width":980,"height":980},{"@type":"BreadcrumbList","@id":"https:\/\/magistratiracing.com\/fr\/prodotto\/sweat-magistrati-racing\/#breadcrumb","itemListElement":[{"@type":"ListItem","position":1,"name":"Home","item":"https:\/\/magistratiracing.com\/fr\/"},{"@type":"ListItem","position":2,"name":"Shop","item":"https:\/\/magistratiracing.com\/fr\/boutique\/"},{"@type":"ListItem","position":3,"name":"Sweat Magistrati Racing"}]},{"@type":"WebSite","@id":"https:\/\/magistratiracing.com\/fr\/#website","url":"https:\/\/magistratiracing.com\/fr\/","name":"Magistrati racing","description":"","potentialAction":[{"@type":"SearchAction","target":{"@type":"EntryPoint","urlTemplate":"https:\/\/magistratiracing.com\/fr\/?s={search_term_string}"},"query-input":{"@type":"PropertyValueSpecification","valueRequired":true,"valueName":"search_term_string"}}],"inLanguage":"fr-FR"}]}},"_links":{"self":[{"href":"https:\/\/magistratiracing.com\/fr\/wp-json\/wp\/v2\/product\/12119","targetHints":{"allow":["GET"]}}],"collection":[{"href":"https:\/\/magistratiracing.com\/fr\/wp-json\/wp\/v2\/product"}],"about":[{"href":"https:\/\/magistratiracing.com\/fr\/wp-json\/wp\/v2\/types\/product"}],"replies":[{"embeddable":true,"href":"https:\/\/magistratiracing.com\/fr\/wp-json\/wp\/v2\/comments?post=12119"}],"wp:featuredmedia":[{"embeddable":true,"href":"https:\/\/magistratiracing.com\/fr\/wp-json\/wp\/v2\/media\/12122"}],"wp:attachment":[{"href":"https:\/\/magistratiracing.com\/fr\/wp-json\/wp\/v2\/media?parent=12119"}],"wp:term":[{"taxonomy":"product_brand","embeddable":true,"href":"https:\/\/magistratiracing.com\/fr\/wp-json\/wp\/v2\/product_brand?post=12119"},{"taxonomy":"product_cat","embeddable":true,"href":"https:\/\/magistratiracing.com\/fr\/wp-json\/wp\/v2\/product_cat?post=12119"},{"taxonomy":"product_tag","embeddable":true,"href":"https:\/\/magistratiracing.com\/fr\/wp-json\/wp\/v2\/product_tag?post=12119"}],"curies":[{"name":"wp","href":"https:\/\/api.w.org\/{rel}","templated":true}]}}