{"id":12135,"date":"2025-02-03T15:33:21","date_gmt":"2025-02-03T15:33:21","guid":{"rendered":"https:\/\/magistratiracing.com\/product\/nuova-t-shirt-ecu-tuning-magistrati-racing\/"},"modified":"2026-01-01T00:22:21","modified_gmt":"2026-01-01T00:22:21","slug":"nouveau-t-shirt-ecu-tuning-magistrati-racing","status":"publish","type":"product","link":"https:\/\/magistratiracing.com\/fr\/prodotto\/nouveau-t-shirt-ecu-tuning-magistrati-racing\/","title":{"rendered":"Nouveau T-shirt Ecu Tuning Magistrati Racing\u00ae"},"content":{"rendered":"<p><span style=\"font-weight: 400;\">T-shirt officiel Ecu Tuning Magistrati Racing<\/span>\u00ae !<\/p>\n<ul>\n<li>100 % coton peign\u00e9<\/li>\n<li>col roul\u00e9<\/li>\n<li>col bas h 1,2 cm<\/li>\n<li>ruban interne col de couleur jaune fluo<\/li>\n<li>liser\u00e9 avant jaune fluo sur les \u00e9paules et arri\u00e8re sur le dos<\/li>\n<li>emball\u00e9s s\u00e9par\u00e9ment.<\/li>\n<\/ul>\n<p><span style=\"font-weight: 400;\">Style et impression en Italie<\/span><\/p>\n<p><span style=\"font-weight: 400;\"><strong>ATTENTION<\/strong>\u00a0: choisissez attentivement la taille (voir tableau des tailles dans les images) avant d\u2019effectuer la commande, car les retours sont possibles uniquement en cas de d\u00e9fauts, et non pour des questions de taille.<\/span><\/p>\n","protected":false},"excerpt":{"rendered":"<p>T-shirt officiel Ecu Tuning Magistrati Racing\u00ae ! 100 % coton peign\u00e9 col roul\u00e9 col bas h 1,2 cm ruban interne col de couleur jaune fluo liser\u00e9 avant jaune fluo sur les \u00e9paules et arri\u00e8re sur le dos emball\u00e9s s\u00e9par\u00e9ment. Style et impression en Italie ATTENTION\u00a0: choisissez attentivement la taille (voir tableau des tailles dans les [&hellip;]<\/p>\n","protected":false},"featured_media":12110,"comment_status":"open","ping_status":"closed","template":"","meta":[],"product_brand":[],"product_cat":[349],"product_tag":[],"class_list":{"0":"post-12135","1":"product","2":"type-product","3":"status-publish","4":"has-post-thumbnail","6":"product_cat-merchandising-fr","7":"product_shipping_class-felpa-fr","9":"first","10":"instock","11":"sale","12":"shipping-taxable","13":"purchasable","14":"product-type-simple"},"yoast_head":"<!-- This site is optimized with the Yoast SEO plugin v26.8 - https:\/\/yoast.com\/product\/yoast-seo-wordpress\/ -->\n<title>Nouveau T-shirt Ecu Tuning Magistrati Racing\u00ae - Magistrati racing<\/title>\n<meta name=\"robots\" content=\"index, follow, max-snippet:-1, max-image-preview:large, max-video-preview:-1\" \/>\n<link rel=\"canonical\" href=\"https:\/\/magistratiracing.com\/fr\/prodotto\/nouveau-t-shirt-ecu-tuning-magistrati-racing\/\" \/>\n<meta property=\"og:locale\" content=\"fr_FR\" \/>\n<meta property=\"og:type\" content=\"article\" \/>\n<meta property=\"og:title\" content=\"Nouveau T-shirt Ecu Tuning Magistrati Racing\u00ae - Magistrati racing\" \/>\n<meta property=\"og:description\" content=\"T-shirt officiel Ecu Tuning Magistrati Racing\u00ae ! 100 % coton peign\u00e9 col roul\u00e9 col bas h 1,2 cm ruban interne col de couleur jaune fluo liser\u00e9 avant jaune fluo sur les \u00e9paules et arri\u00e8re sur le dos emball\u00e9s s\u00e9par\u00e9ment. Style et impression en Italie ATTENTION\u00a0: choisissez attentivement la taille (voir tableau des tailles dans les [&hellip;]\" \/>\n<meta property=\"og:url\" content=\"https:\/\/magistratiracing.com\/fr\/prodotto\/nouveau-t-shirt-ecu-tuning-magistrati-racing\/\" \/>\n<meta property=\"og:site_name\" content=\"Magistrati racing\" \/>\n<meta property=\"article:modified_time\" content=\"2026-01-01T00:22:21+00:00\" \/>\n<meta property=\"og:image\" content=\"https:\/\/magistratiracing.com\/wp-content\/uploads\/2025\/02\/980x980_t-shirt5.jpg\" \/>\n\t<meta property=\"og:image:width\" content=\"980\" \/>\n\t<meta property=\"og:image:height\" content=\"980\" \/>\n\t<meta property=\"og:image:type\" content=\"image\/jpeg\" \/>\n<meta name=\"twitter:card\" content=\"summary_large_image\" \/>\n<meta name=\"twitter:label1\" content=\"Dur\u00e9e de lecture estim\u00e9e\" \/>\n\t<meta name=\"twitter:data1\" content=\"1 minute\" \/>\n<script type=\"application\/ld+json\" class=\"yoast-schema-graph\">{\"@context\":\"https:\/\/schema.org\",\"@graph\":[{\"@type\":\"WebPage\",\"@id\":\"https:\/\/magistratiracing.com\/fr\/prodotto\/nouveau-t-shirt-ecu-tuning-magistrati-racing\/\",\"url\":\"https:\/\/magistratiracing.com\/fr\/prodotto\/nouveau-t-shirt-ecu-tuning-magistrati-racing\/\",\"name\":\"Nouveau T-shirt Ecu Tuning Magistrati Racing\u00ae - Magistrati racing\",\"isPartOf\":{\"@id\":\"https:\/\/magistratiracing.com\/fr\/#website\"},\"primaryImageOfPage\":{\"@id\":\"https:\/\/magistratiracing.com\/fr\/prodotto\/nouveau-t-shirt-ecu-tuning-magistrati-racing\/#primaryimage\"},\"image\":{\"@id\":\"https:\/\/magistratiracing.com\/fr\/prodotto\/nouveau-t-shirt-ecu-tuning-magistrati-racing\/#primaryimage\"},\"thumbnailUrl\":\"https:\/\/magistratiracing.com\/wp-content\/uploads\/2025\/02\/980x980_t-shirt5.jpg\",\"datePublished\":\"2025-02-03T15:33:21+00:00\",\"dateModified\":\"2026-01-01T00:22:21+00:00\",\"breadcrumb\":{\"@id\":\"https:\/\/magistratiracing.com\/fr\/prodotto\/nouveau-t-shirt-ecu-tuning-magistrati-racing\/#breadcrumb\"},\"inLanguage\":\"fr-FR\",\"potentialAction\":[{\"@type\":\"ReadAction\",\"target\":[\"https:\/\/magistratiracing.com\/fr\/prodotto\/nouveau-t-shirt-ecu-tuning-magistrati-racing\/\"]}]},{\"@type\":\"ImageObject\",\"inLanguage\":\"fr-FR\",\"@id\":\"https:\/\/magistratiracing.com\/fr\/prodotto\/nouveau-t-shirt-ecu-tuning-magistrati-racing\/#primaryimage\",\"url\":\"https:\/\/magistratiracing.com\/wp-content\/uploads\/2025\/02\/980x980_t-shirt5.jpg\",\"contentUrl\":\"https:\/\/magistratiracing.com\/wp-content\/uploads\/2025\/02\/980x980_t-shirt5.jpg\",\"width\":980,\"height\":980},{\"@type\":\"BreadcrumbList\",\"@id\":\"https:\/\/magistratiracing.com\/fr\/prodotto\/nouveau-t-shirt-ecu-tuning-magistrati-racing\/#breadcrumb\",\"itemListElement\":[{\"@type\":\"ListItem\",\"position\":1,\"name\":\"Home\",\"item\":\"https:\/\/magistratiracing.com\/fr\/\"},{\"@type\":\"ListItem\",\"position\":2,\"name\":\"Shop\",\"item\":\"https:\/\/magistratiracing.com\/fr\/boutique\/\"},{\"@type\":\"ListItem\",\"position\":3,\"name\":\"Nouveau T-shirt Ecu Tuning Magistrati Racing\u00ae\"}]},{\"@type\":\"WebSite\",\"@id\":\"https:\/\/magistratiracing.com\/fr\/#website\",\"url\":\"https:\/\/magistratiracing.com\/fr\/\",\"name\":\"Magistrati racing\",\"description\":\"\",\"potentialAction\":[{\"@type\":\"SearchAction\",\"target\":{\"@type\":\"EntryPoint\",\"urlTemplate\":\"https:\/\/magistratiracing.com\/fr\/?s={search_term_string}\"},\"query-input\":{\"@type\":\"PropertyValueSpecification\",\"valueRequired\":true,\"valueName\":\"search_term_string\"}}],\"inLanguage\":\"fr-FR\"}]}<\/script>\n<!-- \/ Yoast SEO plugin. -->","yoast_head_json":{"title":"Nouveau T-shirt Ecu Tuning Magistrati Racing\u00ae - Magistrati racing","robots":{"index":"index","follow":"follow","max-snippet":"max-snippet:-1","max-image-preview":"max-image-preview:large","max-video-preview":"max-video-preview:-1"},"canonical":"https:\/\/magistratiracing.com\/fr\/prodotto\/nouveau-t-shirt-ecu-tuning-magistrati-racing\/","og_locale":"fr_FR","og_type":"article","og_title":"Nouveau T-shirt Ecu Tuning Magistrati Racing\u00ae - Magistrati racing","og_description":"T-shirt officiel Ecu Tuning Magistrati Racing\u00ae ! 100 % coton peign\u00e9 col roul\u00e9 col bas h 1,2 cm ruban interne col de couleur jaune fluo liser\u00e9 avant jaune fluo sur les \u00e9paules et arri\u00e8re sur le dos emball\u00e9s s\u00e9par\u00e9ment. Style et impression en Italie ATTENTION\u00a0: choisissez attentivement la taille (voir tableau des tailles dans les [&hellip;]","og_url":"https:\/\/magistratiracing.com\/fr\/prodotto\/nouveau-t-shirt-ecu-tuning-magistrati-racing\/","og_site_name":"Magistrati racing","article_modified_time":"2026-01-01T00:22:21+00:00","og_image":[{"width":980,"height":980,"url":"https:\/\/magistratiracing.com\/wp-content\/uploads\/2025\/02\/980x980_t-shirt5.jpg","type":"image\/jpeg"}],"twitter_card":"summary_large_image","twitter_misc":{"Dur\u00e9e de lecture estim\u00e9e":"1 minute"},"schema":{"@context":"https:\/\/schema.org","@graph":[{"@type":"WebPage","@id":"https:\/\/magistratiracing.com\/fr\/prodotto\/nouveau-t-shirt-ecu-tuning-magistrati-racing\/","url":"https:\/\/magistratiracing.com\/fr\/prodotto\/nouveau-t-shirt-ecu-tuning-magistrati-racing\/","name":"Nouveau T-shirt Ecu Tuning Magistrati Racing\u00ae - Magistrati racing","isPartOf":{"@id":"https:\/\/magistratiracing.com\/fr\/#website"},"primaryImageOfPage":{"@id":"https:\/\/magistratiracing.com\/fr\/prodotto\/nouveau-t-shirt-ecu-tuning-magistrati-racing\/#primaryimage"},"image":{"@id":"https:\/\/magistratiracing.com\/fr\/prodotto\/nouveau-t-shirt-ecu-tuning-magistrati-racing\/#primaryimage"},"thumbnailUrl":"https:\/\/magistratiracing.com\/wp-content\/uploads\/2025\/02\/980x980_t-shirt5.jpg","datePublished":"2025-02-03T15:33:21+00:00","dateModified":"2026-01-01T00:22:21+00:00","breadcrumb":{"@id":"https:\/\/magistratiracing.com\/fr\/prodotto\/nouveau-t-shirt-ecu-tuning-magistrati-racing\/#breadcrumb"},"inLanguage":"fr-FR","potentialAction":[{"@type":"ReadAction","target":["https:\/\/magistratiracing.com\/fr\/prodotto\/nouveau-t-shirt-ecu-tuning-magistrati-racing\/"]}]},{"@type":"ImageObject","inLanguage":"fr-FR","@id":"https:\/\/magistratiracing.com\/fr\/prodotto\/nouveau-t-shirt-ecu-tuning-magistrati-racing\/#primaryimage","url":"https:\/\/magistratiracing.com\/wp-content\/uploads\/2025\/02\/980x980_t-shirt5.jpg","contentUrl":"https:\/\/magistratiracing.com\/wp-content\/uploads\/2025\/02\/980x980_t-shirt5.jpg","width":980,"height":980},{"@type":"BreadcrumbList","@id":"https:\/\/magistratiracing.com\/fr\/prodotto\/nouveau-t-shirt-ecu-tuning-magistrati-racing\/#breadcrumb","itemListElement":[{"@type":"ListItem","position":1,"name":"Home","item":"https:\/\/magistratiracing.com\/fr\/"},{"@type":"ListItem","position":2,"name":"Shop","item":"https:\/\/magistratiracing.com\/fr\/boutique\/"},{"@type":"ListItem","position":3,"name":"Nouveau T-shirt Ecu Tuning Magistrati Racing\u00ae"}]},{"@type":"WebSite","@id":"https:\/\/magistratiracing.com\/fr\/#website","url":"https:\/\/magistratiracing.com\/fr\/","name":"Magistrati racing","description":"","potentialAction":[{"@type":"SearchAction","target":{"@type":"EntryPoint","urlTemplate":"https:\/\/magistratiracing.com\/fr\/?s={search_term_string}"},"query-input":{"@type":"PropertyValueSpecification","valueRequired":true,"valueName":"search_term_string"}}],"inLanguage":"fr-FR"}]}},"_links":{"self":[{"href":"https:\/\/magistratiracing.com\/fr\/wp-json\/wp\/v2\/product\/12135","targetHints":{"allow":["GET"]}}],"collection":[{"href":"https:\/\/magistratiracing.com\/fr\/wp-json\/wp\/v2\/product"}],"about":[{"href":"https:\/\/magistratiracing.com\/fr\/wp-json\/wp\/v2\/types\/product"}],"replies":[{"embeddable":true,"href":"https:\/\/magistratiracing.com\/fr\/wp-json\/wp\/v2\/comments?post=12135"}],"wp:featuredmedia":[{"embeddable":true,"href":"https:\/\/magistratiracing.com\/fr\/wp-json\/wp\/v2\/media\/12110"}],"wp:attachment":[{"href":"https:\/\/magistratiracing.com\/fr\/wp-json\/wp\/v2\/media?parent=12135"}],"wp:term":[{"taxonomy":"product_brand","embeddable":true,"href":"https:\/\/magistratiracing.com\/fr\/wp-json\/wp\/v2\/product_brand?post=12135"},{"taxonomy":"product_cat","embeddable":true,"href":"https:\/\/magistratiracing.com\/fr\/wp-json\/wp\/v2\/product_cat?post=12135"},{"taxonomy":"product_tag","embeddable":true,"href":"https:\/\/magistratiracing.com\/fr\/wp-json\/wp\/v2\/product_tag?post=12135"}],"curies":[{"name":"wp","href":"https:\/\/api.w.org\/{rel}","templated":true}]}}