{"id":12143,"date":"2025-02-08T16:08:47","date_gmt":"2025-02-08T16:08:47","guid":{"rendered":"https:\/\/magistratiracing.com\/product\/dispositivo-tcs-off-on-tmax-530-2017-2019-magistrati-racing-con-levetta\/"},"modified":"2025-05-29T21:01:04","modified_gmt":"2025-05-29T21:01:04","slug":"suppresseur-de-tcs-on-off-pour-tmax-530-20172019","status":"publish","type":"product","link":"https:\/\/magistratiracing.com\/fr\/prodotto\/suppresseur-de-tcs-on-off-pour-tmax-530-20172019\/","title":{"rendered":"Suppresseur de TCS On\/Off pour TMAX 530 2017>2019"},"content":{"rendered":"<p><span style=\"font-weight: 400;\">Le suppresseur de TCS On\/Off de Magistrati Racing est con\u00e7u pour offrir un contr\u00f4le total du syst\u00e8me de contr\u00f4le de traction de votre TMAX 530 2017&gt;2019.<\/span><\/p>\n<p><span style=\"font-weight: 400;\">Ce dispositif permet de d\u00e9sactiver de mani\u00e8re permanente le contr\u00f4le de traction lorsque l&#8217;interrupteur est plac\u00e9 sur OFF, permettant ainsi une conduite plus libre et personnalis\u00e9e. Lorsque l&#8217;interrupteur est sur ON, le contr\u00f4le de traction reste toujours actif, garantissant s\u00e9curit\u00e9 et stabilit\u00e9.<\/span><\/p>\n<p><span style=\"font-weight: 400;\">Principaux avantages<\/span><\/p>\n<ul>\n<li><span style=\"font-weight: 400;\">Contr\u00f4le total : possibilit\u00e9 d\u2019activer ou de d\u00e9sactiver le contr\u00f4le de traction selon les besoins.<\/span><\/li>\n<li>Facilit\u00e9 d\u2019utilisation : activation simple \u00e0 travers un interrupteur qui permet de passer rapidement de ON \u00e0 OFF.<\/li>\n<li>Conduite personnalis\u00e9e : id\u00e9al pour ceux qui souhaitent avoir une conduite plus dynamique et moins contrainte par la commande \u00e9lectronique.<\/li>\n<li>Compatibilit\u00e9 : con\u00e7u sp\u00e9cifiquement pour TMAX 530 2017&gt;2019.<\/li>\n<\/ul>\n","protected":false},"excerpt":{"rendered":"<p>Le suppresseur de TCS On\/Off de Magistrati Racing est con\u00e7u pour offrir un contr\u00f4le total du syst\u00e8me de contr\u00f4le de traction de votre TMAX 530 2017&gt;2019. Ce dispositif permet de d\u00e9sactiver de mani\u00e8re permanente le contr\u00f4le de traction lorsque l&#8217;interrupteur est plac\u00e9 sur OFF, permettant ainsi une conduite plus libre et personnalis\u00e9e. Lorsque l&#8217;interrupteur est [&hellip;]<\/p>\n","protected":false},"featured_media":12144,"comment_status":"open","ping_status":"closed","template":"","meta":[],"product_brand":[],"product_cat":[354,352,355,353,337,338,320,319],"product_tag":[],"class_list":{"0":"post-12143","1":"product","2":"type-product","3":"status-publish","4":"has-post-thumbnail","6":"product_cat-accessori-fr-2","7":"product_cat-accessori-fr","8":"product_cat-elettronica-fr-4","9":"product_cat-elettronica-fr-3","10":"product_cat-tmax-530-2017-2019-fr","11":"product_cat-tmax-530-2017-2019-fr-2","12":"product_cat-tmax-aspirato-fr","13":"product_cat-tmax-turbo-fr","14":"product_shipping_class-tcs-on-off-fr","16":"first","17":"instock","18":"shipping-taxable","19":"purchasable","20":"product-type-simple"},"yoast_head":"<!-- This site is optimized with the Yoast SEO plugin v26.8 - https:\/\/yoast.com\/product\/yoast-seo-wordpress\/ -->\n<title>Suppresseur de TCS On\/Off pour TMAX 530 2017&gt;2019 - Magistrati racing<\/title>\n<meta name=\"robots\" content=\"index, follow, max-snippet:-1, max-image-preview:large, max-video-preview:-1\" \/>\n<link rel=\"canonical\" href=\"https:\/\/magistratiracing.com\/fr\/prodotto\/suppresseur-de-tcs-on-off-pour-tmax-530-20172019\/\" \/>\n<meta property=\"og:locale\" content=\"fr_FR\" \/>\n<meta property=\"og:type\" content=\"article\" \/>\n<meta property=\"og:title\" content=\"Suppresseur de TCS On\/Off pour TMAX 530 2017&gt;2019 - Magistrati racing\" \/>\n<meta property=\"og:description\" content=\"Le suppresseur de TCS On\/Off de Magistrati Racing est con\u00e7u pour offrir un contr\u00f4le total du syst\u00e8me de contr\u00f4le de traction de votre TMAX 530 2017&gt;2019. Ce dispositif permet de d\u00e9sactiver de mani\u00e8re permanente le contr\u00f4le de traction lorsque l&#8217;interrupteur est plac\u00e9 sur OFF, permettant ainsi une conduite plus libre et personnalis\u00e9e. Lorsque l&#8217;interrupteur est [&hellip;]\" \/>\n<meta property=\"og:url\" content=\"https:\/\/magistratiracing.com\/fr\/prodotto\/suppresseur-de-tcs-on-off-pour-tmax-530-20172019\/\" \/>\n<meta property=\"og:site_name\" content=\"Magistrati racing\" \/>\n<meta property=\"article:modified_time\" content=\"2025-05-29T21:01:04+00:00\" \/>\n<meta property=\"og:image\" content=\"https:\/\/magistratiracing.com\/wp-content\/uploads\/2025\/02\/980x980_dispositivoTCS.jpg\" \/>\n\t<meta property=\"og:image:width\" content=\"980\" \/>\n\t<meta property=\"og:image:height\" content=\"980\" \/>\n\t<meta property=\"og:image:type\" content=\"image\/jpeg\" \/>\n<meta name=\"twitter:card\" content=\"summary_large_image\" \/>\n<meta name=\"twitter:label1\" content=\"Dur\u00e9e de lecture estim\u00e9e\" \/>\n\t<meta name=\"twitter:data1\" content=\"1 minute\" \/>\n<script type=\"application\/ld+json\" class=\"yoast-schema-graph\">{\"@context\":\"https:\/\/schema.org\",\"@graph\":[{\"@type\":\"WebPage\",\"@id\":\"https:\/\/magistratiracing.com\/fr\/prodotto\/suppresseur-de-tcs-on-off-pour-tmax-530-20172019\/\",\"url\":\"https:\/\/magistratiracing.com\/fr\/prodotto\/suppresseur-de-tcs-on-off-pour-tmax-530-20172019\/\",\"name\":\"Suppresseur de TCS On\/Off pour TMAX 530 2017>2019 - Magistrati racing\",\"isPartOf\":{\"@id\":\"https:\/\/magistratiracing.com\/fr\/#website\"},\"primaryImageOfPage\":{\"@id\":\"https:\/\/magistratiracing.com\/fr\/prodotto\/suppresseur-de-tcs-on-off-pour-tmax-530-20172019\/#primaryimage\"},\"image\":{\"@id\":\"https:\/\/magistratiracing.com\/fr\/prodotto\/suppresseur-de-tcs-on-off-pour-tmax-530-20172019\/#primaryimage\"},\"thumbnailUrl\":\"https:\/\/magistratiracing.com\/wp-content\/uploads\/2025\/02\/980x980_dispositivoTCS.jpg\",\"datePublished\":\"2025-02-08T16:08:47+00:00\",\"dateModified\":\"2025-05-29T21:01:04+00:00\",\"breadcrumb\":{\"@id\":\"https:\/\/magistratiracing.com\/fr\/prodotto\/suppresseur-de-tcs-on-off-pour-tmax-530-20172019\/#breadcrumb\"},\"inLanguage\":\"fr-FR\",\"potentialAction\":[{\"@type\":\"ReadAction\",\"target\":[\"https:\/\/magistratiracing.com\/fr\/prodotto\/suppresseur-de-tcs-on-off-pour-tmax-530-20172019\/\"]}]},{\"@type\":\"ImageObject\",\"inLanguage\":\"fr-FR\",\"@id\":\"https:\/\/magistratiracing.com\/fr\/prodotto\/suppresseur-de-tcs-on-off-pour-tmax-530-20172019\/#primaryimage\",\"url\":\"https:\/\/magistratiracing.com\/wp-content\/uploads\/2025\/02\/980x980_dispositivoTCS.jpg\",\"contentUrl\":\"https:\/\/magistratiracing.com\/wp-content\/uploads\/2025\/02\/980x980_dispositivoTCS.jpg\",\"width\":980,\"height\":980},{\"@type\":\"BreadcrumbList\",\"@id\":\"https:\/\/magistratiracing.com\/fr\/prodotto\/suppresseur-de-tcs-on-off-pour-tmax-530-20172019\/#breadcrumb\",\"itemListElement\":[{\"@type\":\"ListItem\",\"position\":1,\"name\":\"Home\",\"item\":\"https:\/\/magistratiracing.com\/fr\/\"},{\"@type\":\"ListItem\",\"position\":2,\"name\":\"Shop\",\"item\":\"https:\/\/magistratiracing.com\/fr\/boutique\/\"},{\"@type\":\"ListItem\",\"position\":3,\"name\":\"Suppresseur de TCS On\/Off pour TMAX 530 2017>2019\"}]},{\"@type\":\"WebSite\",\"@id\":\"https:\/\/magistratiracing.com\/fr\/#website\",\"url\":\"https:\/\/magistratiracing.com\/fr\/\",\"name\":\"Magistrati racing\",\"description\":\"\",\"potentialAction\":[{\"@type\":\"SearchAction\",\"target\":{\"@type\":\"EntryPoint\",\"urlTemplate\":\"https:\/\/magistratiracing.com\/fr\/?s={search_term_string}\"},\"query-input\":{\"@type\":\"PropertyValueSpecification\",\"valueRequired\":true,\"valueName\":\"search_term_string\"}}],\"inLanguage\":\"fr-FR\"}]}<\/script>\n<!-- \/ Yoast SEO plugin. -->","yoast_head_json":{"title":"Suppresseur de TCS On\/Off pour TMAX 530 2017>2019 - Magistrati racing","robots":{"index":"index","follow":"follow","max-snippet":"max-snippet:-1","max-image-preview":"max-image-preview:large","max-video-preview":"max-video-preview:-1"},"canonical":"https:\/\/magistratiracing.com\/fr\/prodotto\/suppresseur-de-tcs-on-off-pour-tmax-530-20172019\/","og_locale":"fr_FR","og_type":"article","og_title":"Suppresseur de TCS On\/Off pour TMAX 530 2017>2019 - Magistrati racing","og_description":"Le suppresseur de TCS On\/Off de Magistrati Racing est con\u00e7u pour offrir un contr\u00f4le total du syst\u00e8me de contr\u00f4le de traction de votre TMAX 530 2017&gt;2019. Ce dispositif permet de d\u00e9sactiver de mani\u00e8re permanente le contr\u00f4le de traction lorsque l&#8217;interrupteur est plac\u00e9 sur OFF, permettant ainsi une conduite plus libre et personnalis\u00e9e. Lorsque l&#8217;interrupteur est [&hellip;]","og_url":"https:\/\/magistratiracing.com\/fr\/prodotto\/suppresseur-de-tcs-on-off-pour-tmax-530-20172019\/","og_site_name":"Magistrati racing","article_modified_time":"2025-05-29T21:01:04+00:00","og_image":[{"width":980,"height":980,"url":"https:\/\/magistratiracing.com\/wp-content\/uploads\/2025\/02\/980x980_dispositivoTCS.jpg","type":"image\/jpeg"}],"twitter_card":"summary_large_image","twitter_misc":{"Dur\u00e9e de lecture estim\u00e9e":"1 minute"},"schema":{"@context":"https:\/\/schema.org","@graph":[{"@type":"WebPage","@id":"https:\/\/magistratiracing.com\/fr\/prodotto\/suppresseur-de-tcs-on-off-pour-tmax-530-20172019\/","url":"https:\/\/magistratiracing.com\/fr\/prodotto\/suppresseur-de-tcs-on-off-pour-tmax-530-20172019\/","name":"Suppresseur de TCS On\/Off pour TMAX 530 2017>2019 - Magistrati racing","isPartOf":{"@id":"https:\/\/magistratiracing.com\/fr\/#website"},"primaryImageOfPage":{"@id":"https:\/\/magistratiracing.com\/fr\/prodotto\/suppresseur-de-tcs-on-off-pour-tmax-530-20172019\/#primaryimage"},"image":{"@id":"https:\/\/magistratiracing.com\/fr\/prodotto\/suppresseur-de-tcs-on-off-pour-tmax-530-20172019\/#primaryimage"},"thumbnailUrl":"https:\/\/magistratiracing.com\/wp-content\/uploads\/2025\/02\/980x980_dispositivoTCS.jpg","datePublished":"2025-02-08T16:08:47+00:00","dateModified":"2025-05-29T21:01:04+00:00","breadcrumb":{"@id":"https:\/\/magistratiracing.com\/fr\/prodotto\/suppresseur-de-tcs-on-off-pour-tmax-530-20172019\/#breadcrumb"},"inLanguage":"fr-FR","potentialAction":[{"@type":"ReadAction","target":["https:\/\/magistratiracing.com\/fr\/prodotto\/suppresseur-de-tcs-on-off-pour-tmax-530-20172019\/"]}]},{"@type":"ImageObject","inLanguage":"fr-FR","@id":"https:\/\/magistratiracing.com\/fr\/prodotto\/suppresseur-de-tcs-on-off-pour-tmax-530-20172019\/#primaryimage","url":"https:\/\/magistratiracing.com\/wp-content\/uploads\/2025\/02\/980x980_dispositivoTCS.jpg","contentUrl":"https:\/\/magistratiracing.com\/wp-content\/uploads\/2025\/02\/980x980_dispositivoTCS.jpg","width":980,"height":980},{"@type":"BreadcrumbList","@id":"https:\/\/magistratiracing.com\/fr\/prodotto\/suppresseur-de-tcs-on-off-pour-tmax-530-20172019\/#breadcrumb","itemListElement":[{"@type":"ListItem","position":1,"name":"Home","item":"https:\/\/magistratiracing.com\/fr\/"},{"@type":"ListItem","position":2,"name":"Shop","item":"https:\/\/magistratiracing.com\/fr\/boutique\/"},{"@type":"ListItem","position":3,"name":"Suppresseur de TCS On\/Off pour TMAX 530 2017>2019"}]},{"@type":"WebSite","@id":"https:\/\/magistratiracing.com\/fr\/#website","url":"https:\/\/magistratiracing.com\/fr\/","name":"Magistrati racing","description":"","potentialAction":[{"@type":"SearchAction","target":{"@type":"EntryPoint","urlTemplate":"https:\/\/magistratiracing.com\/fr\/?s={search_term_string}"},"query-input":{"@type":"PropertyValueSpecification","valueRequired":true,"valueName":"search_term_string"}}],"inLanguage":"fr-FR"}]}},"_links":{"self":[{"href":"https:\/\/magistratiracing.com\/fr\/wp-json\/wp\/v2\/product\/12143","targetHints":{"allow":["GET"]}}],"collection":[{"href":"https:\/\/magistratiracing.com\/fr\/wp-json\/wp\/v2\/product"}],"about":[{"href":"https:\/\/magistratiracing.com\/fr\/wp-json\/wp\/v2\/types\/product"}],"replies":[{"embeddable":true,"href":"https:\/\/magistratiracing.com\/fr\/wp-json\/wp\/v2\/comments?post=12143"}],"wp:featuredmedia":[{"embeddable":true,"href":"https:\/\/magistratiracing.com\/fr\/wp-json\/wp\/v2\/media\/12144"}],"wp:attachment":[{"href":"https:\/\/magistratiracing.com\/fr\/wp-json\/wp\/v2\/media?parent=12143"}],"wp:term":[{"taxonomy":"product_brand","embeddable":true,"href":"https:\/\/magistratiracing.com\/fr\/wp-json\/wp\/v2\/product_brand?post=12143"},{"taxonomy":"product_cat","embeddable":true,"href":"https:\/\/magistratiracing.com\/fr\/wp-json\/wp\/v2\/product_cat?post=12143"},{"taxonomy":"product_tag","embeddable":true,"href":"https:\/\/magistratiracing.com\/fr\/wp-json\/wp\/v2\/product_tag?post=12143"}],"curies":[{"name":"wp","href":"https:\/\/api.w.org\/{rel}","templated":true}]}}