{"id":12150,"date":"2025-02-08T16:11:47","date_gmt":"2025-02-08T16:11:47","guid":{"rendered":"https:\/\/magistratiracing.com\/product\/nsltcs-off-tmax-560-2020-2024-no-limitatore-no-traction-control\/"},"modified":"2025-05-29T21:12:00","modified_gmt":"2025-05-29T21:12:00","slug":"debridage-tcs-off-pour-tmax-560-20-24-elimination-limiteur-et-controle-de-traction","status":"publish","type":"product","link":"https:\/\/magistratiracing.com\/fr\/prodotto\/debridage-tcs-off-pour-tmax-560-20-24-elimination-limiteur-et-controle-de-traction\/","title":{"rendered":"D\u00e9bridage + TCS OFF pour TMAX 560 (&#8217;20-&#8217;24) \u00c9limination limiteur et contr\u00f4le de traction"},"content":{"rendered":"<p>Profitez de la super offre et d\u00e9couvrez le nouveau bo\u00eetier de d\u00e9bridage + TCS OFF, un dispositif innovant qui \u00e9limine le limiteur de vitesse et le contr\u00f4le de traction de mani\u00e8re permanente, sans alt\u00e9rer l\u2019unit\u00e9 de commande et sans activer de voyants ennuyeux sur le tableau de bord.<\/p>\n<p>Con\u00e7u pour tous les mod\u00e8les TMAX 560, y compris le mod\u00e8le 2024.<\/p>\n<p>Principaux avantages<\/p>\n<ul>\n<li>\u00c9limination du limiteur de vitesse : supprime le limiteur pour une plus grande libert\u00e9 de performances.<\/li>\n<li>D\u00e9sactivation permanente du contr\u00f4le de traction : permet de d\u00e9sactiver le contr\u00f4le de traction sans compromettre l&#8217;unit\u00e9 de commande.<\/li>\n<li>Installation facile et s\u00fbre : aucune modification de l&#8217;unit\u00e9 de commande et aucun voyant d&#8217;avertissement sur le tableau de bord.<\/li>\n<li>Compatibilit\u00e9 \u00e9largie : convient pour tous les mod\u00e8les TMAX 560 y compris le 2024.<\/li>\n<\/ul>\n<p>Vid\u00e9o instructions<\/p>\n<ul>\n<li>Vid\u00e9o explicative fonctionnement d\u00e9bridage + TCS OFF : <a href=\"https:\/\/youtu.be\/6nk9XruELLE\">regardez la vid\u00e9o<\/a><\/li>\n<li>Vid\u00e9o d\u2019instructions de montage d\u00e9bridage + TCS OFF TMAX 560 (2020+) : <a href=\"https:\/\/youtu.be\/vTQarCirEW4\">regardez la vid\u00e9o<\/a><\/li>\n<li>Vid\u00e9o d\u2019instructions de montage d\u00e9bridage + TCS OFF TMAX 560 2022 (d\u00e9montage des car\u00e9nages) : <a href=\"https:\/\/www.youtube.com\/watch?v=EKQgJnE4V7g&amp;t=237s&amp;ab_channel=marcomagistrati\">regardez la vid\u00e9o<\/a><\/li>\n<li>Vid\u00e9o d\u2019instructions de d\u00e9montage des car\u00e9nages c\u00f4t\u00e9 unit\u00e9 de commande TMAX 560 (2020-2021) : <a href=\"https:\/\/www.youtube.com\/watch?v=RryC9ZjOFJE&amp;t=148s&amp;ab_channel=marcomagistrati\">regardez la vid\u00e9o<\/a><\/li>\n<li>Attention Connecteur 48 BROCHES TMAX 560 : <a href=\"https:\/\/www.youtube.com\/watch?v=3SrMJLc2sMY&amp;t=30s&amp;ab_channel=MarcoMagistrati-TmaxSuperhero\">regardez la vid\u00e9o<\/a><\/li>\n<\/ul>\n","protected":false},"excerpt":{"rendered":"<p>Profitez de la super offre et d\u00e9couvrez le nouveau bo\u00eetier de d\u00e9bridage + TCS OFF, un dispositif innovant qui \u00e9limine le limiteur de vitesse et le contr\u00f4le de traction de mani\u00e8re permanente, sans alt\u00e9rer l\u2019unit\u00e9 de commande et sans activer de voyants ennuyeux sur le tableau de bord. Con\u00e7u pour tous les mod\u00e8les TMAX 560, [&hellip;]<\/p>\n","protected":false},"featured_media":12152,"comment_status":"open","ping_status":"closed","template":"","meta":[],"product_brand":[],"product_cat":[359,360,323,320],"product_tag":[],"class_list":{"0":"post-12150","1":"product","2":"type-product","3":"status-publish","4":"has-post-thumbnail","6":"product_cat-accessori-fr-4","7":"product_cat-elettronica-fr-6","8":"product_cat-tmax-560-2020-2024-fr-2","9":"product_cat-tmax-aspirato-fr","10":"product_shipping_class-nsl-tcs-off-fr","12":"first","13":"outofstock","14":"sale","15":"shipping-taxable","16":"purchasable","17":"product-type-variable"},"yoast_head":"<!-- This site is optimized with the Yoast SEO plugin v26.8 - https:\/\/yoast.com\/product\/yoast-seo-wordpress\/ -->\n<title>D\u00e9bridage + TCS OFF pour TMAX 560 (&#039;20-&#039;24) \u00c9limination limiteur et contr\u00f4le de traction - Magistrati racing<\/title>\n<meta name=\"robots\" content=\"index, follow, max-snippet:-1, max-image-preview:large, max-video-preview:-1\" \/>\n<link rel=\"canonical\" href=\"https:\/\/magistratiracing.com\/fr\/prodotto\/debridage-tcs-off-pour-tmax-560-20-24-elimination-limiteur-et-controle-de-traction\/\" \/>\n<meta property=\"og:locale\" content=\"fr_FR\" \/>\n<meta property=\"og:type\" content=\"article\" \/>\n<meta property=\"og:title\" content=\"D\u00e9bridage + TCS OFF pour TMAX 560 (&#039;20-&#039;24) \u00c9limination limiteur et contr\u00f4le de traction - Magistrati racing\" \/>\n<meta property=\"og:description\" content=\"Profitez de la super offre et d\u00e9couvrez le nouveau bo\u00eetier de d\u00e9bridage + TCS OFF, un dispositif innovant qui \u00e9limine le limiteur de vitesse et le contr\u00f4le de traction de mani\u00e8re permanente, sans alt\u00e9rer l\u2019unit\u00e9 de commande et sans activer de voyants ennuyeux sur le tableau de bord. Con\u00e7u pour tous les mod\u00e8les TMAX 560, [&hellip;]\" \/>\n<meta property=\"og:url\" content=\"https:\/\/magistratiracing.com\/fr\/prodotto\/debridage-tcs-off-pour-tmax-560-20-24-elimination-limiteur-et-controle-de-traction\/\" \/>\n<meta property=\"og:site_name\" content=\"Magistrati racing\" \/>\n<meta property=\"article:modified_time\" content=\"2025-05-29T21:12:00+00:00\" \/>\n<meta property=\"og:image\" content=\"https:\/\/magistratiracing.com\/wp-content\/uploads\/2025\/02\/980x980_nsl-tcs_1.jpg\" \/>\n\t<meta property=\"og:image:width\" content=\"980\" \/>\n\t<meta property=\"og:image:height\" content=\"980\" \/>\n\t<meta property=\"og:image:type\" content=\"image\/jpeg\" \/>\n<meta name=\"twitter:card\" content=\"summary_large_image\" \/>\n<meta name=\"twitter:label1\" content=\"Dur\u00e9e de lecture estim\u00e9e\" \/>\n\t<meta name=\"twitter:data1\" content=\"2 minutes\" \/>\n<script type=\"application\/ld+json\" class=\"yoast-schema-graph\">{\"@context\":\"https:\/\/schema.org\",\"@graph\":[{\"@type\":\"WebPage\",\"@id\":\"https:\/\/magistratiracing.com\/fr\/prodotto\/debridage-tcs-off-pour-tmax-560-20-24-elimination-limiteur-et-controle-de-traction\/\",\"url\":\"https:\/\/magistratiracing.com\/fr\/prodotto\/debridage-tcs-off-pour-tmax-560-20-24-elimination-limiteur-et-controle-de-traction\/\",\"name\":\"D\u00e9bridage + TCS OFF pour TMAX 560 ('20-'24) \u00c9limination limiteur et contr\u00f4le de traction - Magistrati racing\",\"isPartOf\":{\"@id\":\"https:\/\/magistratiracing.com\/fr\/#website\"},\"primaryImageOfPage\":{\"@id\":\"https:\/\/magistratiracing.com\/fr\/prodotto\/debridage-tcs-off-pour-tmax-560-20-24-elimination-limiteur-et-controle-de-traction\/#primaryimage\"},\"image\":{\"@id\":\"https:\/\/magistratiracing.com\/fr\/prodotto\/debridage-tcs-off-pour-tmax-560-20-24-elimination-limiteur-et-controle-de-traction\/#primaryimage\"},\"thumbnailUrl\":\"https:\/\/magistratiracing.com\/wp-content\/uploads\/2025\/02\/980x980_nsl-tcs_1.jpg\",\"datePublished\":\"2025-02-08T16:11:47+00:00\",\"dateModified\":\"2025-05-29T21:12:00+00:00\",\"breadcrumb\":{\"@id\":\"https:\/\/magistratiracing.com\/fr\/prodotto\/debridage-tcs-off-pour-tmax-560-20-24-elimination-limiteur-et-controle-de-traction\/#breadcrumb\"},\"inLanguage\":\"fr-FR\",\"potentialAction\":[{\"@type\":\"ReadAction\",\"target\":[\"https:\/\/magistratiracing.com\/fr\/prodotto\/debridage-tcs-off-pour-tmax-560-20-24-elimination-limiteur-et-controle-de-traction\/\"]}]},{\"@type\":\"ImageObject\",\"inLanguage\":\"fr-FR\",\"@id\":\"https:\/\/magistratiracing.com\/fr\/prodotto\/debridage-tcs-off-pour-tmax-560-20-24-elimination-limiteur-et-controle-de-traction\/#primaryimage\",\"url\":\"https:\/\/magistratiracing.com\/wp-content\/uploads\/2025\/02\/980x980_nsl-tcs_1.jpg\",\"contentUrl\":\"https:\/\/magistratiracing.com\/wp-content\/uploads\/2025\/02\/980x980_nsl-tcs_1.jpg\",\"width\":980,\"height\":980},{\"@type\":\"BreadcrumbList\",\"@id\":\"https:\/\/magistratiracing.com\/fr\/prodotto\/debridage-tcs-off-pour-tmax-560-20-24-elimination-limiteur-et-controle-de-traction\/#breadcrumb\",\"itemListElement\":[{\"@type\":\"ListItem\",\"position\":1,\"name\":\"Home\",\"item\":\"https:\/\/magistratiracing.com\/fr\/\"},{\"@type\":\"ListItem\",\"position\":2,\"name\":\"Shop\",\"item\":\"https:\/\/magistratiracing.com\/fr\/boutique\/\"},{\"@type\":\"ListItem\",\"position\":3,\"name\":\"D\u00e9bridage + TCS OFF pour TMAX 560 (&#8217;20-&#8217;24) \u00c9limination limiteur et contr\u00f4le de traction\"}]},{\"@type\":\"WebSite\",\"@id\":\"https:\/\/magistratiracing.com\/fr\/#website\",\"url\":\"https:\/\/magistratiracing.com\/fr\/\",\"name\":\"Magistrati racing\",\"description\":\"\",\"potentialAction\":[{\"@type\":\"SearchAction\",\"target\":{\"@type\":\"EntryPoint\",\"urlTemplate\":\"https:\/\/magistratiracing.com\/fr\/?s={search_term_string}\"},\"query-input\":{\"@type\":\"PropertyValueSpecification\",\"valueRequired\":true,\"valueName\":\"search_term_string\"}}],\"inLanguage\":\"fr-FR\"}]}<\/script>\n<!-- \/ Yoast SEO plugin. -->","yoast_head_json":{"title":"D\u00e9bridage + TCS OFF pour TMAX 560 ('20-'24) \u00c9limination limiteur et contr\u00f4le de traction - Magistrati racing","robots":{"index":"index","follow":"follow","max-snippet":"max-snippet:-1","max-image-preview":"max-image-preview:large","max-video-preview":"max-video-preview:-1"},"canonical":"https:\/\/magistratiracing.com\/fr\/prodotto\/debridage-tcs-off-pour-tmax-560-20-24-elimination-limiteur-et-controle-de-traction\/","og_locale":"fr_FR","og_type":"article","og_title":"D\u00e9bridage + TCS OFF pour TMAX 560 ('20-'24) \u00c9limination limiteur et contr\u00f4le de traction - Magistrati racing","og_description":"Profitez de la super offre et d\u00e9couvrez le nouveau bo\u00eetier de d\u00e9bridage + TCS OFF, un dispositif innovant qui \u00e9limine le limiteur de vitesse et le contr\u00f4le de traction de mani\u00e8re permanente, sans alt\u00e9rer l\u2019unit\u00e9 de commande et sans activer de voyants ennuyeux sur le tableau de bord. Con\u00e7u pour tous les mod\u00e8les TMAX 560, [&hellip;]","og_url":"https:\/\/magistratiracing.com\/fr\/prodotto\/debridage-tcs-off-pour-tmax-560-20-24-elimination-limiteur-et-controle-de-traction\/","og_site_name":"Magistrati racing","article_modified_time":"2025-05-29T21:12:00+00:00","og_image":[{"width":980,"height":980,"url":"https:\/\/magistratiracing.com\/wp-content\/uploads\/2025\/02\/980x980_nsl-tcs_1.jpg","type":"image\/jpeg"}],"twitter_card":"summary_large_image","twitter_misc":{"Dur\u00e9e de lecture estim\u00e9e":"2 minutes"},"schema":{"@context":"https:\/\/schema.org","@graph":[{"@type":"WebPage","@id":"https:\/\/magistratiracing.com\/fr\/prodotto\/debridage-tcs-off-pour-tmax-560-20-24-elimination-limiteur-et-controle-de-traction\/","url":"https:\/\/magistratiracing.com\/fr\/prodotto\/debridage-tcs-off-pour-tmax-560-20-24-elimination-limiteur-et-controle-de-traction\/","name":"D\u00e9bridage + TCS OFF pour TMAX 560 ('20-'24) \u00c9limination limiteur et contr\u00f4le de traction - Magistrati racing","isPartOf":{"@id":"https:\/\/magistratiracing.com\/fr\/#website"},"primaryImageOfPage":{"@id":"https:\/\/magistratiracing.com\/fr\/prodotto\/debridage-tcs-off-pour-tmax-560-20-24-elimination-limiteur-et-controle-de-traction\/#primaryimage"},"image":{"@id":"https:\/\/magistratiracing.com\/fr\/prodotto\/debridage-tcs-off-pour-tmax-560-20-24-elimination-limiteur-et-controle-de-traction\/#primaryimage"},"thumbnailUrl":"https:\/\/magistratiracing.com\/wp-content\/uploads\/2025\/02\/980x980_nsl-tcs_1.jpg","datePublished":"2025-02-08T16:11:47+00:00","dateModified":"2025-05-29T21:12:00+00:00","breadcrumb":{"@id":"https:\/\/magistratiracing.com\/fr\/prodotto\/debridage-tcs-off-pour-tmax-560-20-24-elimination-limiteur-et-controle-de-traction\/#breadcrumb"},"inLanguage":"fr-FR","potentialAction":[{"@type":"ReadAction","target":["https:\/\/magistratiracing.com\/fr\/prodotto\/debridage-tcs-off-pour-tmax-560-20-24-elimination-limiteur-et-controle-de-traction\/"]}]},{"@type":"ImageObject","inLanguage":"fr-FR","@id":"https:\/\/magistratiracing.com\/fr\/prodotto\/debridage-tcs-off-pour-tmax-560-20-24-elimination-limiteur-et-controle-de-traction\/#primaryimage","url":"https:\/\/magistratiracing.com\/wp-content\/uploads\/2025\/02\/980x980_nsl-tcs_1.jpg","contentUrl":"https:\/\/magistratiracing.com\/wp-content\/uploads\/2025\/02\/980x980_nsl-tcs_1.jpg","width":980,"height":980},{"@type":"BreadcrumbList","@id":"https:\/\/magistratiracing.com\/fr\/prodotto\/debridage-tcs-off-pour-tmax-560-20-24-elimination-limiteur-et-controle-de-traction\/#breadcrumb","itemListElement":[{"@type":"ListItem","position":1,"name":"Home","item":"https:\/\/magistratiracing.com\/fr\/"},{"@type":"ListItem","position":2,"name":"Shop","item":"https:\/\/magistratiracing.com\/fr\/boutique\/"},{"@type":"ListItem","position":3,"name":"D\u00e9bridage + TCS OFF pour TMAX 560 (&#8217;20-&#8217;24) \u00c9limination limiteur et contr\u00f4le de traction"}]},{"@type":"WebSite","@id":"https:\/\/magistratiracing.com\/fr\/#website","url":"https:\/\/magistratiracing.com\/fr\/","name":"Magistrati racing","description":"","potentialAction":[{"@type":"SearchAction","target":{"@type":"EntryPoint","urlTemplate":"https:\/\/magistratiracing.com\/fr\/?s={search_term_string}"},"query-input":{"@type":"PropertyValueSpecification","valueRequired":true,"valueName":"search_term_string"}}],"inLanguage":"fr-FR"}]}},"_links":{"self":[{"href":"https:\/\/magistratiracing.com\/fr\/wp-json\/wp\/v2\/product\/12150","targetHints":{"allow":["GET"]}}],"collection":[{"href":"https:\/\/magistratiracing.com\/fr\/wp-json\/wp\/v2\/product"}],"about":[{"href":"https:\/\/magistratiracing.com\/fr\/wp-json\/wp\/v2\/types\/product"}],"replies":[{"embeddable":true,"href":"https:\/\/magistratiracing.com\/fr\/wp-json\/wp\/v2\/comments?post=12150"}],"wp:featuredmedia":[{"embeddable":true,"href":"https:\/\/magistratiracing.com\/fr\/wp-json\/wp\/v2\/media\/12152"}],"wp:attachment":[{"href":"https:\/\/magistratiracing.com\/fr\/wp-json\/wp\/v2\/media?parent=12150"}],"wp:term":[{"taxonomy":"product_brand","embeddable":true,"href":"https:\/\/magistratiracing.com\/fr\/wp-json\/wp\/v2\/product_brand?post=12150"},{"taxonomy":"product_cat","embeddable":true,"href":"https:\/\/magistratiracing.com\/fr\/wp-json\/wp\/v2\/product_cat?post=12150"},{"taxonomy":"product_tag","embeddable":true,"href":"https:\/\/magistratiracing.com\/fr\/wp-json\/wp\/v2\/product_tag?post=12150"}],"curies":[{"name":"wp","href":"https:\/\/api.w.org\/{rel}","templated":true}]}}