{"id":12159,"date":"2025-02-10T15:28:53","date_gmt":"2025-02-10T15:28:53","guid":{"rendered":"https:\/\/magistratiracing.com\/product\/mappa-pre-caricata-su-ecu-originale-tmax-530-2017-2019-magistrati-racing\/"},"modified":"2025-05-29T21:14:55","modified_gmt":"2025-05-29T21:14:55","slug":"cartographie-prechargee-sur-ecu-dorigine-tmax-530-2017-2019-magistrati-racing","status":"publish","type":"product","link":"https:\/\/magistratiracing.com\/fr\/prodotto\/cartographie-prechargee-sur-ecu-dorigine-tmax-530-2017-2019-magistrati-racing\/","title":{"rendered":"Cartographie pr\u00e9charg\u00e9e sur ECU d&#8217;origine TMAX 530 (2017-2019) | Magistrati Racing\u00ae"},"content":{"rendered":"<p>Optimisez votre TMAX 530 (mod\u00e8les de 2017 \u00e0 2019) avec la cartographie pr\u00e9charg\u00e9e sur ECU d&#8217;origine de Magistrati Racing.<\/p>\n<p>Cette cartographie non personnalis\u00e9e a \u00e9t\u00e9 \u00e9tudi\u00e9e pour am\u00e9liorer les performances de votre TMAX de mani\u00e8re simple et efficace, sans que des modifications complexes ou des cartographies personnalis\u00e9es soient n\u00e9cessaires.<\/p>\n<p>Principaux avantages<\/p>\n<ul>\n<li>Optimisation imm\u00e9diate : augmentez les performances de votre TMAX 530 avec une cartographie pr\u00e9charg\u00e9e, sp\u00e9cifiquement con\u00e7ue pour les mod\u00e8les de 2017 \u00e0 2019.<\/li>\n<li>Installation facile : la cartographie peut \u00eatre ins\u00e9r\u00e9e facilement dans l\u2019ECU d&#8217;origine, sans que des interventions personnalis\u00e9es soient n\u00e9cessaires.<\/li>\n<li>Fiabilit\u00e9 et performances : produit par Magistrati Racing, garantit un parfait \u00e9quilibre entre puissance et fiabilit\u00e9, am\u00e9liorant l\u2019exp\u00e9rience de conduite.<\/li>\n<\/ul>\n","protected":false},"excerpt":{"rendered":"<p>Optimisez votre TMAX 530 (mod\u00e8les de 2017 \u00e0 2019) avec la cartographie pr\u00e9charg\u00e9e sur ECU d&#8217;origine de Magistrati Racing. Cette cartographie non personnalis\u00e9e a \u00e9t\u00e9 \u00e9tudi\u00e9e pour am\u00e9liorer les performances de votre TMAX de mani\u00e8re simple et efficace, sans que des modifications complexes ou des cartographies personnalis\u00e9es soient n\u00e9cessaires. Principaux avantages Optimisation imm\u00e9diate : augmentez [&hellip;]<\/p>\n","protected":false},"featured_media":12022,"comment_status":"open","ping_status":"closed","template":"","meta":[],"product_brand":[],"product_cat":[355,338,320],"product_tag":[],"class_list":{"0":"post-12159","1":"product","2":"type-product","3":"status-publish","4":"has-post-thumbnail","6":"product_cat-elettronica-fr-4","7":"product_cat-tmax-530-2017-2019-fr-2","8":"product_cat-tmax-aspirato-fr","9":"product_shipping_class-mappa-su-ecu-fr","11":"first","12":"instock","13":"shipping-taxable","14":"purchasable","15":"product-type-simple"},"yoast_head":"<!-- This site is optimized with the Yoast SEO plugin v26.8 - https:\/\/yoast.com\/product\/yoast-seo-wordpress\/ -->\n<title>Cartographie pr\u00e9charg\u00e9e sur ECU d&#039;origine TMAX 530 (2017-2019) | Magistrati Racing\u00ae - Magistrati racing<\/title>\n<meta name=\"robots\" content=\"index, follow, max-snippet:-1, max-image-preview:large, max-video-preview:-1\" \/>\n<link rel=\"canonical\" href=\"https:\/\/magistratiracing.com\/fr\/prodotto\/cartographie-prechargee-sur-ecu-dorigine-tmax-530-2017-2019-magistrati-racing\/\" \/>\n<meta property=\"og:locale\" content=\"fr_FR\" \/>\n<meta property=\"og:type\" content=\"article\" \/>\n<meta property=\"og:title\" content=\"Cartographie pr\u00e9charg\u00e9e sur ECU d&#039;origine TMAX 530 (2017-2019) | Magistrati Racing\u00ae - Magistrati racing\" \/>\n<meta property=\"og:description\" content=\"Optimisez votre TMAX 530 (mod\u00e8les de 2017 \u00e0 2019) avec la cartographie pr\u00e9charg\u00e9e sur ECU d&#8217;origine de Magistrati Racing. Cette cartographie non personnalis\u00e9e a \u00e9t\u00e9 \u00e9tudi\u00e9e pour am\u00e9liorer les performances de votre TMAX de mani\u00e8re simple et efficace, sans que des modifications complexes ou des cartographies personnalis\u00e9es soient n\u00e9cessaires. Principaux avantages Optimisation imm\u00e9diate : augmentez [&hellip;]\" \/>\n<meta property=\"og:url\" content=\"https:\/\/magistratiracing.com\/fr\/prodotto\/cartographie-prechargee-sur-ecu-dorigine-tmax-530-2017-2019-magistrati-racing\/\" \/>\n<meta property=\"og:site_name\" content=\"Magistrati racing\" \/>\n<meta property=\"article:modified_time\" content=\"2025-05-29T21:14:55+00:00\" \/>\n<meta property=\"og:image\" content=\"https:\/\/magistratiracing.com\/wp-content\/uploads\/2025\/02\/980x980_cornetti_5.jpg\" \/>\n\t<meta property=\"og:image:width\" content=\"980\" \/>\n\t<meta property=\"og:image:height\" content=\"980\" \/>\n\t<meta property=\"og:image:type\" content=\"image\/jpeg\" \/>\n<meta name=\"twitter:card\" content=\"summary_large_image\" \/>\n<meta name=\"twitter:label1\" content=\"Dur\u00e9e de lecture estim\u00e9e\" \/>\n\t<meta name=\"twitter:data1\" content=\"1 minute\" \/>\n<script type=\"application\/ld+json\" class=\"yoast-schema-graph\">{\"@context\":\"https:\/\/schema.org\",\"@graph\":[{\"@type\":\"WebPage\",\"@id\":\"https:\/\/magistratiracing.com\/fr\/prodotto\/cartographie-prechargee-sur-ecu-dorigine-tmax-530-2017-2019-magistrati-racing\/\",\"url\":\"https:\/\/magistratiracing.com\/fr\/prodotto\/cartographie-prechargee-sur-ecu-dorigine-tmax-530-2017-2019-magistrati-racing\/\",\"name\":\"Cartographie pr\u00e9charg\u00e9e sur ECU d'origine TMAX 530 (2017-2019) | Magistrati Racing\u00ae - Magistrati racing\",\"isPartOf\":{\"@id\":\"https:\/\/magistratiracing.com\/fr\/#website\"},\"primaryImageOfPage\":{\"@id\":\"https:\/\/magistratiracing.com\/fr\/prodotto\/cartographie-prechargee-sur-ecu-dorigine-tmax-530-2017-2019-magistrati-racing\/#primaryimage\"},\"image\":{\"@id\":\"https:\/\/magistratiracing.com\/fr\/prodotto\/cartographie-prechargee-sur-ecu-dorigine-tmax-530-2017-2019-magistrati-racing\/#primaryimage\"},\"thumbnailUrl\":\"https:\/\/magistratiracing.com\/wp-content\/uploads\/2025\/02\/980x980_cornetti_5.jpg\",\"datePublished\":\"2025-02-10T15:28:53+00:00\",\"dateModified\":\"2025-05-29T21:14:55+00:00\",\"breadcrumb\":{\"@id\":\"https:\/\/magistratiracing.com\/fr\/prodotto\/cartographie-prechargee-sur-ecu-dorigine-tmax-530-2017-2019-magistrati-racing\/#breadcrumb\"},\"inLanguage\":\"fr-FR\",\"potentialAction\":[{\"@type\":\"ReadAction\",\"target\":[\"https:\/\/magistratiracing.com\/fr\/prodotto\/cartographie-prechargee-sur-ecu-dorigine-tmax-530-2017-2019-magistrati-racing\/\"]}]},{\"@type\":\"ImageObject\",\"inLanguage\":\"fr-FR\",\"@id\":\"https:\/\/magistratiracing.com\/fr\/prodotto\/cartographie-prechargee-sur-ecu-dorigine-tmax-530-2017-2019-magistrati-racing\/#primaryimage\",\"url\":\"https:\/\/magistratiracing.com\/wp-content\/uploads\/2025\/02\/980x980_cornetti_5.jpg\",\"contentUrl\":\"https:\/\/magistratiracing.com\/wp-content\/uploads\/2025\/02\/980x980_cornetti_5.jpg\",\"width\":980,\"height\":980},{\"@type\":\"BreadcrumbList\",\"@id\":\"https:\/\/magistratiracing.com\/fr\/prodotto\/cartographie-prechargee-sur-ecu-dorigine-tmax-530-2017-2019-magistrati-racing\/#breadcrumb\",\"itemListElement\":[{\"@type\":\"ListItem\",\"position\":1,\"name\":\"Home\",\"item\":\"https:\/\/magistratiracing.com\/fr\/\"},{\"@type\":\"ListItem\",\"position\":2,\"name\":\"Shop\",\"item\":\"https:\/\/magistratiracing.com\/fr\/boutique\/\"},{\"@type\":\"ListItem\",\"position\":3,\"name\":\"Cartographie pr\u00e9charg\u00e9e sur ECU d&#8217;origine TMAX 530 (2017-2019) | Magistrati Racing\u00ae\"}]},{\"@type\":\"WebSite\",\"@id\":\"https:\/\/magistratiracing.com\/fr\/#website\",\"url\":\"https:\/\/magistratiracing.com\/fr\/\",\"name\":\"Magistrati racing\",\"description\":\"\",\"potentialAction\":[{\"@type\":\"SearchAction\",\"target\":{\"@type\":\"EntryPoint\",\"urlTemplate\":\"https:\/\/magistratiracing.com\/fr\/?s={search_term_string}\"},\"query-input\":{\"@type\":\"PropertyValueSpecification\",\"valueRequired\":true,\"valueName\":\"search_term_string\"}}],\"inLanguage\":\"fr-FR\"}]}<\/script>\n<!-- \/ Yoast SEO plugin. -->","yoast_head_json":{"title":"Cartographie pr\u00e9charg\u00e9e sur ECU d'origine TMAX 530 (2017-2019) | Magistrati Racing\u00ae - Magistrati racing","robots":{"index":"index","follow":"follow","max-snippet":"max-snippet:-1","max-image-preview":"max-image-preview:large","max-video-preview":"max-video-preview:-1"},"canonical":"https:\/\/magistratiracing.com\/fr\/prodotto\/cartographie-prechargee-sur-ecu-dorigine-tmax-530-2017-2019-magistrati-racing\/","og_locale":"fr_FR","og_type":"article","og_title":"Cartographie pr\u00e9charg\u00e9e sur ECU d'origine TMAX 530 (2017-2019) | Magistrati Racing\u00ae - Magistrati racing","og_description":"Optimisez votre TMAX 530 (mod\u00e8les de 2017 \u00e0 2019) avec la cartographie pr\u00e9charg\u00e9e sur ECU d&#8217;origine de Magistrati Racing. Cette cartographie non personnalis\u00e9e a \u00e9t\u00e9 \u00e9tudi\u00e9e pour am\u00e9liorer les performances de votre TMAX de mani\u00e8re simple et efficace, sans que des modifications complexes ou des cartographies personnalis\u00e9es soient n\u00e9cessaires. Principaux avantages Optimisation imm\u00e9diate : augmentez [&hellip;]","og_url":"https:\/\/magistratiracing.com\/fr\/prodotto\/cartographie-prechargee-sur-ecu-dorigine-tmax-530-2017-2019-magistrati-racing\/","og_site_name":"Magistrati racing","article_modified_time":"2025-05-29T21:14:55+00:00","og_image":[{"width":980,"height":980,"url":"https:\/\/magistratiracing.com\/wp-content\/uploads\/2025\/02\/980x980_cornetti_5.jpg","type":"image\/jpeg"}],"twitter_card":"summary_large_image","twitter_misc":{"Dur\u00e9e de lecture estim\u00e9e":"1 minute"},"schema":{"@context":"https:\/\/schema.org","@graph":[{"@type":"WebPage","@id":"https:\/\/magistratiracing.com\/fr\/prodotto\/cartographie-prechargee-sur-ecu-dorigine-tmax-530-2017-2019-magistrati-racing\/","url":"https:\/\/magistratiracing.com\/fr\/prodotto\/cartographie-prechargee-sur-ecu-dorigine-tmax-530-2017-2019-magistrati-racing\/","name":"Cartographie pr\u00e9charg\u00e9e sur ECU d'origine TMAX 530 (2017-2019) | Magistrati Racing\u00ae - Magistrati racing","isPartOf":{"@id":"https:\/\/magistratiracing.com\/fr\/#website"},"primaryImageOfPage":{"@id":"https:\/\/magistratiracing.com\/fr\/prodotto\/cartographie-prechargee-sur-ecu-dorigine-tmax-530-2017-2019-magistrati-racing\/#primaryimage"},"image":{"@id":"https:\/\/magistratiracing.com\/fr\/prodotto\/cartographie-prechargee-sur-ecu-dorigine-tmax-530-2017-2019-magistrati-racing\/#primaryimage"},"thumbnailUrl":"https:\/\/magistratiracing.com\/wp-content\/uploads\/2025\/02\/980x980_cornetti_5.jpg","datePublished":"2025-02-10T15:28:53+00:00","dateModified":"2025-05-29T21:14:55+00:00","breadcrumb":{"@id":"https:\/\/magistratiracing.com\/fr\/prodotto\/cartographie-prechargee-sur-ecu-dorigine-tmax-530-2017-2019-magistrati-racing\/#breadcrumb"},"inLanguage":"fr-FR","potentialAction":[{"@type":"ReadAction","target":["https:\/\/magistratiracing.com\/fr\/prodotto\/cartographie-prechargee-sur-ecu-dorigine-tmax-530-2017-2019-magistrati-racing\/"]}]},{"@type":"ImageObject","inLanguage":"fr-FR","@id":"https:\/\/magistratiracing.com\/fr\/prodotto\/cartographie-prechargee-sur-ecu-dorigine-tmax-530-2017-2019-magistrati-racing\/#primaryimage","url":"https:\/\/magistratiracing.com\/wp-content\/uploads\/2025\/02\/980x980_cornetti_5.jpg","contentUrl":"https:\/\/magistratiracing.com\/wp-content\/uploads\/2025\/02\/980x980_cornetti_5.jpg","width":980,"height":980},{"@type":"BreadcrumbList","@id":"https:\/\/magistratiracing.com\/fr\/prodotto\/cartographie-prechargee-sur-ecu-dorigine-tmax-530-2017-2019-magistrati-racing\/#breadcrumb","itemListElement":[{"@type":"ListItem","position":1,"name":"Home","item":"https:\/\/magistratiracing.com\/fr\/"},{"@type":"ListItem","position":2,"name":"Shop","item":"https:\/\/magistratiracing.com\/fr\/boutique\/"},{"@type":"ListItem","position":3,"name":"Cartographie pr\u00e9charg\u00e9e sur ECU d&#8217;origine TMAX 530 (2017-2019) | Magistrati Racing\u00ae"}]},{"@type":"WebSite","@id":"https:\/\/magistratiracing.com\/fr\/#website","url":"https:\/\/magistratiracing.com\/fr\/","name":"Magistrati racing","description":"","potentialAction":[{"@type":"SearchAction","target":{"@type":"EntryPoint","urlTemplate":"https:\/\/magistratiracing.com\/fr\/?s={search_term_string}"},"query-input":{"@type":"PropertyValueSpecification","valueRequired":true,"valueName":"search_term_string"}}],"inLanguage":"fr-FR"}]}},"_links":{"self":[{"href":"https:\/\/magistratiracing.com\/fr\/wp-json\/wp\/v2\/product\/12159","targetHints":{"allow":["GET"]}}],"collection":[{"href":"https:\/\/magistratiracing.com\/fr\/wp-json\/wp\/v2\/product"}],"about":[{"href":"https:\/\/magistratiracing.com\/fr\/wp-json\/wp\/v2\/types\/product"}],"replies":[{"embeddable":true,"href":"https:\/\/magistratiracing.com\/fr\/wp-json\/wp\/v2\/comments?post=12159"}],"wp:featuredmedia":[{"embeddable":true,"href":"https:\/\/magistratiracing.com\/fr\/wp-json\/wp\/v2\/media\/12022"}],"wp:attachment":[{"href":"https:\/\/magistratiracing.com\/fr\/wp-json\/wp\/v2\/media?parent=12159"}],"wp:term":[{"taxonomy":"product_brand","embeddable":true,"href":"https:\/\/magistratiracing.com\/fr\/wp-json\/wp\/v2\/product_brand?post=12159"},{"taxonomy":"product_cat","embeddable":true,"href":"https:\/\/magistratiracing.com\/fr\/wp-json\/wp\/v2\/product_cat?post=12159"},{"taxonomy":"product_tag","embeddable":true,"href":"https:\/\/magistratiracing.com\/fr\/wp-json\/wp\/v2\/product_tag?post=12159"}],"curies":[{"name":"wp","href":"https:\/\/api.w.org\/{rel}","templated":true}]}}