{"id":12166,"date":"2025-02-08T16:20:20","date_gmt":"2025-02-08T16:20:20","guid":{"rendered":"https:\/\/magistratiracing.com\/product\/powergate-3-programmatore-personale-e-portatile-per-centralina-tmax\/"},"modified":"2025-05-29T21:22:39","modified_gmt":"2025-05-29T21:22:39","slug":"powergate-3-programmeur-personnel-et-portable-pour-unite-de-commande-tmax","status":"publish","type":"product","link":"https:\/\/magistratiracing.com\/fr\/prodotto\/powergate-3-programmeur-personnel-et-portable-pour-unite-de-commande-tmax\/","title":{"rendered":"Powergate 3+ : programmeur personnel et portable pour unit\u00e9 de commande TMAX"},"content":{"rendered":"<p>Le Powergate 3+ de Magistrati Racing est un programmeur personnel portable qui vous permet de programmer l\u2019unit\u00e9 de commande de votre TMAX en toute autonomie.<\/p>\n<p>Ce dispositif est con\u00e7u exclusivement pour votre TMAX, garantissant une utilisation s\u00fbre et personnalis\u00e9e.<\/p>\n<p><strong>Principaux avantages<\/strong><\/p>\n<ul>\n<li><strong>Programmation autonome<\/strong> : permet de programmer l\u2019unit\u00e9 de commande du TMAX sans besoin d\u2019assistance externe.<\/li>\n<li><strong>Dispositif personnel<\/strong> : associ\u00e9 uniquement \u00e0 votre TMAX, veille \u00e0 ce qu&#8217;il puisse \u00eatre utilis\u00e9 uniquement sur celui-ci.<\/li>\n<li><strong>Portabilit\u00e9<\/strong> : les dimensions r\u00e9duites et le design portable permettent de l\u2019emporter partout avec vous.<\/li>\n<li><strong>Facilit\u00e9 d\u2019utilisation<\/strong> : l\u2019\u00e9cran tactile guide l\u2019utilisateur \u00e9tape par \u00e9tape dans le processus de programmation, le rendant simple et intuitif.<\/li>\n<li>S<strong>upport vid\u00e9o<\/strong> : instructions vid\u00e9o d\u00e9taill\u00e9es fournies par Magistrati Racing pour faciliter l\u2019utilisation du dispositif : vid\u00e9o instructions<\/li>\n<\/ul>\n<p><strong>Ensemble inclus<\/strong><\/p>\n<ul>\n<li><strong>Outil vierge<\/strong> : programmeur Powergate 3+ sans pr\u00e9configurations.<\/li>\n<li><strong>Cartographie<\/strong> : inclut une cartographie sp\u00e9cifique pour TMAX, con\u00e7ue par Magistrati Racing pour une exp\u00e9rience de conduite optimale.<\/li>\n<\/ul>\n<p><strong>CARACT\u00c9RISTIQUES TECHNIQUES<\/strong><br \/>\nBranchement \u00e0 l\u2019ecu d\u2019origine \u00e0 travers une prise OBD possibilit\u00e9 de t\u00e9l\u00e9charger 5 cartographies diff\u00e9rentes en plus de celle d&#8217;origine m\u00e9moris\u00e9e t\u00e9l\u00e9charger en toute autonomie la cartographie sur votre unit\u00e9 de commande d&#8217;origine rapporter l\u2019ecu d&#8217;origine aux configurations d\u2019usine gr\u00e2ce au fichier d&#8217;origine m\u00e9moris\u00e9 branchement \u00e0 travers port USB \u00e0 votre PC la simplicit\u00e9 d&#8217;utilisation ainsi qu\u2019une s\u00e9curit\u00e9 maximale en suivant les proc\u00e9dures guid\u00e9es \u00e9tape par \u00e9tape vous permettent de lire toute erreur \u00e9ventuelle avec code DTC sur l\u2019unit\u00e9 de commande et de les effacer il est possible d\u2019acqu\u00e9rir et d\u2019avoir \u00e0 disposition en m\u00e9moire jusqu\u2019\u00e0 5 cartographies diff\u00e9rentes et switchare en choisissant la plus adapt\u00e9e \u00e0 l\u2019occasion.<\/p>\n<p><strong>DIFF\u00c9RENCE ENTRE POWERGATE ET UNIT\u00c9S DE COMMANDE SUPPL\u00c9MENTAIRES<\/strong><br \/>\nLe module suppl\u00e9mentaire est un shunt qui trompe les signaux qui arrivent \u00e0 l\u2019ecu d\u2019origine. Il lui fait croire qu\u2019un processus m\u00e9canique est en cours alors que ce n\u2019est pas le cas. En outre, il n\u2019est pas en mesure de g\u00e9rer tous les param\u00e8tres de toutes les tables de l\u2019unit\u00e9 de commande d\u2019origine. Donc par nature, l&#8217;unit\u00e9 de commande suppl\u00e9mentaire a un pourcentage de fiabilit\u00e9 et de rendu n\u00e9cessairement r\u00e9duit.<br \/>\nPowergate en revanche, qui est un programmeur authentique, est en mesure de lire le fichier dans l\u2019Ecu d&#8217;origine et de le r\u00e9\u00e9crire \u00e0 partir de z\u00e9ro. Cela signifie qu&#8217;il est possible de reg\u00e9rer compl\u00e8tement le logiciel et d\u2019adapter la carburation aux composants remplac\u00e9s et\/ou aux modifications m\u00e9caniques apport\u00e9es, de mani\u00e8re \u00e0 exploiter au maximum leur rendu en termes de chevaux et courbes de puissance.<br \/>\nTous les fichiers qui seront envoy\u00e9s seront personnellement \u00e9labor\u00e9s par nous en tenant compte des modifications m\u00e9caniques apport\u00e9es par le client et des facteurs importants, afin d\u2019obtenir une fiabilit\u00e9 et les meilleures performances<\/p>\n<p><strong>\u00c0 QUI IL S\u2019ADRESSE<\/strong><\/p>\n<ul>\n<li>\u00e0 ceux qui souhaitent se lancer dans l\u2019ind\u00e9pendance en termes de gestion \u00e9lectronique<\/li>\n<li>\u00e0 ceux qui ont l\u2019exigence d\u2019emporter avec eux plusieurs cartographies \u00e0 utiliser dans les diff\u00e9rentes conditions de conduite<\/li>\n<li>\u00e0 ceux qui souhaitent lire\/supprimer en toute autonomie les erreurs avec code DTC dans l\u2019unit\u00e9 de commande<\/li>\n<li>\u00e0 ceux qui \u00e0 cause de la distance ne peuvent se rendre \u00e0 notre si\u00e8ge ou chez nos partenaires<\/li>\n<li>\u00e0 ceux qui ne peuvent pas envoyer l\u2019ecu en raison des co\u00fbts de transport \u00e9lev\u00e9s<\/li>\n<li>\u00e0 ceux qui ne sont pas en mesure de d\u00e9monter le mat\u00e9riel en personne de l\u2019ecu et de nous l\u2019envoyer<\/li>\n<li>\u00e0 ceux qui souhaitent faire d\u00e9monter l\u2019ecu par le personnel sp\u00e9cialis\u00e9 et prendre en charge les frais<\/li>\n<\/ul>\n<p><strong>REMPLACEMENT ASSOCIATION DISPOSITIF<\/strong><br \/>\nPassage \u00e0 un autre tmax diff\u00e9rent de celui enregistr\u00e9 auparavant : payant.<br \/>\nN.B. : les cartographies contenues dans le dispositif seront automatiquement r\u00e9initialis\u00e9es et il faudra les acheter de nouveau, s\u00e9par\u00e9ment.<br \/>\nPour passer le Powergate sur un autre Tmax, il faudra ret\u00e9l\u00e9charger la cartographie d&#8217;origine sur le v\u00e9hicule sur lequel le Powergate a \u00e9t\u00e9 associ\u00e9 auparavant. De cette mani\u00e8re, le Tmax r\u00e9cup\u00e9rera la cartographie d&#8217;origine et il sera possible de proc\u00e9der au d\u00e9placement du Powergate redevenu vierge sur un autre Tmax.<\/p>\n<p>IMPORTANT<br \/>\nPr\u00e9ciser le mod\u00e8le, l\u2019ann\u00e9e tmax et les modifications apport\u00e9es au moment de la commande<\/p>\n","protected":false},"excerpt":{"rendered":"<p>Le Powergate 3+ de Magistrati Racing est un programmeur personnel portable qui vous permet de programmer l\u2019unit\u00e9 de commande de votre TMAX en toute autonomie. Ce dispositif est con\u00e7u exclusivement pour votre TMAX, garantissant une utilisation s\u00fbre et personnalis\u00e9e. Principaux avantages Programmation autonome : permet de programmer l\u2019unit\u00e9 de commande du TMAX sans besoin d\u2019assistance [&hellip;]<\/p>\n","protected":false},"featured_media":12170,"comment_status":"open","ping_status":"closed","template":"","meta":[],"product_brand":[],"product_cat":[355,360,378,336,338,323,320],"product_tag":[],"class_list":{"0":"post-12166","1":"product","2":"type-product","3":"status-publish","4":"has-post-thumbnail","6":"product_cat-elettronica-fr-4","7":"product_cat-elettronica-fr-6","8":"product_cat-elettronica-fr-7","9":"product_cat-tmax-530-2012-2016-fr-2","10":"product_cat-tmax-530-2017-2019-fr-2","11":"product_cat-tmax-560-2020-2024-fr-2","12":"product_cat-tmax-aspirato-fr","13":"product_shipping_class-powergate-fr","15":"first","16":"instock","17":"shipping-taxable","18":"purchasable","19":"product-type-simple"},"yoast_head":"<!-- This site is optimized with the Yoast SEO plugin v26.8 - https:\/\/yoast.com\/product\/yoast-seo-wordpress\/ -->\n<title>Powergate 3+ : programmeur personnel et portable pour unit\u00e9 de commande TMAX - Magistrati racing<\/title>\n<meta name=\"robots\" content=\"index, follow, max-snippet:-1, max-image-preview:large, max-video-preview:-1\" \/>\n<link rel=\"canonical\" href=\"https:\/\/magistratiracing.com\/fr\/prodotto\/powergate-3-programmeur-personnel-et-portable-pour-unite-de-commande-tmax\/\" \/>\n<meta property=\"og:locale\" content=\"fr_FR\" \/>\n<meta property=\"og:type\" content=\"article\" \/>\n<meta property=\"og:title\" content=\"Powergate 3+ : programmeur personnel et portable pour unit\u00e9 de commande TMAX - Magistrati racing\" \/>\n<meta property=\"og:description\" content=\"Le Powergate 3+ de Magistrati Racing est un programmeur personnel portable qui vous permet de programmer l\u2019unit\u00e9 de commande de votre TMAX en toute autonomie. Ce dispositif est con\u00e7u exclusivement pour votre TMAX, garantissant une utilisation s\u00fbre et personnalis\u00e9e. Principaux avantages Programmation autonome : permet de programmer l\u2019unit\u00e9 de commande du TMAX sans besoin d\u2019assistance [&hellip;]\" \/>\n<meta property=\"og:url\" content=\"https:\/\/magistratiracing.com\/fr\/prodotto\/powergate-3-programmeur-personnel-et-portable-pour-unite-de-commande-tmax\/\" \/>\n<meta property=\"og:site_name\" content=\"Magistrati racing\" \/>\n<meta property=\"article:modified_time\" content=\"2025-05-29T21:22:39+00:00\" \/>\n<meta property=\"og:image\" content=\"https:\/\/magistratiracing.com\/wp-content\/uploads\/2025\/02\/980x980_powergate_2.jpg\" \/>\n\t<meta property=\"og:image:width\" content=\"980\" \/>\n\t<meta property=\"og:image:height\" content=\"980\" \/>\n\t<meta property=\"og:image:type\" content=\"image\/jpeg\" \/>\n<meta name=\"twitter:card\" content=\"summary_large_image\" \/>\n<meta name=\"twitter:label1\" content=\"Dur\u00e9e de lecture estim\u00e9e\" \/>\n\t<meta name=\"twitter:data1\" content=\"4 minutes\" \/>\n<script type=\"application\/ld+json\" class=\"yoast-schema-graph\">{\"@context\":\"https:\/\/schema.org\",\"@graph\":[{\"@type\":\"WebPage\",\"@id\":\"https:\/\/magistratiracing.com\/fr\/prodotto\/powergate-3-programmeur-personnel-et-portable-pour-unite-de-commande-tmax\/\",\"url\":\"https:\/\/magistratiracing.com\/fr\/prodotto\/powergate-3-programmeur-personnel-et-portable-pour-unite-de-commande-tmax\/\",\"name\":\"Powergate 3+ : programmeur personnel et portable pour unit\u00e9 de commande TMAX - Magistrati racing\",\"isPartOf\":{\"@id\":\"https:\/\/magistratiracing.com\/fr\/#website\"},\"primaryImageOfPage\":{\"@id\":\"https:\/\/magistratiracing.com\/fr\/prodotto\/powergate-3-programmeur-personnel-et-portable-pour-unite-de-commande-tmax\/#primaryimage\"},\"image\":{\"@id\":\"https:\/\/magistratiracing.com\/fr\/prodotto\/powergate-3-programmeur-personnel-et-portable-pour-unite-de-commande-tmax\/#primaryimage\"},\"thumbnailUrl\":\"https:\/\/magistratiracing.com\/wp-content\/uploads\/2025\/02\/980x980_powergate_2.jpg\",\"datePublished\":\"2025-02-08T16:20:20+00:00\",\"dateModified\":\"2025-05-29T21:22:39+00:00\",\"breadcrumb\":{\"@id\":\"https:\/\/magistratiracing.com\/fr\/prodotto\/powergate-3-programmeur-personnel-et-portable-pour-unite-de-commande-tmax\/#breadcrumb\"},\"inLanguage\":\"fr-FR\",\"potentialAction\":[{\"@type\":\"ReadAction\",\"target\":[\"https:\/\/magistratiracing.com\/fr\/prodotto\/powergate-3-programmeur-personnel-et-portable-pour-unite-de-commande-tmax\/\"]}]},{\"@type\":\"ImageObject\",\"inLanguage\":\"fr-FR\",\"@id\":\"https:\/\/magistratiracing.com\/fr\/prodotto\/powergate-3-programmeur-personnel-et-portable-pour-unite-de-commande-tmax\/#primaryimage\",\"url\":\"https:\/\/magistratiracing.com\/wp-content\/uploads\/2025\/02\/980x980_powergate_2.jpg\",\"contentUrl\":\"https:\/\/magistratiracing.com\/wp-content\/uploads\/2025\/02\/980x980_powergate_2.jpg\",\"width\":980,\"height\":980},{\"@type\":\"BreadcrumbList\",\"@id\":\"https:\/\/magistratiracing.com\/fr\/prodotto\/powergate-3-programmeur-personnel-et-portable-pour-unite-de-commande-tmax\/#breadcrumb\",\"itemListElement\":[{\"@type\":\"ListItem\",\"position\":1,\"name\":\"Home\",\"item\":\"https:\/\/magistratiracing.com\/fr\/\"},{\"@type\":\"ListItem\",\"position\":2,\"name\":\"Shop\",\"item\":\"https:\/\/magistratiracing.com\/fr\/boutique\/\"},{\"@type\":\"ListItem\",\"position\":3,\"name\":\"Powergate 3+ : programmeur personnel et portable pour unit\u00e9 de commande TMAX\"}]},{\"@type\":\"WebSite\",\"@id\":\"https:\/\/magistratiracing.com\/fr\/#website\",\"url\":\"https:\/\/magistratiracing.com\/fr\/\",\"name\":\"Magistrati racing\",\"description\":\"\",\"potentialAction\":[{\"@type\":\"SearchAction\",\"target\":{\"@type\":\"EntryPoint\",\"urlTemplate\":\"https:\/\/magistratiracing.com\/fr\/?s={search_term_string}\"},\"query-input\":{\"@type\":\"PropertyValueSpecification\",\"valueRequired\":true,\"valueName\":\"search_term_string\"}}],\"inLanguage\":\"fr-FR\"}]}<\/script>\n<!-- \/ Yoast SEO plugin. -->","yoast_head_json":{"title":"Powergate 3+ : programmeur personnel et portable pour unit\u00e9 de commande TMAX - Magistrati racing","robots":{"index":"index","follow":"follow","max-snippet":"max-snippet:-1","max-image-preview":"max-image-preview:large","max-video-preview":"max-video-preview:-1"},"canonical":"https:\/\/magistratiracing.com\/fr\/prodotto\/powergate-3-programmeur-personnel-et-portable-pour-unite-de-commande-tmax\/","og_locale":"fr_FR","og_type":"article","og_title":"Powergate 3+ : programmeur personnel et portable pour unit\u00e9 de commande TMAX - Magistrati racing","og_description":"Le Powergate 3+ de Magistrati Racing est un programmeur personnel portable qui vous permet de programmer l\u2019unit\u00e9 de commande de votre TMAX en toute autonomie. Ce dispositif est con\u00e7u exclusivement pour votre TMAX, garantissant une utilisation s\u00fbre et personnalis\u00e9e. Principaux avantages Programmation autonome : permet de programmer l\u2019unit\u00e9 de commande du TMAX sans besoin d\u2019assistance [&hellip;]","og_url":"https:\/\/magistratiracing.com\/fr\/prodotto\/powergate-3-programmeur-personnel-et-portable-pour-unite-de-commande-tmax\/","og_site_name":"Magistrati racing","article_modified_time":"2025-05-29T21:22:39+00:00","og_image":[{"width":980,"height":980,"url":"https:\/\/magistratiracing.com\/wp-content\/uploads\/2025\/02\/980x980_powergate_2.jpg","type":"image\/jpeg"}],"twitter_card":"summary_large_image","twitter_misc":{"Dur\u00e9e de lecture estim\u00e9e":"4 minutes"},"schema":{"@context":"https:\/\/schema.org","@graph":[{"@type":"WebPage","@id":"https:\/\/magistratiracing.com\/fr\/prodotto\/powergate-3-programmeur-personnel-et-portable-pour-unite-de-commande-tmax\/","url":"https:\/\/magistratiracing.com\/fr\/prodotto\/powergate-3-programmeur-personnel-et-portable-pour-unite-de-commande-tmax\/","name":"Powergate 3+ : programmeur personnel et portable pour unit\u00e9 de commande TMAX - Magistrati racing","isPartOf":{"@id":"https:\/\/magistratiracing.com\/fr\/#website"},"primaryImageOfPage":{"@id":"https:\/\/magistratiracing.com\/fr\/prodotto\/powergate-3-programmeur-personnel-et-portable-pour-unite-de-commande-tmax\/#primaryimage"},"image":{"@id":"https:\/\/magistratiracing.com\/fr\/prodotto\/powergate-3-programmeur-personnel-et-portable-pour-unite-de-commande-tmax\/#primaryimage"},"thumbnailUrl":"https:\/\/magistratiracing.com\/wp-content\/uploads\/2025\/02\/980x980_powergate_2.jpg","datePublished":"2025-02-08T16:20:20+00:00","dateModified":"2025-05-29T21:22:39+00:00","breadcrumb":{"@id":"https:\/\/magistratiracing.com\/fr\/prodotto\/powergate-3-programmeur-personnel-et-portable-pour-unite-de-commande-tmax\/#breadcrumb"},"inLanguage":"fr-FR","potentialAction":[{"@type":"ReadAction","target":["https:\/\/magistratiracing.com\/fr\/prodotto\/powergate-3-programmeur-personnel-et-portable-pour-unite-de-commande-tmax\/"]}]},{"@type":"ImageObject","inLanguage":"fr-FR","@id":"https:\/\/magistratiracing.com\/fr\/prodotto\/powergate-3-programmeur-personnel-et-portable-pour-unite-de-commande-tmax\/#primaryimage","url":"https:\/\/magistratiracing.com\/wp-content\/uploads\/2025\/02\/980x980_powergate_2.jpg","contentUrl":"https:\/\/magistratiracing.com\/wp-content\/uploads\/2025\/02\/980x980_powergate_2.jpg","width":980,"height":980},{"@type":"BreadcrumbList","@id":"https:\/\/magistratiracing.com\/fr\/prodotto\/powergate-3-programmeur-personnel-et-portable-pour-unite-de-commande-tmax\/#breadcrumb","itemListElement":[{"@type":"ListItem","position":1,"name":"Home","item":"https:\/\/magistratiracing.com\/fr\/"},{"@type":"ListItem","position":2,"name":"Shop","item":"https:\/\/magistratiracing.com\/fr\/boutique\/"},{"@type":"ListItem","position":3,"name":"Powergate 3+ : programmeur personnel et portable pour unit\u00e9 de commande TMAX"}]},{"@type":"WebSite","@id":"https:\/\/magistratiracing.com\/fr\/#website","url":"https:\/\/magistratiracing.com\/fr\/","name":"Magistrati racing","description":"","potentialAction":[{"@type":"SearchAction","target":{"@type":"EntryPoint","urlTemplate":"https:\/\/magistratiracing.com\/fr\/?s={search_term_string}"},"query-input":{"@type":"PropertyValueSpecification","valueRequired":true,"valueName":"search_term_string"}}],"inLanguage":"fr-FR"}]}},"_links":{"self":[{"href":"https:\/\/magistratiracing.com\/fr\/wp-json\/wp\/v2\/product\/12166","targetHints":{"allow":["GET"]}}],"collection":[{"href":"https:\/\/magistratiracing.com\/fr\/wp-json\/wp\/v2\/product"}],"about":[{"href":"https:\/\/magistratiracing.com\/fr\/wp-json\/wp\/v2\/types\/product"}],"replies":[{"embeddable":true,"href":"https:\/\/magistratiracing.com\/fr\/wp-json\/wp\/v2\/comments?post=12166"}],"wp:featuredmedia":[{"embeddable":true,"href":"https:\/\/magistratiracing.com\/fr\/wp-json\/wp\/v2\/media\/12170"}],"wp:attachment":[{"href":"https:\/\/magistratiracing.com\/fr\/wp-json\/wp\/v2\/media?parent=12166"}],"wp:term":[{"taxonomy":"product_brand","embeddable":true,"href":"https:\/\/magistratiracing.com\/fr\/wp-json\/wp\/v2\/product_brand?post=12166"},{"taxonomy":"product_cat","embeddable":true,"href":"https:\/\/magistratiracing.com\/fr\/wp-json\/wp\/v2\/product_cat?post=12166"},{"taxonomy":"product_tag","embeddable":true,"href":"https:\/\/magistratiracing.com\/fr\/wp-json\/wp\/v2\/product_tag?post=12166"}],"curies":[{"name":"wp","href":"https:\/\/api.w.org\/{rel}","templated":true}]}}