{"id":12173,"date":"2025-02-08T15:13:55","date_gmt":"2025-02-08T15:13:55","guid":{"rendered":"https:\/\/magistratiracing.com\/product\/dispositivo-tcs-off-on-by-magistrati-racing-tmax-560-con-levetta\/"},"modified":"2025-05-30T04:49:51","modified_gmt":"2025-05-30T04:49:51","slug":"suppresseur-de-tcs-on-off-pour-tmax-560","status":"publish","type":"product","link":"https:\/\/magistratiracing.com\/fr\/prodotto\/suppresseur-de-tcs-on-off-pour-tmax-560\/","title":{"rendered":"Suppresseur de TCS On\/Off pour TMAX 560"},"content":{"rendered":"<p>Le suppresseur de TCS On\/Off de Magistrati Racing\u00ae est con\u00e7u pour offrir un contr\u00f4le total du syst\u00e8me de contr\u00f4le de traction de votre TMAX 560.<\/p>\n<p>Ce dispositif permet de d\u00e9sactiver de mani\u00e8re permanente le contr\u00f4le de traction lorsque l&#8217;interrupteur est plac\u00e9 sur OFF, permettant ainsi une conduite plus libre et personnalis\u00e9e. Lorsque l&#8217;interrupteur est sur ON, le contr\u00f4le de traction reste toujours actif, garantissant s\u00e9curit\u00e9 et stabilit\u00e9.<\/p>\n<p><strong>Principaux avantages<\/strong><\/p>\n<ul>\n<li><strong>Contr\u00f4le total :<\/strong> possibilit\u00e9 d\u2019activer ou de d\u00e9sactiver le contr\u00f4le de traction selon les besoins.<\/li>\n<li><strong>Facilit\u00e9 d\u2019utilisation :<\/strong> activation simple \u00e0 travers un interrupteur qui permet de passer rapidement de ON \u00e0 OFF.<\/li>\n<li><strong>Conduite personnalis\u00e9e :<\/strong> id\u00e9al pour ceux qui souhaitent avoir une conduite plus dynamique et moins contrainte par la commande \u00e9lectronique.<\/li>\n<li><strong>Compatibilit\u00e9 :<\/strong> con\u00e7u sp\u00e9cifiquement pour TMAX 560 avec connecteur 48 broches.<\/li>\n<\/ul>\n<p><strong>Vid\u00e9o explicative<\/strong><\/p>\n<p>Regardez la vid\u00e9o explicative pour des indications d\u00e9taill\u00e9es sur l\u2019installation du dispositif avec le connecteur \u00e0 48 broches du TMAX 560<\/p>\n<p><a href=\"https:\/\/www.youtube.com\/watch?v=3SrMJLc2sMY&amp;t=37s\" target=\"_blank\" rel=\"noopener\">Regarde la vid\u00e9o ici<\/a><\/p>\n<p>&nbsp;<\/p>\n<p><strong>DISPONIBILIT\u00c9<\/strong><br \/>\nDisponible pour les mod\u00e8les suivants de Tmax : 560 &#8211; 2020\/2024<\/p>\n","protected":false},"excerpt":{"rendered":"<p>Le suppresseur de TCS On\/Off de Magistrati Racing\u00ae est con\u00e7u pour offrir un contr\u00f4le total du syst\u00e8me de contr\u00f4le de traction de votre TMAX 560. Ce dispositif permet de d\u00e9sactiver de mani\u00e8re permanente le contr\u00f4le de traction lorsque l&#8217;interrupteur est plac\u00e9 sur OFF, permettant ainsi une conduite plus libre et personnalis\u00e9e. Lorsque l&#8217;interrupteur est sur [&hellip;]<\/p>\n","protected":false},"featured_media":12144,"comment_status":"open","ping_status":"closed","template":"","meta":[],"product_brand":[],"product_cat":[357,359,358,330,360,331,321,323,322,320,319],"product_tag":[],"class_list":{"0":"post-12173","1":"product","2":"type-product","3":"status-publish","4":"has-post-thumbnail","6":"product_cat-accessori-fr-3","7":"product_cat-accessori-fr-4","8":"product_cat-elettronica-fr-5","9":"product_cat-elettronica-fr","10":"product_cat-elettronica-fr-6","11":"product_cat-elettronica-fr-2","12":"product_cat-tmax-560-2020-2024-fr","13":"product_cat-tmax-560-2020-2024-fr-2","14":"product_cat-tmax-560-2025-fr","15":"product_cat-tmax-aspirato-fr","16":"product_cat-tmax-turbo-fr","17":"product_shipping_class-tcs-on-off-fr","19":"first","20":"instock","21":"shipping-taxable","22":"purchasable","23":"product-type-simple"},"yoast_head":"<!-- This site is optimized with the Yoast SEO plugin v26.8 - https:\/\/yoast.com\/product\/yoast-seo-wordpress\/ -->\n<title>Suppresseur de TCS On\/Off pour TMAX 560 - Magistrati racing<\/title>\n<meta name=\"robots\" content=\"index, follow, max-snippet:-1, max-image-preview:large, max-video-preview:-1\" \/>\n<link rel=\"canonical\" href=\"https:\/\/magistratiracing.com\/fr\/prodotto\/suppresseur-de-tcs-on-off-pour-tmax-560\/\" \/>\n<meta property=\"og:locale\" content=\"fr_FR\" \/>\n<meta property=\"og:type\" content=\"article\" \/>\n<meta property=\"og:title\" content=\"Suppresseur de TCS On\/Off pour TMAX 560 - Magistrati racing\" \/>\n<meta property=\"og:description\" content=\"Le suppresseur de TCS On\/Off de Magistrati Racing\u00ae est con\u00e7u pour offrir un contr\u00f4le total du syst\u00e8me de contr\u00f4le de traction de votre TMAX 560. Ce dispositif permet de d\u00e9sactiver de mani\u00e8re permanente le contr\u00f4le de traction lorsque l&#8217;interrupteur est plac\u00e9 sur OFF, permettant ainsi une conduite plus libre et personnalis\u00e9e. Lorsque l&#8217;interrupteur est sur [&hellip;]\" \/>\n<meta property=\"og:url\" content=\"https:\/\/magistratiracing.com\/fr\/prodotto\/suppresseur-de-tcs-on-off-pour-tmax-560\/\" \/>\n<meta property=\"og:site_name\" content=\"Magistrati racing\" \/>\n<meta property=\"article:modified_time\" content=\"2025-05-30T04:49:51+00:00\" \/>\n<meta property=\"og:image\" content=\"https:\/\/magistratiracing.com\/wp-content\/uploads\/2025\/02\/980x980_dispositivoTCS.jpg\" \/>\n\t<meta property=\"og:image:width\" content=\"980\" \/>\n\t<meta property=\"og:image:height\" content=\"980\" \/>\n\t<meta property=\"og:image:type\" content=\"image\/jpeg\" \/>\n<meta name=\"twitter:card\" content=\"summary_large_image\" \/>\n<meta name=\"twitter:label1\" content=\"Dur\u00e9e de lecture estim\u00e9e\" \/>\n\t<meta name=\"twitter:data1\" content=\"2 minutes\" \/>\n<script type=\"application\/ld+json\" class=\"yoast-schema-graph\">{\"@context\":\"https:\/\/schema.org\",\"@graph\":[{\"@type\":\"WebPage\",\"@id\":\"https:\/\/magistratiracing.com\/fr\/prodotto\/suppresseur-de-tcs-on-off-pour-tmax-560\/\",\"url\":\"https:\/\/magistratiracing.com\/fr\/prodotto\/suppresseur-de-tcs-on-off-pour-tmax-560\/\",\"name\":\"Suppresseur de TCS On\/Off pour TMAX 560 - Magistrati racing\",\"isPartOf\":{\"@id\":\"https:\/\/magistratiracing.com\/fr\/#website\"},\"primaryImageOfPage\":{\"@id\":\"https:\/\/magistratiracing.com\/fr\/prodotto\/suppresseur-de-tcs-on-off-pour-tmax-560\/#primaryimage\"},\"image\":{\"@id\":\"https:\/\/magistratiracing.com\/fr\/prodotto\/suppresseur-de-tcs-on-off-pour-tmax-560\/#primaryimage\"},\"thumbnailUrl\":\"https:\/\/magistratiracing.com\/wp-content\/uploads\/2025\/02\/980x980_dispositivoTCS.jpg\",\"datePublished\":\"2025-02-08T15:13:55+00:00\",\"dateModified\":\"2025-05-30T04:49:51+00:00\",\"breadcrumb\":{\"@id\":\"https:\/\/magistratiracing.com\/fr\/prodotto\/suppresseur-de-tcs-on-off-pour-tmax-560\/#breadcrumb\"},\"inLanguage\":\"fr-FR\",\"potentialAction\":[{\"@type\":\"ReadAction\",\"target\":[\"https:\/\/magistratiracing.com\/fr\/prodotto\/suppresseur-de-tcs-on-off-pour-tmax-560\/\"]}]},{\"@type\":\"ImageObject\",\"inLanguage\":\"fr-FR\",\"@id\":\"https:\/\/magistratiracing.com\/fr\/prodotto\/suppresseur-de-tcs-on-off-pour-tmax-560\/#primaryimage\",\"url\":\"https:\/\/magistratiracing.com\/wp-content\/uploads\/2025\/02\/980x980_dispositivoTCS.jpg\",\"contentUrl\":\"https:\/\/magistratiracing.com\/wp-content\/uploads\/2025\/02\/980x980_dispositivoTCS.jpg\",\"width\":980,\"height\":980},{\"@type\":\"BreadcrumbList\",\"@id\":\"https:\/\/magistratiracing.com\/fr\/prodotto\/suppresseur-de-tcs-on-off-pour-tmax-560\/#breadcrumb\",\"itemListElement\":[{\"@type\":\"ListItem\",\"position\":1,\"name\":\"Home\",\"item\":\"https:\/\/magistratiracing.com\/fr\/\"},{\"@type\":\"ListItem\",\"position\":2,\"name\":\"Shop\",\"item\":\"https:\/\/magistratiracing.com\/fr\/boutique\/\"},{\"@type\":\"ListItem\",\"position\":3,\"name\":\"Suppresseur de TCS On\/Off pour TMAX 560\"}]},{\"@type\":\"WebSite\",\"@id\":\"https:\/\/magistratiracing.com\/fr\/#website\",\"url\":\"https:\/\/magistratiracing.com\/fr\/\",\"name\":\"Magistrati racing\",\"description\":\"\",\"potentialAction\":[{\"@type\":\"SearchAction\",\"target\":{\"@type\":\"EntryPoint\",\"urlTemplate\":\"https:\/\/magistratiracing.com\/fr\/?s={search_term_string}\"},\"query-input\":{\"@type\":\"PropertyValueSpecification\",\"valueRequired\":true,\"valueName\":\"search_term_string\"}}],\"inLanguage\":\"fr-FR\"}]}<\/script>\n<!-- \/ Yoast SEO plugin. -->","yoast_head_json":{"title":"Suppresseur de TCS On\/Off pour TMAX 560 - Magistrati racing","robots":{"index":"index","follow":"follow","max-snippet":"max-snippet:-1","max-image-preview":"max-image-preview:large","max-video-preview":"max-video-preview:-1"},"canonical":"https:\/\/magistratiracing.com\/fr\/prodotto\/suppresseur-de-tcs-on-off-pour-tmax-560\/","og_locale":"fr_FR","og_type":"article","og_title":"Suppresseur de TCS On\/Off pour TMAX 560 - Magistrati racing","og_description":"Le suppresseur de TCS On\/Off de Magistrati Racing\u00ae est con\u00e7u pour offrir un contr\u00f4le total du syst\u00e8me de contr\u00f4le de traction de votre TMAX 560. Ce dispositif permet de d\u00e9sactiver de mani\u00e8re permanente le contr\u00f4le de traction lorsque l&#8217;interrupteur est plac\u00e9 sur OFF, permettant ainsi une conduite plus libre et personnalis\u00e9e. Lorsque l&#8217;interrupteur est sur [&hellip;]","og_url":"https:\/\/magistratiracing.com\/fr\/prodotto\/suppresseur-de-tcs-on-off-pour-tmax-560\/","og_site_name":"Magistrati racing","article_modified_time":"2025-05-30T04:49:51+00:00","og_image":[{"width":980,"height":980,"url":"https:\/\/magistratiracing.com\/wp-content\/uploads\/2025\/02\/980x980_dispositivoTCS.jpg","type":"image\/jpeg"}],"twitter_card":"summary_large_image","twitter_misc":{"Dur\u00e9e de lecture estim\u00e9e":"2 minutes"},"schema":{"@context":"https:\/\/schema.org","@graph":[{"@type":"WebPage","@id":"https:\/\/magistratiracing.com\/fr\/prodotto\/suppresseur-de-tcs-on-off-pour-tmax-560\/","url":"https:\/\/magistratiracing.com\/fr\/prodotto\/suppresseur-de-tcs-on-off-pour-tmax-560\/","name":"Suppresseur de TCS On\/Off pour TMAX 560 - Magistrati racing","isPartOf":{"@id":"https:\/\/magistratiracing.com\/fr\/#website"},"primaryImageOfPage":{"@id":"https:\/\/magistratiracing.com\/fr\/prodotto\/suppresseur-de-tcs-on-off-pour-tmax-560\/#primaryimage"},"image":{"@id":"https:\/\/magistratiracing.com\/fr\/prodotto\/suppresseur-de-tcs-on-off-pour-tmax-560\/#primaryimage"},"thumbnailUrl":"https:\/\/magistratiracing.com\/wp-content\/uploads\/2025\/02\/980x980_dispositivoTCS.jpg","datePublished":"2025-02-08T15:13:55+00:00","dateModified":"2025-05-30T04:49:51+00:00","breadcrumb":{"@id":"https:\/\/magistratiracing.com\/fr\/prodotto\/suppresseur-de-tcs-on-off-pour-tmax-560\/#breadcrumb"},"inLanguage":"fr-FR","potentialAction":[{"@type":"ReadAction","target":["https:\/\/magistratiracing.com\/fr\/prodotto\/suppresseur-de-tcs-on-off-pour-tmax-560\/"]}]},{"@type":"ImageObject","inLanguage":"fr-FR","@id":"https:\/\/magistratiracing.com\/fr\/prodotto\/suppresseur-de-tcs-on-off-pour-tmax-560\/#primaryimage","url":"https:\/\/magistratiracing.com\/wp-content\/uploads\/2025\/02\/980x980_dispositivoTCS.jpg","contentUrl":"https:\/\/magistratiracing.com\/wp-content\/uploads\/2025\/02\/980x980_dispositivoTCS.jpg","width":980,"height":980},{"@type":"BreadcrumbList","@id":"https:\/\/magistratiracing.com\/fr\/prodotto\/suppresseur-de-tcs-on-off-pour-tmax-560\/#breadcrumb","itemListElement":[{"@type":"ListItem","position":1,"name":"Home","item":"https:\/\/magistratiracing.com\/fr\/"},{"@type":"ListItem","position":2,"name":"Shop","item":"https:\/\/magistratiracing.com\/fr\/boutique\/"},{"@type":"ListItem","position":3,"name":"Suppresseur de TCS On\/Off pour TMAX 560"}]},{"@type":"WebSite","@id":"https:\/\/magistratiracing.com\/fr\/#website","url":"https:\/\/magistratiracing.com\/fr\/","name":"Magistrati racing","description":"","potentialAction":[{"@type":"SearchAction","target":{"@type":"EntryPoint","urlTemplate":"https:\/\/magistratiracing.com\/fr\/?s={search_term_string}"},"query-input":{"@type":"PropertyValueSpecification","valueRequired":true,"valueName":"search_term_string"}}],"inLanguage":"fr-FR"}]}},"_links":{"self":[{"href":"https:\/\/magistratiracing.com\/fr\/wp-json\/wp\/v2\/product\/12173","targetHints":{"allow":["GET"]}}],"collection":[{"href":"https:\/\/magistratiracing.com\/fr\/wp-json\/wp\/v2\/product"}],"about":[{"href":"https:\/\/magistratiracing.com\/fr\/wp-json\/wp\/v2\/types\/product"}],"replies":[{"embeddable":true,"href":"https:\/\/magistratiracing.com\/fr\/wp-json\/wp\/v2\/comments?post=12173"}],"wp:featuredmedia":[{"embeddable":true,"href":"https:\/\/magistratiracing.com\/fr\/wp-json\/wp\/v2\/media\/12144"}],"wp:attachment":[{"href":"https:\/\/magistratiracing.com\/fr\/wp-json\/wp\/v2\/media?parent=12173"}],"wp:term":[{"taxonomy":"product_brand","embeddable":true,"href":"https:\/\/magistratiracing.com\/fr\/wp-json\/wp\/v2\/product_brand?post=12173"},{"taxonomy":"product_cat","embeddable":true,"href":"https:\/\/magistratiracing.com\/fr\/wp-json\/wp\/v2\/product_cat?post=12173"},{"taxonomy":"product_tag","embeddable":true,"href":"https:\/\/magistratiracing.com\/fr\/wp-json\/wp\/v2\/product_tag?post=12173"}],"curies":[{"name":"wp","href":"https:\/\/api.w.org\/{rel}","templated":true}]}}