{"id":12194,"date":"2025-02-08T14:10:12","date_gmt":"2025-02-08T14:10:12","guid":{"rendered":"https:\/\/magistratiracing.com\/product\/cornetti-aspirazione-per-corpi-farfallati-maggiorati-37-mm-tmax-530-2017-2019\/"},"modified":"2026-01-01T00:22:19","modified_gmt":"2026-01-01T00:22:19","slug":"cornets-dadmission-pour-corps-de-papillon-ameliores-37-mm-tmax-530-17-19","status":"publish","type":"product","link":"https:\/\/magistratiracing.com\/fr\/prodotto\/cornets-dadmission-pour-corps-de-papillon-ameliores-37-mm-tmax-530-17-19\/","title":{"rendered":"Cornets d\u2019admission pour corps de papillon am\u00e9lior\u00e9s (37 mm) &#8211; TMAX 530 &#8217;17> &#8217;19"},"content":{"rendered":"<p>Les cornets d\u2019admission pour corps de papillon am\u00e9lior\u00e9s\/modifi\u00e9s avec un diam\u00e8tre de 37 mm sont con\u00e7us pour am\u00e9liorer le flux d\u2019air du moteur de votre TMAX 530 2017&gt;2019.<\/p>\n<p>Ces composants optimisent le flux d\u2019air vers le moteur, augmentant les performances et l\u2019efficacit\u00e9 globales.<\/p>\n<p><strong>Principaux avantages<\/strong><\/p>\n<ul>\n<li>Am\u00e9lioration du flux d\u2019air : optimisent le remplissage du moteur, am\u00e9liorant le flux d\u2019air et l\u2019efficacit\u00e9 de la combustion.<\/li>\n<li>Performances augment\u00e9es : augmentent la puissance et la r\u00e9activit\u00e9 du moteur, id\u00e9al pour ceux qui recherchent des performances sup\u00e9rieures.<\/li>\n<li>Compatibilit\u00e9 : con\u00e7us sp\u00e9cifiquement pour TMAX 530 avec corps de papillon am\u00e9lior\u00e9s\/modifi\u00e9s de 37 mm de diam\u00e8tre.<\/li>\n<li>Qualit\u00e9 de fabrication : fabriqu\u00e9s \u00e0 partir de mat\u00e9riaux de haute qualit\u00e9 pour garantir dur\u00e9e et fiabilit\u00e9.<\/li>\n<\/ul>\n","protected":false},"excerpt":{"rendered":"<p>Les cornets d\u2019admission pour corps de papillon am\u00e9lior\u00e9s\/modifi\u00e9s avec un diam\u00e8tre de 37 mm sont con\u00e7us pour am\u00e9liorer le flux d\u2019air du moteur de votre TMAX 530 2017&gt;2019. Ces composants optimisent le flux d\u2019air vers le moteur, augmentant les performances et l\u2019efficacit\u00e9 globales. Principaux avantages Am\u00e9lioration du flux d\u2019air : optimisent le remplissage du moteur, [&hellip;]<\/p>\n","protected":false},"featured_media":12192,"comment_status":"open","ping_status":"closed","template":"","meta":[],"product_brand":[],"product_cat":[384,338,320],"product_tag":[],"class_list":{"0":"post-12194","1":"product","2":"type-product","3":"status-publish","4":"has-post-thumbnail","6":"product_cat-aspirazione-fr-6","7":"product_cat-tmax-530-2017-2019-fr-2","8":"product_cat-tmax-aspirato-fr","9":"product_shipping_class-cornetti-metallo-fr","11":"first","12":"instock","13":"shipping-taxable","14":"purchasable","15":"product-type-simple"},"yoast_head":"<!-- This site is optimized with the Yoast SEO plugin v26.8 - https:\/\/yoast.com\/product\/yoast-seo-wordpress\/ -->\n<title>Cornets d\u2019admission pour corps de papillon am\u00e9lior\u00e9s (37 mm) - TMAX 530 &#039;17&gt; &#039;19 - Magistrati racing<\/title>\n<meta name=\"robots\" content=\"index, follow, max-snippet:-1, max-image-preview:large, max-video-preview:-1\" \/>\n<link rel=\"canonical\" href=\"https:\/\/magistratiracing.com\/fr\/prodotto\/cornets-dadmission-pour-corps-de-papillon-ameliores-37-mm-tmax-530-17-19\/\" \/>\n<meta property=\"og:locale\" content=\"fr_FR\" \/>\n<meta property=\"og:type\" content=\"article\" \/>\n<meta property=\"og:title\" content=\"Cornets d\u2019admission pour corps de papillon am\u00e9lior\u00e9s (37 mm) - TMAX 530 &#039;17&gt; &#039;19 - Magistrati racing\" \/>\n<meta property=\"og:description\" content=\"Les cornets d\u2019admission pour corps de papillon am\u00e9lior\u00e9s\/modifi\u00e9s avec un diam\u00e8tre de 37 mm sont con\u00e7us pour am\u00e9liorer le flux d\u2019air du moteur de votre TMAX 530 2017&gt;2019. Ces composants optimisent le flux d\u2019air vers le moteur, augmentant les performances et l\u2019efficacit\u00e9 globales. Principaux avantages Am\u00e9lioration du flux d\u2019air : optimisent le remplissage du moteur, [&hellip;]\" \/>\n<meta property=\"og:url\" content=\"https:\/\/magistratiracing.com\/fr\/prodotto\/cornets-dadmission-pour-corps-de-papillon-ameliores-37-mm-tmax-530-17-19\/\" \/>\n<meta property=\"og:site_name\" content=\"Magistrati racing\" \/>\n<meta property=\"article:modified_time\" content=\"2026-01-01T00:22:19+00:00\" \/>\n<meta property=\"og:image\" content=\"https:\/\/magistratiracing.com\/wp-content\/uploads\/2025\/02\/980x980_corpifarfallati_2.jpg\" \/>\n\t<meta property=\"og:image:width\" content=\"980\" \/>\n\t<meta property=\"og:image:height\" content=\"980\" \/>\n\t<meta property=\"og:image:type\" content=\"image\/jpeg\" \/>\n<meta name=\"twitter:card\" content=\"summary_large_image\" \/>\n<meta name=\"twitter:label1\" content=\"Dur\u00e9e de lecture estim\u00e9e\" \/>\n\t<meta name=\"twitter:data1\" content=\"1 minute\" \/>\n<script type=\"application\/ld+json\" class=\"yoast-schema-graph\">{\"@context\":\"https:\/\/schema.org\",\"@graph\":[{\"@type\":\"WebPage\",\"@id\":\"https:\/\/magistratiracing.com\/fr\/prodotto\/cornets-dadmission-pour-corps-de-papillon-ameliores-37-mm-tmax-530-17-19\/\",\"url\":\"https:\/\/magistratiracing.com\/fr\/prodotto\/cornets-dadmission-pour-corps-de-papillon-ameliores-37-mm-tmax-530-17-19\/\",\"name\":\"Cornets d\u2019admission pour corps de papillon am\u00e9lior\u00e9s (37 mm) - TMAX 530 '17> '19 - Magistrati racing\",\"isPartOf\":{\"@id\":\"https:\/\/magistratiracing.com\/fr\/#website\"},\"primaryImageOfPage\":{\"@id\":\"https:\/\/magistratiracing.com\/fr\/prodotto\/cornets-dadmission-pour-corps-de-papillon-ameliores-37-mm-tmax-530-17-19\/#primaryimage\"},\"image\":{\"@id\":\"https:\/\/magistratiracing.com\/fr\/prodotto\/cornets-dadmission-pour-corps-de-papillon-ameliores-37-mm-tmax-530-17-19\/#primaryimage\"},\"thumbnailUrl\":\"https:\/\/magistratiracing.com\/wp-content\/uploads\/2025\/02\/980x980_corpifarfallati_2.jpg\",\"datePublished\":\"2025-02-08T14:10:12+00:00\",\"dateModified\":\"2026-01-01T00:22:19+00:00\",\"breadcrumb\":{\"@id\":\"https:\/\/magistratiracing.com\/fr\/prodotto\/cornets-dadmission-pour-corps-de-papillon-ameliores-37-mm-tmax-530-17-19\/#breadcrumb\"},\"inLanguage\":\"fr-FR\",\"potentialAction\":[{\"@type\":\"ReadAction\",\"target\":[\"https:\/\/magistratiracing.com\/fr\/prodotto\/cornets-dadmission-pour-corps-de-papillon-ameliores-37-mm-tmax-530-17-19\/\"]}]},{\"@type\":\"ImageObject\",\"inLanguage\":\"fr-FR\",\"@id\":\"https:\/\/magistratiracing.com\/fr\/prodotto\/cornets-dadmission-pour-corps-de-papillon-ameliores-37-mm-tmax-530-17-19\/#primaryimage\",\"url\":\"https:\/\/magistratiracing.com\/wp-content\/uploads\/2025\/02\/980x980_corpifarfallati_2.jpg\",\"contentUrl\":\"https:\/\/magistratiracing.com\/wp-content\/uploads\/2025\/02\/980x980_corpifarfallati_2.jpg\",\"width\":980,\"height\":980},{\"@type\":\"BreadcrumbList\",\"@id\":\"https:\/\/magistratiracing.com\/fr\/prodotto\/cornets-dadmission-pour-corps-de-papillon-ameliores-37-mm-tmax-530-17-19\/#breadcrumb\",\"itemListElement\":[{\"@type\":\"ListItem\",\"position\":1,\"name\":\"Home\",\"item\":\"https:\/\/magistratiracing.com\/fr\/\"},{\"@type\":\"ListItem\",\"position\":2,\"name\":\"Shop\",\"item\":\"https:\/\/magistratiracing.com\/fr\/boutique\/\"},{\"@type\":\"ListItem\",\"position\":3,\"name\":\"Cornets d\u2019admission pour corps de papillon am\u00e9lior\u00e9s (37 mm) &#8211; TMAX 530 &#8217;17> &#8217;19\"}]},{\"@type\":\"WebSite\",\"@id\":\"https:\/\/magistratiracing.com\/fr\/#website\",\"url\":\"https:\/\/magistratiracing.com\/fr\/\",\"name\":\"Magistrati racing\",\"description\":\"\",\"potentialAction\":[{\"@type\":\"SearchAction\",\"target\":{\"@type\":\"EntryPoint\",\"urlTemplate\":\"https:\/\/magistratiracing.com\/fr\/?s={search_term_string}\"},\"query-input\":{\"@type\":\"PropertyValueSpecification\",\"valueRequired\":true,\"valueName\":\"search_term_string\"}}],\"inLanguage\":\"fr-FR\"}]}<\/script>\n<!-- \/ Yoast SEO plugin. -->","yoast_head_json":{"title":"Cornets d\u2019admission pour corps de papillon am\u00e9lior\u00e9s (37 mm) - TMAX 530 '17> '19 - Magistrati racing","robots":{"index":"index","follow":"follow","max-snippet":"max-snippet:-1","max-image-preview":"max-image-preview:large","max-video-preview":"max-video-preview:-1"},"canonical":"https:\/\/magistratiracing.com\/fr\/prodotto\/cornets-dadmission-pour-corps-de-papillon-ameliores-37-mm-tmax-530-17-19\/","og_locale":"fr_FR","og_type":"article","og_title":"Cornets d\u2019admission pour corps de papillon am\u00e9lior\u00e9s (37 mm) - TMAX 530 '17> '19 - Magistrati racing","og_description":"Les cornets d\u2019admission pour corps de papillon am\u00e9lior\u00e9s\/modifi\u00e9s avec un diam\u00e8tre de 37 mm sont con\u00e7us pour am\u00e9liorer le flux d\u2019air du moteur de votre TMAX 530 2017&gt;2019. Ces composants optimisent le flux d\u2019air vers le moteur, augmentant les performances et l\u2019efficacit\u00e9 globales. Principaux avantages Am\u00e9lioration du flux d\u2019air : optimisent le remplissage du moteur, [&hellip;]","og_url":"https:\/\/magistratiracing.com\/fr\/prodotto\/cornets-dadmission-pour-corps-de-papillon-ameliores-37-mm-tmax-530-17-19\/","og_site_name":"Magistrati racing","article_modified_time":"2026-01-01T00:22:19+00:00","og_image":[{"width":980,"height":980,"url":"https:\/\/magistratiracing.com\/wp-content\/uploads\/2025\/02\/980x980_corpifarfallati_2.jpg","type":"image\/jpeg"}],"twitter_card":"summary_large_image","twitter_misc":{"Dur\u00e9e de lecture estim\u00e9e":"1 minute"},"schema":{"@context":"https:\/\/schema.org","@graph":[{"@type":"WebPage","@id":"https:\/\/magistratiracing.com\/fr\/prodotto\/cornets-dadmission-pour-corps-de-papillon-ameliores-37-mm-tmax-530-17-19\/","url":"https:\/\/magistratiracing.com\/fr\/prodotto\/cornets-dadmission-pour-corps-de-papillon-ameliores-37-mm-tmax-530-17-19\/","name":"Cornets d\u2019admission pour corps de papillon am\u00e9lior\u00e9s (37 mm) - TMAX 530 '17> '19 - Magistrati racing","isPartOf":{"@id":"https:\/\/magistratiracing.com\/fr\/#website"},"primaryImageOfPage":{"@id":"https:\/\/magistratiracing.com\/fr\/prodotto\/cornets-dadmission-pour-corps-de-papillon-ameliores-37-mm-tmax-530-17-19\/#primaryimage"},"image":{"@id":"https:\/\/magistratiracing.com\/fr\/prodotto\/cornets-dadmission-pour-corps-de-papillon-ameliores-37-mm-tmax-530-17-19\/#primaryimage"},"thumbnailUrl":"https:\/\/magistratiracing.com\/wp-content\/uploads\/2025\/02\/980x980_corpifarfallati_2.jpg","datePublished":"2025-02-08T14:10:12+00:00","dateModified":"2026-01-01T00:22:19+00:00","breadcrumb":{"@id":"https:\/\/magistratiracing.com\/fr\/prodotto\/cornets-dadmission-pour-corps-de-papillon-ameliores-37-mm-tmax-530-17-19\/#breadcrumb"},"inLanguage":"fr-FR","potentialAction":[{"@type":"ReadAction","target":["https:\/\/magistratiracing.com\/fr\/prodotto\/cornets-dadmission-pour-corps-de-papillon-ameliores-37-mm-tmax-530-17-19\/"]}]},{"@type":"ImageObject","inLanguage":"fr-FR","@id":"https:\/\/magistratiracing.com\/fr\/prodotto\/cornets-dadmission-pour-corps-de-papillon-ameliores-37-mm-tmax-530-17-19\/#primaryimage","url":"https:\/\/magistratiracing.com\/wp-content\/uploads\/2025\/02\/980x980_corpifarfallati_2.jpg","contentUrl":"https:\/\/magistratiracing.com\/wp-content\/uploads\/2025\/02\/980x980_corpifarfallati_2.jpg","width":980,"height":980},{"@type":"BreadcrumbList","@id":"https:\/\/magistratiracing.com\/fr\/prodotto\/cornets-dadmission-pour-corps-de-papillon-ameliores-37-mm-tmax-530-17-19\/#breadcrumb","itemListElement":[{"@type":"ListItem","position":1,"name":"Home","item":"https:\/\/magistratiracing.com\/fr\/"},{"@type":"ListItem","position":2,"name":"Shop","item":"https:\/\/magistratiracing.com\/fr\/boutique\/"},{"@type":"ListItem","position":3,"name":"Cornets d\u2019admission pour corps de papillon am\u00e9lior\u00e9s (37 mm) &#8211; TMAX 530 &#8217;17> &#8217;19"}]},{"@type":"WebSite","@id":"https:\/\/magistratiracing.com\/fr\/#website","url":"https:\/\/magistratiracing.com\/fr\/","name":"Magistrati racing","description":"","potentialAction":[{"@type":"SearchAction","target":{"@type":"EntryPoint","urlTemplate":"https:\/\/magistratiracing.com\/fr\/?s={search_term_string}"},"query-input":{"@type":"PropertyValueSpecification","valueRequired":true,"valueName":"search_term_string"}}],"inLanguage":"fr-FR"}]}},"_links":{"self":[{"href":"https:\/\/magistratiracing.com\/fr\/wp-json\/wp\/v2\/product\/12194","targetHints":{"allow":["GET"]}}],"collection":[{"href":"https:\/\/magistratiracing.com\/fr\/wp-json\/wp\/v2\/product"}],"about":[{"href":"https:\/\/magistratiracing.com\/fr\/wp-json\/wp\/v2\/types\/product"}],"replies":[{"embeddable":true,"href":"https:\/\/magistratiracing.com\/fr\/wp-json\/wp\/v2\/comments?post=12194"}],"wp:featuredmedia":[{"embeddable":true,"href":"https:\/\/magistratiracing.com\/fr\/wp-json\/wp\/v2\/media\/12192"}],"wp:attachment":[{"href":"https:\/\/magistratiracing.com\/fr\/wp-json\/wp\/v2\/media?parent=12194"}],"wp:term":[{"taxonomy":"product_brand","embeddable":true,"href":"https:\/\/magistratiracing.com\/fr\/wp-json\/wp\/v2\/product_brand?post=12194"},{"taxonomy":"product_cat","embeddable":true,"href":"https:\/\/magistratiracing.com\/fr\/wp-json\/wp\/v2\/product_cat?post=12194"},{"taxonomy":"product_tag","embeddable":true,"href":"https:\/\/magistratiracing.com\/fr\/wp-json\/wp\/v2\/product_tag?post=12194"}],"curies":[{"name":"wp","href":"https:\/\/api.w.org\/{rel}","templated":true}]}}