{"id":12195,"date":"2025-02-10T15:08:54","date_gmt":"2025-02-10T15:08:54","guid":{"rendered":"https:\/\/magistratiracing.com\/product\/intercooler-alto-scambio-termico-per-tmax-530-2012-2016-magistrati-racing\/"},"modified":"2025-05-29T21:47:11","modified_gmt":"2025-05-29T21:47:11","slug":"echangeur-gros-volume-pour-tmax-530-2012-2016-magistrati-racing","status":"publish","type":"product","link":"https:\/\/magistratiracing.com\/fr\/prodotto\/echangeur-gros-volume-pour-tmax-530-2012-2016-magistrati-racing\/","title":{"rendered":"\u00c9changeur gros volume pour TMAX 530 2012-2016 | Magistrati Racing\u00ae"},"content":{"rendered":"<p>L\u2019\u00e9changeur gros volume de Magistrati Racing est un composant essentiel pour am\u00e9liorer les performances des moteurs turbo du TMAX.<\/p>\n<p>Con\u00e7u pour refroidir l\u2019air comprim\u00e9 provenant du turbocompresseur avant que celui-ci n\u2019entre dans les cylindres du moteur, ce processus r\u00e9duit consid\u00e9rablement la temp\u00e9rature de l\u2019air, augmentant sa densit\u00e9 et permettant une plus grande quantit\u00e9 d\u2019oxyg\u00e8ne dans l\u2019air aspir\u00e9.<\/p>\n<p><strong>Principaux avantages<\/strong><\/p>\n<ul>\n<li>Une meilleure combustion : l\u2019augmentation de la densit\u00e9 de l\u2019air garantit une combustion plus efficace et puissante.<\/li>\n<li>Une plus grande puissance : augmente la puissance du moteur, fournissant davantage de chevaux gr\u00e2ce \u00e0 une meilleure distribution de puissance.<\/li>\n<li>R\u00e9duction de la d\u00e9tonation : r\u00e9duit la possibilit\u00e9 de d\u00e9tonation du moteur (cognement), prot\u00e9geant ainsi le moteur.<\/li>\n<\/ul>\n<p><strong>Pourquoi choisir l\u2019\u00e9changeur Magistrati Racing ?<\/strong><\/p>\n<ul>\n<li>Performances \u00e9prouv\u00e9es : cet \u00e9changeur a \u00e9t\u00e9 test\u00e9 et utilis\u00e9 sur les kits turbo Magistrati Racing, atteignant 160 CV r\u00e9els \u00e0 la roue, donnant lieu \u00e0 d\u2019excellents r\u00e9sultats pendant des ann\u00e9es d&#8217;utilisation.<\/li>\n<li>Adaptabilit\u00e9 : con\u00e7u sp\u00e9cifiquement pour le TMAX 530 de 2012 \u00e0 2016, peut \u00eatre mont\u00e9 sans qu\u2019il soit n\u00e9cessaire de d\u00e9placer ou de couper le support d\u2019origine du radiateur.<\/li>\n<li>Qualit\u00e9 garantie : une fois les tests de puissance extr\u00eame r\u00e9ussis, il est conseill\u00e9 tant pour ceux qui souhaitent se lancer dans la production de kits turbo que pour ceux qui souhaitent remplacer l\u2019\u00e9changeur actuel de leur propre TMAX.<\/li>\n<\/ul>\n<p><strong>COMPOSITION PRODUIT<\/strong><br \/>\nL\u2019\u00e9changeur est vendu seul, sans manchons ni colliers.<br \/>\nL\u2019utilisation est individuelle et subjective et les besoins concernant les accessoires mentionn\u00e9s ci-dessus sont tout aussi variables.<\/p>\n","protected":false},"excerpt":{"rendered":"<p>L\u2019\u00e9changeur gros volume de Magistrati Racing est un composant essentiel pour am\u00e9liorer les performances des moteurs turbo du TMAX. Con\u00e7u pour refroidir l\u2019air comprim\u00e9 provenant du turbocompresseur avant que celui-ci n\u2019entre dans les cylindres du moteur, ce processus r\u00e9duit consid\u00e9rablement la temp\u00e9rature de l\u2019air, augmentant sa densit\u00e9 et permettant une plus grande quantit\u00e9 d\u2019oxyg\u00e8ne dans [&hellip;]<\/p>\n","protected":false},"featured_media":12196,"comment_status":"open","ping_status":"closed","template":"","meta":[],"product_brand":[],"product_cat":[369,385,334,319],"product_tag":[],"class_list":{"0":"post-12195","1":"product","2":"type-product","3":"status-publish","4":"has-post-thumbnail","6":"product_cat-accessori-fr-5","7":"product_cat-aspirazione-fr-7","8":"product_cat-tmax-530-2012-2016-fr","9":"product_cat-tmax-turbo-fr","10":"product_shipping_class-intercooler-alto-scambio-fr","12":"first","13":"instock","14":"sale","15":"shipping-taxable","16":"purchasable","17":"product-type-simple"},"yoast_head":"<!-- This site is optimized with the Yoast SEO plugin v26.8 - https:\/\/yoast.com\/product\/yoast-seo-wordpress\/ -->\n<title>\u00c9changeur gros volume pour TMAX 530 2012-2016 | Magistrati Racing\u00ae - Magistrati racing<\/title>\n<meta name=\"robots\" content=\"index, follow, max-snippet:-1, max-image-preview:large, max-video-preview:-1\" \/>\n<link rel=\"canonical\" href=\"https:\/\/magistratiracing.com\/fr\/prodotto\/echangeur-gros-volume-pour-tmax-530-2012-2016-magistrati-racing\/\" \/>\n<meta property=\"og:locale\" content=\"fr_FR\" \/>\n<meta property=\"og:type\" content=\"article\" \/>\n<meta property=\"og:title\" content=\"\u00c9changeur gros volume pour TMAX 530 2012-2016 | Magistrati Racing\u00ae - Magistrati racing\" \/>\n<meta property=\"og:description\" content=\"L\u2019\u00e9changeur gros volume de Magistrati Racing est un composant essentiel pour am\u00e9liorer les performances des moteurs turbo du TMAX. Con\u00e7u pour refroidir l\u2019air comprim\u00e9 provenant du turbocompresseur avant que celui-ci n\u2019entre dans les cylindres du moteur, ce processus r\u00e9duit consid\u00e9rablement la temp\u00e9rature de l\u2019air, augmentant sa densit\u00e9 et permettant une plus grande quantit\u00e9 d\u2019oxyg\u00e8ne dans [&hellip;]\" \/>\n<meta property=\"og:url\" content=\"https:\/\/magistratiracing.com\/fr\/prodotto\/echangeur-gros-volume-pour-tmax-530-2012-2016-magistrati-racing\/\" \/>\n<meta property=\"og:site_name\" content=\"Magistrati racing\" \/>\n<meta property=\"article:modified_time\" content=\"2025-05-29T21:47:11+00:00\" \/>\n<meta property=\"og:image\" content=\"https:\/\/magistratiracing.com\/wp-content\/uploads\/2025\/02\/980x980_intercooler_1.jpg\" \/>\n\t<meta property=\"og:image:width\" content=\"980\" \/>\n\t<meta property=\"og:image:height\" content=\"980\" \/>\n\t<meta property=\"og:image:type\" content=\"image\/jpeg\" \/>\n<meta name=\"twitter:card\" content=\"summary_large_image\" \/>\n<meta name=\"twitter:label1\" content=\"Dur\u00e9e de lecture estim\u00e9e\" \/>\n\t<meta name=\"twitter:data1\" content=\"2 minutes\" \/>\n<script type=\"application\/ld+json\" class=\"yoast-schema-graph\">{\"@context\":\"https:\/\/schema.org\",\"@graph\":[{\"@type\":\"WebPage\",\"@id\":\"https:\/\/magistratiracing.com\/fr\/prodotto\/echangeur-gros-volume-pour-tmax-530-2012-2016-magistrati-racing\/\",\"url\":\"https:\/\/magistratiracing.com\/fr\/prodotto\/echangeur-gros-volume-pour-tmax-530-2012-2016-magistrati-racing\/\",\"name\":\"\u00c9changeur gros volume pour TMAX 530 2012-2016 | Magistrati Racing\u00ae - Magistrati racing\",\"isPartOf\":{\"@id\":\"https:\/\/magistratiracing.com\/fr\/#website\"},\"primaryImageOfPage\":{\"@id\":\"https:\/\/magistratiracing.com\/fr\/prodotto\/echangeur-gros-volume-pour-tmax-530-2012-2016-magistrati-racing\/#primaryimage\"},\"image\":{\"@id\":\"https:\/\/magistratiracing.com\/fr\/prodotto\/echangeur-gros-volume-pour-tmax-530-2012-2016-magistrati-racing\/#primaryimage\"},\"thumbnailUrl\":\"https:\/\/magistratiracing.com\/wp-content\/uploads\/2025\/02\/980x980_intercooler_1.jpg\",\"datePublished\":\"2025-02-10T15:08:54+00:00\",\"dateModified\":\"2025-05-29T21:47:11+00:00\",\"breadcrumb\":{\"@id\":\"https:\/\/magistratiracing.com\/fr\/prodotto\/echangeur-gros-volume-pour-tmax-530-2012-2016-magistrati-racing\/#breadcrumb\"},\"inLanguage\":\"fr-FR\",\"potentialAction\":[{\"@type\":\"ReadAction\",\"target\":[\"https:\/\/magistratiracing.com\/fr\/prodotto\/echangeur-gros-volume-pour-tmax-530-2012-2016-magistrati-racing\/\"]}]},{\"@type\":\"ImageObject\",\"inLanguage\":\"fr-FR\",\"@id\":\"https:\/\/magistratiracing.com\/fr\/prodotto\/echangeur-gros-volume-pour-tmax-530-2012-2016-magistrati-racing\/#primaryimage\",\"url\":\"https:\/\/magistratiracing.com\/wp-content\/uploads\/2025\/02\/980x980_intercooler_1.jpg\",\"contentUrl\":\"https:\/\/magistratiracing.com\/wp-content\/uploads\/2025\/02\/980x980_intercooler_1.jpg\",\"width\":980,\"height\":980},{\"@type\":\"BreadcrumbList\",\"@id\":\"https:\/\/magistratiracing.com\/fr\/prodotto\/echangeur-gros-volume-pour-tmax-530-2012-2016-magistrati-racing\/#breadcrumb\",\"itemListElement\":[{\"@type\":\"ListItem\",\"position\":1,\"name\":\"Home\",\"item\":\"https:\/\/magistratiracing.com\/fr\/\"},{\"@type\":\"ListItem\",\"position\":2,\"name\":\"Shop\",\"item\":\"https:\/\/magistratiracing.com\/fr\/boutique\/\"},{\"@type\":\"ListItem\",\"position\":3,\"name\":\"\u00c9changeur gros volume pour TMAX 530 2012-2016 | Magistrati Racing\u00ae\"}]},{\"@type\":\"WebSite\",\"@id\":\"https:\/\/magistratiracing.com\/fr\/#website\",\"url\":\"https:\/\/magistratiracing.com\/fr\/\",\"name\":\"Magistrati racing\",\"description\":\"\",\"potentialAction\":[{\"@type\":\"SearchAction\",\"target\":{\"@type\":\"EntryPoint\",\"urlTemplate\":\"https:\/\/magistratiracing.com\/fr\/?s={search_term_string}\"},\"query-input\":{\"@type\":\"PropertyValueSpecification\",\"valueRequired\":true,\"valueName\":\"search_term_string\"}}],\"inLanguage\":\"fr-FR\"}]}<\/script>\n<!-- \/ Yoast SEO plugin. -->","yoast_head_json":{"title":"\u00c9changeur gros volume pour TMAX 530 2012-2016 | Magistrati Racing\u00ae - Magistrati racing","robots":{"index":"index","follow":"follow","max-snippet":"max-snippet:-1","max-image-preview":"max-image-preview:large","max-video-preview":"max-video-preview:-1"},"canonical":"https:\/\/magistratiracing.com\/fr\/prodotto\/echangeur-gros-volume-pour-tmax-530-2012-2016-magistrati-racing\/","og_locale":"fr_FR","og_type":"article","og_title":"\u00c9changeur gros volume pour TMAX 530 2012-2016 | Magistrati Racing\u00ae - Magistrati racing","og_description":"L\u2019\u00e9changeur gros volume de Magistrati Racing est un composant essentiel pour am\u00e9liorer les performances des moteurs turbo du TMAX. Con\u00e7u pour refroidir l\u2019air comprim\u00e9 provenant du turbocompresseur avant que celui-ci n\u2019entre dans les cylindres du moteur, ce processus r\u00e9duit consid\u00e9rablement la temp\u00e9rature de l\u2019air, augmentant sa densit\u00e9 et permettant une plus grande quantit\u00e9 d\u2019oxyg\u00e8ne dans [&hellip;]","og_url":"https:\/\/magistratiracing.com\/fr\/prodotto\/echangeur-gros-volume-pour-tmax-530-2012-2016-magistrati-racing\/","og_site_name":"Magistrati racing","article_modified_time":"2025-05-29T21:47:11+00:00","og_image":[{"width":980,"height":980,"url":"https:\/\/magistratiracing.com\/wp-content\/uploads\/2025\/02\/980x980_intercooler_1.jpg","type":"image\/jpeg"}],"twitter_card":"summary_large_image","twitter_misc":{"Dur\u00e9e de lecture estim\u00e9e":"2 minutes"},"schema":{"@context":"https:\/\/schema.org","@graph":[{"@type":"WebPage","@id":"https:\/\/magistratiracing.com\/fr\/prodotto\/echangeur-gros-volume-pour-tmax-530-2012-2016-magistrati-racing\/","url":"https:\/\/magistratiracing.com\/fr\/prodotto\/echangeur-gros-volume-pour-tmax-530-2012-2016-magistrati-racing\/","name":"\u00c9changeur gros volume pour TMAX 530 2012-2016 | Magistrati Racing\u00ae - Magistrati racing","isPartOf":{"@id":"https:\/\/magistratiracing.com\/fr\/#website"},"primaryImageOfPage":{"@id":"https:\/\/magistratiracing.com\/fr\/prodotto\/echangeur-gros-volume-pour-tmax-530-2012-2016-magistrati-racing\/#primaryimage"},"image":{"@id":"https:\/\/magistratiracing.com\/fr\/prodotto\/echangeur-gros-volume-pour-tmax-530-2012-2016-magistrati-racing\/#primaryimage"},"thumbnailUrl":"https:\/\/magistratiracing.com\/wp-content\/uploads\/2025\/02\/980x980_intercooler_1.jpg","datePublished":"2025-02-10T15:08:54+00:00","dateModified":"2025-05-29T21:47:11+00:00","breadcrumb":{"@id":"https:\/\/magistratiracing.com\/fr\/prodotto\/echangeur-gros-volume-pour-tmax-530-2012-2016-magistrati-racing\/#breadcrumb"},"inLanguage":"fr-FR","potentialAction":[{"@type":"ReadAction","target":["https:\/\/magistratiracing.com\/fr\/prodotto\/echangeur-gros-volume-pour-tmax-530-2012-2016-magistrati-racing\/"]}]},{"@type":"ImageObject","inLanguage":"fr-FR","@id":"https:\/\/magistratiracing.com\/fr\/prodotto\/echangeur-gros-volume-pour-tmax-530-2012-2016-magistrati-racing\/#primaryimage","url":"https:\/\/magistratiracing.com\/wp-content\/uploads\/2025\/02\/980x980_intercooler_1.jpg","contentUrl":"https:\/\/magistratiracing.com\/wp-content\/uploads\/2025\/02\/980x980_intercooler_1.jpg","width":980,"height":980},{"@type":"BreadcrumbList","@id":"https:\/\/magistratiracing.com\/fr\/prodotto\/echangeur-gros-volume-pour-tmax-530-2012-2016-magistrati-racing\/#breadcrumb","itemListElement":[{"@type":"ListItem","position":1,"name":"Home","item":"https:\/\/magistratiracing.com\/fr\/"},{"@type":"ListItem","position":2,"name":"Shop","item":"https:\/\/magistratiracing.com\/fr\/boutique\/"},{"@type":"ListItem","position":3,"name":"\u00c9changeur gros volume pour TMAX 530 2012-2016 | Magistrati Racing\u00ae"}]},{"@type":"WebSite","@id":"https:\/\/magistratiracing.com\/fr\/#website","url":"https:\/\/magistratiracing.com\/fr\/","name":"Magistrati racing","description":"","potentialAction":[{"@type":"SearchAction","target":{"@type":"EntryPoint","urlTemplate":"https:\/\/magistratiracing.com\/fr\/?s={search_term_string}"},"query-input":{"@type":"PropertyValueSpecification","valueRequired":true,"valueName":"search_term_string"}}],"inLanguage":"fr-FR"}]}},"_links":{"self":[{"href":"https:\/\/magistratiracing.com\/fr\/wp-json\/wp\/v2\/product\/12195","targetHints":{"allow":["GET"]}}],"collection":[{"href":"https:\/\/magistratiracing.com\/fr\/wp-json\/wp\/v2\/product"}],"about":[{"href":"https:\/\/magistratiracing.com\/fr\/wp-json\/wp\/v2\/types\/product"}],"replies":[{"embeddable":true,"href":"https:\/\/magistratiracing.com\/fr\/wp-json\/wp\/v2\/comments?post=12195"}],"wp:featuredmedia":[{"embeddable":true,"href":"https:\/\/magistratiracing.com\/fr\/wp-json\/wp\/v2\/media\/12196"}],"wp:attachment":[{"href":"https:\/\/magistratiracing.com\/fr\/wp-json\/wp\/v2\/media?parent=12195"}],"wp:term":[{"taxonomy":"product_brand","embeddable":true,"href":"https:\/\/magistratiracing.com\/fr\/wp-json\/wp\/v2\/product_brand?post=12195"},{"taxonomy":"product_cat","embeddable":true,"href":"https:\/\/magistratiracing.com\/fr\/wp-json\/wp\/v2\/product_cat?post=12195"},{"taxonomy":"product_tag","embeddable":true,"href":"https:\/\/magistratiracing.com\/fr\/wp-json\/wp\/v2\/product_tag?post=12195"}],"curies":[{"name":"wp","href":"https:\/\/api.w.org\/{rel}","templated":true}]}}