{"id":12208,"date":"2025-02-10T15:53:01","date_gmt":"2025-02-10T15:53:01","guid":{"rendered":"https:\/\/magistratiracing.com\/product\/filtro-dellaria-per-tmax-530-turbo\/"},"modified":"2025-05-29T22:03:40","modified_gmt":"2025-05-29T22:03:40","slug":"filtre-a-air-pour-tmax-530-turbo","status":"publish","type":"product","link":"https:\/\/magistratiracing.com\/fr\/prodotto\/filtre-a-air-pour-tmax-530-turbo\/","title":{"rendered":"Filtre \u00e0 air pour TMAX 530 turbo"},"content":{"rendered":"<p>Optimisez les performances de votre Yamaha TMAX 530 avec notre filtre \u00e0 air sp\u00e9cifique pour les moteurs Turbo.<br \/>\nCon\u00e7u pour maximiser le flux d\u2019air et am\u00e9liorer l\u2019efficacit\u00e9 du moteur, ce filtre offre une protection sup\u00e9rieure contre les poussi\u00e8res et particules, garantissant une combustion plus propre et puissante.<br \/>\nFaites l\u2019exp\u00e9rience d&#8217;une augmentation de puissance et d&#8217;une long\u00e9vit\u00e9 accrue avec le filtre \u00e0 air de Magistrati Racing. Id\u00e9al pour ceux qui recherchent des performances \u00e9lev\u00e9es et une fiabilit\u00e9 sans compromis.<\/p>\n","protected":false},"excerpt":{"rendered":"<p>Optimisez les performances de votre Yamaha TMAX 530 avec notre filtre \u00e0 air sp\u00e9cifique pour les moteurs Turbo. Con\u00e7u pour maximiser le flux d\u2019air et am\u00e9liorer l\u2019efficacit\u00e9 du moteur, ce filtre offre une protection sup\u00e9rieure contre les poussi\u00e8res et particules, garantissant une combustion plus propre et puissante. Faites l\u2019exp\u00e9rience d&#8217;une augmentation de puissance et d&#8217;une [&hellip;]<\/p>\n","protected":false},"featured_media":12211,"comment_status":"open","ping_status":"closed","template":"","meta":[],"product_brand":[],"product_cat":[352,369,388,385,334,337,319],"product_tag":[],"class_list":{"0":"post-12208","1":"product","2":"type-product","3":"status-publish","4":"has-post-thumbnail","6":"product_cat-accessori-fr","7":"product_cat-accessori-fr-5","8":"product_cat-aspirazione-fr-8","9":"product_cat-aspirazione-fr-7","10":"product_cat-tmax-530-2012-2016-fr","11":"product_cat-tmax-530-2017-2019-fr","12":"product_cat-tmax-turbo-fr","13":"product_shipping_class-filtro-aria-fr","15":"first","16":"instock","17":"shipping-taxable","18":"purchasable","19":"product-type-simple"},"yoast_head":"<!-- This site is optimized with the Yoast SEO plugin v26.8 - https:\/\/yoast.com\/product\/yoast-seo-wordpress\/ -->\n<title>Filtre \u00e0 air pour TMAX 530 turbo - Magistrati racing<\/title>\n<meta name=\"robots\" content=\"index, follow, max-snippet:-1, max-image-preview:large, max-video-preview:-1\" \/>\n<link rel=\"canonical\" href=\"https:\/\/magistratiracing.com\/fr\/prodotto\/filtre-a-air-pour-tmax-530-turbo\/\" \/>\n<meta property=\"og:locale\" content=\"fr_FR\" \/>\n<meta property=\"og:type\" content=\"article\" \/>\n<meta property=\"og:title\" content=\"Filtre \u00e0 air pour TMAX 530 turbo - Magistrati racing\" \/>\n<meta property=\"og:description\" content=\"Optimisez les performances de votre Yamaha TMAX 530 avec notre filtre \u00e0 air sp\u00e9cifique pour les moteurs Turbo. Con\u00e7u pour maximiser le flux d\u2019air et am\u00e9liorer l\u2019efficacit\u00e9 du moteur, ce filtre offre une protection sup\u00e9rieure contre les poussi\u00e8res et particules, garantissant une combustion plus propre et puissante. Faites l\u2019exp\u00e9rience d&#8217;une augmentation de puissance et d&#8217;une [&hellip;]\" \/>\n<meta property=\"og:url\" content=\"https:\/\/magistratiracing.com\/fr\/prodotto\/filtre-a-air-pour-tmax-530-turbo\/\" \/>\n<meta property=\"og:site_name\" content=\"Magistrati racing\" \/>\n<meta property=\"article:modified_time\" content=\"2025-05-29T22:03:40+00:00\" \/>\n<meta property=\"og:image\" content=\"https:\/\/magistratiracing.com\/wp-content\/uploads\/2025\/02\/980x980_filtro530_1.jpg\" \/>\n\t<meta property=\"og:image:width\" content=\"980\" \/>\n\t<meta property=\"og:image:height\" content=\"980\" \/>\n\t<meta property=\"og:image:type\" content=\"image\/jpeg\" \/>\n<meta name=\"twitter:card\" content=\"summary_large_image\" \/>\n<meta name=\"twitter:label1\" content=\"Dur\u00e9e de lecture estim\u00e9e\" \/>\n\t<meta name=\"twitter:data1\" content=\"1 minute\" \/>\n<script type=\"application\/ld+json\" class=\"yoast-schema-graph\">{\"@context\":\"https:\/\/schema.org\",\"@graph\":[{\"@type\":\"WebPage\",\"@id\":\"https:\/\/magistratiracing.com\/fr\/prodotto\/filtre-a-air-pour-tmax-530-turbo\/\",\"url\":\"https:\/\/magistratiracing.com\/fr\/prodotto\/filtre-a-air-pour-tmax-530-turbo\/\",\"name\":\"Filtre \u00e0 air pour TMAX 530 turbo - Magistrati racing\",\"isPartOf\":{\"@id\":\"https:\/\/magistratiracing.com\/fr\/#website\"},\"primaryImageOfPage\":{\"@id\":\"https:\/\/magistratiracing.com\/fr\/prodotto\/filtre-a-air-pour-tmax-530-turbo\/#primaryimage\"},\"image\":{\"@id\":\"https:\/\/magistratiracing.com\/fr\/prodotto\/filtre-a-air-pour-tmax-530-turbo\/#primaryimage\"},\"thumbnailUrl\":\"https:\/\/magistratiracing.com\/wp-content\/uploads\/2025\/02\/980x980_filtro530_1.jpg\",\"datePublished\":\"2025-02-10T15:53:01+00:00\",\"dateModified\":\"2025-05-29T22:03:40+00:00\",\"breadcrumb\":{\"@id\":\"https:\/\/magistratiracing.com\/fr\/prodotto\/filtre-a-air-pour-tmax-530-turbo\/#breadcrumb\"},\"inLanguage\":\"fr-FR\",\"potentialAction\":[{\"@type\":\"ReadAction\",\"target\":[\"https:\/\/magistratiracing.com\/fr\/prodotto\/filtre-a-air-pour-tmax-530-turbo\/\"]}]},{\"@type\":\"ImageObject\",\"inLanguage\":\"fr-FR\",\"@id\":\"https:\/\/magistratiracing.com\/fr\/prodotto\/filtre-a-air-pour-tmax-530-turbo\/#primaryimage\",\"url\":\"https:\/\/magistratiracing.com\/wp-content\/uploads\/2025\/02\/980x980_filtro530_1.jpg\",\"contentUrl\":\"https:\/\/magistratiracing.com\/wp-content\/uploads\/2025\/02\/980x980_filtro530_1.jpg\",\"width\":980,\"height\":980},{\"@type\":\"BreadcrumbList\",\"@id\":\"https:\/\/magistratiracing.com\/fr\/prodotto\/filtre-a-air-pour-tmax-530-turbo\/#breadcrumb\",\"itemListElement\":[{\"@type\":\"ListItem\",\"position\":1,\"name\":\"Home\",\"item\":\"https:\/\/magistratiracing.com\/fr\/\"},{\"@type\":\"ListItem\",\"position\":2,\"name\":\"Shop\",\"item\":\"https:\/\/magistratiracing.com\/fr\/boutique\/\"},{\"@type\":\"ListItem\",\"position\":3,\"name\":\"Filtre \u00e0 air pour TMAX 530 turbo\"}]},{\"@type\":\"WebSite\",\"@id\":\"https:\/\/magistratiracing.com\/fr\/#website\",\"url\":\"https:\/\/magistratiracing.com\/fr\/\",\"name\":\"Magistrati racing\",\"description\":\"\",\"potentialAction\":[{\"@type\":\"SearchAction\",\"target\":{\"@type\":\"EntryPoint\",\"urlTemplate\":\"https:\/\/magistratiracing.com\/fr\/?s={search_term_string}\"},\"query-input\":{\"@type\":\"PropertyValueSpecification\",\"valueRequired\":true,\"valueName\":\"search_term_string\"}}],\"inLanguage\":\"fr-FR\"}]}<\/script>\n<!-- \/ Yoast SEO plugin. -->","yoast_head_json":{"title":"Filtre \u00e0 air pour TMAX 530 turbo - Magistrati racing","robots":{"index":"index","follow":"follow","max-snippet":"max-snippet:-1","max-image-preview":"max-image-preview:large","max-video-preview":"max-video-preview:-1"},"canonical":"https:\/\/magistratiracing.com\/fr\/prodotto\/filtre-a-air-pour-tmax-530-turbo\/","og_locale":"fr_FR","og_type":"article","og_title":"Filtre \u00e0 air pour TMAX 530 turbo - Magistrati racing","og_description":"Optimisez les performances de votre Yamaha TMAX 530 avec notre filtre \u00e0 air sp\u00e9cifique pour les moteurs Turbo. Con\u00e7u pour maximiser le flux d\u2019air et am\u00e9liorer l\u2019efficacit\u00e9 du moteur, ce filtre offre une protection sup\u00e9rieure contre les poussi\u00e8res et particules, garantissant une combustion plus propre et puissante. Faites l\u2019exp\u00e9rience d&#8217;une augmentation de puissance et d&#8217;une [&hellip;]","og_url":"https:\/\/magistratiracing.com\/fr\/prodotto\/filtre-a-air-pour-tmax-530-turbo\/","og_site_name":"Magistrati racing","article_modified_time":"2025-05-29T22:03:40+00:00","og_image":[{"width":980,"height":980,"url":"https:\/\/magistratiracing.com\/wp-content\/uploads\/2025\/02\/980x980_filtro530_1.jpg","type":"image\/jpeg"}],"twitter_card":"summary_large_image","twitter_misc":{"Dur\u00e9e de lecture estim\u00e9e":"1 minute"},"schema":{"@context":"https:\/\/schema.org","@graph":[{"@type":"WebPage","@id":"https:\/\/magistratiracing.com\/fr\/prodotto\/filtre-a-air-pour-tmax-530-turbo\/","url":"https:\/\/magistratiracing.com\/fr\/prodotto\/filtre-a-air-pour-tmax-530-turbo\/","name":"Filtre \u00e0 air pour TMAX 530 turbo - Magistrati racing","isPartOf":{"@id":"https:\/\/magistratiracing.com\/fr\/#website"},"primaryImageOfPage":{"@id":"https:\/\/magistratiracing.com\/fr\/prodotto\/filtre-a-air-pour-tmax-530-turbo\/#primaryimage"},"image":{"@id":"https:\/\/magistratiracing.com\/fr\/prodotto\/filtre-a-air-pour-tmax-530-turbo\/#primaryimage"},"thumbnailUrl":"https:\/\/magistratiracing.com\/wp-content\/uploads\/2025\/02\/980x980_filtro530_1.jpg","datePublished":"2025-02-10T15:53:01+00:00","dateModified":"2025-05-29T22:03:40+00:00","breadcrumb":{"@id":"https:\/\/magistratiracing.com\/fr\/prodotto\/filtre-a-air-pour-tmax-530-turbo\/#breadcrumb"},"inLanguage":"fr-FR","potentialAction":[{"@type":"ReadAction","target":["https:\/\/magistratiracing.com\/fr\/prodotto\/filtre-a-air-pour-tmax-530-turbo\/"]}]},{"@type":"ImageObject","inLanguage":"fr-FR","@id":"https:\/\/magistratiracing.com\/fr\/prodotto\/filtre-a-air-pour-tmax-530-turbo\/#primaryimage","url":"https:\/\/magistratiracing.com\/wp-content\/uploads\/2025\/02\/980x980_filtro530_1.jpg","contentUrl":"https:\/\/magistratiracing.com\/wp-content\/uploads\/2025\/02\/980x980_filtro530_1.jpg","width":980,"height":980},{"@type":"BreadcrumbList","@id":"https:\/\/magistratiracing.com\/fr\/prodotto\/filtre-a-air-pour-tmax-530-turbo\/#breadcrumb","itemListElement":[{"@type":"ListItem","position":1,"name":"Home","item":"https:\/\/magistratiracing.com\/fr\/"},{"@type":"ListItem","position":2,"name":"Shop","item":"https:\/\/magistratiracing.com\/fr\/boutique\/"},{"@type":"ListItem","position":3,"name":"Filtre \u00e0 air pour TMAX 530 turbo"}]},{"@type":"WebSite","@id":"https:\/\/magistratiracing.com\/fr\/#website","url":"https:\/\/magistratiracing.com\/fr\/","name":"Magistrati racing","description":"","potentialAction":[{"@type":"SearchAction","target":{"@type":"EntryPoint","urlTemplate":"https:\/\/magistratiracing.com\/fr\/?s={search_term_string}"},"query-input":{"@type":"PropertyValueSpecification","valueRequired":true,"valueName":"search_term_string"}}],"inLanguage":"fr-FR"}]}},"_links":{"self":[{"href":"https:\/\/magistratiracing.com\/fr\/wp-json\/wp\/v2\/product\/12208","targetHints":{"allow":["GET"]}}],"collection":[{"href":"https:\/\/magistratiracing.com\/fr\/wp-json\/wp\/v2\/product"}],"about":[{"href":"https:\/\/magistratiracing.com\/fr\/wp-json\/wp\/v2\/types\/product"}],"replies":[{"embeddable":true,"href":"https:\/\/magistratiracing.com\/fr\/wp-json\/wp\/v2\/comments?post=12208"}],"wp:featuredmedia":[{"embeddable":true,"href":"https:\/\/magistratiracing.com\/fr\/wp-json\/wp\/v2\/media\/12211"}],"wp:attachment":[{"href":"https:\/\/magistratiracing.com\/fr\/wp-json\/wp\/v2\/media?parent=12208"}],"wp:term":[{"taxonomy":"product_brand","embeddable":true,"href":"https:\/\/magistratiracing.com\/fr\/wp-json\/wp\/v2\/product_brand?post=12208"},{"taxonomy":"product_cat","embeddable":true,"href":"https:\/\/magistratiracing.com\/fr\/wp-json\/wp\/v2\/product_cat?post=12208"},{"taxonomy":"product_tag","embeddable":true,"href":"https:\/\/magistratiracing.com\/fr\/wp-json\/wp\/v2\/product_tag?post=12208"}],"curies":[{"name":"wp","href":"https:\/\/api.w.org\/{rel}","templated":true}]}}