{"id":12213,"date":"2025-02-10T14:49:26","date_gmt":"2025-02-10T14:49:26","guid":{"rendered":"https:\/\/magistratiracing.com\/product\/camme-riprofilate-by-magistrati-racing-per-tmax-530-2017-2019\/"},"modified":"2025-12-31T12:37:58","modified_gmt":"2025-12-31T12:37:58","slug":"arbres-a-cames-reprofiles-magistrati-racing-street-torque-tmax-530-2017-2019-ameliore-le-couple-moteur","status":"publish","type":"product","link":"https:\/\/magistratiracing.com\/fr\/prodotto\/arbres-a-cames-reprofiles-magistrati-racing-street-torque-tmax-530-2017-2019-ameliore-le-couple-moteur\/","title":{"rendered":"Arbres \u00e0 cames reprofil\u00e9s Magistrati Racing\u00ae Street Torque TMAX 530 2017-2019 | Am\u00e9liore le couple moteur"},"content":{"rendered":"<p>Remodelage des arbres \u00e0 cames d&#8217;origine<\/p>\n<h4>Arbres \u00e0 cames reprofil\u00e9s\u00a0 Magistrati racing\u00ae Street Torque (base OEM) Excellent couple \u00e0 bas r\u00e9gime<\/h4>\n<h4>Couple am\u00e9lior\u00e9 \u00e0 bas et moyen r\u00e9gime, id\u00e9al pour une utilisation quotidienne Route \ud83c\udfcd\ufe0f<\/h4>\n<p>Les arbres \u00e0 cames reprofil\u00e9s pour TMAX 530 (mod\u00e8les de 2017 \u00e0 2019) sont con\u00e7us pour optimiser les performances de votre moteur.<\/p>\n<p>Ce processus de reprofilage des arbres \u00e0 cames d&#8217;origine permet d\u2019am\u00e9liorer le remplissage et l\u2019efficacit\u00e9, offrant une augmentation consid\u00e9rable de la puissance et de la r\u00e9activit\u00e9.<\/p>\n<p>&nbsp;<\/p>\n<p><strong>Choisissez le type d&#8217;arbre \u00e0 cames qui vous int\u00e9resse :<\/strong><\/p>\n<p><img decoding=\"async\" class=\"emoji\" role=\"img\" draggable=\"false\" src=\"https:\/\/s.w.org\/images\/core\/emoji\/17.0.2\/svg\/1f4ca.svg\" alt=\"\ud83d\udcca\" \/> <span style=\"color: #ff0000;\"><strong>Tableau de s\u00e9lection des arbres \u00e0 cames Magistrati racing\u00ae<\/strong><\/span><\/p>\n<div class=\"TyagGW_tableContainer\">\n<div class=\"group TyagGW_tableWrapper flex w-fit flex-col-reverse\" tabindex=\"-1\">\n<table class=\"w-fit min-w-(--thread-content-width)\" width=\"554\" data-start=\"2185\" data-end=\"2524\">\n<thead data-start=\"2185\" data-end=\"2223\">\n<tr data-start=\"2185\" data-end=\"2223\">\n<th data-start=\"2185\" data-end=\"2193\" data-col-size=\"sm\">Type<\/th>\n<th data-start=\"2193\" data-end=\"2200\" data-col-size=\"sm\">Nom<\/th>\n<th data-start=\"2200\" data-end=\"2206\" data-col-size=\"sm\">Utilisation -Moteur<\/th>\n<th data-start=\"2206\" data-end=\"2223\" data-col-size=\"sm\">R\u00e9gime moteur id\u00e9al<\/th>\n<\/tr>\n<\/thead>\n<tbody data-start=\"2250\" data-end=\"2524\">\n<tr data-start=\"2250\" data-end=\"2307\">\n<td data-start=\"2250\" data-end=\"2260\" data-col-size=\"sm\"><strong>Re-profil\u00e9es<\/strong><\/td>\n<td data-start=\"2260\" data-end=\"2276\" data-col-size=\"sm\"><strong>Street Torque<\/strong><\/td>\n<td data-start=\"2276\" data-end=\"2293\" data-col-size=\"sm\"><strong>Usage quotidien \/ Route \u2013 Moteur Standard<\/strong><\/td>\n<td data-start=\"2293\" data-end=\"2307\" data-col-size=\"sm\"><strong>Bas\u2013Moyen R\u00e9gime<\/strong><\/td>\n<\/tr>\n<tr data-start=\"2308\" data-end=\"2358\">\n<td data-start=\"2308\" data-end=\"2318\" data-col-size=\"sm\">Racing<\/td>\n<td data-start=\"2318\" data-end=\"2332\" data-col-size=\"sm\">Stage 1<\/td>\n<td data-start=\"2332\" data-end=\"2350\" data-col-size=\"sm\">Sportif Route (bient\u00f4t disponible) \u2013 Moteur Standard \/Pr\u00e9par\u00e9<\/td>\n<td data-start=\"2350\" data-end=\"2358\" data-col-size=\"sm\">Moyen R\u00e9gime<\/td>\n<\/tr>\n<tr data-start=\"2359\" data-end=\"2419\">\n<td data-start=\"2359\" data-end=\"2369\" data-col-size=\"sm\"><\/td>\n<td data-start=\"2369\" data-end=\"2385\" data-col-size=\"sm\"><\/td>\n<td data-start=\"2385\" data-end=\"2406\" data-col-size=\"sm\"><\/td>\n<td data-start=\"2406\" data-end=\"2419\" data-col-size=\"sm\"><\/td>\n<\/tr>\n<tr data-start=\"2420\" data-end=\"2460\">\n<td data-start=\"2420\" data-end=\"2430\" data-col-size=\"sm\">Racing<\/td>\n<td data-start=\"2430\" data-end=\"2444\" data-col-size=\"sm\">Stage 2<\/td>\n<td data-start=\"2444\" data-end=\"2452\" data-col-size=\"sm\">Ultra Sportif Route \/Circuit \u2013 Moteur Standard \/ Pr\u00e9par\u00e9<\/td>\n<td data-start=\"2452\" data-end=\"2460\" data-col-size=\"sm\">Haut R\u00e9gime<\/td>\n<\/tr>\n<tr data-start=\"2461\" data-end=\"2524\">\n<td data-start=\"2461\" data-end=\"2471\" data-col-size=\"sm\">Ultra Racing<\/td>\n<td data-start=\"2471\" data-end=\"2494\" data-col-size=\"sm\">\u00a0Extr\u00eame<\/td>\n<td data-start=\"2494\" data-end=\"2511\" data-col-size=\"sm\">Course extr\u00eame\u2013 Moteur pr\u00e9par\u00e9 uniquement<\/td>\n<td data-start=\"2511\" data-end=\"2524\" data-col-size=\"sm\">Tr\u00e8s haut R\u00e9gime<\/td>\n<\/tr>\n<\/tbody>\n<\/table>\n<\/div>\n<\/div>\n<p data-start=\"2419\" data-end=\"2444\"><strong>Comment utiliserez-vous le Tmax ?<\/strong><\/p>\n<p data-start=\"2447\" data-end=\"2465\">Route \u2192 Street Torque \u2013 Stage 1 (bient\u00f4t disponible)<\/p>\n<p data-start=\"2447\" data-end=\"2465\">Route Sportive \u2192 Stage 1 (bient\u00f4t disponible)\u00a0 -Stage 2<\/p>\n<p data-start=\"2498\" data-end=\"2515\">Circuit\u2192 Stage 2 \u2013 Ultra racing Extreme<\/p>\n<p>Racing \u2192 Ultra racing Extreme<\/p>\n<h3 data-start=\"1430\" data-end=\"1454\"><\/h3>\n<h3 data-start=\"1320\" data-end=\"1341\">\ud83c\udfcd\ufe0f Quotidien<\/h3>\n<p data-start=\"1344\" data-end=\"1386\">Couple \u00e0 bas r\u00e9gime \u2192 <strong data-start=\"1359\" data-end=\"1386\">\u00a0Street Torque<\/strong><\/p>\n<p>&nbsp;<\/p>\n<h3 data-start=\"1430\" data-end=\"1454\">\ud83c\udfcd\ufe0f<img decoding=\"async\" class=\"emoji\" role=\"img\" draggable=\"false\" src=\"https:\/\/s.w.org\/images\/core\/emoji\/17.0.2\/svg\/1f4a8.svg\" alt=\"\ud83d\udca8\" \/> Route Sportive<\/h3>\n<p data-start=\"1457\" data-end=\"1496\">Compromis \u2192 <strong data-start=\"1471\" data-end=\"1496\">Street Torque<\/strong><\/p>\n<p>R\u00e9gime Moyen \u2192 <strong data-start=\"1509\" data-end=\"1536\">Racing \u2013 Stage 1 (bient\u00f4t disponible)<\/strong><\/p>\n<p data-start=\"1499\" data-end=\"1536\">Vitesse Finale \u2192 <strong data-start=\"1509\" data-end=\"1536\">Racing \u2013 Stage 2\u00a0<\/strong><\/p>\n<h3 data-start=\"1538\" data-end=\"1550\"><\/h3>\n<h3 data-start=\"1430\" data-end=\"1454\">\ud83c\udfcd\ufe0f<img decoding=\"async\" class=\"emoji\" role=\"img\" draggable=\"false\" src=\"https:\/\/s.w.org\/images\/core\/emoji\/17.0.2\/svg\/1f3c1.svg\" alt=\"\ud83c\udfc1\" \/> Circuit<\/h3>\n<p data-start=\"1553\" data-end=\"1588\">Vitesse Finale \u2192 <strong data-start=\"1563\" data-end=\"1588\">Racing \u2013 Stage 2<\/strong><\/p>\n<p data-start=\"1591\" data-end=\"1626\">Performances Extr\u00eames \u2192 <strong data-start=\"1605\" data-end=\"1626\">Ultra\u00a0<\/strong><strong data-start=\"1605\" data-end=\"1626\">Racing\u00a0 Extreme<\/strong><\/p>\n<h3 data-start=\"1628\" data-end=\"1652\"><\/h3>\n<h3 data-start=\"1430\" data-end=\"1454\">\ud83c\udfcd\ufe0f\ud83d\udd25Racing Extr\u00eame<\/h3>\n<p data-start=\"1655\" data-end=\"1730\">Toujours \u2192 <strong data-start=\"1664\" data-end=\"1698\">Ultra racing \u2013 Extreme<\/strong><br \/>\n<img decoding=\"async\" class=\"emoji\" role=\"img\" draggable=\"false\" src=\"https:\/\/s.w.org\/images\/core\/emoji\/17.0.2\/svg\/26a0.svg\" alt=\"\u26a0\ufe0f\" \/> Uniquement avec kit de ressorts de soupapes<\/p>\n<p data-start=\"1655\" data-end=\"1730\">\n<h4>Principaux avantages<\/h4>\n<p><span style=\"font-weight: 400;\">Optimisation des performances\u00a0: am\u00e9liorent le flux d\u2019air et l\u2019efficacit\u00e9 de la combustion, augmentant la puissance du moteur.<\/span><\/p>\n<p><span style=\"font-weight: 400;\">R\u00e9activit\u00e9 accrue\u00a0: augmentent la r\u00e9activit\u00e9 du moteur, rendant la conduite plus dynamique et performante.<\/span><\/p>\n<p><span style=\"font-weight: 400;\">Parfaite compatibilit\u00e9\u00a0: reprofilage des arbres \u00e0 cames d&#8217;origine sp\u00e9cifique pour TMAX\u00a0530 mod\u00e8le 2017-2019.<\/span><\/p>\n<p><span style=\"font-weight: 400;\">Qualit\u00e9 et fiabilit\u00e9\u00a0: processus ex\u00e9cut\u00e9 avec pr\u00e9cision pour garantir la dur\u00e9e et des performances constantes dans le temps.<\/span><\/p>\n<p>&nbsp;<\/p>\n<p><strong>IMPORTANT<\/strong><\/p>\n<p><span style=\"font-weight: 400;\">Envoyer pour usinage les arbres \u00e0 cames d\u2019origine apr\u00e8s l\u2019achat du produit. Ajouter les pignons dans le cas o\u00f9 le produit est choisi avec les pignons d\u2019origine.<\/span><\/p>\n<p>&nbsp;<\/p>\n<p><strong>1\u00e8re EXP\u00c9DITION DE VOTRE PRODUIT<\/strong><\/p>\n<p><span style=\"font-weight: 400;\">Les frais d\u2019exp\u00e9dition initiaux pour nous envoyer le produit \u00e0 modifier sont \u00e0 votre charge.<\/span><\/p>\n","protected":false},"excerpt":{"rendered":"<p>Remodelage des arbres \u00e0 cames d&#8217;origine Arbres \u00e0 cames reprofil\u00e9s\u00a0 Magistrati racing\u00ae Street Torque (base OEM) Excellent couple \u00e0 bas r\u00e9gime Couple am\u00e9lior\u00e9 \u00e0 bas et moyen r\u00e9gime, id\u00e9al pour une utilisation quotidienne Route \ud83c\udfcd\ufe0f Les arbres \u00e0 cames reprofil\u00e9s pour TMAX 530 (mod\u00e8les de 2017 \u00e0 2019) sont con\u00e7us pour optimiser les performances de [&hellip;]<\/p>\n","protected":false},"featured_media":12187,"comment_status":"open","ping_status":"closed","template":"","meta":[],"product_brand":[],"product_cat":[343,338,320],"product_tag":[],"class_list":{"0":"post-12213","1":"product","2":"type-product","3":"status-publish","4":"has-post-thumbnail","6":"product_cat-motore-fr-6","7":"product_cat-tmax-530-2017-2019-fr-2","8":"product_cat-tmax-aspirato-fr","9":"product_shipping_class-camme-fr","11":"first","12":"instock","13":"shipping-taxable","14":"purchasable","15":"product-type-simple"},"yoast_head":"<!-- This site is optimized with the Yoast SEO plugin v26.8 - https:\/\/yoast.com\/product\/yoast-seo-wordpress\/ -->\n<title>Arbres \u00e0 cames reprofil\u00e9s Magistrati Racing\u00ae Street Torque TMAX 530 2017-2019 | Am\u00e9liore le couple moteur - Magistrati racing<\/title>\n<meta name=\"robots\" content=\"index, follow, max-snippet:-1, max-image-preview:large, max-video-preview:-1\" \/>\n<link rel=\"canonical\" href=\"https:\/\/magistratiracing.com\/fr\/prodotto\/arbres-a-cames-reprofiles-magistrati-racing-street-torque-tmax-530-2017-2019-ameliore-le-couple-moteur\/\" \/>\n<meta property=\"og:locale\" content=\"fr_FR\" \/>\n<meta property=\"og:type\" content=\"article\" \/>\n<meta property=\"og:title\" content=\"Arbres \u00e0 cames reprofil\u00e9s Magistrati Racing\u00ae Street Torque TMAX 530 2017-2019 | Am\u00e9liore le couple moteur - Magistrati racing\" \/>\n<meta property=\"og:description\" content=\"Remodelage des arbres \u00e0 cames d&#8217;origine Arbres \u00e0 cames reprofil\u00e9s\u00a0 Magistrati racing\u00ae Street Torque (base OEM) Excellent couple \u00e0 bas r\u00e9gime Couple am\u00e9lior\u00e9 \u00e0 bas et moyen r\u00e9gime, id\u00e9al pour une utilisation quotidienne Route \ud83c\udfcd\ufe0f Les arbres \u00e0 cames reprofil\u00e9s pour TMAX 530 (mod\u00e8les de 2017 \u00e0 2019) sont con\u00e7us pour optimiser les performances de [&hellip;]\" \/>\n<meta property=\"og:url\" content=\"https:\/\/magistratiracing.com\/fr\/prodotto\/arbres-a-cames-reprofiles-magistrati-racing-street-torque-tmax-530-2017-2019-ameliore-le-couple-moteur\/\" \/>\n<meta property=\"og:site_name\" content=\"Magistrati racing\" \/>\n<meta property=\"article:modified_time\" content=\"2025-12-31T12:37:58+00:00\" \/>\n<meta property=\"og:image\" content=\"https:\/\/magistratiracing.com\/wp-content\/uploads\/2025\/02\/980x980_kitAspirato_3.jpg\" \/>\n\t<meta property=\"og:image:width\" content=\"980\" \/>\n\t<meta property=\"og:image:height\" content=\"980\" \/>\n\t<meta property=\"og:image:type\" content=\"image\/jpeg\" \/>\n<meta name=\"twitter:card\" content=\"summary_large_image\" \/>\n<meta name=\"twitter:label1\" content=\"Dur\u00e9e de lecture estim\u00e9e\" \/>\n\t<meta name=\"twitter:data1\" content=\"3 minutes\" \/>\n<script type=\"application\/ld+json\" class=\"yoast-schema-graph\">{\"@context\":\"https:\/\/schema.org\",\"@graph\":[{\"@type\":\"WebPage\",\"@id\":\"https:\/\/magistratiracing.com\/fr\/prodotto\/arbres-a-cames-reprofiles-magistrati-racing-street-torque-tmax-530-2017-2019-ameliore-le-couple-moteur\/\",\"url\":\"https:\/\/magistratiracing.com\/fr\/prodotto\/arbres-a-cames-reprofiles-magistrati-racing-street-torque-tmax-530-2017-2019-ameliore-le-couple-moteur\/\",\"name\":\"Arbres \u00e0 cames reprofil\u00e9s Magistrati Racing\u00ae Street Torque TMAX 530 2017-2019 | Am\u00e9liore le couple moteur - Magistrati racing\",\"isPartOf\":{\"@id\":\"https:\/\/magistratiracing.com\/fr\/#website\"},\"primaryImageOfPage\":{\"@id\":\"https:\/\/magistratiracing.com\/fr\/prodotto\/arbres-a-cames-reprofiles-magistrati-racing-street-torque-tmax-530-2017-2019-ameliore-le-couple-moteur\/#primaryimage\"},\"image\":{\"@id\":\"https:\/\/magistratiracing.com\/fr\/prodotto\/arbres-a-cames-reprofiles-magistrati-racing-street-torque-tmax-530-2017-2019-ameliore-le-couple-moteur\/#primaryimage\"},\"thumbnailUrl\":\"https:\/\/magistratiracing.com\/wp-content\/uploads\/2025\/02\/980x980_kitAspirato_3.jpg\",\"datePublished\":\"2025-02-10T14:49:26+00:00\",\"dateModified\":\"2025-12-31T12:37:58+00:00\",\"breadcrumb\":{\"@id\":\"https:\/\/magistratiracing.com\/fr\/prodotto\/arbres-a-cames-reprofiles-magistrati-racing-street-torque-tmax-530-2017-2019-ameliore-le-couple-moteur\/#breadcrumb\"},\"inLanguage\":\"fr-FR\",\"potentialAction\":[{\"@type\":\"ReadAction\",\"target\":[\"https:\/\/magistratiracing.com\/fr\/prodotto\/arbres-a-cames-reprofiles-magistrati-racing-street-torque-tmax-530-2017-2019-ameliore-le-couple-moteur\/\"]}]},{\"@type\":\"ImageObject\",\"inLanguage\":\"fr-FR\",\"@id\":\"https:\/\/magistratiracing.com\/fr\/prodotto\/arbres-a-cames-reprofiles-magistrati-racing-street-torque-tmax-530-2017-2019-ameliore-le-couple-moteur\/#primaryimage\",\"url\":\"https:\/\/magistratiracing.com\/wp-content\/uploads\/2025\/02\/980x980_kitAspirato_3.jpg\",\"contentUrl\":\"https:\/\/magistratiracing.com\/wp-content\/uploads\/2025\/02\/980x980_kitAspirato_3.jpg\",\"width\":980,\"height\":980},{\"@type\":\"BreadcrumbList\",\"@id\":\"https:\/\/magistratiracing.com\/fr\/prodotto\/arbres-a-cames-reprofiles-magistrati-racing-street-torque-tmax-530-2017-2019-ameliore-le-couple-moteur\/#breadcrumb\",\"itemListElement\":[{\"@type\":\"ListItem\",\"position\":1,\"name\":\"Home\",\"item\":\"https:\/\/magistratiracing.com\/fr\/\"},{\"@type\":\"ListItem\",\"position\":2,\"name\":\"Shop\",\"item\":\"https:\/\/magistratiracing.com\/fr\/boutique\/\"},{\"@type\":\"ListItem\",\"position\":3,\"name\":\"Arbres \u00e0 cames reprofil\u00e9s Magistrati Racing\u00ae Street Torque TMAX 530 2017-2019 | Am\u00e9liore le couple moteur\"}]},{\"@type\":\"WebSite\",\"@id\":\"https:\/\/magistratiracing.com\/fr\/#website\",\"url\":\"https:\/\/magistratiracing.com\/fr\/\",\"name\":\"Magistrati racing\",\"description\":\"\",\"potentialAction\":[{\"@type\":\"SearchAction\",\"target\":{\"@type\":\"EntryPoint\",\"urlTemplate\":\"https:\/\/magistratiracing.com\/fr\/?s={search_term_string}\"},\"query-input\":{\"@type\":\"PropertyValueSpecification\",\"valueRequired\":true,\"valueName\":\"search_term_string\"}}],\"inLanguage\":\"fr-FR\"}]}<\/script>\n<!-- \/ Yoast SEO plugin. -->","yoast_head_json":{"title":"Arbres \u00e0 cames reprofil\u00e9s Magistrati Racing\u00ae Street Torque TMAX 530 2017-2019 | Am\u00e9liore le couple moteur - Magistrati racing","robots":{"index":"index","follow":"follow","max-snippet":"max-snippet:-1","max-image-preview":"max-image-preview:large","max-video-preview":"max-video-preview:-1"},"canonical":"https:\/\/magistratiracing.com\/fr\/prodotto\/arbres-a-cames-reprofiles-magistrati-racing-street-torque-tmax-530-2017-2019-ameliore-le-couple-moteur\/","og_locale":"fr_FR","og_type":"article","og_title":"Arbres \u00e0 cames reprofil\u00e9s Magistrati Racing\u00ae Street Torque TMAX 530 2017-2019 | Am\u00e9liore le couple moteur - Magistrati racing","og_description":"Remodelage des arbres \u00e0 cames d&#8217;origine Arbres \u00e0 cames reprofil\u00e9s\u00a0 Magistrati racing\u00ae Street Torque (base OEM) Excellent couple \u00e0 bas r\u00e9gime Couple am\u00e9lior\u00e9 \u00e0 bas et moyen r\u00e9gime, id\u00e9al pour une utilisation quotidienne Route \ud83c\udfcd\ufe0f Les arbres \u00e0 cames reprofil\u00e9s pour TMAX 530 (mod\u00e8les de 2017 \u00e0 2019) sont con\u00e7us pour optimiser les performances de [&hellip;]","og_url":"https:\/\/magistratiracing.com\/fr\/prodotto\/arbres-a-cames-reprofiles-magistrati-racing-street-torque-tmax-530-2017-2019-ameliore-le-couple-moteur\/","og_site_name":"Magistrati racing","article_modified_time":"2025-12-31T12:37:58+00:00","og_image":[{"width":980,"height":980,"url":"https:\/\/magistratiracing.com\/wp-content\/uploads\/2025\/02\/980x980_kitAspirato_3.jpg","type":"image\/jpeg"}],"twitter_card":"summary_large_image","twitter_misc":{"Dur\u00e9e de lecture estim\u00e9e":"3 minutes"},"schema":{"@context":"https:\/\/schema.org","@graph":[{"@type":"WebPage","@id":"https:\/\/magistratiracing.com\/fr\/prodotto\/arbres-a-cames-reprofiles-magistrati-racing-street-torque-tmax-530-2017-2019-ameliore-le-couple-moteur\/","url":"https:\/\/magistratiracing.com\/fr\/prodotto\/arbres-a-cames-reprofiles-magistrati-racing-street-torque-tmax-530-2017-2019-ameliore-le-couple-moteur\/","name":"Arbres \u00e0 cames reprofil\u00e9s Magistrati Racing\u00ae Street Torque TMAX 530 2017-2019 | Am\u00e9liore le couple moteur - Magistrati racing","isPartOf":{"@id":"https:\/\/magistratiracing.com\/fr\/#website"},"primaryImageOfPage":{"@id":"https:\/\/magistratiracing.com\/fr\/prodotto\/arbres-a-cames-reprofiles-magistrati-racing-street-torque-tmax-530-2017-2019-ameliore-le-couple-moteur\/#primaryimage"},"image":{"@id":"https:\/\/magistratiracing.com\/fr\/prodotto\/arbres-a-cames-reprofiles-magistrati-racing-street-torque-tmax-530-2017-2019-ameliore-le-couple-moteur\/#primaryimage"},"thumbnailUrl":"https:\/\/magistratiracing.com\/wp-content\/uploads\/2025\/02\/980x980_kitAspirato_3.jpg","datePublished":"2025-02-10T14:49:26+00:00","dateModified":"2025-12-31T12:37:58+00:00","breadcrumb":{"@id":"https:\/\/magistratiracing.com\/fr\/prodotto\/arbres-a-cames-reprofiles-magistrati-racing-street-torque-tmax-530-2017-2019-ameliore-le-couple-moteur\/#breadcrumb"},"inLanguage":"fr-FR","potentialAction":[{"@type":"ReadAction","target":["https:\/\/magistratiracing.com\/fr\/prodotto\/arbres-a-cames-reprofiles-magistrati-racing-street-torque-tmax-530-2017-2019-ameliore-le-couple-moteur\/"]}]},{"@type":"ImageObject","inLanguage":"fr-FR","@id":"https:\/\/magistratiracing.com\/fr\/prodotto\/arbres-a-cames-reprofiles-magistrati-racing-street-torque-tmax-530-2017-2019-ameliore-le-couple-moteur\/#primaryimage","url":"https:\/\/magistratiracing.com\/wp-content\/uploads\/2025\/02\/980x980_kitAspirato_3.jpg","contentUrl":"https:\/\/magistratiracing.com\/wp-content\/uploads\/2025\/02\/980x980_kitAspirato_3.jpg","width":980,"height":980},{"@type":"BreadcrumbList","@id":"https:\/\/magistratiracing.com\/fr\/prodotto\/arbres-a-cames-reprofiles-magistrati-racing-street-torque-tmax-530-2017-2019-ameliore-le-couple-moteur\/#breadcrumb","itemListElement":[{"@type":"ListItem","position":1,"name":"Home","item":"https:\/\/magistratiracing.com\/fr\/"},{"@type":"ListItem","position":2,"name":"Shop","item":"https:\/\/magistratiracing.com\/fr\/boutique\/"},{"@type":"ListItem","position":3,"name":"Arbres \u00e0 cames reprofil\u00e9s Magistrati Racing\u00ae Street Torque TMAX 530 2017-2019 | Am\u00e9liore le couple moteur"}]},{"@type":"WebSite","@id":"https:\/\/magistratiracing.com\/fr\/#website","url":"https:\/\/magistratiracing.com\/fr\/","name":"Magistrati racing","description":"","potentialAction":[{"@type":"SearchAction","target":{"@type":"EntryPoint","urlTemplate":"https:\/\/magistratiracing.com\/fr\/?s={search_term_string}"},"query-input":{"@type":"PropertyValueSpecification","valueRequired":true,"valueName":"search_term_string"}}],"inLanguage":"fr-FR"}]}},"_links":{"self":[{"href":"https:\/\/magistratiracing.com\/fr\/wp-json\/wp\/v2\/product\/12213","targetHints":{"allow":["GET"]}}],"collection":[{"href":"https:\/\/magistratiracing.com\/fr\/wp-json\/wp\/v2\/product"}],"about":[{"href":"https:\/\/magistratiracing.com\/fr\/wp-json\/wp\/v2\/types\/product"}],"replies":[{"embeddable":true,"href":"https:\/\/magistratiracing.com\/fr\/wp-json\/wp\/v2\/comments?post=12213"}],"wp:featuredmedia":[{"embeddable":true,"href":"https:\/\/magistratiracing.com\/fr\/wp-json\/wp\/v2\/media\/12187"}],"wp:attachment":[{"href":"https:\/\/magistratiracing.com\/fr\/wp-json\/wp\/v2\/media?parent=12213"}],"wp:term":[{"taxonomy":"product_brand","embeddable":true,"href":"https:\/\/magistratiracing.com\/fr\/wp-json\/wp\/v2\/product_brand?post=12213"},{"taxonomy":"product_cat","embeddable":true,"href":"https:\/\/magistratiracing.com\/fr\/wp-json\/wp\/v2\/product_cat?post=12213"},{"taxonomy":"product_tag","embeddable":true,"href":"https:\/\/magistratiracing.com\/fr\/wp-json\/wp\/v2\/product_tag?post=12213"}],"curies":[{"name":"wp","href":"https:\/\/api.w.org\/{rel}","templated":true}]}}