{"id":12215,"date":"2025-02-10T12:23:20","date_gmt":"2025-02-10T12:23:20","guid":{"rendered":"https:\/\/magistratiracing.com\/product\/ingranaggi-regolabili-tmax-530-e-560-messa-in-fase-delle-camme-facilitata\/"},"modified":"2026-01-01T00:22:17","modified_gmt":"2026-01-01T00:22:17","slug":"ingranaggi-regolabili-tmax-530-e-560-messa-in-fase-delle-camme-facilitata","status":"publish","type":"product","link":"https:\/\/magistratiracing.com\/fr\/prodotto\/ingranaggi-regolabili-tmax-530-e-560-messa-in-fase-delle-camme-facilitata\/","title":{"rendered":"Engrenages r\u00e9glables TMAX 530 et 560 | Phasage des arbres \u00e0 cames facilit\u00e9"},"content":{"rendered":"<p><span style=\"font-weight: 400;\">Les engrenages r\u00e9glables, ou pignons r\u00e9glables de Magistrati Racing\u00ae sont con\u00e7us pour faciliter le phasage des arbres \u00e0 cames sur votre TMAX 530 et TMAX 560.<\/span><\/p>\n<p><span style=\"font-weight: 400;\">Ces composants de haute pr\u00e9cision permettent un r\u00e9glage pr\u00e9cis des arbres \u00e0 cames, optimisant la synchronisation du moteur pour obtenir des performances sup\u00e9rieures.<\/span><\/p>\n<p><strong>Principaux avantages<\/strong><\/p>\n<ul>\n<li><span style=\"font-weight: 400;\"><strong>Phasage facilit\u00e9\u00a0:<\/strong> permettent un r\u00e9glage pr\u00e9cis des arbres \u00e0 cames, am\u00e9liorant la synchronisation du moteur.<\/span><\/li>\n<li><span style=\"font-weight: 400;\"><strong>Performances optimis\u00e9es\u00a0:<\/strong> permettent d&#8217;obtenir le maximum des arbres \u00e0 cames, am\u00e9liorant la puissance et l\u2019efficacit\u00e9 du moteur.<\/span><\/li>\n<li><span style=\"font-weight: 400;\"><strong>Haute pr\u00e9cision\u00a0:<\/strong> fabriqu\u00e9s \u00e0 partir de mat\u00e9riaux de haute qualit\u00e9 et usin\u00e9s avec des techniques avanc\u00e9es pour garantir un r\u00e9glage pr\u00e9cis et une durabilit\u00e9.<\/span><\/li>\n<li><span style=\"font-weight: 400;\"><strong>Compatibilit\u00e9\u00a0:<\/strong> con\u00e7us sp\u00e9cifiquement pour TMAX\u00a0530 et TMAX\u00a0560.<\/span><\/li>\n<\/ul>\n<p>&nbsp;<\/p>\n<p>&nbsp;<\/p>\n","protected":false},"excerpt":{"rendered":"<p>Les engrenages r\u00e9glables, ou pignons r\u00e9glables de Magistrati Racing\u00ae sont con\u00e7us pour faciliter le phasage des arbres \u00e0 cames sur votre TMAX 530 et TMAX 560. Ces composants de haute pr\u00e9cision permettent un r\u00e9glage pr\u00e9cis des arbres \u00e0 cames, optimisant la synchronisation du moteur pour obtenir des performances sup\u00e9rieures. Principaux avantages Phasage facilit\u00e9\u00a0: permettent un [&hellip;]<\/p>\n","protected":false},"featured_media":12218,"comment_status":"open","ping_status":"closed","template":"","meta":[],"product_brand":[],"product_cat":[340,345,341,342,343,339,344,335,336,334,337,338,323,321,322,324,320,319],"product_tag":[],"class_list":{"0":"post-12215","1":"product","2":"type-product","3":"status-publish","4":"has-post-thumbnail","6":"product_cat-motore-fr-3","7":"product_cat-motore-fr-8","8":"product_cat-motore-fr-4","9":"product_cat-motore-fr-5","10":"product_cat-motore-fr-6","11":"product_cat-motore-fr-2","12":"product_cat-motore-fr-7","13":"product_cat-motore-fr","14":"product_cat-tmax-530-2012-2016-fr-2","15":"product_cat-tmax-530-2012-2016-fr","16":"product_cat-tmax-530-2017-2019-fr","17":"product_cat-tmax-530-2017-2019-fr-2","18":"product_cat-tmax-560-2020-2024-fr-2","19":"product_cat-tmax-560-2020-2024-fr","20":"product_cat-tmax-560-2025-fr","21":"product_cat-tmax-560-2025-fr-2","22":"product_cat-tmax-aspirato-fr","23":"product_cat-tmax-turbo-fr","24":"product_shipping_class-ingranaggi-camme-fr","26":"first","27":"instock","28":"sale","29":"shipping-taxable","30":"purchasable","31":"product-type-simple"},"yoast_head":"<!-- This site is optimized with the Yoast SEO plugin v26.8 - https:\/\/yoast.com\/product\/yoast-seo-wordpress\/ -->\n<title>Engrenages r\u00e9glables TMAX 530 et 560 | Phasage des arbres \u00e0 cames facilit\u00e9 - Magistrati racing<\/title>\n<meta name=\"robots\" content=\"index, follow, max-snippet:-1, max-image-preview:large, max-video-preview:-1\" \/>\n<link rel=\"canonical\" href=\"https:\/\/magistratiracing.com\/fr\/prodotto\/ingranaggi-regolabili-tmax-530-e-560-messa-in-fase-delle-camme-facilitata\/\" \/>\n<meta property=\"og:locale\" content=\"fr_FR\" \/>\n<meta property=\"og:type\" content=\"article\" \/>\n<meta property=\"og:title\" content=\"Engrenages r\u00e9glables TMAX 530 et 560 | Phasage des arbres \u00e0 cames facilit\u00e9 - Magistrati racing\" \/>\n<meta property=\"og:description\" content=\"Les engrenages r\u00e9glables, ou pignons r\u00e9glables de Magistrati Racing\u00ae sont con\u00e7us pour faciliter le phasage des arbres \u00e0 cames sur votre TMAX 530 et TMAX 560. Ces composants de haute pr\u00e9cision permettent un r\u00e9glage pr\u00e9cis des arbres \u00e0 cames, optimisant la synchronisation du moteur pour obtenir des performances sup\u00e9rieures. Principaux avantages Phasage facilit\u00e9\u00a0: permettent un [&hellip;]\" \/>\n<meta property=\"og:url\" content=\"https:\/\/magistratiracing.com\/fr\/prodotto\/ingranaggi-regolabili-tmax-530-e-560-messa-in-fase-delle-camme-facilitata\/\" \/>\n<meta property=\"og:site_name\" content=\"Magistrati racing\" \/>\n<meta property=\"article:modified_time\" content=\"2026-01-01T00:22:17+00:00\" \/>\n<meta property=\"og:image\" content=\"https:\/\/magistratiracing.com\/wp-content\/uploads\/2025\/02\/980x980_ingranaggiregolabili_3.jpg\" \/>\n\t<meta property=\"og:image:width\" content=\"980\" \/>\n\t<meta property=\"og:image:height\" content=\"980\" \/>\n\t<meta property=\"og:image:type\" content=\"image\/jpeg\" \/>\n<meta name=\"twitter:card\" content=\"summary_large_image\" \/>\n<meta name=\"twitter:label1\" content=\"Dur\u00e9e de lecture estim\u00e9e\" \/>\n\t<meta name=\"twitter:data1\" content=\"1 minute\" \/>\n<script type=\"application\/ld+json\" class=\"yoast-schema-graph\">{\"@context\":\"https:\/\/schema.org\",\"@graph\":[{\"@type\":\"WebPage\",\"@id\":\"https:\/\/magistratiracing.com\/fr\/prodotto\/ingranaggi-regolabili-tmax-530-e-560-messa-in-fase-delle-camme-facilitata\/\",\"url\":\"https:\/\/magistratiracing.com\/fr\/prodotto\/ingranaggi-regolabili-tmax-530-e-560-messa-in-fase-delle-camme-facilitata\/\",\"name\":\"Engrenages r\u00e9glables TMAX 530 et 560 | Phasage des arbres \u00e0 cames facilit\u00e9 - Magistrati racing\",\"isPartOf\":{\"@id\":\"https:\/\/magistratiracing.com\/fr\/#website\"},\"primaryImageOfPage\":{\"@id\":\"https:\/\/magistratiracing.com\/fr\/prodotto\/ingranaggi-regolabili-tmax-530-e-560-messa-in-fase-delle-camme-facilitata\/#primaryimage\"},\"image\":{\"@id\":\"https:\/\/magistratiracing.com\/fr\/prodotto\/ingranaggi-regolabili-tmax-530-e-560-messa-in-fase-delle-camme-facilitata\/#primaryimage\"},\"thumbnailUrl\":\"https:\/\/magistratiracing.com\/wp-content\/uploads\/2025\/02\/980x980_ingranaggiregolabili_3.jpg\",\"datePublished\":\"2025-02-10T12:23:20+00:00\",\"dateModified\":\"2026-01-01T00:22:17+00:00\",\"breadcrumb\":{\"@id\":\"https:\/\/magistratiracing.com\/fr\/prodotto\/ingranaggi-regolabili-tmax-530-e-560-messa-in-fase-delle-camme-facilitata\/#breadcrumb\"},\"inLanguage\":\"fr-FR\",\"potentialAction\":[{\"@type\":\"ReadAction\",\"target\":[\"https:\/\/magistratiracing.com\/fr\/prodotto\/ingranaggi-regolabili-tmax-530-e-560-messa-in-fase-delle-camme-facilitata\/\"]}]},{\"@type\":\"ImageObject\",\"inLanguage\":\"fr-FR\",\"@id\":\"https:\/\/magistratiracing.com\/fr\/prodotto\/ingranaggi-regolabili-tmax-530-e-560-messa-in-fase-delle-camme-facilitata\/#primaryimage\",\"url\":\"https:\/\/magistratiracing.com\/wp-content\/uploads\/2025\/02\/980x980_ingranaggiregolabili_3.jpg\",\"contentUrl\":\"https:\/\/magistratiracing.com\/wp-content\/uploads\/2025\/02\/980x980_ingranaggiregolabili_3.jpg\",\"width\":980,\"height\":980},{\"@type\":\"BreadcrumbList\",\"@id\":\"https:\/\/magistratiracing.com\/fr\/prodotto\/ingranaggi-regolabili-tmax-530-e-560-messa-in-fase-delle-camme-facilitata\/#breadcrumb\",\"itemListElement\":[{\"@type\":\"ListItem\",\"position\":1,\"name\":\"Home\",\"item\":\"https:\/\/magistratiracing.com\/fr\/\"},{\"@type\":\"ListItem\",\"position\":2,\"name\":\"Shop\",\"item\":\"https:\/\/magistratiracing.com\/fr\/boutique\/\"},{\"@type\":\"ListItem\",\"position\":3,\"name\":\"Engrenages r\u00e9glables TMAX 530 et 560 | Phasage des arbres \u00e0 cames facilit\u00e9\"}]},{\"@type\":\"WebSite\",\"@id\":\"https:\/\/magistratiracing.com\/fr\/#website\",\"url\":\"https:\/\/magistratiracing.com\/fr\/\",\"name\":\"Magistrati racing\",\"description\":\"\",\"potentialAction\":[{\"@type\":\"SearchAction\",\"target\":{\"@type\":\"EntryPoint\",\"urlTemplate\":\"https:\/\/magistratiracing.com\/fr\/?s={search_term_string}\"},\"query-input\":{\"@type\":\"PropertyValueSpecification\",\"valueRequired\":true,\"valueName\":\"search_term_string\"}}],\"inLanguage\":\"fr-FR\"}]}<\/script>\n<!-- \/ Yoast SEO plugin. -->","yoast_head_json":{"title":"Engrenages r\u00e9glables TMAX 530 et 560 | Phasage des arbres \u00e0 cames facilit\u00e9 - Magistrati racing","robots":{"index":"index","follow":"follow","max-snippet":"max-snippet:-1","max-image-preview":"max-image-preview:large","max-video-preview":"max-video-preview:-1"},"canonical":"https:\/\/magistratiracing.com\/fr\/prodotto\/ingranaggi-regolabili-tmax-530-e-560-messa-in-fase-delle-camme-facilitata\/","og_locale":"fr_FR","og_type":"article","og_title":"Engrenages r\u00e9glables TMAX 530 et 560 | Phasage des arbres \u00e0 cames facilit\u00e9 - Magistrati racing","og_description":"Les engrenages r\u00e9glables, ou pignons r\u00e9glables de Magistrati Racing\u00ae sont con\u00e7us pour faciliter le phasage des arbres \u00e0 cames sur votre TMAX 530 et TMAX 560. Ces composants de haute pr\u00e9cision permettent un r\u00e9glage pr\u00e9cis des arbres \u00e0 cames, optimisant la synchronisation du moteur pour obtenir des performances sup\u00e9rieures. Principaux avantages Phasage facilit\u00e9\u00a0: permettent un [&hellip;]","og_url":"https:\/\/magistratiracing.com\/fr\/prodotto\/ingranaggi-regolabili-tmax-530-e-560-messa-in-fase-delle-camme-facilitata\/","og_site_name":"Magistrati racing","article_modified_time":"2026-01-01T00:22:17+00:00","og_image":[{"width":980,"height":980,"url":"https:\/\/magistratiracing.com\/wp-content\/uploads\/2025\/02\/980x980_ingranaggiregolabili_3.jpg","type":"image\/jpeg"}],"twitter_card":"summary_large_image","twitter_misc":{"Dur\u00e9e de lecture estim\u00e9e":"1 minute"},"schema":{"@context":"https:\/\/schema.org","@graph":[{"@type":"WebPage","@id":"https:\/\/magistratiracing.com\/fr\/prodotto\/ingranaggi-regolabili-tmax-530-e-560-messa-in-fase-delle-camme-facilitata\/","url":"https:\/\/magistratiracing.com\/fr\/prodotto\/ingranaggi-regolabili-tmax-530-e-560-messa-in-fase-delle-camme-facilitata\/","name":"Engrenages r\u00e9glables TMAX 530 et 560 | Phasage des arbres \u00e0 cames facilit\u00e9 - Magistrati racing","isPartOf":{"@id":"https:\/\/magistratiracing.com\/fr\/#website"},"primaryImageOfPage":{"@id":"https:\/\/magistratiracing.com\/fr\/prodotto\/ingranaggi-regolabili-tmax-530-e-560-messa-in-fase-delle-camme-facilitata\/#primaryimage"},"image":{"@id":"https:\/\/magistratiracing.com\/fr\/prodotto\/ingranaggi-regolabili-tmax-530-e-560-messa-in-fase-delle-camme-facilitata\/#primaryimage"},"thumbnailUrl":"https:\/\/magistratiracing.com\/wp-content\/uploads\/2025\/02\/980x980_ingranaggiregolabili_3.jpg","datePublished":"2025-02-10T12:23:20+00:00","dateModified":"2026-01-01T00:22:17+00:00","breadcrumb":{"@id":"https:\/\/magistratiracing.com\/fr\/prodotto\/ingranaggi-regolabili-tmax-530-e-560-messa-in-fase-delle-camme-facilitata\/#breadcrumb"},"inLanguage":"fr-FR","potentialAction":[{"@type":"ReadAction","target":["https:\/\/magistratiracing.com\/fr\/prodotto\/ingranaggi-regolabili-tmax-530-e-560-messa-in-fase-delle-camme-facilitata\/"]}]},{"@type":"ImageObject","inLanguage":"fr-FR","@id":"https:\/\/magistratiracing.com\/fr\/prodotto\/ingranaggi-regolabili-tmax-530-e-560-messa-in-fase-delle-camme-facilitata\/#primaryimage","url":"https:\/\/magistratiracing.com\/wp-content\/uploads\/2025\/02\/980x980_ingranaggiregolabili_3.jpg","contentUrl":"https:\/\/magistratiracing.com\/wp-content\/uploads\/2025\/02\/980x980_ingranaggiregolabili_3.jpg","width":980,"height":980},{"@type":"BreadcrumbList","@id":"https:\/\/magistratiracing.com\/fr\/prodotto\/ingranaggi-regolabili-tmax-530-e-560-messa-in-fase-delle-camme-facilitata\/#breadcrumb","itemListElement":[{"@type":"ListItem","position":1,"name":"Home","item":"https:\/\/magistratiracing.com\/fr\/"},{"@type":"ListItem","position":2,"name":"Shop","item":"https:\/\/magistratiracing.com\/fr\/boutique\/"},{"@type":"ListItem","position":3,"name":"Engrenages r\u00e9glables TMAX 530 et 560 | Phasage des arbres \u00e0 cames facilit\u00e9"}]},{"@type":"WebSite","@id":"https:\/\/magistratiracing.com\/fr\/#website","url":"https:\/\/magistratiracing.com\/fr\/","name":"Magistrati racing","description":"","potentialAction":[{"@type":"SearchAction","target":{"@type":"EntryPoint","urlTemplate":"https:\/\/magistratiracing.com\/fr\/?s={search_term_string}"},"query-input":{"@type":"PropertyValueSpecification","valueRequired":true,"valueName":"search_term_string"}}],"inLanguage":"fr-FR"}]}},"_links":{"self":[{"href":"https:\/\/magistratiracing.com\/fr\/wp-json\/wp\/v2\/product\/12215","targetHints":{"allow":["GET"]}}],"collection":[{"href":"https:\/\/magistratiracing.com\/fr\/wp-json\/wp\/v2\/product"}],"about":[{"href":"https:\/\/magistratiracing.com\/fr\/wp-json\/wp\/v2\/types\/product"}],"replies":[{"embeddable":true,"href":"https:\/\/magistratiracing.com\/fr\/wp-json\/wp\/v2\/comments?post=12215"}],"wp:featuredmedia":[{"embeddable":true,"href":"https:\/\/magistratiracing.com\/fr\/wp-json\/wp\/v2\/media\/12218"}],"wp:attachment":[{"href":"https:\/\/magistratiracing.com\/fr\/wp-json\/wp\/v2\/media?parent=12215"}],"wp:term":[{"taxonomy":"product_brand","embeddable":true,"href":"https:\/\/magistratiracing.com\/fr\/wp-json\/wp\/v2\/product_brand?post=12215"},{"taxonomy":"product_cat","embeddable":true,"href":"https:\/\/magistratiracing.com\/fr\/wp-json\/wp\/v2\/product_cat?post=12215"},{"taxonomy":"product_tag","embeddable":true,"href":"https:\/\/magistratiracing.com\/fr\/wp-json\/wp\/v2\/product_tag?post=12215"}],"curies":[{"name":"wp","href":"https:\/\/api.w.org\/{rel}","templated":true}]}}