{"id":12220,"date":"2025-02-08T18:05:14","date_gmt":"2025-02-08T18:05:14","guid":{"rendered":"https:\/\/magistratiracing.com\/product\/kit-aspirato-tmax-560-20202024-potenza-incrementata-magistrati-racing\/"},"modified":"2025-05-30T04:01:37","modified_gmt":"2025-05-30T04:01:37","slug":"kit-aspirato-tmax-560-20202024-potenza-incrementata-magistrati-racing","status":"publish","type":"product","link":"https:\/\/magistratiracing.com\/fr\/prodotto\/kit-aspirato-tmax-560-20202024-potenza-incrementata-magistrati-racing\/","title":{"rendered":"Kit Atmo pour TMAX 560 2020>2024 | Puissance augment\u00e9e | Magistrati Racing\u00ae"},"content":{"rendered":"<p><span style=\"font-weight: 400;\">Le Kit admission de Magistrati Racing\u00ae pour TMAX 560 (mod\u00e8les de 2020 \u00e0 2024) est con\u00e7u pour am\u00e9liorer consid\u00e9rablement les performances de votre moteur.<\/span><\/p>\n<p><span style=\"font-weight: 400;\">Ce kit contient des composants de haute qualit\u00e9 qui augmentent la puissance et l\u2019efficacit\u00e9 de votre TMAX, garantissant une exp\u00e9rience de conduite de niveau sup\u00e9rieur.<\/span><\/p>\n<p><strong>Composants du kit<\/strong><\/p>\n<ul>\n<li><span style=\"font-weight: 400;\"><strong>Arbres \u00e0 cames Racing de Magistrati avec pignons r\u00e9glables\u00a0:<\/strong> am\u00e9liorent la synchronisation des soupapes pour optimiser le flux d\u2019air et la combustion.<\/span><\/li>\n<li><span style=\"font-weight: 400;\"><strong>Cornets d\u2019admission de Magistrati\u00a0:<\/strong> augmentent le flux d\u2019air du moteur pour une efficacit\u00e9 accrue.<\/span><\/li>\n<li><span style=\"font-weight: 400;\"><strong>Cartographie pr\u00e9charg\u00e9e sur ECU d&#8217;origine\u00a0:<\/strong> comprend la suppression de la limite de vitesse directement \u00e0 partir de l\u2019unit\u00e9 de commande pour maximiser les performances.<\/span><\/li>\n<\/ul>\n<p><span style=\"font-weight: 400;\">\u00a0<\/span><\/p>\n<p><strong>Performances<\/strong><\/p>\n<ul>\n<li><span style=\"font-weight: 400;\"><strong>Rendu\u00a0:<\/strong> environ 54\u00a0chevaux \u00e0 la roue, par rapport aux 38\u00a0chevaux d\u2019origine.<\/span><\/li>\n<li><span style=\"font-weight: 400;\"><strong>Test\u00e9 sur\u00a0:<\/strong> TMAX\u00a0560 (2020-2021) avec \u00e9chappement Leovince.<\/span><\/li>\n<li><span style=\"font-weight: 400;\"><strong>Remarque\u00a0:<\/strong> la cartographie pr\u00e9charg\u00e9e pourrait ne pas \u00eatre optimale pour les v\u00e9hicules avec un \u00e9chappement ou des composants diff\u00e9rents.<\/span><\/li>\n<\/ul>\n<p>&nbsp;<\/p>\n<p><span style=\"font-weight: 400;\">Modifications conseill\u00e9es<\/span><\/p>\n<p><span style=\"font-weight: 400;\">Pour obtenir le maximum du kit admission, il est indispensable d\u2019apporter les modifications suivantes \u00e0 la transmission, \u00e0 effectuer de mani\u00e8re personnalis\u00e9e par le client\u00a0:<\/span><\/p>\n<ul>\n<li><strong>Configuration de d\u00e9part\u00a0:<\/strong>\n<ul>\n<li><span style=\"font-weight: 400;\">Correcteur de couple Malossi<\/span>&nbsp;<\/li>\n<li><span style=\"font-weight: 400;\">Variateur Malossi<\/span><\/li>\n<li><span style=\"font-weight: 400;\">Ventilvar Malossi<\/span><\/li>\n<li><span style=\"font-weight: 400;\">Courroie d&#8217;origine<\/span><\/li>\n<li><span style=\"font-weight: 400;\">Galets de 12\u00a0g<\/span><\/li>\n<li><span style=\"font-weight: 400;\">Ressort de pouss\u00e9e blanc<\/span><\/li>\n<\/ul>\n<\/li>\n<\/ul>\n<p><span style=\"font-weight: 400;\">IMPORTANT<\/span><\/p>\n<p><span style=\"font-weight: 400;\">Envoyer pour usinage Ecu d&#8217;origine apr\u00e8s avoir effectu\u00e9 l\u2019achat<\/span><\/p>\n<p>&nbsp;<\/p>\n<p><span style=\"font-weight: 400;\">1<\/span><span style=\"font-weight: 400;\">\u00e8re<\/span><span style=\"font-weight: 400;\"> EXP\u00c9DITION DE VOTRE PRODUIT<\/span><\/p>\n<p><span style=\"font-weight: 400;\">Les frais d\u2019exp\u00e9dition initiaux pour nous envoyer le produit \u00e0 modifier sont \u00e0 votre charge.<\/span><\/p>\n","protected":false},"excerpt":{"rendered":"<p>Le Kit admission de Magistrati Racing\u00ae pour TMAX 560 (mod\u00e8les de 2020 \u00e0 2024) est con\u00e7u pour am\u00e9liorer consid\u00e9rablement les performances de votre moteur. Ce kit contient des composants de haute qualit\u00e9 qui augmentent la puissance et l\u2019efficacit\u00e9 de votre TMAX, garantissant une exp\u00e9rience de conduite de niveau sup\u00e9rieur. Composants du kit Arbres \u00e0 cames [&hellip;]<\/p>\n","protected":false},"featured_media":12221,"comment_status":"open","ping_status":"closed","template":"","meta":[],"product_brand":[],"product_cat":[327,344,323,320],"product_tag":[],"class_list":{"0":"post-12220","1":"product","2":"type-product","3":"status-publish","4":"has-post-thumbnail","6":"product_cat-aspirazione-fr-3","7":"product_cat-motore-fr-7","8":"product_cat-tmax-560-2020-2024-fr-2","9":"product_cat-tmax-aspirato-fr","10":"product_shipping_class-kit-aspirato-fr","12":"first","13":"instock","14":"shipping-taxable","15":"purchasable","16":"product-type-variable"},"yoast_head":"<!-- This site is optimized with the Yoast SEO plugin v26.8 - https:\/\/yoast.com\/product\/yoast-seo-wordpress\/ -->\n<title>Kit Atmo pour TMAX 560 2020&gt;2024 | Puissance augment\u00e9e | Magistrati Racing\u00ae - Magistrati racing<\/title>\n<meta name=\"robots\" content=\"index, follow, max-snippet:-1, max-image-preview:large, max-video-preview:-1\" \/>\n<link rel=\"canonical\" href=\"https:\/\/magistratiracing.com\/fr\/prodotto\/kit-aspirato-tmax-560-20202024-potenza-incrementata-magistrati-racing\/\" \/>\n<meta property=\"og:locale\" content=\"fr_FR\" \/>\n<meta property=\"og:type\" content=\"article\" \/>\n<meta property=\"og:title\" content=\"Kit Atmo pour TMAX 560 2020&gt;2024 | Puissance augment\u00e9e | Magistrati Racing\u00ae - Magistrati racing\" \/>\n<meta property=\"og:description\" content=\"Le Kit admission de Magistrati Racing\u00ae pour TMAX 560 (mod\u00e8les de 2020 \u00e0 2024) est con\u00e7u pour am\u00e9liorer consid\u00e9rablement les performances de votre moteur. Ce kit contient des composants de haute qualit\u00e9 qui augmentent la puissance et l\u2019efficacit\u00e9 de votre TMAX, garantissant une exp\u00e9rience de conduite de niveau sup\u00e9rieur. Composants du kit Arbres \u00e0 cames [&hellip;]\" \/>\n<meta property=\"og:url\" content=\"https:\/\/magistratiracing.com\/fr\/prodotto\/kit-aspirato-tmax-560-20202024-potenza-incrementata-magistrati-racing\/\" \/>\n<meta property=\"og:site_name\" content=\"Magistrati racing\" \/>\n<meta property=\"article:modified_time\" content=\"2025-05-30T04:01:37+00:00\" \/>\n<meta property=\"og:image\" content=\"https:\/\/magistratiracing.com\/wp-content\/uploads\/2025\/02\/980x980_cornetti_4.jpg\" \/>\n\t<meta property=\"og:image:width\" content=\"980\" \/>\n\t<meta property=\"og:image:height\" content=\"980\" \/>\n\t<meta property=\"og:image:type\" content=\"image\/jpeg\" \/>\n<meta name=\"twitter:card\" content=\"summary_large_image\" \/>\n<meta name=\"twitter:label1\" content=\"Dur\u00e9e de lecture estim\u00e9e\" \/>\n\t<meta name=\"twitter:data1\" content=\"2 minutes\" \/>\n<script type=\"application\/ld+json\" class=\"yoast-schema-graph\">{\"@context\":\"https:\/\/schema.org\",\"@graph\":[{\"@type\":\"WebPage\",\"@id\":\"https:\/\/magistratiracing.com\/fr\/prodotto\/kit-aspirato-tmax-560-20202024-potenza-incrementata-magistrati-racing\/\",\"url\":\"https:\/\/magistratiracing.com\/fr\/prodotto\/kit-aspirato-tmax-560-20202024-potenza-incrementata-magistrati-racing\/\",\"name\":\"Kit Atmo pour TMAX 560 2020>2024 | Puissance augment\u00e9e | Magistrati Racing\u00ae - Magistrati racing\",\"isPartOf\":{\"@id\":\"https:\/\/magistratiracing.com\/fr\/#website\"},\"primaryImageOfPage\":{\"@id\":\"https:\/\/magistratiracing.com\/fr\/prodotto\/kit-aspirato-tmax-560-20202024-potenza-incrementata-magistrati-racing\/#primaryimage\"},\"image\":{\"@id\":\"https:\/\/magistratiracing.com\/fr\/prodotto\/kit-aspirato-tmax-560-20202024-potenza-incrementata-magistrati-racing\/#primaryimage\"},\"thumbnailUrl\":\"https:\/\/magistratiracing.com\/wp-content\/uploads\/2025\/02\/980x980_cornetti_4.jpg\",\"datePublished\":\"2025-02-08T18:05:14+00:00\",\"dateModified\":\"2025-05-30T04:01:37+00:00\",\"breadcrumb\":{\"@id\":\"https:\/\/magistratiracing.com\/fr\/prodotto\/kit-aspirato-tmax-560-20202024-potenza-incrementata-magistrati-racing\/#breadcrumb\"},\"inLanguage\":\"fr-FR\",\"potentialAction\":[{\"@type\":\"ReadAction\",\"target\":[\"https:\/\/magistratiracing.com\/fr\/prodotto\/kit-aspirato-tmax-560-20202024-potenza-incrementata-magistrati-racing\/\"]}]},{\"@type\":\"ImageObject\",\"inLanguage\":\"fr-FR\",\"@id\":\"https:\/\/magistratiracing.com\/fr\/prodotto\/kit-aspirato-tmax-560-20202024-potenza-incrementata-magistrati-racing\/#primaryimage\",\"url\":\"https:\/\/magistratiracing.com\/wp-content\/uploads\/2025\/02\/980x980_cornetti_4.jpg\",\"contentUrl\":\"https:\/\/magistratiracing.com\/wp-content\/uploads\/2025\/02\/980x980_cornetti_4.jpg\",\"width\":980,\"height\":980},{\"@type\":\"BreadcrumbList\",\"@id\":\"https:\/\/magistratiracing.com\/fr\/prodotto\/kit-aspirato-tmax-560-20202024-potenza-incrementata-magistrati-racing\/#breadcrumb\",\"itemListElement\":[{\"@type\":\"ListItem\",\"position\":1,\"name\":\"Home\",\"item\":\"https:\/\/magistratiracing.com\/fr\/\"},{\"@type\":\"ListItem\",\"position\":2,\"name\":\"Shop\",\"item\":\"https:\/\/magistratiracing.com\/fr\/boutique\/\"},{\"@type\":\"ListItem\",\"position\":3,\"name\":\"Kit Atmo pour TMAX 560 2020>2024 | Puissance augment\u00e9e | Magistrati Racing\u00ae\"}]},{\"@type\":\"WebSite\",\"@id\":\"https:\/\/magistratiracing.com\/fr\/#website\",\"url\":\"https:\/\/magistratiracing.com\/fr\/\",\"name\":\"Magistrati racing\",\"description\":\"\",\"potentialAction\":[{\"@type\":\"SearchAction\",\"target\":{\"@type\":\"EntryPoint\",\"urlTemplate\":\"https:\/\/magistratiracing.com\/fr\/?s={search_term_string}\"},\"query-input\":{\"@type\":\"PropertyValueSpecification\",\"valueRequired\":true,\"valueName\":\"search_term_string\"}}],\"inLanguage\":\"fr-FR\"}]}<\/script>\n<!-- \/ Yoast SEO plugin. -->","yoast_head_json":{"title":"Kit Atmo pour TMAX 560 2020>2024 | Puissance augment\u00e9e | Magistrati Racing\u00ae - Magistrati racing","robots":{"index":"index","follow":"follow","max-snippet":"max-snippet:-1","max-image-preview":"max-image-preview:large","max-video-preview":"max-video-preview:-1"},"canonical":"https:\/\/magistratiracing.com\/fr\/prodotto\/kit-aspirato-tmax-560-20202024-potenza-incrementata-magistrati-racing\/","og_locale":"fr_FR","og_type":"article","og_title":"Kit Atmo pour TMAX 560 2020>2024 | Puissance augment\u00e9e | Magistrati Racing\u00ae - Magistrati racing","og_description":"Le Kit admission de Magistrati Racing\u00ae pour TMAX 560 (mod\u00e8les de 2020 \u00e0 2024) est con\u00e7u pour am\u00e9liorer consid\u00e9rablement les performances de votre moteur. Ce kit contient des composants de haute qualit\u00e9 qui augmentent la puissance et l\u2019efficacit\u00e9 de votre TMAX, garantissant une exp\u00e9rience de conduite de niveau sup\u00e9rieur. Composants du kit Arbres \u00e0 cames [&hellip;]","og_url":"https:\/\/magistratiracing.com\/fr\/prodotto\/kit-aspirato-tmax-560-20202024-potenza-incrementata-magistrati-racing\/","og_site_name":"Magistrati racing","article_modified_time":"2025-05-30T04:01:37+00:00","og_image":[{"width":980,"height":980,"url":"https:\/\/magistratiracing.com\/wp-content\/uploads\/2025\/02\/980x980_cornetti_4.jpg","type":"image\/jpeg"}],"twitter_card":"summary_large_image","twitter_misc":{"Dur\u00e9e de lecture estim\u00e9e":"2 minutes"},"schema":{"@context":"https:\/\/schema.org","@graph":[{"@type":"WebPage","@id":"https:\/\/magistratiracing.com\/fr\/prodotto\/kit-aspirato-tmax-560-20202024-potenza-incrementata-magistrati-racing\/","url":"https:\/\/magistratiracing.com\/fr\/prodotto\/kit-aspirato-tmax-560-20202024-potenza-incrementata-magistrati-racing\/","name":"Kit Atmo pour TMAX 560 2020>2024 | Puissance augment\u00e9e | Magistrati Racing\u00ae - Magistrati racing","isPartOf":{"@id":"https:\/\/magistratiracing.com\/fr\/#website"},"primaryImageOfPage":{"@id":"https:\/\/magistratiracing.com\/fr\/prodotto\/kit-aspirato-tmax-560-20202024-potenza-incrementata-magistrati-racing\/#primaryimage"},"image":{"@id":"https:\/\/magistratiracing.com\/fr\/prodotto\/kit-aspirato-tmax-560-20202024-potenza-incrementata-magistrati-racing\/#primaryimage"},"thumbnailUrl":"https:\/\/magistratiracing.com\/wp-content\/uploads\/2025\/02\/980x980_cornetti_4.jpg","datePublished":"2025-02-08T18:05:14+00:00","dateModified":"2025-05-30T04:01:37+00:00","breadcrumb":{"@id":"https:\/\/magistratiracing.com\/fr\/prodotto\/kit-aspirato-tmax-560-20202024-potenza-incrementata-magistrati-racing\/#breadcrumb"},"inLanguage":"fr-FR","potentialAction":[{"@type":"ReadAction","target":["https:\/\/magistratiracing.com\/fr\/prodotto\/kit-aspirato-tmax-560-20202024-potenza-incrementata-magistrati-racing\/"]}]},{"@type":"ImageObject","inLanguage":"fr-FR","@id":"https:\/\/magistratiracing.com\/fr\/prodotto\/kit-aspirato-tmax-560-20202024-potenza-incrementata-magistrati-racing\/#primaryimage","url":"https:\/\/magistratiracing.com\/wp-content\/uploads\/2025\/02\/980x980_cornetti_4.jpg","contentUrl":"https:\/\/magistratiracing.com\/wp-content\/uploads\/2025\/02\/980x980_cornetti_4.jpg","width":980,"height":980},{"@type":"BreadcrumbList","@id":"https:\/\/magistratiracing.com\/fr\/prodotto\/kit-aspirato-tmax-560-20202024-potenza-incrementata-magistrati-racing\/#breadcrumb","itemListElement":[{"@type":"ListItem","position":1,"name":"Home","item":"https:\/\/magistratiracing.com\/fr\/"},{"@type":"ListItem","position":2,"name":"Shop","item":"https:\/\/magistratiracing.com\/fr\/boutique\/"},{"@type":"ListItem","position":3,"name":"Kit Atmo pour TMAX 560 2020>2024 | Puissance augment\u00e9e | Magistrati Racing\u00ae"}]},{"@type":"WebSite","@id":"https:\/\/magistratiracing.com\/fr\/#website","url":"https:\/\/magistratiracing.com\/fr\/","name":"Magistrati racing","description":"","potentialAction":[{"@type":"SearchAction","target":{"@type":"EntryPoint","urlTemplate":"https:\/\/magistratiracing.com\/fr\/?s={search_term_string}"},"query-input":{"@type":"PropertyValueSpecification","valueRequired":true,"valueName":"search_term_string"}}],"inLanguage":"fr-FR"}]}},"_links":{"self":[{"href":"https:\/\/magistratiracing.com\/fr\/wp-json\/wp\/v2\/product\/12220","targetHints":{"allow":["GET"]}}],"collection":[{"href":"https:\/\/magistratiracing.com\/fr\/wp-json\/wp\/v2\/product"}],"about":[{"href":"https:\/\/magistratiracing.com\/fr\/wp-json\/wp\/v2\/types\/product"}],"replies":[{"embeddable":true,"href":"https:\/\/magistratiracing.com\/fr\/wp-json\/wp\/v2\/comments?post=12220"}],"wp:featuredmedia":[{"embeddable":true,"href":"https:\/\/magistratiracing.com\/fr\/wp-json\/wp\/v2\/media\/12221"}],"wp:attachment":[{"href":"https:\/\/magistratiracing.com\/fr\/wp-json\/wp\/v2\/media?parent=12220"}],"wp:term":[{"taxonomy":"product_brand","embeddable":true,"href":"https:\/\/magistratiracing.com\/fr\/wp-json\/wp\/v2\/product_brand?post=12220"},{"taxonomy":"product_cat","embeddable":true,"href":"https:\/\/magistratiracing.com\/fr\/wp-json\/wp\/v2\/product_cat?post=12220"},{"taxonomy":"product_tag","embeddable":true,"href":"https:\/\/magistratiracing.com\/fr\/wp-json\/wp\/v2\/product_tag?post=12220"}],"curies":[{"name":"wp","href":"https:\/\/api.w.org\/{rel}","templated":true}]}}