{"id":12230,"date":"2025-02-08T17:57:44","date_gmt":"2025-02-08T17:57:44","guid":{"rendered":"https:\/\/magistratiracing.com\/product\/kit-aspirato-by-magistrati-racing-tmax-20172019-tipo-3\/"},"modified":"2025-05-30T04:08:54","modified_gmt":"2025-05-30T04:08:54","slug":"kit-aspirato-by-magistrati-racing-tmax-20172019-tipo-3","status":"publish","type":"product","link":"https:\/\/magistratiracing.com\/fr\/prodotto\/kit-aspirato-by-magistrati-racing-tmax-20172019-tipo-3\/","title":{"rendered":"Kit atmo by Magistrati Racing\u00ae TMAX 2017>2019 &#8211; Type 3"},"content":{"rendered":"<p><span style=\"font-weight: 400;\">Reprofilage arbres \u00e0 cames d&#8217;origine avec phasage + cartographie pr\u00e9charg\u00e9e sur l\u2019unit\u00e9 de commande d&#8217;origine + fourniture de cornets d\u2019admission Magistrati Racing\u00ae + usinage corps de papillon d&#8217;origine.<\/span><\/p>\n<p><span style=\"font-weight: 400;\">TMAX ann\u00e9e 2017&gt;2019<\/span><\/p>\n<p><span style=\"font-weight: 400;\">Graphique de puissance\u00a0:<\/span><\/p>\n<p>CURVA POTENZA\u00a0 TMAX 530 2017&gt;2019 <span style=\"font-weight: 400;\">avec pot d\u2019\u00e9chappement <\/span> Akrapovic racing <span style=\"font-weight: 400;\">simple sortie d\u00e9catalys\u00e9 et sans chicane sur lequel notre kit de pr\u00e9paration de type 3 est mont\u00e9 (arbres \u00e0 cames reprofil\u00e9s ; corps de papillon modifi\u00e9s ; fourniture de cornets d\u2019admission par Magistrati Racing\u00ae ; cartographie ecu d&#8217;origine)<\/span><\/p>\n<p><span style=\"font-weight: 400;\">Tests effectu\u00e9s sur banc de puissance Dynojet.<\/span><\/p>\n<p>&nbsp;<\/p>\n<p><span style=\"font-weight: 400;\">IMPORTANT<\/span><\/p>\n<p><span style=\"font-weight: 400;\">Envoyer pour usinage arbres \u00e0 cames d&#8217;origine avec pignons + unit\u00e9 de commande d\u2019origine + corps de papillon d&#8217;origine avec TPS et collecteurs en plastique et caoutchouc.<\/span><\/p>\n<p>&nbsp;<\/p>\n<p><span style=\"font-weight: 400;\">1<\/span><span style=\"font-weight: 400;\">\u00e8re<\/span><span style=\"font-weight: 400;\"> EXP\u00c9DITION DE VOTRE PRODUIT<\/span><\/p>\n<p><span style=\"font-weight: 400;\">Les frais d\u2019exp\u00e9dition initiaux pour nous envoyer le produit \u00e0 modifier sont \u00e0 votre charge.<\/span><\/p>\n","protected":false},"excerpt":{"rendered":"<p>Reprofilage arbres \u00e0 cames d&#8217;origine avec phasage + cartographie pr\u00e9charg\u00e9e sur l\u2019unit\u00e9 de commande d&#8217;origine + fourniture de cornets d\u2019admission Magistrati Racing\u00ae + usinage corps de papillon d&#8217;origine. TMAX ann\u00e9e 2017&gt;2019 Graphique de puissance\u00a0: CURVA POTENZA\u00a0 TMAX 530 2017&gt;2019 avec pot d\u2019\u00e9chappement Akrapovic racing simple sortie d\u00e9catalys\u00e9 et sans chicane sur lequel notre kit de [&hellip;]<\/p>\n","protected":false},"featured_media":12066,"comment_status":"open","ping_status":"closed","template":"","meta":[],"product_brand":[],"product_cat":[384,343,338,320],"product_tag":[],"class_list":{"0":"post-12230","1":"product","2":"type-product","3":"status-publish","4":"has-post-thumbnail","6":"product_cat-aspirazione-fr-6","7":"product_cat-motore-fr-6","8":"product_cat-tmax-530-2017-2019-fr-2","9":"product_cat-tmax-aspirato-fr","10":"product_shipping_class-kit-aspirato-fr","12":"first","13":"instock","14":"shipping-taxable","15":"purchasable","16":"product-type-simple"},"yoast_head":"<!-- This site is optimized with the Yoast SEO plugin v26.8 - https:\/\/yoast.com\/product\/yoast-seo-wordpress\/ -->\n<title>Kit atmo by Magistrati Racing\u00ae TMAX 2017&gt;2019 - Type 3 - Magistrati racing<\/title>\n<meta name=\"robots\" content=\"index, follow, max-snippet:-1, max-image-preview:large, max-video-preview:-1\" \/>\n<link rel=\"canonical\" href=\"https:\/\/magistratiracing.com\/fr\/prodotto\/kit-aspirato-by-magistrati-racing-tmax-20172019-tipo-3\/\" \/>\n<meta property=\"og:locale\" content=\"fr_FR\" \/>\n<meta property=\"og:type\" content=\"article\" \/>\n<meta property=\"og:title\" content=\"Kit atmo by Magistrati Racing\u00ae TMAX 2017&gt;2019 - Type 3 - Magistrati racing\" \/>\n<meta property=\"og:description\" content=\"Reprofilage arbres \u00e0 cames d&#8217;origine avec phasage + cartographie pr\u00e9charg\u00e9e sur l\u2019unit\u00e9 de commande d&#8217;origine + fourniture de cornets d\u2019admission Magistrati Racing\u00ae + usinage corps de papillon d&#8217;origine. TMAX ann\u00e9e 2017&gt;2019 Graphique de puissance\u00a0: CURVA POTENZA\u00a0 TMAX 530 2017&gt;2019 avec pot d\u2019\u00e9chappement Akrapovic racing simple sortie d\u00e9catalys\u00e9 et sans chicane sur lequel notre kit de [&hellip;]\" \/>\n<meta property=\"og:url\" content=\"https:\/\/magistratiracing.com\/fr\/prodotto\/kit-aspirato-by-magistrati-racing-tmax-20172019-tipo-3\/\" \/>\n<meta property=\"og:site_name\" content=\"Magistrati racing\" \/>\n<meta property=\"article:modified_time\" content=\"2025-05-30T04:08:54+00:00\" \/>\n<meta property=\"og:image\" content=\"https:\/\/magistratiracing.com\/wp-content\/uploads\/2025\/02\/grafico-560-kit-Aspirazione-scarico-Leovince-deca.png\" \/>\n\t<meta property=\"og:image:width\" content=\"1267\" \/>\n\t<meta property=\"og:image:height\" content=\"712\" \/>\n\t<meta property=\"og:image:type\" content=\"image\/png\" \/>\n<meta name=\"twitter:card\" content=\"summary_large_image\" \/>\n<meta name=\"twitter:label1\" content=\"Dur\u00e9e de lecture estim\u00e9e\" \/>\n\t<meta name=\"twitter:data1\" content=\"1 minute\" \/>\n<script type=\"application\/ld+json\" class=\"yoast-schema-graph\">{\"@context\":\"https:\/\/schema.org\",\"@graph\":[{\"@type\":\"WebPage\",\"@id\":\"https:\/\/magistratiracing.com\/fr\/prodotto\/kit-aspirato-by-magistrati-racing-tmax-20172019-tipo-3\/\",\"url\":\"https:\/\/magistratiracing.com\/fr\/prodotto\/kit-aspirato-by-magistrati-racing-tmax-20172019-tipo-3\/\",\"name\":\"Kit atmo by Magistrati Racing\u00ae TMAX 2017>2019 - Type 3 - Magistrati racing\",\"isPartOf\":{\"@id\":\"https:\/\/magistratiracing.com\/fr\/#website\"},\"primaryImageOfPage\":{\"@id\":\"https:\/\/magistratiracing.com\/fr\/prodotto\/kit-aspirato-by-magistrati-racing-tmax-20172019-tipo-3\/#primaryimage\"},\"image\":{\"@id\":\"https:\/\/magistratiracing.com\/fr\/prodotto\/kit-aspirato-by-magistrati-racing-tmax-20172019-tipo-3\/#primaryimage\"},\"thumbnailUrl\":\"https:\/\/magistratiracing.com\/wp-content\/uploads\/2025\/02\/grafico-560-kit-Aspirazione-scarico-Leovince-deca.png\",\"datePublished\":\"2025-02-08T17:57:44+00:00\",\"dateModified\":\"2025-05-30T04:08:54+00:00\",\"breadcrumb\":{\"@id\":\"https:\/\/magistratiracing.com\/fr\/prodotto\/kit-aspirato-by-magistrati-racing-tmax-20172019-tipo-3\/#breadcrumb\"},\"inLanguage\":\"fr-FR\",\"potentialAction\":[{\"@type\":\"ReadAction\",\"target\":[\"https:\/\/magistratiracing.com\/fr\/prodotto\/kit-aspirato-by-magistrati-racing-tmax-20172019-tipo-3\/\"]}]},{\"@type\":\"ImageObject\",\"inLanguage\":\"fr-FR\",\"@id\":\"https:\/\/magistratiracing.com\/fr\/prodotto\/kit-aspirato-by-magistrati-racing-tmax-20172019-tipo-3\/#primaryimage\",\"url\":\"https:\/\/magistratiracing.com\/wp-content\/uploads\/2025\/02\/grafico-560-kit-Aspirazione-scarico-Leovince-deca.png\",\"contentUrl\":\"https:\/\/magistratiracing.com\/wp-content\/uploads\/2025\/02\/grafico-560-kit-Aspirazione-scarico-Leovince-deca.png\",\"width\":1267,\"height\":712},{\"@type\":\"BreadcrumbList\",\"@id\":\"https:\/\/magistratiracing.com\/fr\/prodotto\/kit-aspirato-by-magistrati-racing-tmax-20172019-tipo-3\/#breadcrumb\",\"itemListElement\":[{\"@type\":\"ListItem\",\"position\":1,\"name\":\"Home\",\"item\":\"https:\/\/magistratiracing.com\/fr\/\"},{\"@type\":\"ListItem\",\"position\":2,\"name\":\"Shop\",\"item\":\"https:\/\/magistratiracing.com\/fr\/boutique\/\"},{\"@type\":\"ListItem\",\"position\":3,\"name\":\"Kit atmo by Magistrati Racing\u00ae TMAX 2017>2019 &#8211; Type 3\"}]},{\"@type\":\"WebSite\",\"@id\":\"https:\/\/magistratiracing.com\/fr\/#website\",\"url\":\"https:\/\/magistratiracing.com\/fr\/\",\"name\":\"Magistrati racing\",\"description\":\"\",\"potentialAction\":[{\"@type\":\"SearchAction\",\"target\":{\"@type\":\"EntryPoint\",\"urlTemplate\":\"https:\/\/magistratiracing.com\/fr\/?s={search_term_string}\"},\"query-input\":{\"@type\":\"PropertyValueSpecification\",\"valueRequired\":true,\"valueName\":\"search_term_string\"}}],\"inLanguage\":\"fr-FR\"}]}<\/script>\n<!-- \/ Yoast SEO plugin. -->","yoast_head_json":{"title":"Kit atmo by Magistrati Racing\u00ae TMAX 2017>2019 - Type 3 - Magistrati racing","robots":{"index":"index","follow":"follow","max-snippet":"max-snippet:-1","max-image-preview":"max-image-preview:large","max-video-preview":"max-video-preview:-1"},"canonical":"https:\/\/magistratiracing.com\/fr\/prodotto\/kit-aspirato-by-magistrati-racing-tmax-20172019-tipo-3\/","og_locale":"fr_FR","og_type":"article","og_title":"Kit atmo by Magistrati Racing\u00ae TMAX 2017>2019 - Type 3 - Magistrati racing","og_description":"Reprofilage arbres \u00e0 cames d&#8217;origine avec phasage + cartographie pr\u00e9charg\u00e9e sur l\u2019unit\u00e9 de commande d&#8217;origine + fourniture de cornets d\u2019admission Magistrati Racing\u00ae + usinage corps de papillon d&#8217;origine. TMAX ann\u00e9e 2017&gt;2019 Graphique de puissance\u00a0: CURVA POTENZA\u00a0 TMAX 530 2017&gt;2019 avec pot d\u2019\u00e9chappement Akrapovic racing simple sortie d\u00e9catalys\u00e9 et sans chicane sur lequel notre kit de [&hellip;]","og_url":"https:\/\/magistratiracing.com\/fr\/prodotto\/kit-aspirato-by-magistrati-racing-tmax-20172019-tipo-3\/","og_site_name":"Magistrati racing","article_modified_time":"2025-05-30T04:08:54+00:00","og_image":[{"width":1267,"height":712,"url":"https:\/\/magistratiracing.com\/wp-content\/uploads\/2025\/02\/grafico-560-kit-Aspirazione-scarico-Leovince-deca.png","type":"image\/png"}],"twitter_card":"summary_large_image","twitter_misc":{"Dur\u00e9e de lecture estim\u00e9e":"1 minute"},"schema":{"@context":"https:\/\/schema.org","@graph":[{"@type":"WebPage","@id":"https:\/\/magistratiracing.com\/fr\/prodotto\/kit-aspirato-by-magistrati-racing-tmax-20172019-tipo-3\/","url":"https:\/\/magistratiracing.com\/fr\/prodotto\/kit-aspirato-by-magistrati-racing-tmax-20172019-tipo-3\/","name":"Kit atmo by Magistrati Racing\u00ae TMAX 2017>2019 - Type 3 - Magistrati racing","isPartOf":{"@id":"https:\/\/magistratiracing.com\/fr\/#website"},"primaryImageOfPage":{"@id":"https:\/\/magistratiracing.com\/fr\/prodotto\/kit-aspirato-by-magistrati-racing-tmax-20172019-tipo-3\/#primaryimage"},"image":{"@id":"https:\/\/magistratiracing.com\/fr\/prodotto\/kit-aspirato-by-magistrati-racing-tmax-20172019-tipo-3\/#primaryimage"},"thumbnailUrl":"https:\/\/magistratiracing.com\/wp-content\/uploads\/2025\/02\/grafico-560-kit-Aspirazione-scarico-Leovince-deca.png","datePublished":"2025-02-08T17:57:44+00:00","dateModified":"2025-05-30T04:08:54+00:00","breadcrumb":{"@id":"https:\/\/magistratiracing.com\/fr\/prodotto\/kit-aspirato-by-magistrati-racing-tmax-20172019-tipo-3\/#breadcrumb"},"inLanguage":"fr-FR","potentialAction":[{"@type":"ReadAction","target":["https:\/\/magistratiracing.com\/fr\/prodotto\/kit-aspirato-by-magistrati-racing-tmax-20172019-tipo-3\/"]}]},{"@type":"ImageObject","inLanguage":"fr-FR","@id":"https:\/\/magistratiracing.com\/fr\/prodotto\/kit-aspirato-by-magistrati-racing-tmax-20172019-tipo-3\/#primaryimage","url":"https:\/\/magistratiracing.com\/wp-content\/uploads\/2025\/02\/grafico-560-kit-Aspirazione-scarico-Leovince-deca.png","contentUrl":"https:\/\/magistratiracing.com\/wp-content\/uploads\/2025\/02\/grafico-560-kit-Aspirazione-scarico-Leovince-deca.png","width":1267,"height":712},{"@type":"BreadcrumbList","@id":"https:\/\/magistratiracing.com\/fr\/prodotto\/kit-aspirato-by-magistrati-racing-tmax-20172019-tipo-3\/#breadcrumb","itemListElement":[{"@type":"ListItem","position":1,"name":"Home","item":"https:\/\/magistratiracing.com\/fr\/"},{"@type":"ListItem","position":2,"name":"Shop","item":"https:\/\/magistratiracing.com\/fr\/boutique\/"},{"@type":"ListItem","position":3,"name":"Kit atmo by Magistrati Racing\u00ae TMAX 2017>2019 &#8211; Type 3"}]},{"@type":"WebSite","@id":"https:\/\/magistratiracing.com\/fr\/#website","url":"https:\/\/magistratiracing.com\/fr\/","name":"Magistrati racing","description":"","potentialAction":[{"@type":"SearchAction","target":{"@type":"EntryPoint","urlTemplate":"https:\/\/magistratiracing.com\/fr\/?s={search_term_string}"},"query-input":{"@type":"PropertyValueSpecification","valueRequired":true,"valueName":"search_term_string"}}],"inLanguage":"fr-FR"}]}},"_links":{"self":[{"href":"https:\/\/magistratiracing.com\/fr\/wp-json\/wp\/v2\/product\/12230","targetHints":{"allow":["GET"]}}],"collection":[{"href":"https:\/\/magistratiracing.com\/fr\/wp-json\/wp\/v2\/product"}],"about":[{"href":"https:\/\/magistratiracing.com\/fr\/wp-json\/wp\/v2\/types\/product"}],"replies":[{"embeddable":true,"href":"https:\/\/magistratiracing.com\/fr\/wp-json\/wp\/v2\/comments?post=12230"}],"wp:featuredmedia":[{"embeddable":true,"href":"https:\/\/magistratiracing.com\/fr\/wp-json\/wp\/v2\/media\/12066"}],"wp:attachment":[{"href":"https:\/\/magistratiracing.com\/fr\/wp-json\/wp\/v2\/media?parent=12230"}],"wp:term":[{"taxonomy":"product_brand","embeddable":true,"href":"https:\/\/magistratiracing.com\/fr\/wp-json\/wp\/v2\/product_brand?post=12230"},{"taxonomy":"product_cat","embeddable":true,"href":"https:\/\/magistratiracing.com\/fr\/wp-json\/wp\/v2\/product_cat?post=12230"},{"taxonomy":"product_tag","embeddable":true,"href":"https:\/\/magistratiracing.com\/fr\/wp-json\/wp\/v2\/product_tag?post=12230"}],"curies":[{"name":"wp","href":"https:\/\/api.w.org\/{rel}","templated":true}]}}