{"id":12248,"date":"2025-04-09T12:11:28","date_gmt":"2025-04-09T12:11:28","guid":{"rendered":"https:\/\/magistratiracing.com\/product\/pistoni-per-turbo-in-alluminio-forgiato-esclusiva-magistrati-racing-tmax-560-2025\/"},"modified":"2025-05-30T04:37:43","modified_gmt":"2025-05-30T04:37:43","slug":"pistons-en-aluminium-forge-exclusive-magistrati-racing-tmax-560-2025","status":"publish","type":"product","link":"https:\/\/magistratiracing.com\/fr\/prodotto\/pistons-en-aluminium-forge-exclusive-magistrati-racing-tmax-560-2025\/","title":{"rendered":"Pistons en aluminium forg\u00e9 &#8211; Exclusive Magistrati Racing\u00ae TMAX 560 2025"},"content":{"rendered":"<p><strong>Produit en collaboration avec Pistal Racing et Marco Magistrati\u00ae<\/strong><\/p>\n<p><span style=\"font-weight: 400;\">D\u00e9couvrez les pistons en aluminium forg\u00e9 con\u00e7us pour la transformation turbo du Tmax 560 2020-2024, disponibles exclusivement sur Magistrati Racing\u00ae . R\u00e9alis\u00e9s gr\u00e2ce \u00e0 la synergie entre Pistal Racing, entreprise italienne de renom sp\u00e9cialis\u00e9e dans les pistons, et Marco Magistrati, expert en m\u00e9canique et \u00e9lectronique avec son savoir-faire technique.<\/span><\/p>\n<p><span style=\"font-weight: 400;\">Caract\u00e9ristiques principales\u00a0:<\/span><\/p>\n<ul>\n<li><span style=\"font-weight: 400;\"><strong>Compatibilit\u00e9<\/strong>\u00a0: utilisables avec des bielles d&#8217;origine ou des bielles racing de Magistrati.<\/span><\/li>\n<li><span style=\"font-weight: 400;\"><strong>Performances optimis\u00e9es<\/strong> : une plus grande puissance et fiabilit\u00e9.<\/span><\/li>\n<li><strong>Ensembles d\u2019accessoires<\/strong> : fournies avec colliers, axes de piston et circlips seeger inclus.<\/li>\n<li><strong>Facilit\u00e9 de montage<\/strong> : installation sans modifications sur la bielle de s\u00e9rie.<\/li>\n<li><strong>Informations techniques<\/strong> : diam\u00e8tre cylindre de 70 mm.<\/li>\n<\/ul>\n<p>&nbsp;<\/p>\n<p><span style=\"font-weight: 400;\">MONTAGE<\/span><\/p>\n<p><span style=\"font-weight: 400;\">Effectu\u00e9 par le client<\/span><\/p>\n<p>&nbsp;<\/p>\n<p>QUANTIT\u00c9<\/p>\n<p>Une paire<\/p>\n<p>&nbsp;<\/p>\n<p><span style=\"font-weight: 400;\">AXE DE PISTON\/SEGMENTS\/CIRCLIPS SEEGER<\/span><\/p>\n<p><span style=\"font-weight: 400;\">Inclus<\/span><\/p>\n","protected":false},"excerpt":{"rendered":"<p>Produit en collaboration avec Pistal Racing et Marco Magistrati\u00ae D\u00e9couvrez les pistons en aluminium forg\u00e9 con\u00e7us pour la transformation turbo du Tmax 560 2020-2024, disponibles exclusivement sur Magistrati Racing\u00ae . R\u00e9alis\u00e9s gr\u00e2ce \u00e0 la synergie entre Pistal Racing, entreprise italienne de renom sp\u00e9cialis\u00e9e dans les pistons, et Marco Magistrati, expert en m\u00e9canique et \u00e9lectronique avec [&hellip;]<\/p>\n","protected":false},"featured_media":12200,"comment_status":"open","ping_status":"closed","template":"","meta":[],"product_brand":[],"product_cat":[341,322,319],"product_tag":[],"class_list":{"0":"post-12248","1":"product","2":"type-product","3":"status-publish","4":"has-post-thumbnail","6":"product_cat-motore-fr-4","7":"product_cat-tmax-560-2025-fr","8":"product_cat-tmax-turbo-fr","9":"product_shipping_class-pistoni-fr","11":"first","12":"instock","13":"sale","14":"shipping-taxable","15":"purchasable","16":"product-type-simple"},"yoast_head":"<!-- This site is optimized with the Yoast SEO plugin v26.8 - https:\/\/yoast.com\/product\/yoast-seo-wordpress\/ -->\n<title>Pistons en aluminium forg\u00e9 - Exclusive Magistrati Racing\u00ae TMAX 560 2025 - Magistrati racing<\/title>\n<meta name=\"robots\" content=\"index, follow, max-snippet:-1, max-image-preview:large, max-video-preview:-1\" \/>\n<link rel=\"canonical\" href=\"https:\/\/magistratiracing.com\/fr\/prodotto\/pistons-en-aluminium-forge-exclusive-magistrati-racing-tmax-560-2025\/\" \/>\n<meta property=\"og:locale\" content=\"fr_FR\" \/>\n<meta property=\"og:type\" content=\"article\" \/>\n<meta property=\"og:title\" content=\"Pistons en aluminium forg\u00e9 - Exclusive Magistrati Racing\u00ae TMAX 560 2025 - Magistrati racing\" \/>\n<meta property=\"og:description\" content=\"Produit en collaboration avec Pistal Racing et Marco Magistrati\u00ae D\u00e9couvrez les pistons en aluminium forg\u00e9 con\u00e7us pour la transformation turbo du Tmax 560 2020-2024, disponibles exclusivement sur Magistrati Racing\u00ae . R\u00e9alis\u00e9s gr\u00e2ce \u00e0 la synergie entre Pistal Racing, entreprise italienne de renom sp\u00e9cialis\u00e9e dans les pistons, et Marco Magistrati, expert en m\u00e9canique et \u00e9lectronique avec [&hellip;]\" \/>\n<meta property=\"og:url\" content=\"https:\/\/magistratiracing.com\/fr\/prodotto\/pistons-en-aluminium-forge-exclusive-magistrati-racing-tmax-560-2025\/\" \/>\n<meta property=\"og:site_name\" content=\"Magistrati racing\" \/>\n<meta property=\"article:modified_time\" content=\"2025-05-30T04:37:43+00:00\" \/>\n<meta property=\"og:image\" content=\"https:\/\/magistratiracing.com\/wp-content\/uploads\/2025\/02\/980x980_pistoni_5.jpg\" \/>\n\t<meta property=\"og:image:width\" content=\"980\" \/>\n\t<meta property=\"og:image:height\" content=\"980\" \/>\n\t<meta property=\"og:image:type\" content=\"image\/jpeg\" \/>\n<meta name=\"twitter:card\" content=\"summary_large_image\" \/>\n<meta name=\"twitter:label1\" content=\"Dur\u00e9e de lecture estim\u00e9e\" \/>\n\t<meta name=\"twitter:data1\" content=\"1 minute\" \/>\n<script type=\"application\/ld+json\" class=\"yoast-schema-graph\">{\"@context\":\"https:\/\/schema.org\",\"@graph\":[{\"@type\":\"WebPage\",\"@id\":\"https:\/\/magistratiracing.com\/fr\/prodotto\/pistons-en-aluminium-forge-exclusive-magistrati-racing-tmax-560-2025\/\",\"url\":\"https:\/\/magistratiracing.com\/fr\/prodotto\/pistons-en-aluminium-forge-exclusive-magistrati-racing-tmax-560-2025\/\",\"name\":\"Pistons en aluminium forg\u00e9 - Exclusive Magistrati Racing\u00ae TMAX 560 2025 - Magistrati racing\",\"isPartOf\":{\"@id\":\"https:\/\/magistratiracing.com\/fr\/#website\"},\"primaryImageOfPage\":{\"@id\":\"https:\/\/magistratiracing.com\/fr\/prodotto\/pistons-en-aluminium-forge-exclusive-magistrati-racing-tmax-560-2025\/#primaryimage\"},\"image\":{\"@id\":\"https:\/\/magistratiracing.com\/fr\/prodotto\/pistons-en-aluminium-forge-exclusive-magistrati-racing-tmax-560-2025\/#primaryimage\"},\"thumbnailUrl\":\"https:\/\/magistratiracing.com\/wp-content\/uploads\/2025\/02\/980x980_pistoni_5.jpg\",\"datePublished\":\"2025-04-09T12:11:28+00:00\",\"dateModified\":\"2025-05-30T04:37:43+00:00\",\"breadcrumb\":{\"@id\":\"https:\/\/magistratiracing.com\/fr\/prodotto\/pistons-en-aluminium-forge-exclusive-magistrati-racing-tmax-560-2025\/#breadcrumb\"},\"inLanguage\":\"fr-FR\",\"potentialAction\":[{\"@type\":\"ReadAction\",\"target\":[\"https:\/\/magistratiracing.com\/fr\/prodotto\/pistons-en-aluminium-forge-exclusive-magistrati-racing-tmax-560-2025\/\"]}]},{\"@type\":\"ImageObject\",\"inLanguage\":\"fr-FR\",\"@id\":\"https:\/\/magistratiracing.com\/fr\/prodotto\/pistons-en-aluminium-forge-exclusive-magistrati-racing-tmax-560-2025\/#primaryimage\",\"url\":\"https:\/\/magistratiracing.com\/wp-content\/uploads\/2025\/02\/980x980_pistoni_5.jpg\",\"contentUrl\":\"https:\/\/magistratiracing.com\/wp-content\/uploads\/2025\/02\/980x980_pistoni_5.jpg\",\"width\":980,\"height\":980,\"caption\":\"PISTONI TURBO\"},{\"@type\":\"BreadcrumbList\",\"@id\":\"https:\/\/magistratiracing.com\/fr\/prodotto\/pistons-en-aluminium-forge-exclusive-magistrati-racing-tmax-560-2025\/#breadcrumb\",\"itemListElement\":[{\"@type\":\"ListItem\",\"position\":1,\"name\":\"Home\",\"item\":\"https:\/\/magistratiracing.com\/fr\/\"},{\"@type\":\"ListItem\",\"position\":2,\"name\":\"Shop\",\"item\":\"https:\/\/magistratiracing.com\/fr\/boutique\/\"},{\"@type\":\"ListItem\",\"position\":3,\"name\":\"Pistons en aluminium forg\u00e9 &#8211; Exclusive Magistrati Racing\u00ae TMAX 560 2025\"}]},{\"@type\":\"WebSite\",\"@id\":\"https:\/\/magistratiracing.com\/fr\/#website\",\"url\":\"https:\/\/magistratiracing.com\/fr\/\",\"name\":\"Magistrati racing\",\"description\":\"\",\"potentialAction\":[{\"@type\":\"SearchAction\",\"target\":{\"@type\":\"EntryPoint\",\"urlTemplate\":\"https:\/\/magistratiracing.com\/fr\/?s={search_term_string}\"},\"query-input\":{\"@type\":\"PropertyValueSpecification\",\"valueRequired\":true,\"valueName\":\"search_term_string\"}}],\"inLanguage\":\"fr-FR\"}]}<\/script>\n<!-- \/ Yoast SEO plugin. -->","yoast_head_json":{"title":"Pistons en aluminium forg\u00e9 - Exclusive Magistrati Racing\u00ae TMAX 560 2025 - Magistrati racing","robots":{"index":"index","follow":"follow","max-snippet":"max-snippet:-1","max-image-preview":"max-image-preview:large","max-video-preview":"max-video-preview:-1"},"canonical":"https:\/\/magistratiracing.com\/fr\/prodotto\/pistons-en-aluminium-forge-exclusive-magistrati-racing-tmax-560-2025\/","og_locale":"fr_FR","og_type":"article","og_title":"Pistons en aluminium forg\u00e9 - Exclusive Magistrati Racing\u00ae TMAX 560 2025 - Magistrati racing","og_description":"Produit en collaboration avec Pistal Racing et Marco Magistrati\u00ae D\u00e9couvrez les pistons en aluminium forg\u00e9 con\u00e7us pour la transformation turbo du Tmax 560 2020-2024, disponibles exclusivement sur Magistrati Racing\u00ae . R\u00e9alis\u00e9s gr\u00e2ce \u00e0 la synergie entre Pistal Racing, entreprise italienne de renom sp\u00e9cialis\u00e9e dans les pistons, et Marco Magistrati, expert en m\u00e9canique et \u00e9lectronique avec [&hellip;]","og_url":"https:\/\/magistratiracing.com\/fr\/prodotto\/pistons-en-aluminium-forge-exclusive-magistrati-racing-tmax-560-2025\/","og_site_name":"Magistrati racing","article_modified_time":"2025-05-30T04:37:43+00:00","og_image":[{"width":980,"height":980,"url":"https:\/\/magistratiracing.com\/wp-content\/uploads\/2025\/02\/980x980_pistoni_5.jpg","type":"image\/jpeg"}],"twitter_card":"summary_large_image","twitter_misc":{"Dur\u00e9e de lecture estim\u00e9e":"1 minute"},"schema":{"@context":"https:\/\/schema.org","@graph":[{"@type":"WebPage","@id":"https:\/\/magistratiracing.com\/fr\/prodotto\/pistons-en-aluminium-forge-exclusive-magistrati-racing-tmax-560-2025\/","url":"https:\/\/magistratiracing.com\/fr\/prodotto\/pistons-en-aluminium-forge-exclusive-magistrati-racing-tmax-560-2025\/","name":"Pistons en aluminium forg\u00e9 - Exclusive Magistrati Racing\u00ae TMAX 560 2025 - Magistrati racing","isPartOf":{"@id":"https:\/\/magistratiracing.com\/fr\/#website"},"primaryImageOfPage":{"@id":"https:\/\/magistratiracing.com\/fr\/prodotto\/pistons-en-aluminium-forge-exclusive-magistrati-racing-tmax-560-2025\/#primaryimage"},"image":{"@id":"https:\/\/magistratiracing.com\/fr\/prodotto\/pistons-en-aluminium-forge-exclusive-magistrati-racing-tmax-560-2025\/#primaryimage"},"thumbnailUrl":"https:\/\/magistratiracing.com\/wp-content\/uploads\/2025\/02\/980x980_pistoni_5.jpg","datePublished":"2025-04-09T12:11:28+00:00","dateModified":"2025-05-30T04:37:43+00:00","breadcrumb":{"@id":"https:\/\/magistratiracing.com\/fr\/prodotto\/pistons-en-aluminium-forge-exclusive-magistrati-racing-tmax-560-2025\/#breadcrumb"},"inLanguage":"fr-FR","potentialAction":[{"@type":"ReadAction","target":["https:\/\/magistratiracing.com\/fr\/prodotto\/pistons-en-aluminium-forge-exclusive-magistrati-racing-tmax-560-2025\/"]}]},{"@type":"ImageObject","inLanguage":"fr-FR","@id":"https:\/\/magistratiracing.com\/fr\/prodotto\/pistons-en-aluminium-forge-exclusive-magistrati-racing-tmax-560-2025\/#primaryimage","url":"https:\/\/magistratiracing.com\/wp-content\/uploads\/2025\/02\/980x980_pistoni_5.jpg","contentUrl":"https:\/\/magistratiracing.com\/wp-content\/uploads\/2025\/02\/980x980_pistoni_5.jpg","width":980,"height":980,"caption":"PISTONI TURBO"},{"@type":"BreadcrumbList","@id":"https:\/\/magistratiracing.com\/fr\/prodotto\/pistons-en-aluminium-forge-exclusive-magistrati-racing-tmax-560-2025\/#breadcrumb","itemListElement":[{"@type":"ListItem","position":1,"name":"Home","item":"https:\/\/magistratiracing.com\/fr\/"},{"@type":"ListItem","position":2,"name":"Shop","item":"https:\/\/magistratiracing.com\/fr\/boutique\/"},{"@type":"ListItem","position":3,"name":"Pistons en aluminium forg\u00e9 &#8211; Exclusive Magistrati Racing\u00ae TMAX 560 2025"}]},{"@type":"WebSite","@id":"https:\/\/magistratiracing.com\/fr\/#website","url":"https:\/\/magistratiracing.com\/fr\/","name":"Magistrati racing","description":"","potentialAction":[{"@type":"SearchAction","target":{"@type":"EntryPoint","urlTemplate":"https:\/\/magistratiracing.com\/fr\/?s={search_term_string}"},"query-input":{"@type":"PropertyValueSpecification","valueRequired":true,"valueName":"search_term_string"}}],"inLanguage":"fr-FR"}]}},"_links":{"self":[{"href":"https:\/\/magistratiracing.com\/fr\/wp-json\/wp\/v2\/product\/12248","targetHints":{"allow":["GET"]}}],"collection":[{"href":"https:\/\/magistratiracing.com\/fr\/wp-json\/wp\/v2\/product"}],"about":[{"href":"https:\/\/magistratiracing.com\/fr\/wp-json\/wp\/v2\/types\/product"}],"replies":[{"embeddable":true,"href":"https:\/\/magistratiracing.com\/fr\/wp-json\/wp\/v2\/comments?post=12248"}],"wp:featuredmedia":[{"embeddable":true,"href":"https:\/\/magistratiracing.com\/fr\/wp-json\/wp\/v2\/media\/12200"}],"wp:attachment":[{"href":"https:\/\/magistratiracing.com\/fr\/wp-json\/wp\/v2\/media?parent=12248"}],"wp:term":[{"taxonomy":"product_brand","embeddable":true,"href":"https:\/\/magistratiracing.com\/fr\/wp-json\/wp\/v2\/product_brand?post=12248"},{"taxonomy":"product_cat","embeddable":true,"href":"https:\/\/magistratiracing.com\/fr\/wp-json\/wp\/v2\/product_cat?post=12248"},{"taxonomy":"product_tag","embeddable":true,"href":"https:\/\/magistratiracing.com\/fr\/wp-json\/wp\/v2\/product_tag?post=12248"}],"curies":[{"name":"wp","href":"https:\/\/api.w.org\/{rel}","templated":true}]}}