{"id":12255,"date":"2025-02-26T21:51:59","date_gmt":"2025-02-26T21:51:59","guid":{"rendered":"https:\/\/magistratiracing.com\/product\/cornetti-aspirazione-per-corpi-farfallati-originali-tmax-560-2025\/"},"modified":"2026-01-01T00:22:22","modified_gmt":"2026-01-01T00:22:22","slug":"cornetti-aspirazione-per-corpi-farfallati-originali-tmax-560-2025","status":"publish","type":"product","link":"https:\/\/magistratiracing.com\/fr\/prodotto\/cornetti-aspirazione-per-corpi-farfallati-originali-tmax-560-2025\/","title":{"rendered":"Cornets d\u2019admission pour corps de papillon d&#8217;origine &#8211; TMAX 560 2020-2025"},"content":{"rendered":"<p><span style=\"font-weight: 400;\">Les cornets d\u2019admission pour corps de papillon d\u2019origine sont con\u00e7us pour am\u00e9liorer le flux d\u2019air du moteur de votre TMAX 560 (mod\u00e8les de 2020 \u00e0 2025).<\/span><\/p>\n<p><span style=\"font-weight: 400;\">La premi\u00e8re pi\u00e8ce est r\u00e9alis\u00e9e \u00e0 partir d&#8217;un <\/span><span style=\"font-weight: 400;\"><u>nouveau mat\u00e9riau innovant<\/u><\/span><span style=\"font-weight: 400;\">, souple et r\u00e9sistant.<\/span><\/p>\n<p><span style=\"font-weight: 400;\">Ces composants optimisent le flux d\u2019air, am\u00e9liorant l\u2019efficacit\u00e9 de la combustion et augmentant significativement les performances du moteur.<\/span><\/p>\n<p><strong><b>Principaux avantages<\/b><\/strong><\/p>\n<ul>\n<li style=\"font-weight: 400;\" aria-level=\"1\"><b>Am\u00e9lioration du flux d\u2019air\u00a0:<\/b><span style=\"font-weight: 400;\"> optimisent le remplissage du moteur, am\u00e9liorant le flux d\u2019air et l\u2019efficacit\u00e9 de la combustion.<\/span><\/li>\n<li style=\"font-weight: 400;\" aria-level=\"1\"><b>Performances augment\u00e9es\u00a0:<\/b><span style=\"font-weight: 400;\"> augmentent la puissance et la r\u00e9activit\u00e9 du moteur, id\u00e9al pour ceux qui recherchent des performances sup\u00e9rieures.<\/span><\/li>\n<li style=\"font-weight: 400;\" aria-level=\"1\"><b>Compatibilit\u00e9\u00a0:<\/b><span style=\"font-weight: 400;\"> con\u00e7us sp\u00e9cifiquement pour les corps de papillon d&#8217;origine du TMAX 560 2025.<\/span><\/li>\n<li style=\"font-weight: 400;\" aria-level=\"1\"><b>Installation facile\u00a0:<\/b><span style=\"font-weight: 400;\"> accompagn\u00e9s de vid\u00e9os d&#8217;instructions d\u00e9taill\u00e9es pour un montage ais\u00e9 et rapide.<\/span><\/li>\n<li style=\"list-style-type: none;\"><\/li>\n<\/ul>\n<p><strong data-start=\"412\" data-end=\"432\">Avis important :<\/strong> serrez les colliers des cornets d\u2019admission <strong data-start=\"477\" data-end=\"515\">juste ce qu\u2019il faut, sans exag\u00e9rer<\/strong>. Un serrage excessif peut les endommager ou les casser.<\/p>\n<p><strong>Vid\u00e9o\u00a0informatives<\/strong><\/p>\n<p><a href=\"https:\/\/www.youtube.com\/watch?v=FFaiQaAoMOY&amp;t=88s&amp;ab_channel=MarcoMagistrati-TmaxSuperhero\">TMAX 560 cornetti aspirazione racing dove si vede la differenza di potenza?<\/a><\/p>\n","protected":false},"excerpt":{"rendered":"<p>Les cornets d\u2019admission pour corps de papillon d\u2019origine sont con\u00e7us pour am\u00e9liorer le flux d\u2019air du moteur de votre TMAX 560 (mod\u00e8les de 2020 \u00e0 2025). La premi\u00e8re pi\u00e8ce est r\u00e9alis\u00e9e \u00e0 partir d&#8217;un nouveau mat\u00e9riau innovant, souple et r\u00e9sistant. Ces composants optimisent le flux d\u2019air, am\u00e9liorant l\u2019efficacit\u00e9 de la combustion et augmentant significativement les [&hellip;]<\/p>\n","protected":false},"featured_media":12576,"comment_status":"open","ping_status":"closed","template":"","meta":[],"product_brand":[],"product_cat":[327,328,323,320],"product_tag":[],"class_list":{"0":"post-12255","1":"product","2":"type-product","3":"status-publish","4":"has-post-thumbnail","6":"product_cat-aspirazione-fr-3","7":"product_cat-aspirazione-fr-4","8":"product_cat-tmax-560-2020-2024-fr-2","9":"product_cat-tmax-aspirato-fr","10":"product_shipping_class-cornetti-plastica-fr","12":"first","13":"instock","14":"sale","15":"shipping-taxable","16":"purchasable","17":"product-type-simple"},"yoast_head":"<!-- This site is optimized with the Yoast SEO plugin v26.8 - https:\/\/yoast.com\/product\/yoast-seo-wordpress\/ -->\n<title>Cornets d\u2019admission pour corps de papillon d&#039;origine - TMAX 560 2020-2025 - Magistrati racing<\/title>\n<meta name=\"robots\" content=\"index, follow, max-snippet:-1, max-image-preview:large, max-video-preview:-1\" \/>\n<link rel=\"canonical\" href=\"https:\/\/magistratiracing.com\/fr\/prodotto\/cornetti-aspirazione-per-corpi-farfallati-originali-tmax-560-2025\/\" \/>\n<meta property=\"og:locale\" content=\"fr_FR\" \/>\n<meta property=\"og:type\" content=\"article\" \/>\n<meta property=\"og:title\" content=\"Cornets d\u2019admission pour corps de papillon d&#039;origine - TMAX 560 2020-2025 - Magistrati racing\" \/>\n<meta property=\"og:description\" content=\"Les cornets d\u2019admission pour corps de papillon d\u2019origine sont con\u00e7us pour am\u00e9liorer le flux d\u2019air du moteur de votre TMAX 560 (mod\u00e8les de 2020 \u00e0 2025). La premi\u00e8re pi\u00e8ce est r\u00e9alis\u00e9e \u00e0 partir d&#8217;un nouveau mat\u00e9riau innovant, souple et r\u00e9sistant. Ces composants optimisent le flux d\u2019air, am\u00e9liorant l\u2019efficacit\u00e9 de la combustion et augmentant significativement les [&hellip;]\" \/>\n<meta property=\"og:url\" content=\"https:\/\/magistratiracing.com\/fr\/prodotto\/cornetti-aspirazione-per-corpi-farfallati-originali-tmax-560-2025\/\" \/>\n<meta property=\"og:site_name\" content=\"Magistrati racing\" \/>\n<meta property=\"article:modified_time\" content=\"2026-01-01T00:22:22+00:00\" \/>\n<meta property=\"og:image\" content=\"https:\/\/magistratiracing.com\/wp-content\/uploads\/2025\/02\/20250819_11013811.png\" \/>\n\t<meta property=\"og:image:width\" content=\"1420\" \/>\n\t<meta property=\"og:image:height\" content=\"1425\" \/>\n\t<meta property=\"og:image:type\" content=\"image\/png\" \/>\n<meta name=\"twitter:card\" content=\"summary_large_image\" \/>\n<meta name=\"twitter:label1\" content=\"Dur\u00e9e de lecture estim\u00e9e\" \/>\n\t<meta name=\"twitter:data1\" content=\"1 minute\" \/>\n<script type=\"application\/ld+json\" class=\"yoast-schema-graph\">{\"@context\":\"https:\/\/schema.org\",\"@graph\":[{\"@type\":\"WebPage\",\"@id\":\"https:\/\/magistratiracing.com\/fr\/prodotto\/cornetti-aspirazione-per-corpi-farfallati-originali-tmax-560-2025\/\",\"url\":\"https:\/\/magistratiracing.com\/fr\/prodotto\/cornetti-aspirazione-per-corpi-farfallati-originali-tmax-560-2025\/\",\"name\":\"Cornets d\u2019admission pour corps de papillon d'origine - TMAX 560 2020-2025 - Magistrati racing\",\"isPartOf\":{\"@id\":\"https:\/\/magistratiracing.com\/fr\/#website\"},\"primaryImageOfPage\":{\"@id\":\"https:\/\/magistratiracing.com\/fr\/prodotto\/cornetti-aspirazione-per-corpi-farfallati-originali-tmax-560-2025\/#primaryimage\"},\"image\":{\"@id\":\"https:\/\/magistratiracing.com\/fr\/prodotto\/cornetti-aspirazione-per-corpi-farfallati-originali-tmax-560-2025\/#primaryimage\"},\"thumbnailUrl\":\"https:\/\/magistratiracing.com\/wp-content\/uploads\/2025\/02\/20250819_11013811.png\",\"datePublished\":\"2025-02-26T21:51:59+00:00\",\"dateModified\":\"2026-01-01T00:22:22+00:00\",\"breadcrumb\":{\"@id\":\"https:\/\/magistratiracing.com\/fr\/prodotto\/cornetti-aspirazione-per-corpi-farfallati-originali-tmax-560-2025\/#breadcrumb\"},\"inLanguage\":\"fr-FR\",\"potentialAction\":[{\"@type\":\"ReadAction\",\"target\":[\"https:\/\/magistratiracing.com\/fr\/prodotto\/cornetti-aspirazione-per-corpi-farfallati-originali-tmax-560-2025\/\"]}]},{\"@type\":\"ImageObject\",\"inLanguage\":\"fr-FR\",\"@id\":\"https:\/\/magistratiracing.com\/fr\/prodotto\/cornetti-aspirazione-per-corpi-farfallati-originali-tmax-560-2025\/#primaryimage\",\"url\":\"https:\/\/magistratiracing.com\/wp-content\/uploads\/2025\/02\/20250819_11013811.png\",\"contentUrl\":\"https:\/\/magistratiracing.com\/wp-content\/uploads\/2025\/02\/20250819_11013811.png\",\"width\":1420,\"height\":1425,\"caption\":\"CORNETTI ASPIRAZIONE STD TMAX 560\"},{\"@type\":\"BreadcrumbList\",\"@id\":\"https:\/\/magistratiracing.com\/fr\/prodotto\/cornetti-aspirazione-per-corpi-farfallati-originali-tmax-560-2025\/#breadcrumb\",\"itemListElement\":[{\"@type\":\"ListItem\",\"position\":1,\"name\":\"Home\",\"item\":\"https:\/\/magistratiracing.com\/fr\/\"},{\"@type\":\"ListItem\",\"position\":2,\"name\":\"Shop\",\"item\":\"https:\/\/magistratiracing.com\/fr\/boutique\/\"},{\"@type\":\"ListItem\",\"position\":3,\"name\":\"Cornets d\u2019admission pour corps de papillon d&#8217;origine &#8211; TMAX 560 2020-2025\"}]},{\"@type\":\"WebSite\",\"@id\":\"https:\/\/magistratiracing.com\/fr\/#website\",\"url\":\"https:\/\/magistratiracing.com\/fr\/\",\"name\":\"Magistrati racing\",\"description\":\"\",\"potentialAction\":[{\"@type\":\"SearchAction\",\"target\":{\"@type\":\"EntryPoint\",\"urlTemplate\":\"https:\/\/magistratiracing.com\/fr\/?s={search_term_string}\"},\"query-input\":{\"@type\":\"PropertyValueSpecification\",\"valueRequired\":true,\"valueName\":\"search_term_string\"}}],\"inLanguage\":\"fr-FR\"}]}<\/script>\n<!-- \/ Yoast SEO plugin. -->","yoast_head_json":{"title":"Cornets d\u2019admission pour corps de papillon d'origine - TMAX 560 2020-2025 - Magistrati racing","robots":{"index":"index","follow":"follow","max-snippet":"max-snippet:-1","max-image-preview":"max-image-preview:large","max-video-preview":"max-video-preview:-1"},"canonical":"https:\/\/magistratiracing.com\/fr\/prodotto\/cornetti-aspirazione-per-corpi-farfallati-originali-tmax-560-2025\/","og_locale":"fr_FR","og_type":"article","og_title":"Cornets d\u2019admission pour corps de papillon d'origine - TMAX 560 2020-2025 - Magistrati racing","og_description":"Les cornets d\u2019admission pour corps de papillon d\u2019origine sont con\u00e7us pour am\u00e9liorer le flux d\u2019air du moteur de votre TMAX 560 (mod\u00e8les de 2020 \u00e0 2025). La premi\u00e8re pi\u00e8ce est r\u00e9alis\u00e9e \u00e0 partir d&#8217;un nouveau mat\u00e9riau innovant, souple et r\u00e9sistant. Ces composants optimisent le flux d\u2019air, am\u00e9liorant l\u2019efficacit\u00e9 de la combustion et augmentant significativement les [&hellip;]","og_url":"https:\/\/magistratiracing.com\/fr\/prodotto\/cornetti-aspirazione-per-corpi-farfallati-originali-tmax-560-2025\/","og_site_name":"Magistrati racing","article_modified_time":"2026-01-01T00:22:22+00:00","og_image":[{"width":1420,"height":1425,"url":"https:\/\/magistratiracing.com\/wp-content\/uploads\/2025\/02\/20250819_11013811.png","type":"image\/png"}],"twitter_card":"summary_large_image","twitter_misc":{"Dur\u00e9e de lecture estim\u00e9e":"1 minute"},"schema":{"@context":"https:\/\/schema.org","@graph":[{"@type":"WebPage","@id":"https:\/\/magistratiracing.com\/fr\/prodotto\/cornetti-aspirazione-per-corpi-farfallati-originali-tmax-560-2025\/","url":"https:\/\/magistratiracing.com\/fr\/prodotto\/cornetti-aspirazione-per-corpi-farfallati-originali-tmax-560-2025\/","name":"Cornets d\u2019admission pour corps de papillon d'origine - TMAX 560 2020-2025 - Magistrati racing","isPartOf":{"@id":"https:\/\/magistratiracing.com\/fr\/#website"},"primaryImageOfPage":{"@id":"https:\/\/magistratiracing.com\/fr\/prodotto\/cornetti-aspirazione-per-corpi-farfallati-originali-tmax-560-2025\/#primaryimage"},"image":{"@id":"https:\/\/magistratiracing.com\/fr\/prodotto\/cornetti-aspirazione-per-corpi-farfallati-originali-tmax-560-2025\/#primaryimage"},"thumbnailUrl":"https:\/\/magistratiracing.com\/wp-content\/uploads\/2025\/02\/20250819_11013811.png","datePublished":"2025-02-26T21:51:59+00:00","dateModified":"2026-01-01T00:22:22+00:00","breadcrumb":{"@id":"https:\/\/magistratiracing.com\/fr\/prodotto\/cornetti-aspirazione-per-corpi-farfallati-originali-tmax-560-2025\/#breadcrumb"},"inLanguage":"fr-FR","potentialAction":[{"@type":"ReadAction","target":["https:\/\/magistratiracing.com\/fr\/prodotto\/cornetti-aspirazione-per-corpi-farfallati-originali-tmax-560-2025\/"]}]},{"@type":"ImageObject","inLanguage":"fr-FR","@id":"https:\/\/magistratiracing.com\/fr\/prodotto\/cornetti-aspirazione-per-corpi-farfallati-originali-tmax-560-2025\/#primaryimage","url":"https:\/\/magistratiracing.com\/wp-content\/uploads\/2025\/02\/20250819_11013811.png","contentUrl":"https:\/\/magistratiracing.com\/wp-content\/uploads\/2025\/02\/20250819_11013811.png","width":1420,"height":1425,"caption":"CORNETTI ASPIRAZIONE STD TMAX 560"},{"@type":"BreadcrumbList","@id":"https:\/\/magistratiracing.com\/fr\/prodotto\/cornetti-aspirazione-per-corpi-farfallati-originali-tmax-560-2025\/#breadcrumb","itemListElement":[{"@type":"ListItem","position":1,"name":"Home","item":"https:\/\/magistratiracing.com\/fr\/"},{"@type":"ListItem","position":2,"name":"Shop","item":"https:\/\/magistratiracing.com\/fr\/boutique\/"},{"@type":"ListItem","position":3,"name":"Cornets d\u2019admission pour corps de papillon d&#8217;origine &#8211; TMAX 560 2020-2025"}]},{"@type":"WebSite","@id":"https:\/\/magistratiracing.com\/fr\/#website","url":"https:\/\/magistratiracing.com\/fr\/","name":"Magistrati racing","description":"","potentialAction":[{"@type":"SearchAction","target":{"@type":"EntryPoint","urlTemplate":"https:\/\/magistratiracing.com\/fr\/?s={search_term_string}"},"query-input":{"@type":"PropertyValueSpecification","valueRequired":true,"valueName":"search_term_string"}}],"inLanguage":"fr-FR"}]}},"_links":{"self":[{"href":"https:\/\/magistratiracing.com\/fr\/wp-json\/wp\/v2\/product\/12255","targetHints":{"allow":["GET"]}}],"collection":[{"href":"https:\/\/magistratiracing.com\/fr\/wp-json\/wp\/v2\/product"}],"about":[{"href":"https:\/\/magistratiracing.com\/fr\/wp-json\/wp\/v2\/types\/product"}],"replies":[{"embeddable":true,"href":"https:\/\/magistratiracing.com\/fr\/wp-json\/wp\/v2\/comments?post=12255"}],"wp:featuredmedia":[{"embeddable":true,"href":"https:\/\/magistratiracing.com\/fr\/wp-json\/wp\/v2\/media\/12576"}],"wp:attachment":[{"href":"https:\/\/magistratiracing.com\/fr\/wp-json\/wp\/v2\/media?parent=12255"}],"wp:term":[{"taxonomy":"product_brand","embeddable":true,"href":"https:\/\/magistratiracing.com\/fr\/wp-json\/wp\/v2\/product_brand?post=12255"},{"taxonomy":"product_cat","embeddable":true,"href":"https:\/\/magistratiracing.com\/fr\/wp-json\/wp\/v2\/product_cat?post=12255"},{"taxonomy":"product_tag","embeddable":true,"href":"https:\/\/magistratiracing.com\/fr\/wp-json\/wp\/v2\/product_tag?post=12255"}],"curies":[{"name":"wp","href":"https:\/\/api.w.org\/{rel}","templated":true}]}}