{"id":12259,"date":"2025-02-26T21:43:31","date_gmt":"2025-02-26T21:43:31","guid":{"rendered":"https:\/\/magistratiracing.com\/product\/cornetti-aspirazione-big-tmax-560-2020-2025\/"},"modified":"2026-01-01T00:22:22","modified_gmt":"2026-01-01T00:22:22","slug":"cornets-admission-big-tmax-560-2020-2025","status":"publish","type":"product","link":"https:\/\/magistratiracing.com\/fr\/prodotto\/cornets-admission-big-tmax-560-2020-2025\/","title":{"rendered":"Cornets d\u2019admission Big TMAX 560 2020-2025"},"content":{"rendered":"<p><span style=\"font-weight: 400;\">Les cornets d\u2019admission pour corps de papillon am\u00e9lior\u00e9s sont con\u00e7us pour am\u00e9liorer le flux d\u2019air du moteur de votre TMAX\u00a0560<\/span> (<span style=\"font-weight: 400;\">mod\u00e8les de<\/span> 2020 al 2025).<\/p>\n<p><strong>Compatibles<\/strong> avece le\u00a0<strong> <b>Corps de papillon <\/b> New Generation by Magistrati racing\u00ae<\/strong> (pour lequel l&#8217;accord est conseill\u00e9), Malossi et Jetprime.<\/p>\n<p>La premi\u00e8re partie est r\u00e9alis\u00e9e dans un <u>mat\u00e9riau nouveau et innovant<\/u>, \u00e0 la fois souple et r\u00e9sistant.<\/p>\n<p><span style=\"font-weight: 400;\">Ces composants optimisent le flux d\u2019air, am\u00e9liorant l\u2019efficacit\u00e9 de la combustion et augmentant significativement les performances du moteur.<\/span><\/p>\n<p><strong>Principaux avantages<\/strong><\/p>\n<ul>\n<li><span style=\"font-weight: 400;\"><strong>Am\u00e9lioration du flux d\u2019air\u00a0:<\/strong> optimisent le remplissage du moteur, am\u00e9liorant le flux d\u2019air et l\u2019efficacit\u00e9 de la combustion.<\/span><\/li>\n<li><span style=\"font-weight: 400;\"><strong>Performances augment\u00e9es\u00a0:<\/strong> augmentent la puissance et la r\u00e9activit\u00e9 du moteur, id\u00e9al pour ceux qui recherchent des performances sup\u00e9rieures.<\/span><\/li>\n<li><span style=\"font-weight: 400;\"><strong>Compatibilit\u00e9\u00a0:<\/strong> sp\u00e9cifiquement con\u00e7us pour TMAX\u00a0560<\/span> (2020-2025) <span style=\"font-weight: 400;\">avec corps de papillon am\u00e9lior\u00e9s. <\/span><\/li>\n<li><span style=\"font-weight: 400;\"><strong>Installation facile\u00a0:<\/strong> accompagn\u00e9s de vid\u00e9os d&#8217;instructions d\u00e9taill\u00e9es pour un montage ais\u00e9 et rapide.<\/span><\/li>\n<\/ul>\n<p><strong>Vid\u00e9o instructions<\/strong><\/p>\n<ul>\n<li><strong>Tmax 560 come smontare la cassa filtro<\/strong>: <a href=\"https:\/\/www.youtube.com\/watch?v=ZrU_fCHY0gU&amp;t=308s\" target=\"_blank\" rel=\"noopener\">Regarde le vid\u00e9o<\/a><\/li>\n<li><strong>Video Istruzioni Montaggio Cornetti Aspirazione TMAX 560 (2020-2023):<\/strong> <a href=\"https:\/\/www.youtube.com\/watch?v=LcxThhykUis&amp;ab_channel=marcomagistrati\" target=\"_blank\" rel=\"noopener\" data-cke-saved-href=\"https:\/\/www.youtube.com\/watch?v=LcxThhykUis&amp;ab_channel=marcomagistrati\">Regarde le vid\u00e9o<\/a><\/li>\n<li><strong>Differenza di Potenza Cornetti Aspirazione Racing TMAX 560:<\/strong> <a href=\"https:\/\/www.youtube.com\/watch?v=FFaiQaAoMOY&amp;t=88s&amp;ab_channel=MarcoMagistrati-TmaxSuperhero\" target=\"_blank\" rel=\"noopener\" data-cke-saved-href=\"https:\/\/www.youtube.com\/watch?v=FFaiQaAoMOY&amp;t=88s&amp;ab_channel=MarcoMagistrati-TmaxSuperhero\">Regarde le vid\u00e9o<\/a><\/li>\n<\/ul>\n<p>&nbsp;<\/p>\n<p>IMPORTANT<\/p>\n<p><strong data-start=\"412\" data-end=\"432\">Avis important :<\/strong> serrez les colliers des cornets d\u2019admission <strong data-start=\"477\" data-end=\"515\">juste ce qu\u2019il faut, sans exag\u00e9rer<\/strong>. Un serrage excessif peut les endommager ou les casser.<\/p>\n<p>Les produits sont destin\u00e9s EXCLUSIVEMENT \u00e0 un usage Racing et ne sont pas homologu\u00e9s pour une utilisation sur la voie publique. Toute responsabilit\u00e9 en cas d\u2019utilisation inappropri\u00e9e est d\u00e9clin\u00e9e.<\/p>\n<p>&nbsp;<\/p>\n<p><strong>Vid\u00e9o informatives<\/strong><\/p>\n<p><a href=\"https:\/\/www.youtube.com\/watch?v=ZrU_fCHY0gU\">TMAX 560 come smontare la cassa filtro<\/a><\/p>\n<p><a href=\"https:\/\/www.youtube.com\/watch?v=LcxThhykUis&amp;ab_channel=marcomagistrati\">Video istruzioni montaggio Cornetti Aspirazione TMAX 560 2020\/2023<\/a><\/p>\n<p><a href=\"https:\/\/www.youtube.com\/watch?v=FFaiQaAoMOY&amp;t=88s&amp;ab_channel=MarcoMagistrati-TmaxSuperhero\">TMAX 560 cornetti aspirazione racing dove si vede la differenza di potenza?<\/a><\/p>\n<p>&nbsp;<\/p>\n<p>ABBINAMENTI CONSIGLIATI DAL MAGI:<\/p>\n<p>&nbsp;<\/p>\n","protected":false},"excerpt":{"rendered":"<p>Les cornets d\u2019admission pour corps de papillon am\u00e9lior\u00e9s sont con\u00e7us pour am\u00e9liorer le flux d\u2019air du moteur de votre TMAX\u00a0560 (mod\u00e8les de 2020 al 2025). Compatibles avece le\u00a0 Corps de papillon New Generation by Magistrati racing\u00ae (pour lequel l&#8217;accord est conseill\u00e9), Malossi et Jetprime. La premi\u00e8re partie est r\u00e9alis\u00e9e dans un mat\u00e9riau nouveau et innovant, [&hellip;]<\/p>\n","protected":false},"featured_media":12573,"comment_status":"open","ping_status":"closed","template":"","meta":[],"product_brand":[],"product_cat":[328,327,323,324,320],"product_tag":[],"class_list":{"0":"post-12259","1":"product","2":"type-product","3":"status-publish","4":"has-post-thumbnail","6":"product_cat-aspirazione-fr-4","7":"product_cat-aspirazione-fr-3","8":"product_cat-tmax-560-2020-2024-fr-2","9":"product_cat-tmax-560-2025-fr-2","10":"product_cat-tmax-aspirato-fr","11":"product_shipping_class-cornetti-plastica-fr","13":"first","14":"instock","15":"sale","16":"shipping-taxable","17":"purchasable","18":"product-type-simple"},"yoast_head":"<!-- This site is optimized with the Yoast SEO plugin v26.8 - https:\/\/yoast.com\/product\/yoast-seo-wordpress\/ -->\n<title>Cornets d\u2019admission Big TMAX 560 2020-2025 - Magistrati racing<\/title>\n<meta name=\"description\" content=\"Cornetti di aspirazione per corpi farfallati maggiorati. Compatibili con il\u00a0 Corpo Farfallato New Generation by Magistrati racing\u00ae\" \/>\n<meta name=\"robots\" content=\"index, follow, max-snippet:-1, max-image-preview:large, max-video-preview:-1\" \/>\n<link rel=\"canonical\" href=\"https:\/\/magistratiracing.com\/fr\/prodotto\/cornets-admission-big-tmax-560-2020-2025\/\" \/>\n<meta property=\"og:locale\" content=\"fr_FR\" \/>\n<meta property=\"og:type\" content=\"article\" \/>\n<meta property=\"og:title\" content=\"Cornets d\u2019admission Big TMAX 560 2020-2025 - Magistrati racing\" \/>\n<meta property=\"og:description\" content=\"Cornetti di aspirazione per corpi farfallati maggiorati. Compatibili con il\u00a0 Corpo Farfallato New Generation by Magistrati racing\u00ae\" \/>\n<meta property=\"og:url\" content=\"https:\/\/magistratiracing.com\/fr\/prodotto\/cornets-admission-big-tmax-560-2020-2025\/\" \/>\n<meta property=\"og:site_name\" content=\"Magistrati racing\" \/>\n<meta property=\"article:modified_time\" content=\"2026-01-01T00:22:22+00:00\" \/>\n<meta property=\"og:image\" content=\"https:\/\/magistratiracing.com\/wp-content\/uploads\/2025\/02\/20250819_110134M.jpg\" \/>\n\t<meta property=\"og:image:width\" content=\"1737\" \/>\n\t<meta property=\"og:image:height\" content=\"2397\" \/>\n\t<meta property=\"og:image:type\" content=\"image\/jpeg\" \/>\n<meta name=\"twitter:card\" content=\"summary_large_image\" \/>\n<meta name=\"twitter:label1\" content=\"Dur\u00e9e de lecture estim\u00e9e\" \/>\n\t<meta name=\"twitter:data1\" content=\"2 minutes\" \/>\n<script type=\"application\/ld+json\" class=\"yoast-schema-graph\">{\"@context\":\"https:\/\/schema.org\",\"@graph\":[{\"@type\":\"WebPage\",\"@id\":\"https:\/\/magistratiracing.com\/fr\/prodotto\/cornets-admission-big-tmax-560-2020-2025\/\",\"url\":\"https:\/\/magistratiracing.com\/fr\/prodotto\/cornets-admission-big-tmax-560-2020-2025\/\",\"name\":\"Cornets d\u2019admission Big TMAX 560 2020-2025 - Magistrati racing\",\"isPartOf\":{\"@id\":\"https:\/\/magistratiracing.com\/fr\/#website\"},\"primaryImageOfPage\":{\"@id\":\"https:\/\/magistratiracing.com\/fr\/prodotto\/cornets-admission-big-tmax-560-2020-2025\/#primaryimage\"},\"image\":{\"@id\":\"https:\/\/magistratiracing.com\/fr\/prodotto\/cornets-admission-big-tmax-560-2020-2025\/#primaryimage\"},\"thumbnailUrl\":\"https:\/\/magistratiracing.com\/wp-content\/uploads\/2025\/02\/20250819_110134M.jpg\",\"datePublished\":\"2025-02-26T21:43:31+00:00\",\"dateModified\":\"2026-01-01T00:22:22+00:00\",\"description\":\"Cornetti di aspirazione per corpi farfallati maggiorati. Compatibili con il\u00a0 Corpo Farfallato New Generation by Magistrati racing\u00ae\",\"breadcrumb\":{\"@id\":\"https:\/\/magistratiracing.com\/fr\/prodotto\/cornets-admission-big-tmax-560-2020-2025\/#breadcrumb\"},\"inLanguage\":\"fr-FR\",\"potentialAction\":[{\"@type\":\"ReadAction\",\"target\":[\"https:\/\/magistratiracing.com\/fr\/prodotto\/cornets-admission-big-tmax-560-2020-2025\/\"]}]},{\"@type\":\"ImageObject\",\"inLanguage\":\"fr-FR\",\"@id\":\"https:\/\/magistratiracing.com\/fr\/prodotto\/cornets-admission-big-tmax-560-2020-2025\/#primaryimage\",\"url\":\"https:\/\/magistratiracing.com\/wp-content\/uploads\/2025\/02\/20250819_110134M.jpg\",\"contentUrl\":\"https:\/\/magistratiracing.com\/wp-content\/uploads\/2025\/02\/20250819_110134M.jpg\",\"width\":1737,\"height\":2397,\"caption\":\"CORNETTI ASPIRAZIONE BIG TMAX 560\"},{\"@type\":\"BreadcrumbList\",\"@id\":\"https:\/\/magistratiracing.com\/fr\/prodotto\/cornets-admission-big-tmax-560-2020-2025\/#breadcrumb\",\"itemListElement\":[{\"@type\":\"ListItem\",\"position\":1,\"name\":\"Home\",\"item\":\"https:\/\/magistratiracing.com\/fr\/\"},{\"@type\":\"ListItem\",\"position\":2,\"name\":\"Shop\",\"item\":\"https:\/\/magistratiracing.com\/fr\/boutique\/\"},{\"@type\":\"ListItem\",\"position\":3,\"name\":\"Cornets d\u2019admission Big TMAX 560 2020-2025\"}]},{\"@type\":\"WebSite\",\"@id\":\"https:\/\/magistratiracing.com\/fr\/#website\",\"url\":\"https:\/\/magistratiracing.com\/fr\/\",\"name\":\"Magistrati racing\",\"description\":\"\",\"potentialAction\":[{\"@type\":\"SearchAction\",\"target\":{\"@type\":\"EntryPoint\",\"urlTemplate\":\"https:\/\/magistratiracing.com\/fr\/?s={search_term_string}\"},\"query-input\":{\"@type\":\"PropertyValueSpecification\",\"valueRequired\":true,\"valueName\":\"search_term_string\"}}],\"inLanguage\":\"fr-FR\"}]}<\/script>\n<!-- \/ Yoast SEO plugin. -->","yoast_head_json":{"title":"Cornets d\u2019admission Big TMAX 560 2020-2025 - Magistrati racing","description":"Cornetti di aspirazione per corpi farfallati maggiorati. Compatibili con il\u00a0 Corpo Farfallato New Generation by Magistrati racing\u00ae","robots":{"index":"index","follow":"follow","max-snippet":"max-snippet:-1","max-image-preview":"max-image-preview:large","max-video-preview":"max-video-preview:-1"},"canonical":"https:\/\/magistratiracing.com\/fr\/prodotto\/cornets-admission-big-tmax-560-2020-2025\/","og_locale":"fr_FR","og_type":"article","og_title":"Cornets d\u2019admission Big TMAX 560 2020-2025 - Magistrati racing","og_description":"Cornetti di aspirazione per corpi farfallati maggiorati. Compatibili con il\u00a0 Corpo Farfallato New Generation by Magistrati racing\u00ae","og_url":"https:\/\/magistratiracing.com\/fr\/prodotto\/cornets-admission-big-tmax-560-2020-2025\/","og_site_name":"Magistrati racing","article_modified_time":"2026-01-01T00:22:22+00:00","og_image":[{"width":1737,"height":2397,"url":"https:\/\/magistratiracing.com\/wp-content\/uploads\/2025\/02\/20250819_110134M.jpg","type":"image\/jpeg"}],"twitter_card":"summary_large_image","twitter_misc":{"Dur\u00e9e de lecture estim\u00e9e":"2 minutes"},"schema":{"@context":"https:\/\/schema.org","@graph":[{"@type":"WebPage","@id":"https:\/\/magistratiracing.com\/fr\/prodotto\/cornets-admission-big-tmax-560-2020-2025\/","url":"https:\/\/magistratiracing.com\/fr\/prodotto\/cornets-admission-big-tmax-560-2020-2025\/","name":"Cornets d\u2019admission Big TMAX 560 2020-2025 - Magistrati racing","isPartOf":{"@id":"https:\/\/magistratiracing.com\/fr\/#website"},"primaryImageOfPage":{"@id":"https:\/\/magistratiracing.com\/fr\/prodotto\/cornets-admission-big-tmax-560-2020-2025\/#primaryimage"},"image":{"@id":"https:\/\/magistratiracing.com\/fr\/prodotto\/cornets-admission-big-tmax-560-2020-2025\/#primaryimage"},"thumbnailUrl":"https:\/\/magistratiracing.com\/wp-content\/uploads\/2025\/02\/20250819_110134M.jpg","datePublished":"2025-02-26T21:43:31+00:00","dateModified":"2026-01-01T00:22:22+00:00","description":"Cornetti di aspirazione per corpi farfallati maggiorati. Compatibili con il\u00a0 Corpo Farfallato New Generation by Magistrati racing\u00ae","breadcrumb":{"@id":"https:\/\/magistratiracing.com\/fr\/prodotto\/cornets-admission-big-tmax-560-2020-2025\/#breadcrumb"},"inLanguage":"fr-FR","potentialAction":[{"@type":"ReadAction","target":["https:\/\/magistratiracing.com\/fr\/prodotto\/cornets-admission-big-tmax-560-2020-2025\/"]}]},{"@type":"ImageObject","inLanguage":"fr-FR","@id":"https:\/\/magistratiracing.com\/fr\/prodotto\/cornets-admission-big-tmax-560-2020-2025\/#primaryimage","url":"https:\/\/magistratiracing.com\/wp-content\/uploads\/2025\/02\/20250819_110134M.jpg","contentUrl":"https:\/\/magistratiracing.com\/wp-content\/uploads\/2025\/02\/20250819_110134M.jpg","width":1737,"height":2397,"caption":"CORNETTI ASPIRAZIONE BIG TMAX 560"},{"@type":"BreadcrumbList","@id":"https:\/\/magistratiracing.com\/fr\/prodotto\/cornets-admission-big-tmax-560-2020-2025\/#breadcrumb","itemListElement":[{"@type":"ListItem","position":1,"name":"Home","item":"https:\/\/magistratiracing.com\/fr\/"},{"@type":"ListItem","position":2,"name":"Shop","item":"https:\/\/magistratiracing.com\/fr\/boutique\/"},{"@type":"ListItem","position":3,"name":"Cornets d\u2019admission Big TMAX 560 2020-2025"}]},{"@type":"WebSite","@id":"https:\/\/magistratiracing.com\/fr\/#website","url":"https:\/\/magistratiracing.com\/fr\/","name":"Magistrati racing","description":"","potentialAction":[{"@type":"SearchAction","target":{"@type":"EntryPoint","urlTemplate":"https:\/\/magistratiracing.com\/fr\/?s={search_term_string}"},"query-input":{"@type":"PropertyValueSpecification","valueRequired":true,"valueName":"search_term_string"}}],"inLanguage":"fr-FR"}]}},"_links":{"self":[{"href":"https:\/\/magistratiracing.com\/fr\/wp-json\/wp\/v2\/product\/12259","targetHints":{"allow":["GET"]}}],"collection":[{"href":"https:\/\/magistratiracing.com\/fr\/wp-json\/wp\/v2\/product"}],"about":[{"href":"https:\/\/magistratiracing.com\/fr\/wp-json\/wp\/v2\/types\/product"}],"replies":[{"embeddable":true,"href":"https:\/\/magistratiracing.com\/fr\/wp-json\/wp\/v2\/comments?post=12259"}],"wp:featuredmedia":[{"embeddable":true,"href":"https:\/\/magistratiracing.com\/fr\/wp-json\/wp\/v2\/media\/12573"}],"wp:attachment":[{"href":"https:\/\/magistratiracing.com\/fr\/wp-json\/wp\/v2\/media?parent=12259"}],"wp:term":[{"taxonomy":"product_brand","embeddable":true,"href":"https:\/\/magistratiracing.com\/fr\/wp-json\/wp\/v2\/product_brand?post=12259"},{"taxonomy":"product_cat","embeddable":true,"href":"https:\/\/magistratiracing.com\/fr\/wp-json\/wp\/v2\/product_cat?post=12259"},{"taxonomy":"product_tag","embeddable":true,"href":"https:\/\/magistratiracing.com\/fr\/wp-json\/wp\/v2\/product_tag?post=12259"}],"curies":[{"name":"wp","href":"https:\/\/api.w.org\/{rel}","templated":true}]}}