{"id":12349,"date":"2025-06-20T09:00:53","date_gmt":"2025-06-20T09:00:53","guid":{"rendered":"https:\/\/magistratiracing.com\/product\/joint-de-base-cylindre-yamaha-tmax-2004-2025\/"},"modified":"2025-06-24T13:15:17","modified_gmt":"2025-06-24T13:15:17","slug":"joint-de-base-cylindre-yamaha-tmax-2004-2025","status":"publish","type":"product","link":"https:\/\/magistratiracing.com\/fr\/prodotto\/joint-de-base-cylindre-yamaha-tmax-2004-2025\/","title":{"rendered":"Joint De Base Cylindre Yamaha TMAX 2004 &#8211; 2025"},"content":{"rendered":"<h3 data-start=\"91\" data-end=\"157\">JOINT DE BASE CYLINDRE TMAX 500-530-560 TURBO de 2004 \u00e0 2025<\/h3>\n<p data-start=\"158\" data-end=\"232\">Joint en acier d\u00e9coup\u00e9 au laser, compatible avec tous les mod\u00e8les de TMAX.<\/p>\n<hr data-start=\"234\" data-end=\"237\" \/>\n<h4 data-start=\"239\" data-end=\"259\">UTILIS\u00c9 PAR :<\/h4>\n<p data-start=\"260\" data-end=\"400\">Utilis\u00e9 par <strong data-start=\"272\" data-end=\"294\">Magistrati Racing\u00ae<\/strong> et ses partenaires \u00e0 travers le monde dans le cadre des transformations TMAX turbo (pr\u00e9parations tuning).<\/p>\n<hr data-start=\"402\" data-end=\"405\" \/>\n<h4 data-start=\"407\" data-end=\"444\">QUAND ET POURQUOI L\u2019UTILISER :<\/h4>\n<p data-start=\"445\" data-end=\"537\">Ce joint permet de modifier la hauteur du cylindre par rapport \u00e0 la configuration d\u2019origine.<\/p>\n<p data-start=\"539\" data-end=\"691\">En <strong data-start=\"542\" data-end=\"577\">augmentant l\u2019\u00e9paisseur du joint<\/strong>, on <strong data-start=\"582\" data-end=\"615\">r\u00e9duit le taux de compression<\/strong> du moteur \u2014 un facteur essentiel dans les <strong data-start=\"658\" data-end=\"690\">pr\u00e9parations avec kits turbo<\/strong>.<\/p>\n<hr data-start=\"693\" data-end=\"696\" \/>\n<h4 data-start=\"698\" data-end=\"719\">APPLICATIONS :<\/h4>\n<p data-start=\"720\" data-end=\"759\">Compatible avec tous les TMAX turbo :<\/p>\n<ul data-start=\"760\" data-end=\"814\">\n<li data-start=\"760\" data-end=\"778\">\n<p data-start=\"762\" data-end=\"778\">TMAX 500 Turbo<\/p>\n<\/li>\n<li data-start=\"779\" data-end=\"797\">\n<p data-start=\"781\" data-end=\"797\">TMAX 530 Turbo<\/p>\n<\/li>\n<li data-start=\"798\" data-end=\"814\">\n<p data-start=\"800\" data-end=\"814\">TMAX 560 Turbo<\/p>\n<\/li>\n<\/ul>\n<hr data-start=\"816\" data-end=\"819\" \/>\n<h4 data-start=\"821\" data-end=\"852\">\u00c9PAISSEURS DISPONIBLES :<\/h4>\n<ul data-start=\"853\" data-end=\"886\">\n<li data-start=\"853\" data-end=\"864\">\n<p data-start=\"855\" data-end=\"864\">1,50 mm<\/p>\n<\/li>\n<li data-start=\"865\" data-end=\"876\">\n<p data-start=\"867\" data-end=\"876\">1,75 mm<\/p>\n<\/li>\n<li data-start=\"865\" data-end=\"876\">\n<p data-start=\"867\" data-end=\"876\">1,90 mm<\/p>\n<\/li>\n<\/ul>\n<hr data-start=\"888\" data-end=\"891\" \/>\n<h4 data-start=\"893\" data-end=\"920\">LE CONSEIL DU MAGI :<\/h4>\n<p data-start=\"921\" data-end=\"980\">Associations recommand\u00e9es pour des performances optimales :<\/p>\n<blockquote class=\"wp-embedded-content\" data-secret=\"RWJ7a2rtxL\"><p><a href=\"https:\/\/magistratiracing.com\/fr\/produit\/kit-goujons-prisonniers-du-cylindre-renforce-magistrati-racing\/\">KIT GOUJONS prisonniers du cylindre renforc\u00e9 Magistrati racing\u00ae<\/a><\/p><\/blockquote>\n<p><iframe class=\"wp-embedded-content\" sandbox=\"allow-scripts\" security=\"restricted\" style=\"position: absolute; visibility: hidden;\" title=\"\u00ab\u00a0KIT GOUJONS prisonniers du cylindre renforc\u00e9 Magistrati racing\u00ae\u00a0\u00bb &#8212; Magistrati racing\" src=\"https:\/\/magistratiracing.com\/fr\/produit\/kit-goujons-prisonniers-du-cylindre-renforce-magistrati-racing\/embed\/#?secret=bGlSs0zFg2#?secret=RWJ7a2rtxL\" data-secret=\"RWJ7a2rtxL\" width=\"600\" height=\"338\" frameborder=\"0\" marginwidth=\"0\" marginheight=\"0\" scrolling=\"no\"><\/iframe><\/p>\n<p>&nbsp;<\/p>\n","protected":false},"excerpt":{"rendered":"<p>JOINT DE BASE CYLINDRE TMAX 500-530-560 TURBO de 2004 \u00e0 2025 Joint en acier d\u00e9coup\u00e9 au laser, compatible avec tous les mod\u00e8les de TMAX. UTILIS\u00c9 PAR : Utilis\u00e9 par Magistrati Racing\u00ae et ses partenaires \u00e0 travers le monde dans le cadre des transformations TMAX turbo (pr\u00e9parations tuning). QUAND ET POURQUOI L\u2019UTILISER : Ce joint permet [&hellip;]<\/p>\n","protected":false},"featured_media":12652,"comment_status":"open","ping_status":"closed","template":"","meta":[],"product_brand":[],"product_cat":[340,341,335,339,334,337,321,322,319],"product_tag":[],"class_list":{"0":"post-12349","1":"product","2":"type-product","3":"status-publish","4":"has-post-thumbnail","6":"product_cat-motore-fr-3","7":"product_cat-motore-fr-4","8":"product_cat-motore-fr","9":"product_cat-motore-fr-2","10":"product_cat-tmax-530-2012-2016-fr","11":"product_cat-tmax-530-2017-2019-fr","12":"product_cat-tmax-560-2020-2024-fr","13":"product_cat-tmax-560-2025-fr","14":"product_cat-tmax-turbo-fr","15":"product_shipping_class-filtro-aria-fr","17":"first","18":"instock","19":"sale","20":"shipping-taxable","21":"purchasable","22":"product-type-variable"},"yoast_head":"<!-- This site is optimized with the Yoast SEO plugin v26.8 - https:\/\/yoast.com\/product\/yoast-seo-wordpress\/ -->\n<title>Joint De Base Cylindre Yamaha TMAX 2004 - 2025 - Magistrati racing<\/title>\n<meta name=\"robots\" content=\"index, follow, max-snippet:-1, max-image-preview:large, max-video-preview:-1\" \/>\n<link rel=\"canonical\" href=\"https:\/\/magistratiracing.com\/fr\/prodotto\/joint-de-base-cylindre-yamaha-tmax-2004-2025\/\" \/>\n<meta property=\"og:locale\" content=\"fr_FR\" \/>\n<meta property=\"og:type\" content=\"article\" \/>\n<meta property=\"og:title\" content=\"Joint De Base Cylindre Yamaha TMAX 2004 - 2025 - Magistrati racing\" \/>\n<meta property=\"og:description\" content=\"JOINT DE BASE CYLINDRE TMAX 500-530-560 TURBO de 2004 \u00e0 2025 Joint en acier d\u00e9coup\u00e9 au laser, compatible avec tous les mod\u00e8les de TMAX. UTILIS\u00c9 PAR : Utilis\u00e9 par Magistrati Racing\u00ae et ses partenaires \u00e0 travers le monde dans le cadre des transformations TMAX turbo (pr\u00e9parations tuning). QUAND ET POURQUOI L\u2019UTILISER : Ce joint permet [&hellip;]\" \/>\n<meta property=\"og:url\" content=\"https:\/\/magistratiracing.com\/fr\/prodotto\/joint-de-base-cylindre-yamaha-tmax-2004-2025\/\" \/>\n<meta property=\"og:site_name\" content=\"Magistrati racing\" \/>\n<meta property=\"article:modified_time\" content=\"2025-06-24T13:15:17+00:00\" \/>\n<meta property=\"og:image\" content=\"https:\/\/magistratiracing.com\/wp-content\/uploads\/2025\/11\/20250620_094050-1-scaled-2.jpg\" \/>\n\t<meta property=\"og:image:width\" content=\"1054\" \/>\n\t<meta property=\"og:image:height\" content=\"907\" \/>\n\t<meta property=\"og:image:type\" content=\"image\/jpeg\" \/>\n<meta name=\"twitter:card\" content=\"summary_large_image\" \/>\n<meta name=\"twitter:label1\" content=\"Dur\u00e9e de lecture estim\u00e9e\" \/>\n\t<meta name=\"twitter:data1\" content=\"1 minute\" \/>\n<script type=\"application\/ld+json\" class=\"yoast-schema-graph\">{\"@context\":\"https:\/\/schema.org\",\"@graph\":[{\"@type\":\"WebPage\",\"@id\":\"https:\/\/magistratiracing.com\/fr\/prodotto\/joint-de-base-cylindre-yamaha-tmax-2004-2025\/\",\"url\":\"https:\/\/magistratiracing.com\/fr\/prodotto\/joint-de-base-cylindre-yamaha-tmax-2004-2025\/\",\"name\":\"Joint De Base Cylindre Yamaha TMAX 2004 - 2025 - Magistrati racing\",\"isPartOf\":{\"@id\":\"https:\/\/magistratiracing.com\/fr\/#website\"},\"primaryImageOfPage\":{\"@id\":\"https:\/\/magistratiracing.com\/fr\/prodotto\/joint-de-base-cylindre-yamaha-tmax-2004-2025\/#primaryimage\"},\"image\":{\"@id\":\"https:\/\/magistratiracing.com\/fr\/prodotto\/joint-de-base-cylindre-yamaha-tmax-2004-2025\/#primaryimage\"},\"thumbnailUrl\":\"https:\/\/magistratiracing.com\/wp-content\/uploads\/2025\/11\/20250620_094050-1-scaled-2.jpg\",\"datePublished\":\"2025-06-20T09:00:53+00:00\",\"dateModified\":\"2025-06-24T13:15:17+00:00\",\"breadcrumb\":{\"@id\":\"https:\/\/magistratiracing.com\/fr\/prodotto\/joint-de-base-cylindre-yamaha-tmax-2004-2025\/#breadcrumb\"},\"inLanguage\":\"fr-FR\",\"potentialAction\":[{\"@type\":\"ReadAction\",\"target\":[\"https:\/\/magistratiracing.com\/fr\/prodotto\/joint-de-base-cylindre-yamaha-tmax-2004-2025\/\"]}]},{\"@type\":\"ImageObject\",\"inLanguage\":\"fr-FR\",\"@id\":\"https:\/\/magistratiracing.com\/fr\/prodotto\/joint-de-base-cylindre-yamaha-tmax-2004-2025\/#primaryimage\",\"url\":\"https:\/\/magistratiracing.com\/wp-content\/uploads\/2025\/11\/20250620_094050-1-scaled-2.jpg\",\"contentUrl\":\"https:\/\/magistratiracing.com\/wp-content\/uploads\/2025\/11\/20250620_094050-1-scaled-2.jpg\",\"width\":1054,\"height\":907},{\"@type\":\"BreadcrumbList\",\"@id\":\"https:\/\/magistratiracing.com\/fr\/prodotto\/joint-de-base-cylindre-yamaha-tmax-2004-2025\/#breadcrumb\",\"itemListElement\":[{\"@type\":\"ListItem\",\"position\":1,\"name\":\"Home\",\"item\":\"https:\/\/magistratiracing.com\/fr\/\"},{\"@type\":\"ListItem\",\"position\":2,\"name\":\"Shop\",\"item\":\"https:\/\/magistratiracing.com\/fr\/boutique\/\"},{\"@type\":\"ListItem\",\"position\":3,\"name\":\"Joint De Base Cylindre Yamaha TMAX 2004 &#8211; 2025\"}]},{\"@type\":\"WebSite\",\"@id\":\"https:\/\/magistratiracing.com\/fr\/#website\",\"url\":\"https:\/\/magistratiracing.com\/fr\/\",\"name\":\"Magistrati racing\",\"description\":\"\",\"potentialAction\":[{\"@type\":\"SearchAction\",\"target\":{\"@type\":\"EntryPoint\",\"urlTemplate\":\"https:\/\/magistratiracing.com\/fr\/?s={search_term_string}\"},\"query-input\":{\"@type\":\"PropertyValueSpecification\",\"valueRequired\":true,\"valueName\":\"search_term_string\"}}],\"inLanguage\":\"fr-FR\"}]}<\/script>\n<!-- \/ Yoast SEO plugin. -->","yoast_head_json":{"title":"Joint De Base Cylindre Yamaha TMAX 2004 - 2025 - Magistrati racing","robots":{"index":"index","follow":"follow","max-snippet":"max-snippet:-1","max-image-preview":"max-image-preview:large","max-video-preview":"max-video-preview:-1"},"canonical":"https:\/\/magistratiracing.com\/fr\/prodotto\/joint-de-base-cylindre-yamaha-tmax-2004-2025\/","og_locale":"fr_FR","og_type":"article","og_title":"Joint De Base Cylindre Yamaha TMAX 2004 - 2025 - Magistrati racing","og_description":"JOINT DE BASE CYLINDRE TMAX 500-530-560 TURBO de 2004 \u00e0 2025 Joint en acier d\u00e9coup\u00e9 au laser, compatible avec tous les mod\u00e8les de TMAX. UTILIS\u00c9 PAR : Utilis\u00e9 par Magistrati Racing\u00ae et ses partenaires \u00e0 travers le monde dans le cadre des transformations TMAX turbo (pr\u00e9parations tuning). QUAND ET POURQUOI L\u2019UTILISER : Ce joint permet [&hellip;]","og_url":"https:\/\/magistratiracing.com\/fr\/prodotto\/joint-de-base-cylindre-yamaha-tmax-2004-2025\/","og_site_name":"Magistrati racing","article_modified_time":"2025-06-24T13:15:17+00:00","og_image":[{"width":1054,"height":907,"url":"https:\/\/magistratiracing.com\/wp-content\/uploads\/2025\/11\/20250620_094050-1-scaled-2.jpg","type":"image\/jpeg"}],"twitter_card":"summary_large_image","twitter_misc":{"Dur\u00e9e de lecture estim\u00e9e":"1 minute"},"schema":{"@context":"https:\/\/schema.org","@graph":[{"@type":"WebPage","@id":"https:\/\/magistratiracing.com\/fr\/prodotto\/joint-de-base-cylindre-yamaha-tmax-2004-2025\/","url":"https:\/\/magistratiracing.com\/fr\/prodotto\/joint-de-base-cylindre-yamaha-tmax-2004-2025\/","name":"Joint De Base Cylindre Yamaha TMAX 2004 - 2025 - Magistrati racing","isPartOf":{"@id":"https:\/\/magistratiracing.com\/fr\/#website"},"primaryImageOfPage":{"@id":"https:\/\/magistratiracing.com\/fr\/prodotto\/joint-de-base-cylindre-yamaha-tmax-2004-2025\/#primaryimage"},"image":{"@id":"https:\/\/magistratiracing.com\/fr\/prodotto\/joint-de-base-cylindre-yamaha-tmax-2004-2025\/#primaryimage"},"thumbnailUrl":"https:\/\/magistratiracing.com\/wp-content\/uploads\/2025\/11\/20250620_094050-1-scaled-2.jpg","datePublished":"2025-06-20T09:00:53+00:00","dateModified":"2025-06-24T13:15:17+00:00","breadcrumb":{"@id":"https:\/\/magistratiracing.com\/fr\/prodotto\/joint-de-base-cylindre-yamaha-tmax-2004-2025\/#breadcrumb"},"inLanguage":"fr-FR","potentialAction":[{"@type":"ReadAction","target":["https:\/\/magistratiracing.com\/fr\/prodotto\/joint-de-base-cylindre-yamaha-tmax-2004-2025\/"]}]},{"@type":"ImageObject","inLanguage":"fr-FR","@id":"https:\/\/magistratiracing.com\/fr\/prodotto\/joint-de-base-cylindre-yamaha-tmax-2004-2025\/#primaryimage","url":"https:\/\/magistratiracing.com\/wp-content\/uploads\/2025\/11\/20250620_094050-1-scaled-2.jpg","contentUrl":"https:\/\/magistratiracing.com\/wp-content\/uploads\/2025\/11\/20250620_094050-1-scaled-2.jpg","width":1054,"height":907},{"@type":"BreadcrumbList","@id":"https:\/\/magistratiracing.com\/fr\/prodotto\/joint-de-base-cylindre-yamaha-tmax-2004-2025\/#breadcrumb","itemListElement":[{"@type":"ListItem","position":1,"name":"Home","item":"https:\/\/magistratiracing.com\/fr\/"},{"@type":"ListItem","position":2,"name":"Shop","item":"https:\/\/magistratiracing.com\/fr\/boutique\/"},{"@type":"ListItem","position":3,"name":"Joint De Base Cylindre Yamaha TMAX 2004 &#8211; 2025"}]},{"@type":"WebSite","@id":"https:\/\/magistratiracing.com\/fr\/#website","url":"https:\/\/magistratiracing.com\/fr\/","name":"Magistrati racing","description":"","potentialAction":[{"@type":"SearchAction","target":{"@type":"EntryPoint","urlTemplate":"https:\/\/magistratiracing.com\/fr\/?s={search_term_string}"},"query-input":{"@type":"PropertyValueSpecification","valueRequired":true,"valueName":"search_term_string"}}],"inLanguage":"fr-FR"}]}},"_links":{"self":[{"href":"https:\/\/magistratiracing.com\/fr\/wp-json\/wp\/v2\/product\/12349","targetHints":{"allow":["GET"]}}],"collection":[{"href":"https:\/\/magistratiracing.com\/fr\/wp-json\/wp\/v2\/product"}],"about":[{"href":"https:\/\/magistratiracing.com\/fr\/wp-json\/wp\/v2\/types\/product"}],"replies":[{"embeddable":true,"href":"https:\/\/magistratiracing.com\/fr\/wp-json\/wp\/v2\/comments?post=12349"}],"wp:featuredmedia":[{"embeddable":true,"href":"https:\/\/magistratiracing.com\/fr\/wp-json\/wp\/v2\/media\/12652"}],"wp:attachment":[{"href":"https:\/\/magistratiracing.com\/fr\/wp-json\/wp\/v2\/media?parent=12349"}],"wp:term":[{"taxonomy":"product_brand","embeddable":true,"href":"https:\/\/magistratiracing.com\/fr\/wp-json\/wp\/v2\/product_brand?post=12349"},{"taxonomy":"product_cat","embeddable":true,"href":"https:\/\/magistratiracing.com\/fr\/wp-json\/wp\/v2\/product_cat?post=12349"},{"taxonomy":"product_tag","embeddable":true,"href":"https:\/\/magistratiracing.com\/fr\/wp-json\/wp\/v2\/product_tag?post=12349"}],"curies":[{"name":"wp","href":"https:\/\/api.w.org\/{rel}","templated":true}]}}