{"id":12452,"date":"2025-04-15T09:57:18","date_gmt":"2025-04-15T09:57:18","guid":{"rendered":"https:\/\/magistratiracing.com\/product\/camme-racing-dal-pieno-tmax-560-turbo-prestazioni-superiori-magistrati-racing\/"},"modified":"2025-10-30T11:27:50","modified_gmt":"2025-10-30T11:27:50","slug":"camme-racing-dal-pieno-tmax-560-turbo-prestazioni-superiori-magistrati-racing","status":"publish","type":"product","link":"https:\/\/magistratiracing.com\/fr\/prodotto\/camme-racing-dal-pieno-tmax-560-turbo-prestazioni-superiori-magistrati-racing\/","title":{"rendered":"Arbres \u00e0 cames racing taill\u00e9s dans la masse TMAX 560 turbo| Performances Sup\u00e9rieures | Magistrati Racing\u00ae"},"content":{"rendered":"<p><strong>Arbres \u00e0 cames Racing taill\u00e9s dans la masse<\/strong> pour <strong>Yamaha TMAX\u202f560<\/strong> \u2013 <strong>Performance et Pr\u00e9cision<\/strong> au plus haut niveau.<\/p>\n<p data-start=\"224\" data-end=\"435\">Les arbres \u00e0 cames racing <strong data-start=\"250\" data-end=\"275\">taill\u00e9s dans la masse<\/strong> by Magistrati Racing\u00ae pour TMAX\u202f560 (mod\u00e8les de 2020 \u00e0 2025) sont con\u00e7us pour offrir le <strong data-start=\"364\" data-end=\"417\">meilleur en termes de fiabilit\u00e9 et de performance<\/strong> sur moteur turbo.<\/p>\n<p data-start=\"437\" data-end=\"745\">Fabriqu\u00e9s \u00e0 partir de <strong data-start=\"459\" data-end=\"489\">mat\u00e9riaux de haute qualit\u00e9<\/strong> et usin\u00e9s avec une pr\u00e9cision extr\u00eame, ces arbres \u00e0 cames garantissent une <strong data-start=\"564\" data-end=\"610\">augmentation significative de la puissance<\/strong> et de l\u2019<strong data-start=\"619\" data-end=\"643\">efficacit\u00e9 du moteur<\/strong>.<br data-start=\"644\" data-end=\"647\" \/>Les <strong data-start=\"651\" data-end=\"672\">pignons r\u00e9glables<\/strong> permettent un montage facile et un <strong data-start=\"708\" data-end=\"744\" data-is-only-node=\"\">calage pr\u00e9cis de la distribution<\/strong>.<\/p>\n<p>&nbsp;<\/p>\n<p><strong>Avantages principaux:<\/strong><\/p>\n<ul>\n<li><strong data-start=\"150\" data-end=\"176\">Qualit\u00e9 de fabrication<\/strong> <strong>:<\/strong> enti\u00e8rement usin\u00e9s dans la masse en <strong data-start=\"215\" data-end=\"241\">acier haute r\u00e9sistance<\/strong> pour garantir durabilit\u00e9 et fiabilit\u00e9.<\/li>\n<li><strong data-start=\"287\" data-end=\"315\">Performances sup\u00e9rieures<\/strong> <strong>:<\/strong> optimisent la <strong data-start=\"332\" data-end=\"364\">synchronisation des soupapes<\/strong> afin d\u2019am\u00e9liorer l\u2019<strong data-start=\"384\" data-end=\"415\" data-is-only-node=\"\">efficacit\u00e9 de la combustion<\/strong> et d\u2019augmenter la <strong data-start=\"434\" data-end=\"454\">puissance moteur<\/strong>.<\/li>\n<li><strong>Installation : calage personnalis\u00e9 parfait, <\/strong>facilit\u00e9 par des <strong>rep\u00e8res de phase clairs<\/strong>sur les <strong>pignons r\u00e9glables inclus.<\/strong><\/li>\n<li><strong>Usinage de pr\u00e9cision :<\/strong> fabriqu\u00e9s avec des <strong data-start=\"641\" data-end=\"664\">techniques avanc\u00e9es<\/strong> pour assurer une <strong data-start=\"682\" data-end=\"708\">compatibilit\u00e9 parfaite<\/strong> et des <strong data-start=\"716\" data-end=\"742\">performances optimales<\/strong>.<\/li>\n<li><strong>Compatibilit\u00e9 :<\/strong> con\u00e7us sp\u00e9cifiquement pour le <strong data-start=\"796\" data-end=\"820\">TMAX\u202f560 (2020\u20132025)<\/strong>, assurent une <strong data-start=\"835\" data-end=\"870\">installation simple et int\u00e9gr\u00e9e<\/strong>.<\/li>\n<li><strong data-start=\"874\" data-end=\"889\">Utilisation<\/strong> <strong>:<\/strong> d\u00e9aux pour des <strong data-start=\"908\" data-end=\"931\">pr\u00e9parations racing<\/strong> visant \u00e0 am\u00e9liorer les <strong data-start=\"955\" data-end=\"988\">performances sur moteur turbo<\/strong>.<\/li>\n<\/ul>\n<p data-start=\"991\" data-end=\"1348\">Au-del\u00e0 de l\u2019augmentation significative des performances moteur, les arbres \u00e0 cames Magistrati Racing\u00ae avec <strong data-start=\"1099\" data-end=\"1120\">pignons r\u00e9glables<\/strong> permettent un <strong data-start=\"1135\" data-end=\"1160\">r\u00e9glage fin du calage<\/strong>, optimisant <strong data-start=\"1173\" data-end=\"1202\">le couple et la puissance<\/strong> selon le <strong data-start=\"1212\" data-end=\"1235\">setup de votre TMAX<\/strong>.<br data-start=\"1236\" data-end=\"1239\" \/>C\u2019est le <strong data-start=\"1248\" data-end=\"1263\" data-is-only-node=\"\">choix id\u00e9al<\/strong> pour les passionn\u00e9s exigeants qui veulent <strong data-start=\"1306\" data-end=\"1347\">tirer le meilleur de chaque composant<\/strong>.<\/p>\n<p>IMPORTANT<br \/>\nLe montage et le r\u00e9glage requi\u00e8rent de bonnes comp\u00e9tences en m\u00e9canique.<\/p>\n<p>NOTE TECHNIQUE\u00a0:<br \/>\nLes arbres \u00e0 cames Racing, \u00e9quip\u00e9s de pignons r\u00e9glables, sont fournis avec des calages de r\u00e9f\u00e9rence pr\u00e9r\u00e9gl\u00e9s, servant de point de d\u00e9part. Ces calages peuvent \u00eatre ajust\u00e9s lors du montage pour s&#8217;adapter aux caract\u00e9ristiques et configurations sp\u00e9cifiques du moteur, gr\u00e2ce aux pignons r\u00e9glables.<\/p>\n<p>&nbsp;<\/p>\n<p>&nbsp;<\/p>\n<p>&nbsp;<\/p>\n<p>&nbsp;<\/p>\n<p>&nbsp;<\/p>\n","protected":false},"excerpt":{"rendered":"<p>Arbres \u00e0 cames Racing taill\u00e9s dans la masse pour Yamaha TMAX\u202f560 \u2013 Performance et Pr\u00e9cision au plus haut niveau. Les arbres \u00e0 cames racing taill\u00e9s dans la masse by Magistrati Racing\u00ae pour TMAX\u202f560 (mod\u00e8les de 2020 \u00e0 2025) sont con\u00e7us pour offrir le meilleur en termes de fiabilit\u00e9 et de performance sur moteur turbo. Fabriqu\u00e9s [&hellip;]<\/p>\n","protected":false},"featured_media":12076,"comment_status":"open","ping_status":"closed","template":"","meta":[],"product_brand":[],"product_cat":[340,341,321,322,319],"product_tag":[],"class_list":{"0":"post-12452","1":"product","2":"type-product","3":"status-publish","4":"has-post-thumbnail","6":"product_cat-motore-fr-3","7":"product_cat-motore-fr-4","8":"product_cat-tmax-560-2020-2024-fr","9":"product_cat-tmax-560-2025-fr","10":"product_cat-tmax-turbo-fr","11":"product_shipping_class-camme-fr","13":"first","14":"instock","15":"shipping-taxable","16":"purchasable","17":"product-type-simple"},"yoast_head":"<!-- This site is optimized with the Yoast SEO plugin v26.8 - https:\/\/yoast.com\/product\/yoast-seo-wordpress\/ -->\n<title>Arbres \u00e0 cames racing taill\u00e9s dans la masse TMAX 560 turbo| Performances Sup\u00e9rieures | Magistrati Racing\u00ae - Magistrati racing<\/title>\n<meta name=\"description\" content=\"Camme racing dal pieno per Yamaha Tmax, complete di ingranaggi regolabili. Massime prestazioni, facilit\u00e0 nella messa in fase. Ideali per elaborazioni racing\" \/>\n<meta name=\"robots\" content=\"index, follow, max-snippet:-1, max-image-preview:large, max-video-preview:-1\" \/>\n<link rel=\"canonical\" href=\"https:\/\/magistratiracing.com\/fr\/prodotto\/camme-racing-dal-pieno-tmax-560-turbo-prestazioni-superiori-magistrati-racing\/\" \/>\n<meta property=\"og:locale\" content=\"fr_FR\" \/>\n<meta property=\"og:type\" content=\"article\" \/>\n<meta property=\"og:title\" content=\"Arbres \u00e0 cames racing taill\u00e9s dans la masse TMAX 560 turbo| Performances Sup\u00e9rieures | Magistrati Racing\u00ae - Magistrati racing\" \/>\n<meta property=\"og:description\" content=\"Camme racing dal pieno per Yamaha Tmax, complete di ingranaggi regolabili. Massime prestazioni, facilit\u00e0 nella messa in fase. Ideali per elaborazioni racing\" \/>\n<meta property=\"og:url\" content=\"https:\/\/magistratiracing.com\/fr\/prodotto\/camme-racing-dal-pieno-tmax-560-turbo-prestazioni-superiori-magistrati-racing\/\" \/>\n<meta property=\"og:site_name\" content=\"Magistrati racing\" \/>\n<meta property=\"article:modified_time\" content=\"2025-10-30T11:27:50+00:00\" \/>\n<meta property=\"og:image\" content=\"https:\/\/magistratiracing.com\/wp-content\/uploads\/2025\/02\/980x980_cornetti_3.jpg\" \/>\n\t<meta property=\"og:image:width\" content=\"980\" \/>\n\t<meta property=\"og:image:height\" content=\"980\" \/>\n\t<meta property=\"og:image:type\" content=\"image\/jpeg\" \/>\n<meta name=\"twitter:card\" content=\"summary_large_image\" \/>\n<meta name=\"twitter:label1\" content=\"Dur\u00e9e de lecture estim\u00e9e\" \/>\n\t<meta name=\"twitter:data1\" content=\"2 minutes\" \/>\n<script type=\"application\/ld+json\" class=\"yoast-schema-graph\">{\"@context\":\"https:\/\/schema.org\",\"@graph\":[{\"@type\":\"WebPage\",\"@id\":\"https:\/\/magistratiracing.com\/fr\/prodotto\/camme-racing-dal-pieno-tmax-560-turbo-prestazioni-superiori-magistrati-racing\/\",\"url\":\"https:\/\/magistratiracing.com\/fr\/prodotto\/camme-racing-dal-pieno-tmax-560-turbo-prestazioni-superiori-magistrati-racing\/\",\"name\":\"Arbres \u00e0 cames racing taill\u00e9s dans la masse TMAX 560 turbo| Performances Sup\u00e9rieures | Magistrati Racing\u00ae - Magistrati racing\",\"isPartOf\":{\"@id\":\"https:\/\/magistratiracing.com\/fr\/#website\"},\"primaryImageOfPage\":{\"@id\":\"https:\/\/magistratiracing.com\/fr\/prodotto\/camme-racing-dal-pieno-tmax-560-turbo-prestazioni-superiori-magistrati-racing\/#primaryimage\"},\"image\":{\"@id\":\"https:\/\/magistratiracing.com\/fr\/prodotto\/camme-racing-dal-pieno-tmax-560-turbo-prestazioni-superiori-magistrati-racing\/#primaryimage\"},\"thumbnailUrl\":\"https:\/\/magistratiracing.com\/wp-content\/uploads\/2025\/02\/980x980_cornetti_3.jpg\",\"datePublished\":\"2025-04-15T09:57:18+00:00\",\"dateModified\":\"2025-10-30T11:27:50+00:00\",\"description\":\"Camme racing dal pieno per Yamaha Tmax, complete di ingranaggi regolabili. Massime prestazioni, facilit\u00e0 nella messa in fase. Ideali per elaborazioni racing\",\"breadcrumb\":{\"@id\":\"https:\/\/magistratiracing.com\/fr\/prodotto\/camme-racing-dal-pieno-tmax-560-turbo-prestazioni-superiori-magistrati-racing\/#breadcrumb\"},\"inLanguage\":\"fr-FR\",\"potentialAction\":[{\"@type\":\"ReadAction\",\"target\":[\"https:\/\/magistratiracing.com\/fr\/prodotto\/camme-racing-dal-pieno-tmax-560-turbo-prestazioni-superiori-magistrati-racing\/\"]}]},{\"@type\":\"ImageObject\",\"inLanguage\":\"fr-FR\",\"@id\":\"https:\/\/magistratiracing.com\/fr\/prodotto\/camme-racing-dal-pieno-tmax-560-turbo-prestazioni-superiori-magistrati-racing\/#primaryimage\",\"url\":\"https:\/\/magistratiracing.com\/wp-content\/uploads\/2025\/02\/980x980_cornetti_3.jpg\",\"contentUrl\":\"https:\/\/magistratiracing.com\/wp-content\/uploads\/2025\/02\/980x980_cornetti_3.jpg\",\"width\":980,\"height\":980,\"caption\":\"camme racing dal pieno\"},{\"@type\":\"BreadcrumbList\",\"@id\":\"https:\/\/magistratiracing.com\/fr\/prodotto\/camme-racing-dal-pieno-tmax-560-turbo-prestazioni-superiori-magistrati-racing\/#breadcrumb\",\"itemListElement\":[{\"@type\":\"ListItem\",\"position\":1,\"name\":\"Home\",\"item\":\"https:\/\/magistratiracing.com\/fr\/\"},{\"@type\":\"ListItem\",\"position\":2,\"name\":\"Shop\",\"item\":\"https:\/\/magistratiracing.com\/fr\/boutique\/\"},{\"@type\":\"ListItem\",\"position\":3,\"name\":\"Arbres \u00e0 cames racing taill\u00e9s dans la masse TMAX 560 turbo| Performances Sup\u00e9rieures | Magistrati Racing\u00ae\"}]},{\"@type\":\"WebSite\",\"@id\":\"https:\/\/magistratiracing.com\/fr\/#website\",\"url\":\"https:\/\/magistratiracing.com\/fr\/\",\"name\":\"Magistrati racing\",\"description\":\"\",\"potentialAction\":[{\"@type\":\"SearchAction\",\"target\":{\"@type\":\"EntryPoint\",\"urlTemplate\":\"https:\/\/magistratiracing.com\/fr\/?s={search_term_string}\"},\"query-input\":{\"@type\":\"PropertyValueSpecification\",\"valueRequired\":true,\"valueName\":\"search_term_string\"}}],\"inLanguage\":\"fr-FR\"}]}<\/script>\n<!-- \/ Yoast SEO plugin. -->","yoast_head_json":{"title":"Arbres \u00e0 cames racing taill\u00e9s dans la masse TMAX 560 turbo| Performances Sup\u00e9rieures | Magistrati Racing\u00ae - Magistrati racing","description":"Camme racing dal pieno per Yamaha Tmax, complete di ingranaggi regolabili. Massime prestazioni, facilit\u00e0 nella messa in fase. Ideali per elaborazioni racing","robots":{"index":"index","follow":"follow","max-snippet":"max-snippet:-1","max-image-preview":"max-image-preview:large","max-video-preview":"max-video-preview:-1"},"canonical":"https:\/\/magistratiracing.com\/fr\/prodotto\/camme-racing-dal-pieno-tmax-560-turbo-prestazioni-superiori-magistrati-racing\/","og_locale":"fr_FR","og_type":"article","og_title":"Arbres \u00e0 cames racing taill\u00e9s dans la masse TMAX 560 turbo| Performances Sup\u00e9rieures | Magistrati Racing\u00ae - Magistrati racing","og_description":"Camme racing dal pieno per Yamaha Tmax, complete di ingranaggi regolabili. Massime prestazioni, facilit\u00e0 nella messa in fase. Ideali per elaborazioni racing","og_url":"https:\/\/magistratiracing.com\/fr\/prodotto\/camme-racing-dal-pieno-tmax-560-turbo-prestazioni-superiori-magistrati-racing\/","og_site_name":"Magistrati racing","article_modified_time":"2025-10-30T11:27:50+00:00","og_image":[{"width":980,"height":980,"url":"https:\/\/magistratiracing.com\/wp-content\/uploads\/2025\/02\/980x980_cornetti_3.jpg","type":"image\/jpeg"}],"twitter_card":"summary_large_image","twitter_misc":{"Dur\u00e9e de lecture estim\u00e9e":"2 minutes"},"schema":{"@context":"https:\/\/schema.org","@graph":[{"@type":"WebPage","@id":"https:\/\/magistratiracing.com\/fr\/prodotto\/camme-racing-dal-pieno-tmax-560-turbo-prestazioni-superiori-magistrati-racing\/","url":"https:\/\/magistratiracing.com\/fr\/prodotto\/camme-racing-dal-pieno-tmax-560-turbo-prestazioni-superiori-magistrati-racing\/","name":"Arbres \u00e0 cames racing taill\u00e9s dans la masse TMAX 560 turbo| Performances Sup\u00e9rieures | Magistrati Racing\u00ae - Magistrati racing","isPartOf":{"@id":"https:\/\/magistratiracing.com\/fr\/#website"},"primaryImageOfPage":{"@id":"https:\/\/magistratiracing.com\/fr\/prodotto\/camme-racing-dal-pieno-tmax-560-turbo-prestazioni-superiori-magistrati-racing\/#primaryimage"},"image":{"@id":"https:\/\/magistratiracing.com\/fr\/prodotto\/camme-racing-dal-pieno-tmax-560-turbo-prestazioni-superiori-magistrati-racing\/#primaryimage"},"thumbnailUrl":"https:\/\/magistratiracing.com\/wp-content\/uploads\/2025\/02\/980x980_cornetti_3.jpg","datePublished":"2025-04-15T09:57:18+00:00","dateModified":"2025-10-30T11:27:50+00:00","description":"Camme racing dal pieno per Yamaha Tmax, complete di ingranaggi regolabili. Massime prestazioni, facilit\u00e0 nella messa in fase. Ideali per elaborazioni racing","breadcrumb":{"@id":"https:\/\/magistratiracing.com\/fr\/prodotto\/camme-racing-dal-pieno-tmax-560-turbo-prestazioni-superiori-magistrati-racing\/#breadcrumb"},"inLanguage":"fr-FR","potentialAction":[{"@type":"ReadAction","target":["https:\/\/magistratiracing.com\/fr\/prodotto\/camme-racing-dal-pieno-tmax-560-turbo-prestazioni-superiori-magistrati-racing\/"]}]},{"@type":"ImageObject","inLanguage":"fr-FR","@id":"https:\/\/magistratiracing.com\/fr\/prodotto\/camme-racing-dal-pieno-tmax-560-turbo-prestazioni-superiori-magistrati-racing\/#primaryimage","url":"https:\/\/magistratiracing.com\/wp-content\/uploads\/2025\/02\/980x980_cornetti_3.jpg","contentUrl":"https:\/\/magistratiracing.com\/wp-content\/uploads\/2025\/02\/980x980_cornetti_3.jpg","width":980,"height":980,"caption":"camme racing dal pieno"},{"@type":"BreadcrumbList","@id":"https:\/\/magistratiracing.com\/fr\/prodotto\/camme-racing-dal-pieno-tmax-560-turbo-prestazioni-superiori-magistrati-racing\/#breadcrumb","itemListElement":[{"@type":"ListItem","position":1,"name":"Home","item":"https:\/\/magistratiracing.com\/fr\/"},{"@type":"ListItem","position":2,"name":"Shop","item":"https:\/\/magistratiracing.com\/fr\/boutique\/"},{"@type":"ListItem","position":3,"name":"Arbres \u00e0 cames racing taill\u00e9s dans la masse TMAX 560 turbo| Performances Sup\u00e9rieures | Magistrati Racing\u00ae"}]},{"@type":"WebSite","@id":"https:\/\/magistratiracing.com\/fr\/#website","url":"https:\/\/magistratiracing.com\/fr\/","name":"Magistrati racing","description":"","potentialAction":[{"@type":"SearchAction","target":{"@type":"EntryPoint","urlTemplate":"https:\/\/magistratiracing.com\/fr\/?s={search_term_string}"},"query-input":{"@type":"PropertyValueSpecification","valueRequired":true,"valueName":"search_term_string"}}],"inLanguage":"fr-FR"}]}},"_links":{"self":[{"href":"https:\/\/magistratiracing.com\/fr\/wp-json\/wp\/v2\/product\/12452","targetHints":{"allow":["GET"]}}],"collection":[{"href":"https:\/\/magistratiracing.com\/fr\/wp-json\/wp\/v2\/product"}],"about":[{"href":"https:\/\/magistratiracing.com\/fr\/wp-json\/wp\/v2\/types\/product"}],"replies":[{"embeddable":true,"href":"https:\/\/magistratiracing.com\/fr\/wp-json\/wp\/v2\/comments?post=12452"}],"wp:featuredmedia":[{"embeddable":true,"href":"https:\/\/magistratiracing.com\/fr\/wp-json\/wp\/v2\/media\/12076"}],"wp:attachment":[{"href":"https:\/\/magistratiracing.com\/fr\/wp-json\/wp\/v2\/media?parent=12452"}],"wp:term":[{"taxonomy":"product_brand","embeddable":true,"href":"https:\/\/magistratiracing.com\/fr\/wp-json\/wp\/v2\/product_brand?post=12452"},{"taxonomy":"product_cat","embeddable":true,"href":"https:\/\/magistratiracing.com\/fr\/wp-json\/wp\/v2\/product_cat?post=12452"},{"taxonomy":"product_tag","embeddable":true,"href":"https:\/\/magistratiracing.com\/fr\/wp-json\/wp\/v2\/product_tag?post=12452"}],"curies":[{"name":"wp","href":"https:\/\/api.w.org\/{rel}","templated":true}]}}