{"id":12614,"date":"2025-09-23T15:00:17","date_gmt":"2025-09-23T15:00:17","guid":{"rendered":"https:\/\/magistratiracing.com\/?post_type=product&#038;p=12614"},"modified":"2025-09-23T15:00:18","modified_gmt":"2025-09-23T15:00:18","slug":"collecteur-dadmission-pour-papillon-des-gaz-majore-magistrati-racing-tmax-560","status":"publish","type":"product","link":"https:\/\/magistratiracing.com\/fr\/prodotto\/collecteur-dadmission-pour-papillon-des-gaz-majore-magistrati-racing-tmax-560\/","title":{"rendered":"Collecteur d\u2019admission pour papillon des gaz major\u00e9 Magistrati Racing\u00ae TMAX 560"},"content":{"rendered":"<h5>Dernier arriv\u00e9 chez Magistrati Racing\u00ae \u2014 Leader dans le secteur du tuning TMAX<\/h5>\n<p data-start=\"62\" data-end=\"223\">Ce collecteur pour TMAX 560 est con\u00e7u et fabriqu\u00e9 sp\u00e9cifiquement pour \u00eatre associ\u00e9 au papillon des gaz major\u00e9 de diam\u00e8tre 42 rond, sign\u00e9 Magistrati Racing\u00ae.<\/p>\n<p data-start=\"225\" data-end=\"479\">Il permet une installation facile sans devoir effectuer des travaux minutieux \u2013 et jamais vraiment parfaits \u2013 d\u2019ajustement, et assure une augmentation des performances gr\u00e2ce aux inclinaisons et au flux d\u2019air ainsi g\u00e9n\u00e9r\u00e9 dans le conduit d\u2019admission.<\/p>\n<p>&nbsp;<\/p>\n<h5>Montage Plug &amp; Play, sans aucun ajustement n\u00e9cessaire, livr\u00e9 complet avec colliers et brides.<\/h5>\n<p>&nbsp;<\/p>\n<h5>PERFORMANCE AU TOP : meilleur remplissage volum\u00e9trique avec, \u00e0 la cl\u00e9, une augmentation de la puissance et du couple.<\/h5>\n<p>&nbsp;<\/p>\n<h5>ATTENTION : \u00e0 utiliser uniquement avec le papillon des gaz Magistrati Racing\u00ae<\/h5>\n<p>&nbsp;<\/p>\n<h3>LE MAGI RECOMMANDE LES ASSOCIATIONS SUIVANTES :<\/h3>\n<blockquote class=\"wp-embedded-content\" data-secret=\"qVZ9HzjbDN\"><p><a href=\"https:\/\/magistratiracing.com\/fr\/prodotto\/corpo-farfallato-maggiorato-plug-play-magistrati-racing-yamaha-tmax-560\/\">Corpo farfallato Maggiorato Plug &#038; Play Magistrati racing\u00ae Yamaha TMAX 560<\/a><\/p><\/blockquote>\n<p><iframe class=\"wp-embedded-content\" sandbox=\"allow-scripts\" security=\"restricted\" style=\"position: absolute; visibility: hidden;\" title=\"\u00ab\u00a0Corpo farfallato Maggiorato Plug &#038; Play Magistrati racing\u00ae Yamaha TMAX 560\u00a0\u00bb &#8212; Magistrati racing\" src=\"https:\/\/magistratiracing.com\/fr\/prodotto\/corpo-farfallato-maggiorato-plug-play-magistrati-racing-yamaha-tmax-560\/embed\/#?secret=VQZ6PnX6Ni#?secret=qVZ9HzjbDN\" data-secret=\"qVZ9HzjbDN\" width=\"600\" height=\"338\" frameborder=\"0\" marginwidth=\"0\" marginheight=\"0\" scrolling=\"no\"><\/iframe><\/p>\n<blockquote class=\"wp-embedded-content\" data-secret=\"HPcXGcT7Sl\"><p><a href=\"https:\/\/magistratiracing.com\/fr\/prodotto\/cornets-admission-big-tmax-560-2020-2025\/\">Cornetti Aspirazione Big TMAX 560 2020-2025<\/a><\/p><\/blockquote>\n<p><iframe class=\"wp-embedded-content\" sandbox=\"allow-scripts\" security=\"restricted\" style=\"position: absolute; visibility: hidden;\" title=\"\u00ab\u00a0Cornetti Aspirazione Big TMAX 560 2020-2025\u00a0\u00bb &#8212; Magistrati racing\" src=\"https:\/\/magistratiracing.com\/fr\/prodotto\/cornets-admission-big-tmax-560-2020-2025\/embed\/#?secret=V7IS6z7xUj#?secret=HPcXGcT7Sl\" data-secret=\"HPcXGcT7Sl\" width=\"600\" height=\"338\" frameborder=\"0\" marginwidth=\"0\" marginheight=\"0\" scrolling=\"no\"><\/iframe><\/p>\n<p>&nbsp;<\/p>\n<p>&nbsp;<\/p>\n","protected":false},"excerpt":{"rendered":"<p>Dernier arriv\u00e9 chez Magistrati Racing\u00ae \u2014 Leader dans le secteur du tuning TMAX Ce collecteur pour TMAX 560 est con\u00e7u et fabriqu\u00e9 sp\u00e9cifiquement pour \u00eatre associ\u00e9 au papillon des gaz major\u00e9 de diam\u00e8tre 42 rond, sign\u00e9 Magistrati Racing\u00ae. Il permet une installation facile sans devoir effectuer des travaux minutieux \u2013 et jamais vraiment parfaits \u2013 [&hellip;]<\/p>\n","protected":false},"featured_media":12600,"comment_status":"open","ping_status":"closed","template":"","meta":[],"product_brand":[],"product_cat":[326,327,328,325,323,321,322,324,320,319],"product_tag":[],"class_list":{"0":"post-12614","1":"product","2":"type-product","3":"status-publish","4":"has-post-thumbnail","6":"product_cat-aspirazione-fr-2","7":"product_cat-aspirazione-fr-3","8":"product_cat-aspirazione-fr-4","9":"product_cat-aspirazione-fr","10":"product_cat-tmax-560-2020-2024-fr-2","11":"product_cat-tmax-560-2020-2024-fr","12":"product_cat-tmax-560-2025-fr","13":"product_cat-tmax-560-2025-fr-2","14":"product_cat-tmax-aspirato-fr","15":"product_cat-tmax-turbo-fr","16":"product_shipping_class-ingranaggi-camme-fr","18":"first","19":"instock","20":"sale","21":"shipping-taxable","22":"purchasable","23":"product-type-simple"},"yoast_head":"<!-- This site is optimized with the Yoast SEO plugin v26.8 - https:\/\/yoast.com\/product\/yoast-seo-wordpress\/ -->\n<title>Collecteur d\u2019admission pour papillon des gaz major\u00e9 Magistrati Racing\u00ae TMAX 560 - Magistrati racing<\/title>\n<meta name=\"robots\" content=\"index, follow, max-snippet:-1, max-image-preview:large, max-video-preview:-1\" \/>\n<link rel=\"canonical\" href=\"https:\/\/magistratiracing.com\/fr\/prodotto\/collecteur-dadmission-pour-papillon-des-gaz-majore-magistrati-racing-tmax-560\/\" \/>\n<meta property=\"og:locale\" content=\"fr_FR\" \/>\n<meta property=\"og:type\" content=\"article\" \/>\n<meta property=\"og:title\" content=\"Collecteur d\u2019admission pour papillon des gaz major\u00e9 Magistrati Racing\u00ae TMAX 560 - Magistrati racing\" \/>\n<meta property=\"og:description\" content=\"Dernier arriv\u00e9 chez Magistrati Racing\u00ae \u2014 Leader dans le secteur du tuning TMAX Ce collecteur pour TMAX 560 est con\u00e7u et fabriqu\u00e9 sp\u00e9cifiquement pour \u00eatre associ\u00e9 au papillon des gaz major\u00e9 de diam\u00e8tre 42 rond, sign\u00e9 Magistrati Racing\u00ae. Il permet une installation facile sans devoir effectuer des travaux minutieux \u2013 et jamais vraiment parfaits \u2013 [&hellip;]\" \/>\n<meta property=\"og:url\" content=\"https:\/\/magistratiracing.com\/fr\/prodotto\/collecteur-dadmission-pour-papillon-des-gaz-majore-magistrati-racing-tmax-560\/\" \/>\n<meta property=\"og:site_name\" content=\"Magistrati racing\" \/>\n<meta property=\"article:modified_time\" content=\"2025-09-23T15:00:18+00:00\" \/>\n<meta property=\"og:image\" content=\"https:\/\/magistratiracing.com\/wp-content\/uploads\/2025\/09\/20250923_1440580COPIA-scaled.jpg\" \/>\n\t<meta property=\"og:image:width\" content=\"2560\" \/>\n\t<meta property=\"og:image:height\" content=\"1885\" \/>\n\t<meta property=\"og:image:type\" content=\"image\/jpeg\" \/>\n<meta name=\"twitter:card\" content=\"summary_large_image\" \/>\n<meta name=\"twitter:label1\" content=\"Dur\u00e9e de lecture estim\u00e9e\" \/>\n\t<meta name=\"twitter:data1\" content=\"1 minute\" \/>\n<script type=\"application\/ld+json\" class=\"yoast-schema-graph\">{\"@context\":\"https:\/\/schema.org\",\"@graph\":[{\"@type\":\"WebPage\",\"@id\":\"https:\/\/magistratiracing.com\/fr\/prodotto\/collecteur-dadmission-pour-papillon-des-gaz-majore-magistrati-racing-tmax-560\/\",\"url\":\"https:\/\/magistratiracing.com\/fr\/prodotto\/collecteur-dadmission-pour-papillon-des-gaz-majore-magistrati-racing-tmax-560\/\",\"name\":\"Collecteur d\u2019admission pour papillon des gaz major\u00e9 Magistrati Racing\u00ae TMAX 560 - Magistrati racing\",\"isPartOf\":{\"@id\":\"https:\/\/magistratiracing.com\/fr\/#website\"},\"primaryImageOfPage\":{\"@id\":\"https:\/\/magistratiracing.com\/fr\/prodotto\/collecteur-dadmission-pour-papillon-des-gaz-majore-magistrati-racing-tmax-560\/#primaryimage\"},\"image\":{\"@id\":\"https:\/\/magistratiracing.com\/fr\/prodotto\/collecteur-dadmission-pour-papillon-des-gaz-majore-magistrati-racing-tmax-560\/#primaryimage\"},\"thumbnailUrl\":\"https:\/\/magistratiracing.com\/wp-content\/uploads\/2025\/09\/20250923_1440580COPIA-scaled.jpg\",\"datePublished\":\"2025-09-23T15:00:17+00:00\",\"dateModified\":\"2025-09-23T15:00:18+00:00\",\"breadcrumb\":{\"@id\":\"https:\/\/magistratiracing.com\/fr\/prodotto\/collecteur-dadmission-pour-papillon-des-gaz-majore-magistrati-racing-tmax-560\/#breadcrumb\"},\"inLanguage\":\"fr-FR\",\"potentialAction\":[{\"@type\":\"ReadAction\",\"target\":[\"https:\/\/magistratiracing.com\/fr\/prodotto\/collecteur-dadmission-pour-papillon-des-gaz-majore-magistrati-racing-tmax-560\/\"]}]},{\"@type\":\"ImageObject\",\"inLanguage\":\"fr-FR\",\"@id\":\"https:\/\/magistratiracing.com\/fr\/prodotto\/collecteur-dadmission-pour-papillon-des-gaz-majore-magistrati-racing-tmax-560\/#primaryimage\",\"url\":\"https:\/\/magistratiracing.com\/wp-content\/uploads\/2025\/09\/20250923_1440580COPIA-scaled.jpg\",\"contentUrl\":\"https:\/\/magistratiracing.com\/wp-content\/uploads\/2025\/09\/20250923_1440580COPIA-scaled.jpg\",\"width\":2560,\"height\":1885,\"caption\":\"Collettore aspirazione per corpo farfallato maggiorato Magistrati racing\u00aeTmax 560\"},{\"@type\":\"BreadcrumbList\",\"@id\":\"https:\/\/magistratiracing.com\/fr\/prodotto\/collecteur-dadmission-pour-papillon-des-gaz-majore-magistrati-racing-tmax-560\/#breadcrumb\",\"itemListElement\":[{\"@type\":\"ListItem\",\"position\":1,\"name\":\"Home\",\"item\":\"https:\/\/magistratiracing.com\/fr\/\"},{\"@type\":\"ListItem\",\"position\":2,\"name\":\"Shop\",\"item\":\"https:\/\/magistratiracing.com\/fr\/boutique\/\"},{\"@type\":\"ListItem\",\"position\":3,\"name\":\"Collecteur d\u2019admission pour papillon des gaz major\u00e9 Magistrati Racing\u00ae TMAX 560\"}]},{\"@type\":\"WebSite\",\"@id\":\"https:\/\/magistratiracing.com\/fr\/#website\",\"url\":\"https:\/\/magistratiracing.com\/fr\/\",\"name\":\"Magistrati racing\",\"description\":\"\",\"potentialAction\":[{\"@type\":\"SearchAction\",\"target\":{\"@type\":\"EntryPoint\",\"urlTemplate\":\"https:\/\/magistratiracing.com\/fr\/?s={search_term_string}\"},\"query-input\":{\"@type\":\"PropertyValueSpecification\",\"valueRequired\":true,\"valueName\":\"search_term_string\"}}],\"inLanguage\":\"fr-FR\"}]}<\/script>\n<!-- \/ Yoast SEO plugin. -->","yoast_head_json":{"title":"Collecteur d\u2019admission pour papillon des gaz major\u00e9 Magistrati Racing\u00ae TMAX 560 - Magistrati racing","robots":{"index":"index","follow":"follow","max-snippet":"max-snippet:-1","max-image-preview":"max-image-preview:large","max-video-preview":"max-video-preview:-1"},"canonical":"https:\/\/magistratiracing.com\/fr\/prodotto\/collecteur-dadmission-pour-papillon-des-gaz-majore-magistrati-racing-tmax-560\/","og_locale":"fr_FR","og_type":"article","og_title":"Collecteur d\u2019admission pour papillon des gaz major\u00e9 Magistrati Racing\u00ae TMAX 560 - Magistrati racing","og_description":"Dernier arriv\u00e9 chez Magistrati Racing\u00ae \u2014 Leader dans le secteur du tuning TMAX Ce collecteur pour TMAX 560 est con\u00e7u et fabriqu\u00e9 sp\u00e9cifiquement pour \u00eatre associ\u00e9 au papillon des gaz major\u00e9 de diam\u00e8tre 42 rond, sign\u00e9 Magistrati Racing\u00ae. Il permet une installation facile sans devoir effectuer des travaux minutieux \u2013 et jamais vraiment parfaits \u2013 [&hellip;]","og_url":"https:\/\/magistratiracing.com\/fr\/prodotto\/collecteur-dadmission-pour-papillon-des-gaz-majore-magistrati-racing-tmax-560\/","og_site_name":"Magistrati racing","article_modified_time":"2025-09-23T15:00:18+00:00","og_image":[{"width":2560,"height":1885,"url":"https:\/\/magistratiracing.com\/wp-content\/uploads\/2025\/09\/20250923_1440580COPIA-scaled.jpg","type":"image\/jpeg"}],"twitter_card":"summary_large_image","twitter_misc":{"Dur\u00e9e de lecture estim\u00e9e":"1 minute"},"schema":{"@context":"https:\/\/schema.org","@graph":[{"@type":"WebPage","@id":"https:\/\/magistratiracing.com\/fr\/prodotto\/collecteur-dadmission-pour-papillon-des-gaz-majore-magistrati-racing-tmax-560\/","url":"https:\/\/magistratiracing.com\/fr\/prodotto\/collecteur-dadmission-pour-papillon-des-gaz-majore-magistrati-racing-tmax-560\/","name":"Collecteur d\u2019admission pour papillon des gaz major\u00e9 Magistrati Racing\u00ae TMAX 560 - Magistrati racing","isPartOf":{"@id":"https:\/\/magistratiracing.com\/fr\/#website"},"primaryImageOfPage":{"@id":"https:\/\/magistratiracing.com\/fr\/prodotto\/collecteur-dadmission-pour-papillon-des-gaz-majore-magistrati-racing-tmax-560\/#primaryimage"},"image":{"@id":"https:\/\/magistratiracing.com\/fr\/prodotto\/collecteur-dadmission-pour-papillon-des-gaz-majore-magistrati-racing-tmax-560\/#primaryimage"},"thumbnailUrl":"https:\/\/magistratiracing.com\/wp-content\/uploads\/2025\/09\/20250923_1440580COPIA-scaled.jpg","datePublished":"2025-09-23T15:00:17+00:00","dateModified":"2025-09-23T15:00:18+00:00","breadcrumb":{"@id":"https:\/\/magistratiracing.com\/fr\/prodotto\/collecteur-dadmission-pour-papillon-des-gaz-majore-magistrati-racing-tmax-560\/#breadcrumb"},"inLanguage":"fr-FR","potentialAction":[{"@type":"ReadAction","target":["https:\/\/magistratiracing.com\/fr\/prodotto\/collecteur-dadmission-pour-papillon-des-gaz-majore-magistrati-racing-tmax-560\/"]}]},{"@type":"ImageObject","inLanguage":"fr-FR","@id":"https:\/\/magistratiracing.com\/fr\/prodotto\/collecteur-dadmission-pour-papillon-des-gaz-majore-magistrati-racing-tmax-560\/#primaryimage","url":"https:\/\/magistratiracing.com\/wp-content\/uploads\/2025\/09\/20250923_1440580COPIA-scaled.jpg","contentUrl":"https:\/\/magistratiracing.com\/wp-content\/uploads\/2025\/09\/20250923_1440580COPIA-scaled.jpg","width":2560,"height":1885,"caption":"Collettore aspirazione per corpo farfallato maggiorato Magistrati racing\u00aeTmax 560"},{"@type":"BreadcrumbList","@id":"https:\/\/magistratiracing.com\/fr\/prodotto\/collecteur-dadmission-pour-papillon-des-gaz-majore-magistrati-racing-tmax-560\/#breadcrumb","itemListElement":[{"@type":"ListItem","position":1,"name":"Home","item":"https:\/\/magistratiracing.com\/fr\/"},{"@type":"ListItem","position":2,"name":"Shop","item":"https:\/\/magistratiracing.com\/fr\/boutique\/"},{"@type":"ListItem","position":3,"name":"Collecteur d\u2019admission pour papillon des gaz major\u00e9 Magistrati Racing\u00ae TMAX 560"}]},{"@type":"WebSite","@id":"https:\/\/magistratiracing.com\/fr\/#website","url":"https:\/\/magistratiracing.com\/fr\/","name":"Magistrati racing","description":"","potentialAction":[{"@type":"SearchAction","target":{"@type":"EntryPoint","urlTemplate":"https:\/\/magistratiracing.com\/fr\/?s={search_term_string}"},"query-input":{"@type":"PropertyValueSpecification","valueRequired":true,"valueName":"search_term_string"}}],"inLanguage":"fr-FR"}]}},"_links":{"self":[{"href":"https:\/\/magistratiracing.com\/fr\/wp-json\/wp\/v2\/product\/12614","targetHints":{"allow":["GET"]}}],"collection":[{"href":"https:\/\/magistratiracing.com\/fr\/wp-json\/wp\/v2\/product"}],"about":[{"href":"https:\/\/magistratiracing.com\/fr\/wp-json\/wp\/v2\/types\/product"}],"replies":[{"embeddable":true,"href":"https:\/\/magistratiracing.com\/fr\/wp-json\/wp\/v2\/comments?post=12614"}],"wp:featuredmedia":[{"embeddable":true,"href":"https:\/\/magistratiracing.com\/fr\/wp-json\/wp\/v2\/media\/12600"}],"wp:attachment":[{"href":"https:\/\/magistratiracing.com\/fr\/wp-json\/wp\/v2\/media?parent=12614"}],"wp:term":[{"taxonomy":"product_brand","embeddable":true,"href":"https:\/\/magistratiracing.com\/fr\/wp-json\/wp\/v2\/product_brand?post=12614"},{"taxonomy":"product_cat","embeddable":true,"href":"https:\/\/magistratiracing.com\/fr\/wp-json\/wp\/v2\/product_cat?post=12614"},{"taxonomy":"product_tag","embeddable":true,"href":"https:\/\/magistratiracing.com\/fr\/wp-json\/wp\/v2\/product_tag?post=12614"}],"curies":[{"name":"wp","href":"https:\/\/api.w.org\/{rel}","templated":true}]}}