{"id":13032,"date":"2026-01-22T10:44:57","date_gmt":"2026-01-22T10:44:57","guid":{"rendered":"https:\/\/magistratiracing.com\/?post_type=product&#038;p=13032"},"modified":"2026-02-13T14:59:37","modified_gmt":"2026-02-13T14:59:37","slug":"kit-cylindre-racing-595-cc-o72-mm-magistrati-racing-yamaha-tmax-560","status":"publish","type":"product","link":"https:\/\/magistratiracing.com\/fr\/prodotto\/kit-cylindre-racing-595-cc-o72-mm-magistrati-racing-yamaha-tmax-560\/","title":{"rendered":"Kit Cylindre Racing 595 cc \u00d872 mm \u2013 Magistrati Racing\u00ae Yamaha TMAX 560"},"content":{"rendered":"<h2 data-start=\"240\" data-end=\"441\">Le <strong data-start=\"98\" data-end=\"147\">Kit Cylindre Racing 595 cc Magistrati Racing\u00ae<\/strong> est une <strong data-start=\"156\" data-end=\"193\">solution technique de haut niveau<\/strong>, d\u00e9velopp\u00e9e pour les <strong data-start=\"215\" data-end=\"251\">pr\u00e9parations sportives et racing<\/strong> o\u00f9 la <strong data-start=\"258\" data-end=\"289\">pr\u00e9cision et la performance<\/strong> sont essentielles.<\/h2>\n<p data-start=\"443\" data-end=\"604\">Le kit est le fruit de <strong data-start=\"153\" data-end=\"226\">l\u2019exp\u00e9rience de Magistrati Racing\u00ae dans l\u2019usinage moteur de pr\u00e9cision<\/strong> et est destin\u00e9 aux <strong data-start=\"246\" data-end=\"311\">motocyclistes exp\u00e9riment\u00e9s et aux pr\u00e9parateurs professionnels<\/strong>.<\/p>\n<h3>Donn\u00e9es techniques<\/h3>\n<p data-start=\"625\" data-end=\"649\"><strong data-start=\"625\" data-end=\"640\">Cylindr\u00e9e :<\/strong> 595 cc<\/p>\n<p data-start=\"652\" data-end=\"676\"><strong data-start=\"652\" data-end=\"666\">Al\u00e9sage :<\/strong> \u00d8 72 mm<\/p>\n<h3 data-start=\"678\" data-end=\"699\">Contenu du kit<\/h3>\n<p data-start=\"702\" data-end=\"729\"><strong data-start=\"702\" data-end=\"729\">Cylindre al\u00e9s\u00e9 \u00d872 mm :<\/strong>Usinage de pr\u00e9cision r\u00e9alis\u00e9 par Magistrati Racing\u00ae<\/p>\n<p data-start=\"794\" data-end=\"821\"><strong data-start=\"794\" data-end=\"821\">Pistons forg\u00e9s \u00d872 mm :<\/strong>Axe \u00d8 17 mm \/ 3 segments en acier haute performance<\/p>\n<p data-start=\"948\" data-end=\"980\"><strong>Joint de culasse<\/strong> inclus<\/p>\n<h3 data-start=\"982\" data-end=\"1012\">Configurations disponibles<\/h3>\n<p data-start=\"1015\" data-end=\"1065\"><strong data-start=\"1015\" data-end=\"1063\">Usinage du cylindre fourni par le client =<\/strong>cylindre du client<\/p>\n<p data-start=\"1068\" data-end=\"1111\"><strong data-start=\"1068\" data-end=\"1111\">Kit complet avec fourniture du cylindre =<\/strong>cylindre inclus<\/p>\n<h3 data-start=\"1113\" data-end=\"1161\">Proc\u00e9dure \u2013 Usinage du cylindre du client<\/h3>\n<p data-start=\"851\" data-end=\"1102\">Dans la configuration <strong data-start=\"873\" data-end=\"910\">\u00ab\u202fUsinage du cylindre du client\u202f\u00bb<\/strong>, le client doit <strong data-start=\"927\" data-end=\"951\">envoyer son cylindre<\/strong> au <strong data-start=\"955\" data-end=\"986\">si\u00e8ge de Magistrati Racing\u00ae<\/strong> pour l\u2019ex\u00e9cution des op\u00e9rations.<br data-start=\"1019\" data-end=\"1022\" \/>Les <strong data-start=\"1026\" data-end=\"1099\">frais d\u2019exp\u00e9dition vers Magistrati Racing\u00ae sont \u00e0 la charge du client<\/strong>.<\/p>\n<p data-start=\"1104\" data-end=\"1228\">\u00c0 la r\u00e9ception du cylindre, des <strong data-start=\"1136\" data-end=\"1163\">contr\u00f4les pr\u00e9liminaires<\/strong> seront effectu\u00e9s avant le d\u00e9marrage de l\u2019usinage, comprenant :<\/p>\n<p data-start=\"1231\" data-end=\"1265\">Inspection visuelle g\u00e9n\u00e9rale<\/p>\n<p data-start=\"1268\" data-end=\"1305\">Contr\u00f4le de l\u2019\u00e9tat des surfaces<\/p>\n<p data-start=\"1308\" data-end=\"1375\">V\u00e9rification des dommages structurels ou de l\u2019usure excessive<\/p>\n<p data-start=\"1672\" data-end=\"1927\">Si le cylindre est jug\u00e9 <strong data-start=\"1401\" data-end=\"1423\">inapte \u00e0 l\u2019usinage<\/strong> (excessivement ab\u00eem\u00e9 ou endommag\u00e9), l\u2019intervention <strong data-start=\"1475\" data-end=\"1506\">ne pourra pas \u00eatre r\u00e9alis\u00e9e<\/strong>.<br data-start=\"1507\" data-end=\"1510\" \/>Dans ce cas, le cylindre sera <strong data-start=\"1540\" data-end=\"1562\">retourn\u00e9 au client<\/strong>, avec <strong data-start=\"1569\" data-end=\"1603\">frais d\u2019exp\u00e9dition \u00e0 sa charge<\/strong>.<\/p>\n<h3 data-start=\"1929\" data-end=\"1953\">D\u00e9lais d\u2019usinage<\/h3>\n<p data-start=\"1956\" data-end=\"2213\"><strong>D\u00e9lais moyens d\u2019usinage : environ 10\u201315 jours ouvrables<\/strong> \u00e0 compter de la r\u00e9ception du cylindre conforme ou de la disponibilit\u00e9 du cylindre fourni par <strong data-start=\"304\" data-end=\"326\">Magistrati Racing\u00ae<\/strong>.<br data-start=\"327\" data-end=\"330\" \/>Les d\u00e9lais peuvent varier en fonction de la <strong data-start=\"374\" data-end=\"395\">charge de travail<\/strong> et de la <strong data-start=\"405\" data-end=\"437\">complexit\u00e9 de l\u2019intervention<\/strong>.<\/p>\n<h3 data-start=\"2215\" data-end=\"2234\">Caract\u00e9ristiques<\/h3>\n<p data-start=\"476\" data-end=\"520\">Usinages m\u00e9caniques de haute pr\u00e9cision<\/p>\n<p data-start=\"523\" data-end=\"613\">Pistons forg\u00e9s con\u00e7us pour r\u00e9sister \u00e0 de fortes contraintes thermiques et m\u00e9caniques<\/p>\n<p data-start=\"616\" data-end=\"679\">Produit destin\u00e9 exclusivement \u00e0 un usage sportif \/ racing<\/p>\n<h3 data-start=\"2491\" data-end=\"2501\">Prix<\/h3>\n<p data-start=\"2504\" data-end=\"2552\"><strong data-start=\"2504\" data-end=\"2515\">\u20ac 1.500<\/strong> \u2013 Usinage du cylindre du client<\/p>\n<p data-start=\"2555\" data-end=\"2610\"><strong data-start=\"2555\" data-end=\"2566\">\u20ac 2.460<\/strong> \u2013 Kit complet avec fourniture du cylindre<\/p>\n<h3 data-start=\"2612\" data-end=\"2641\">Qualit\u00e9 Magistrati Racing\u00ae<\/h3>\n<p data-start=\"852\" data-end=\"888\">Technologie 100% Made in Italy<\/p>\n<p data-start=\"891\" data-end=\"948\">Exp\u00e9rience racing appliqu\u00e9e \u00e0 la pr\u00e9paration moteur<\/p>\n<p data-start=\"891\" data-end=\"948\">\n<blockquote class=\"wp-embedded-content\" data-secret=\"t9z1PuUy5F\"><p><a href=\"https:\/\/magistratiracing.com\/fr\/augmenter-la-cylindree-du-tmax-ce-qui-change-vraiment-dans-la-conduite\/\">Augmenter la cylindr\u00e9e du TMAX : ce qui change vraiment dans la conduite<\/a><\/p><\/blockquote>\n<p><iframe class=\"wp-embedded-content\" sandbox=\"allow-scripts\" security=\"restricted\" style=\"position: absolute; visibility: hidden;\" title=\"&#8220;Augmenter la cylindr\u00e9e du TMAX : ce qui change vraiment dans la conduite&#8221; &#8212; Magistrati racing\" src=\"https:\/\/magistratiracing.com\/fr\/augmenter-la-cylindree-du-tmax-ce-qui-change-vraiment-dans-la-conduite\/embed\/#?secret=RjQZeKDfC2#?secret=t9z1PuUy5F\" data-secret=\"t9z1PuUy5F\" width=\"600\" height=\"338\" frameborder=\"0\" marginwidth=\"0\" marginheight=\"0\" scrolling=\"no\"><\/iframe><\/p>\n<p>&nbsp;<\/p>\n<h3>VID\u00c9O<\/h3>\n<p><iframe title=\"TMAX 560 kit 595 cc: prova al banco e perch\u00e9 la trasmissione cambia tutto\" width=\"1200\" height=\"675\" src=\"https:\/\/www.youtube.com\/embed\/iJsz2M4YnVQ?feature=oembed\" frameborder=\"0\" allow=\"accelerometer; autoplay; clipboard-write; encrypted-media; gyroscope; picture-in-picture; web-share\" referrerpolicy=\"strict-origin-when-cross-origin\" allowfullscreen><\/iframe><\/p>\n","protected":false},"excerpt":{"rendered":"<p>Le Kit Cylindre Racing 595 cc Magistrati Racing\u00ae est une solution technique de haut niveau, d\u00e9velopp\u00e9e pour les pr\u00e9parations sportives et racing o\u00f9 la pr\u00e9cision et la performance sont essentielles. Le kit est le fruit de l\u2019exp\u00e9rience de Magistrati Racing\u00ae dans l\u2019usinage moteur de pr\u00e9cision et est destin\u00e9 aux motocyclistes exp\u00e9riment\u00e9s et aux pr\u00e9parateurs professionnels. [&hellip;]<\/p>\n","protected":false},"featured_media":12994,"comment_status":"open","ping_status":"closed","template":"","meta":[],"product_brand":[],"product_cat":[],"product_tag":[],"class_list":{"0":"post-13032","1":"product","2":"type-product","3":"status-publish","4":"has-post-thumbnail","7":"first","8":"instock","9":"sale","10":"shipping-taxable","11":"purchasable","12":"product-type-variable"},"yoast_head":"<!-- This site is optimized with the Yoast SEO plugin v26.8 - https:\/\/yoast.com\/product\/yoast-seo-wordpress\/ -->\n<title>Kit Cylindre Racing 595 cc \u00d872 mm \u2013 Magistrati Racing\u00ae Yamaha TMAX 560 - Magistrati racing<\/title>\n<meta name=\"robots\" content=\"index, follow, max-snippet:-1, max-image-preview:large, max-video-preview:-1\" \/>\n<link rel=\"canonical\" href=\"https:\/\/magistratiracing.com\/fr\/prodotto\/kit-cylindre-racing-595-cc-o72-mm-magistrati-racing-yamaha-tmax-560\/\" \/>\n<meta property=\"og:locale\" content=\"fr_FR\" \/>\n<meta property=\"og:type\" content=\"article\" \/>\n<meta property=\"og:title\" content=\"Kit Cylindre Racing 595 cc \u00d872 mm \u2013 Magistrati Racing\u00ae Yamaha TMAX 560 - Magistrati racing\" \/>\n<meta property=\"og:description\" content=\"Le Kit Cylindre Racing 595 cc Magistrati Racing\u00ae est une solution technique de haut niveau, d\u00e9velopp\u00e9e pour les pr\u00e9parations sportives et racing o\u00f9 la pr\u00e9cision et la performance sont essentielles. Le kit est le fruit de l\u2019exp\u00e9rience de Magistrati Racing\u00ae dans l\u2019usinage moteur de pr\u00e9cision et est destin\u00e9 aux motocyclistes exp\u00e9riment\u00e9s et aux pr\u00e9parateurs professionnels. [&hellip;]\" \/>\n<meta property=\"og:url\" content=\"https:\/\/magistratiracing.com\/fr\/prodotto\/kit-cylindre-racing-595-cc-o72-mm-magistrati-racing-yamaha-tmax-560\/\" \/>\n<meta property=\"og:site_name\" content=\"Magistrati racing\" \/>\n<meta property=\"article:modified_time\" content=\"2026-02-13T14:59:37+00:00\" \/>\n<meta property=\"og:image\" content=\"https:\/\/magistratiracing.com\/wp-content\/uploads\/2026\/01\/20250503_145349Ccc-scaled-e1768829812252.jpg\" \/>\n\t<meta property=\"og:image:width\" content=\"1950\" \/>\n\t<meta property=\"og:image:height\" content=\"1491\" \/>\n\t<meta property=\"og:image:type\" content=\"image\/jpeg\" \/>\n<meta name=\"twitter:card\" content=\"summary_large_image\" \/>\n<meta name=\"twitter:label1\" content=\"Dur\u00e9e de lecture estim\u00e9e\" \/>\n\t<meta name=\"twitter:data1\" content=\"2 minutes\" \/>\n<script type=\"application\/ld+json\" class=\"yoast-schema-graph\">{\"@context\":\"https:\/\/schema.org\",\"@graph\":[{\"@type\":\"WebPage\",\"@id\":\"https:\/\/magistratiracing.com\/fr\/prodotto\/kit-cylindre-racing-595-cc-o72-mm-magistrati-racing-yamaha-tmax-560\/\",\"url\":\"https:\/\/magistratiracing.com\/fr\/prodotto\/kit-cylindre-racing-595-cc-o72-mm-magistrati-racing-yamaha-tmax-560\/\",\"name\":\"Kit Cylindre Racing 595 cc \u00d872 mm \u2013 Magistrati Racing\u00ae Yamaha TMAX 560 - Magistrati racing\",\"isPartOf\":{\"@id\":\"https:\/\/magistratiracing.com\/fr\/#website\"},\"primaryImageOfPage\":{\"@id\":\"https:\/\/magistratiracing.com\/fr\/prodotto\/kit-cylindre-racing-595-cc-o72-mm-magistrati-racing-yamaha-tmax-560\/#primaryimage\"},\"image\":{\"@id\":\"https:\/\/magistratiracing.com\/fr\/prodotto\/kit-cylindre-racing-595-cc-o72-mm-magistrati-racing-yamaha-tmax-560\/#primaryimage\"},\"thumbnailUrl\":\"https:\/\/magistratiracing.com\/wp-content\/uploads\/2026\/01\/20250503_145349Ccc-scaled-e1768829812252.jpg\",\"datePublished\":\"2026-01-22T10:44:57+00:00\",\"dateModified\":\"2026-02-13T14:59:37+00:00\",\"breadcrumb\":{\"@id\":\"https:\/\/magistratiracing.com\/fr\/prodotto\/kit-cylindre-racing-595-cc-o72-mm-magistrati-racing-yamaha-tmax-560\/#breadcrumb\"},\"inLanguage\":\"fr-FR\",\"potentialAction\":[{\"@type\":\"ReadAction\",\"target\":[\"https:\/\/magistratiracing.com\/fr\/prodotto\/kit-cylindre-racing-595-cc-o72-mm-magistrati-racing-yamaha-tmax-560\/\"]}]},{\"@type\":\"ImageObject\",\"inLanguage\":\"fr-FR\",\"@id\":\"https:\/\/magistratiracing.com\/fr\/prodotto\/kit-cylindre-racing-595-cc-o72-mm-magistrati-racing-yamaha-tmax-560\/#primaryimage\",\"url\":\"https:\/\/magistratiracing.com\/wp-content\/uploads\/2026\/01\/20250503_145349Ccc-scaled-e1768829812252.jpg\",\"contentUrl\":\"https:\/\/magistratiracing.com\/wp-content\/uploads\/2026\/01\/20250503_145349Ccc-scaled-e1768829812252.jpg\",\"width\":1950,\"height\":1491,\"caption\":\"Kit Cilindro Racing 595 cc \u00d872 mm \u2013 Magistrati Racing\"},{\"@type\":\"BreadcrumbList\",\"@id\":\"https:\/\/magistratiracing.com\/fr\/prodotto\/kit-cylindre-racing-595-cc-o72-mm-magistrati-racing-yamaha-tmax-560\/#breadcrumb\",\"itemListElement\":[{\"@type\":\"ListItem\",\"position\":1,\"name\":\"Home\",\"item\":\"https:\/\/magistratiracing.com\/fr\/\"},{\"@type\":\"ListItem\",\"position\":2,\"name\":\"Shop\",\"item\":\"https:\/\/magistratiracing.com\/fr\/boutique\/\"},{\"@type\":\"ListItem\",\"position\":3,\"name\":\"Kit Cylindre Racing 595 cc \u00d872 mm \u2013 Magistrati Racing\u00ae Yamaha TMAX 560\"}]},{\"@type\":\"WebSite\",\"@id\":\"https:\/\/magistratiracing.com\/fr\/#website\",\"url\":\"https:\/\/magistratiracing.com\/fr\/\",\"name\":\"Magistrati racing\",\"description\":\"\",\"potentialAction\":[{\"@type\":\"SearchAction\",\"target\":{\"@type\":\"EntryPoint\",\"urlTemplate\":\"https:\/\/magistratiracing.com\/fr\/?s={search_term_string}\"},\"query-input\":{\"@type\":\"PropertyValueSpecification\",\"valueRequired\":true,\"valueName\":\"search_term_string\"}}],\"inLanguage\":\"fr-FR\"}]}<\/script>\n<!-- \/ Yoast SEO plugin. -->","yoast_head_json":{"title":"Kit Cylindre Racing 595 cc \u00d872 mm \u2013 Magistrati Racing\u00ae Yamaha TMAX 560 - Magistrati racing","robots":{"index":"index","follow":"follow","max-snippet":"max-snippet:-1","max-image-preview":"max-image-preview:large","max-video-preview":"max-video-preview:-1"},"canonical":"https:\/\/magistratiracing.com\/fr\/prodotto\/kit-cylindre-racing-595-cc-o72-mm-magistrati-racing-yamaha-tmax-560\/","og_locale":"fr_FR","og_type":"article","og_title":"Kit Cylindre Racing 595 cc \u00d872 mm \u2013 Magistrati Racing\u00ae Yamaha TMAX 560 - Magistrati racing","og_description":"Le Kit Cylindre Racing 595 cc Magistrati Racing\u00ae est une solution technique de haut niveau, d\u00e9velopp\u00e9e pour les pr\u00e9parations sportives et racing o\u00f9 la pr\u00e9cision et la performance sont essentielles. Le kit est le fruit de l\u2019exp\u00e9rience de Magistrati Racing\u00ae dans l\u2019usinage moteur de pr\u00e9cision et est destin\u00e9 aux motocyclistes exp\u00e9riment\u00e9s et aux pr\u00e9parateurs professionnels. [&hellip;]","og_url":"https:\/\/magistratiracing.com\/fr\/prodotto\/kit-cylindre-racing-595-cc-o72-mm-magistrati-racing-yamaha-tmax-560\/","og_site_name":"Magistrati racing","article_modified_time":"2026-02-13T14:59:37+00:00","og_image":[{"width":1950,"height":1491,"url":"https:\/\/magistratiracing.com\/wp-content\/uploads\/2026\/01\/20250503_145349Ccc-scaled-e1768829812252.jpg","type":"image\/jpeg"}],"twitter_card":"summary_large_image","twitter_misc":{"Dur\u00e9e de lecture estim\u00e9e":"2 minutes"},"schema":{"@context":"https:\/\/schema.org","@graph":[{"@type":"WebPage","@id":"https:\/\/magistratiracing.com\/fr\/prodotto\/kit-cylindre-racing-595-cc-o72-mm-magistrati-racing-yamaha-tmax-560\/","url":"https:\/\/magistratiracing.com\/fr\/prodotto\/kit-cylindre-racing-595-cc-o72-mm-magistrati-racing-yamaha-tmax-560\/","name":"Kit Cylindre Racing 595 cc \u00d872 mm \u2013 Magistrati Racing\u00ae Yamaha TMAX 560 - Magistrati racing","isPartOf":{"@id":"https:\/\/magistratiracing.com\/fr\/#website"},"primaryImageOfPage":{"@id":"https:\/\/magistratiracing.com\/fr\/prodotto\/kit-cylindre-racing-595-cc-o72-mm-magistrati-racing-yamaha-tmax-560\/#primaryimage"},"image":{"@id":"https:\/\/magistratiracing.com\/fr\/prodotto\/kit-cylindre-racing-595-cc-o72-mm-magistrati-racing-yamaha-tmax-560\/#primaryimage"},"thumbnailUrl":"https:\/\/magistratiracing.com\/wp-content\/uploads\/2026\/01\/20250503_145349Ccc-scaled-e1768829812252.jpg","datePublished":"2026-01-22T10:44:57+00:00","dateModified":"2026-02-13T14:59:37+00:00","breadcrumb":{"@id":"https:\/\/magistratiracing.com\/fr\/prodotto\/kit-cylindre-racing-595-cc-o72-mm-magistrati-racing-yamaha-tmax-560\/#breadcrumb"},"inLanguage":"fr-FR","potentialAction":[{"@type":"ReadAction","target":["https:\/\/magistratiracing.com\/fr\/prodotto\/kit-cylindre-racing-595-cc-o72-mm-magistrati-racing-yamaha-tmax-560\/"]}]},{"@type":"ImageObject","inLanguage":"fr-FR","@id":"https:\/\/magistratiracing.com\/fr\/prodotto\/kit-cylindre-racing-595-cc-o72-mm-magistrati-racing-yamaha-tmax-560\/#primaryimage","url":"https:\/\/magistratiracing.com\/wp-content\/uploads\/2026\/01\/20250503_145349Ccc-scaled-e1768829812252.jpg","contentUrl":"https:\/\/magistratiracing.com\/wp-content\/uploads\/2026\/01\/20250503_145349Ccc-scaled-e1768829812252.jpg","width":1950,"height":1491,"caption":"Kit Cilindro Racing 595 cc \u00d872 mm \u2013 Magistrati Racing"},{"@type":"BreadcrumbList","@id":"https:\/\/magistratiracing.com\/fr\/prodotto\/kit-cylindre-racing-595-cc-o72-mm-magistrati-racing-yamaha-tmax-560\/#breadcrumb","itemListElement":[{"@type":"ListItem","position":1,"name":"Home","item":"https:\/\/magistratiracing.com\/fr\/"},{"@type":"ListItem","position":2,"name":"Shop","item":"https:\/\/magistratiracing.com\/fr\/boutique\/"},{"@type":"ListItem","position":3,"name":"Kit Cylindre Racing 595 cc \u00d872 mm \u2013 Magistrati Racing\u00ae Yamaha TMAX 560"}]},{"@type":"WebSite","@id":"https:\/\/magistratiracing.com\/fr\/#website","url":"https:\/\/magistratiracing.com\/fr\/","name":"Magistrati racing","description":"","potentialAction":[{"@type":"SearchAction","target":{"@type":"EntryPoint","urlTemplate":"https:\/\/magistratiracing.com\/fr\/?s={search_term_string}"},"query-input":{"@type":"PropertyValueSpecification","valueRequired":true,"valueName":"search_term_string"}}],"inLanguage":"fr-FR"}]}},"_links":{"self":[{"href":"https:\/\/magistratiracing.com\/fr\/wp-json\/wp\/v2\/product\/13032","targetHints":{"allow":["GET"]}}],"collection":[{"href":"https:\/\/magistratiracing.com\/fr\/wp-json\/wp\/v2\/product"}],"about":[{"href":"https:\/\/magistratiracing.com\/fr\/wp-json\/wp\/v2\/types\/product"}],"replies":[{"embeddable":true,"href":"https:\/\/magistratiracing.com\/fr\/wp-json\/wp\/v2\/comments?post=13032"}],"wp:featuredmedia":[{"embeddable":true,"href":"https:\/\/magistratiracing.com\/fr\/wp-json\/wp\/v2\/media\/12994"}],"wp:attachment":[{"href":"https:\/\/magistratiracing.com\/fr\/wp-json\/wp\/v2\/media?parent=13032"}],"wp:term":[{"taxonomy":"product_brand","embeddable":true,"href":"https:\/\/magistratiracing.com\/fr\/wp-json\/wp\/v2\/product_brand?post=13032"},{"taxonomy":"product_cat","embeddable":true,"href":"https:\/\/magistratiracing.com\/fr\/wp-json\/wp\/v2\/product_cat?post=13032"},{"taxonomy":"product_tag","embeddable":true,"href":"https:\/\/magistratiracing.com\/fr\/wp-json\/wp\/v2\/product_tag?post=13032"}],"curies":[{"name":"wp","href":"https:\/\/api.w.org\/{rel}","templated":true}]}}