{"id":13035,"date":"2026-01-22T10:48:16","date_gmt":"2026-01-22T10:48:16","guid":{"rendered":"https:\/\/magistratiracing.com\/?post_type=product&#038;p=13035"},"modified":"2026-02-02T17:03:18","modified_gmt":"2026-02-02T17:03:18","slug":"ecu-haltech-elite-pour-tmax-560-plug-play-tuning-et-performance-par-magistrati-racing","status":"publish","type":"product","link":"https:\/\/magistratiracing.com\/fr\/prodotto\/ecu-haltech-elite-pour-tmax-560-plug-play-tuning-et-performance-par-magistrati-racing\/","title":{"rendered":"ECU Haltech Elite pour TMAX 560 (Plug &#038; Play) \u2013 Tuning et Performance par Magistrati Racing\u00ae"},"content":{"rendered":"<h3 data-start=\"107\" data-end=\"189\"><strong data-start=\"107\" data-end=\"187\">ECU pr\u00e9-c\u00e2bl\u00e9e pour TMAX 560 \u2013 Carte de d\u00e9marrage incluse \u2013 Logiciel gratuit<\/strong><\/h3>\n<h3>\ud83d\udd25 CENTRALE HALTECH ELITE PLUG &amp; PLAY<\/h3>\n<h3 data-start=\"1107\" data-end=\"1164\">pour TMAX 560 Turbo &amp; Atmosph\u00e9rique \u2013 par Magistrati Racing\u00ae<\/h3>\n<p data-start=\"1166\" data-end=\"1284\">ECU pr\u00e9-c\u00e2bl\u00e9e pour TMAX 560, avec <strong data-start=\"142\" data-end=\"172\">carte de d\u00e9marrage incluse<\/strong> et <strong data-start=\"176\" data-end=\"212\">logiciel de cartographie gratuit<\/strong>.<\/p>\n<p data-start=\"1286\" data-end=\"1369\">C\u2019est <strong data-start=\"223\" data-end=\"306\">la m\u00eame ECU utilis\u00e9e sur les TMAX Turbo et Atmosph\u00e9riques de Magistrati Racing\u00ae<\/strong>.<\/p>\n<h4 data-start=\"1286\" data-end=\"1369\">\ud83d\udc49 <span style=\"color: #ff0000;\"><strong data-start=\"1558\" data-end=\"1605\">Vous l\u2019installez et le TMAX d\u00e9marre.<\/strong><\/span><\/h4>\n<hr data-start=\"1864\" data-end=\"1867\" \/>\n<h4 data-start=\"1371\" data-end=\"1390\">\u2714\ufe0f POURQUOI LA CHOISIR \u2013 PRINCIPAUX AVANTAGES<\/h4>\n<p data-start=\"1393\" data-end=\"1419\"><strong data-start=\"162\" data-end=\"190\">Installation <em>Plug &amp; Play<\/em><\/strong> avec c\u00e2blage d\u00e9di\u00e9 pour TMAX 560 \u2013 aucune modification invasive du syst\u00e8me d\u2019origine<\/p>\n<p data-start=\"1462\" data-end=\"1491\"><strong data-start=\"280\" data-end=\"310\">Carte de d\u00e9marrage incluse<\/strong> \u2013 moteur pr\u00eat \u00e0 l\u2019emploi d\u00e8s le premier d\u00e9marrage<\/p>\n<p data-start=\"1532\" data-end=\"1553\"><strong>Compatible avec Yamaha TMAX 560 Turbo et Atmosph\u00e9rique<\/strong><\/p>\n<p data-start=\"1532\" data-end=\"1553\"><strong>Logiciel<\/strong> Haltech NSP <strong>gratuit<\/strong><\/p>\n<p data-start=\"1607\" data-end=\"1654\">\ud83d\uded2 <strong>Disponible en versions Silver et Gold<\/strong><\/p>\n<hr data-start=\"1656\" data-end=\"1659\" \/>\n<h4>POURQUOI MAGISTRATI RACING<\/h4>\n<p data-start=\"1694\" data-end=\"1832\">Chez <strong data-start=\"149\" data-end=\"171\">Magistrati Racing\u00ae<\/strong>, nous ne sommes pas des revendeurs g\u00e9n\u00e9riques.<br data-start=\"218\" data-end=\"221\" \/>Nous d\u00e9veloppons des <strong data-start=\"242\" data-end=\"292\">TMAX Turbo et Atmosph\u00e9riques haute performance<\/strong> et ne vendons que ce que nous utilisons r\u00e9ellement.<\/p>\n<p data-start=\"1834\" data-end=\"1862\">\ud83d\udc49 Si nous le vendons, \u00e7a fonctionne.<\/p>\n<h4>LE MAGI DIT<\/h4>\n<p>\u00ab Sur mon TMAX 560 Turbo, j\u2019utilise cette \u00e9lectronique depuis plusieurs ann\u00e9es.<br data-start=\"497\" data-end=\"500\" \/>Je l\u2019emm\u00e8ne sur route et sur piste. \u00bb<\/p>\n<p data-start=\"3354\" data-end=\"3420\">\ud83d\udcfa Regardez la vid\u00e9o :<br data-start=\"3373\" data-end=\"3376\" \/><a href=\"https:\/\/www.youtube.com\/watch?v=nf9HvxcytYI\">(2653) Tmax 560 Turbo in pista si scatena \ud83d\ude09\ud83d\ude09\ud83e\udd19\ud83d\ude80\ud83d\ude80\ud83d\ude80 &#8211; YouTube<\/a><\/p>\n<hr data-start=\"2920\" data-end=\"2923\" \/>\n<h4 data-start=\"3354\" data-end=\"3420\">LOGICIEL DE GESTION<\/h4>\n<p data-start=\"3354\" data-end=\"3420\"><strong>Logiciel<\/strong> Haltech NSP <strong>gratuit<\/strong><\/p>\n<hr data-start=\"3244\" data-end=\"3247\" \/>\n<h3 data-start=\"2287\" data-end=\"2323\">COMPOSANTS \u00c9LECTRONIQUES INCLUS<\/h3>\n<p data-start=\"151\" data-end=\"185\">ECU Haltech Elite pr\u00e9-c\u00e2bl\u00e9e<\/p>\n<p data-start=\"188\" data-end=\"229\">Wideband (sonde lambda large bande)<\/p>\n<p data-start=\"232\" data-end=\"266\">Capteur de temp\u00e9rature d\u2019air<\/p>\n<p data-start=\"269\" data-end=\"301\">Carte de d\u00e9marrage incluse<\/p>\n<p data-start=\"304\" data-end=\"360\">Capteurs pour configurations Turbo \/ Atmosph\u00e9rique<\/p>\n<h3 data-start=\"2601\" data-end=\"2613\">INSTALLATION<\/h3>\n<p data-start=\"85\" data-end=\"128\"><strong data-start=\"85\" data-end=\"126\">Installation \u00e0 r\u00e9aliser par le client<\/strong><\/p>\n<hr data-start=\"2282\" data-end=\"2285\" \/>\n<h3>VERSIONS DISPONIBLES<\/h3>\n<h4 data-start=\"1897\" data-end=\"1916\">ELITE SILVER<\/h4>\n<p data-start=\"1919\" data-end=\"1979\">ECU Haltech Elite<strong data-start=\"161\" data-end=\"193\"> 550 <\/strong>ou<strong data-start=\"161\" data-end=\"193\"> 750<\/strong> (selon disponibilit\u00e9)<\/p>\n<p data-start=\"1982\" data-end=\"1993\">Id\u00e9al pour :<\/p>\n<p data-start=\"240\" data-end=\"270\">Turbo street \/ stage 1\u20132<\/p>\n<p data-start=\"273\" data-end=\"299\">Atmosph\u00e9rique racing<\/p>\n<p data-start=\"302\" data-end=\"326\">Extensions de base<\/p>\n<h4 data-start=\"2062\" data-end=\"2079\">ELITE GOLD<\/h4>\n<p data-start=\"2082\" data-end=\"2108\">ECU Haltech Elite <strong>1500<\/strong><\/p>\n<p data-start=\"2111\" data-end=\"2122\">Id\u00e9al pour :<\/p>\n<p data-start=\"405\" data-end=\"441\">Turbos extr\u00eames de comp\u00e9tition<\/p>\n<p data-start=\"444\" data-end=\"473\">Projets haute puissance<\/p>\n<p data-start=\"476\" data-end=\"512\">Extensions et capteurs avanc\u00e9s<\/p>\n<p data-start=\"2219\" data-end=\"2280\">\ud83d\udc49 <strong>Vous ne savez pas laquelle choisir ? Contactez-nous avant l\u2019achat.<\/strong><\/p>\n<hr data-start=\"2761\" data-end=\"2764\" \/>\n<h2 data-start=\"221\" data-end=\"292\">Comparaison directe \u2013 ECU Haltech Elite vs Syst\u00e8me de Base TMAX Turbo<\/h2>\n<div class=\"TyagGW_tableContainer\">\n<div class=\"group TyagGW_tableWrapper flex flex-col-reverse w-fit\" tabindex=\"-1\">\n<table class=\"w-fit min-w-(--thread-content-width)\" data-start=\"294\" data-end=\"1188\">\n<thead data-start=\"294\" data-end=\"378\">\n<tr data-start=\"294\" data-end=\"378\">\n<th data-start=\"294\" data-end=\"311\" data-col-size=\"sm\">Caract\u00e9ristique<\/th>\n<th data-start=\"311\" data-end=\"347\" data-col-size=\"sm\">ECU Haltech Elite Plug &amp; Play<\/th>\n<th data-start=\"347\" data-end=\"378\" data-col-size=\"sm\">Syst\u00e8me de Base TMAX Turbo<\/th>\n<\/tr>\n<\/thead>\n<tbody data-start=\"462\" data-end=\"1188\">\n<tr data-start=\"462\" data-end=\"538\">\n<td data-start=\"462\" data-end=\"483\" data-col-size=\"sm\">Usage pr\u00e9vu<\/td>\n<td data-col-size=\"sm\" data-start=\"483\" data-end=\"509\">Turbo avanc\u00e9s \/ racing<\/td>\n<td data-col-size=\"sm\" data-start=\"509\" data-end=\"538\">Turbo peu pouss\u00e9s \/ street<\/td>\n<\/tr>\n<tr data-start=\"539\" data-end=\"598\">\n<td data-start=\"539\" data-end=\"561\" data-col-size=\"sm\">Niveau de performance<\/td>\n<td data-col-size=\"sm\" data-start=\"561\" data-end=\"582\"><strong>\u00c9lev\u00e9 \/ extr\u00eame<\/strong><\/td>\n<td data-col-size=\"sm\" data-start=\"582\" data-end=\"598\">BBase \/ moyen<\/td>\n<\/tr>\n<tr data-start=\"599\" data-end=\"654\">\n<td data-start=\"599\" data-end=\"622\" data-col-size=\"sm\">Exp\u00e9rience requise<\/td>\n<td data-col-size=\"sm\" data-start=\"622\" data-end=\"637\">Moyenne \/ \u00e9lev\u00e9e<\/td>\n<td data-col-size=\"sm\" data-start=\"637\" data-end=\"654\">Moyenne<\/td>\n<\/tr>\n<tr data-start=\"655\" data-end=\"724\">\n<td data-start=\"655\" data-end=\"667\" data-col-size=\"sm\">C\u00e2blage<\/td>\n<td data-col-size=\"sm\" data-start=\"667\" data-end=\"695\">Plug &amp; Play d\u00e9di\u00e9 TMAX<\/td>\n<td data-col-size=\"sm\" data-start=\"695\" data-end=\"724\">Plug &amp; Play d\u00e9di\u00e9 TMAX<\/td>\n<\/tr>\n<tr data-start=\"725\" data-end=\"803\">\n<td data-start=\"725\" data-end=\"744\" data-col-size=\"sm\">Logiciel inclus<\/td>\n<td data-col-size=\"sm\" data-start=\"744\" data-end=\"773\"><strong>Haltech NSP (complet)<\/strong><\/td>\n<td data-col-size=\"sm\" data-start=\"773\" data-end=\"803\">Maya (limit\u00e9) \u2013 Upgrade Maya : achetable s\u00e9par\u00e9ment<\/td>\n<\/tr>\n<tr data-start=\"804\" data-end=\"856\">\n<td data-start=\"804\" data-end=\"831\" data-col-size=\"sm\">Possibilit\u00e9 de cartographie<\/td>\n<td data-col-size=\"sm\" data-start=\"831\" data-end=\"844\"><strong data-start=\"833\" data-end=\"843\">Totale<\/strong><\/td>\n<td data-col-size=\"sm\" data-start=\"844\" data-end=\"856\">Limit\u00e9e<\/td>\n<\/tr>\n<tr data-start=\"857\" data-end=\"900\">\n<td data-start=\"857\" data-end=\"885\" data-col-size=\"sm\">Gestion des capteurs avanc\u00e9s<\/td>\n<td data-col-size=\"sm\" data-start=\"885\" data-end=\"894\"><strong>Oui<\/strong><\/td>\n<td data-col-size=\"sm\" data-start=\"894\" data-end=\"900\">Non<\/td>\n<\/tr>\n<tr data-start=\"901\" data-end=\"974\">\n<td data-start=\"901\" data-end=\"926\" data-col-size=\"sm\">Strat\u00e9gies de contr\u00f4le<\/td>\n<td data-col-size=\"sm\" data-start=\"926\" data-end=\"960\"><strong>Avanc\u00e9es et personnalisables<\/strong><\/td>\n<td data-col-size=\"sm\" data-start=\"960\" data-end=\"974\">Essentielles<\/td>\n<\/tr>\n<tr data-start=\"975\" data-end=\"1024\">\n<td data-start=\"975\" data-end=\"998\" data-col-size=\"sm\">Expansibilit\u00e9 future<\/td>\n<td data-col-size=\"sm\" data-start=\"998\" data-end=\"1012\"><strong>\u00c9lev\u00e9e<\/strong><\/td>\n<td data-col-size=\"sm\" data-start=\"1012\" data-end=\"1024\">Limit\u00e9e<\/td>\n<\/tr>\n<tr data-start=\"1025\" data-end=\"1067\">\n<td data-start=\"1025\" data-end=\"1052\" data-col-size=\"sm\">Adapt\u00e9e aux d\u00e9veloppements futurs<\/td>\n<td data-col-size=\"sm\" data-start=\"1052\" data-end=\"1061\"><strong>Oui<\/strong><\/td>\n<td data-col-size=\"sm\" data-start=\"1061\" data-end=\"1067\">Non<\/td>\n<\/tr>\n<tr data-start=\"1068\" data-end=\"1115\">\n<td data-start=\"1068\" data-end=\"1076\" data-col-size=\"sm\">Co\u00fbt<\/td>\n<td data-col-size=\"sm\" data-start=\"1076\" data-end=\"1095\">\ud83d\udcb0\ud83d\udcb0 Plus \u00e9lev\u00e9<\/td>\n<td data-col-size=\"sm\" data-start=\"1095\" data-end=\"1115\">\ud83d\udcb0 Moins cher<\/td>\n<\/tr>\n<tr data-start=\"1116\" data-end=\"1188\">\n<td data-start=\"1116\" data-end=\"1129\" data-col-size=\"sm\">Id\u00e9al pour<\/td>\n<td data-col-size=\"sm\" data-start=\"1129\" data-end=\"1161\"><strong>Projets \u00e9volu\u00e9s et racing<\/strong><\/td>\n<td data-col-size=\"sm\" data-start=\"1161\" data-end=\"1188\">Premi\u00e8res conversions turbo<\/td>\n<\/tr>\n<\/tbody>\n<\/table>\n<\/div>\n<\/div>\n<h3 data-start=\"3427\" data-end=\"3500\"><\/h3>\n<p data-start=\"106\" data-end=\"348\">L\u2019<strong data-start=\"108\" data-end=\"141\">ECU Haltech Elite Plug &amp; Play<\/strong> repr\u00e9sente la solution ultime pour ceux qui recherchent un <strong data-start=\"201\" data-end=\"275\">contr\u00f4le maximal, une grande expansibilit\u00e9 et des performances \u00e9lev\u00e9es<\/strong>, et elle est recommand\u00e9e pour les <strong data-start=\"310\" data-end=\"345\">pr\u00e9parations avanc\u00e9es ou racing<\/strong>.<\/p>\n<p data-start=\"350\" data-end=\"513\">Pour les <strong data-start=\"359\" data-end=\"407\">configurations turbo simples et peu pouss\u00e9es<\/strong>, <strong data-start=\"409\" data-end=\"430\">Magistrati Racing<\/strong> propose le <strong data-start=\"442\" data-end=\"472\">Syst\u00e8me de Base TMAX Turbo<\/strong> comme <strong data-start=\"479\" data-end=\"510\">alternative plus \u00e9conomique<\/strong>.<\/p>\n<hr data-start=\"1864\" data-end=\"1867\" \/>\n<h3>FFAQ RAPIDE<\/h3>\n<p data-start=\"2943\" data-end=\"3040\"><strong data-start=\"2943\" data-end=\"2969\">Est-elle vraiment Plug &amp; Play ?<\/strong><br data-start=\"2969\" data-end=\"2972\" \/>Oui ! C\u00e2blage d\u00e9di\u00e9 TMAX. Installation simplifi\u00e9e, aucune modification invasive du syst\u00e8me d\u2019origine.<\/p>\n<p data-start=\"3042\" data-end=\"3102\"><strong>Le TMAX d\u00e9marre-t-il imm\u00e9diatement ?<\/strong><br data-start=\"3067\" data-end=\"3070\" \/>Oui, carte de d\u00e9marrage incluse.<\/p>\n<p data-start=\"3104\" data-end=\"3173\"><strong>Puis-je l\u2019utiliser sans turbo ?<\/strong><br data-start=\"3133\" data-end=\"3136\" \/>Oui, elle supporte les configurations atmosph\u00e9riques.<\/p>\n<p data-start=\"3175\" data-end=\"3242\"><strong>Utilisation sur route ?<\/strong><br data-start=\"3192\" data-end=\"3195\" \/>Produit destin\u00e9 exclusivement aux usages racing \/ pr\u00e9parations performance.<\/p>\n<hr data-start=\"1864\" data-end=\"1867\" \/>\n<h3 data-start=\"3427\" data-end=\"3500\"><\/h3>\n<h2>\ud83d\udc49 Ajoutez-la au panier et commencez avec la base id\u00e9ale pour votre TMAX<\/h2>\n","protected":false},"excerpt":{"rendered":"<p>ECU pr\u00e9-c\u00e2bl\u00e9e pour TMAX 560 \u2013 Carte de d\u00e9marrage incluse \u2013 Logiciel gratuit \ud83d\udd25 CENTRALE HALTECH ELITE PLUG &amp; PLAY pour TMAX 560 Turbo &amp; Atmosph\u00e9rique \u2013 par Magistrati Racing\u00ae ECU pr\u00e9-c\u00e2bl\u00e9e pour TMAX 560, avec carte de d\u00e9marrage incluse et logiciel de cartographie gratuit. C\u2019est la m\u00eame ECU utilis\u00e9e sur les TMAX Turbo et [&hellip;]<\/p>\n","protected":false},"featured_media":11031,"comment_status":"open","ping_status":"closed","template":"","meta":[],"product_brand":[],"product_cat":[321],"product_tag":[],"class_list":{"0":"post-13035","1":"product","2":"type-product","3":"status-publish","4":"has-post-thumbnail","6":"product_cat-tmax-560-2020-2024-fr","8":"first","9":"instock","10":"sale","11":"shipping-taxable","12":"purchasable","13":"product-type-variable"},"yoast_head":"<!-- This site is optimized with the Yoast SEO plugin v26.8 - https:\/\/yoast.com\/product\/yoast-seo-wordpress\/ -->\n<title>ECU Haltech Elite pour TMAX 560 (Plug &amp; Play) \u2013 Tuning et Performance par Magistrati Racing\u00ae - Magistrati racing<\/title>\n<meta name=\"robots\" content=\"index, follow, max-snippet:-1, max-image-preview:large, max-video-preview:-1\" \/>\n<link rel=\"canonical\" href=\"https:\/\/magistratiracing.com\/fr\/prodotto\/ecu-haltech-elite-pour-tmax-560-plug-play-tuning-et-performance-par-magistrati-racing\/\" \/>\n<meta property=\"og:locale\" content=\"fr_FR\" \/>\n<meta property=\"og:type\" content=\"article\" \/>\n<meta property=\"og:title\" content=\"ECU Haltech Elite pour TMAX 560 (Plug &amp; Play) \u2013 Tuning et Performance par Magistrati Racing\u00ae - Magistrati racing\" \/>\n<meta property=\"og:description\" content=\"ECU pr\u00e9-c\u00e2bl\u00e9e pour TMAX 560 \u2013 Carte de d\u00e9marrage incluse \u2013 Logiciel gratuit \ud83d\udd25 CENTRALE HALTECH ELITE PLUG &amp; PLAY pour TMAX 560 Turbo &amp; Atmosph\u00e9rique \u2013 par Magistrati Racing\u00ae ECU pr\u00e9-c\u00e2bl\u00e9e pour TMAX 560, avec carte de d\u00e9marrage incluse et logiciel de cartographie gratuit. C\u2019est la m\u00eame ECU utilis\u00e9e sur les TMAX Turbo et [&hellip;]\" \/>\n<meta property=\"og:url\" content=\"https:\/\/magistratiracing.com\/fr\/prodotto\/ecu-haltech-elite-pour-tmax-560-plug-play-tuning-et-performance-par-magistrati-racing\/\" \/>\n<meta property=\"og:site_name\" content=\"Magistrati racing\" \/>\n<meta property=\"article:modified_time\" content=\"2026-02-02T17:03:18+00:00\" \/>\n<meta property=\"og:image\" content=\"https:\/\/magistratiracing.com\/wp-content\/uploads\/2025\/02\/20241219_093757_edited-scaled.jpg\" \/>\n\t<meta property=\"og:image:width\" content=\"2133\" \/>\n\t<meta property=\"og:image:height\" content=\"2560\" \/>\n\t<meta property=\"og:image:type\" content=\"image\/jpeg\" \/>\n<meta name=\"twitter:card\" content=\"summary_large_image\" \/>\n<meta name=\"twitter:label1\" content=\"Dur\u00e9e de lecture estim\u00e9e\" \/>\n\t<meta name=\"twitter:data1\" content=\"3 minutes\" \/>\n<script type=\"application\/ld+json\" class=\"yoast-schema-graph\">{\"@context\":\"https:\/\/schema.org\",\"@graph\":[{\"@type\":\"WebPage\",\"@id\":\"https:\/\/magistratiracing.com\/fr\/prodotto\/ecu-haltech-elite-pour-tmax-560-plug-play-tuning-et-performance-par-magistrati-racing\/\",\"url\":\"https:\/\/magistratiracing.com\/fr\/prodotto\/ecu-haltech-elite-pour-tmax-560-plug-play-tuning-et-performance-par-magistrati-racing\/\",\"name\":\"ECU Haltech Elite pour TMAX 560 (Plug & Play) \u2013 Tuning et Performance par Magistrati Racing\u00ae - Magistrati racing\",\"isPartOf\":{\"@id\":\"https:\/\/magistratiracing.com\/fr\/#website\"},\"primaryImageOfPage\":{\"@id\":\"https:\/\/magistratiracing.com\/fr\/prodotto\/ecu-haltech-elite-pour-tmax-560-plug-play-tuning-et-performance-par-magistrati-racing\/#primaryimage\"},\"image\":{\"@id\":\"https:\/\/magistratiracing.com\/fr\/prodotto\/ecu-haltech-elite-pour-tmax-560-plug-play-tuning-et-performance-par-magistrati-racing\/#primaryimage\"},\"thumbnailUrl\":\"https:\/\/magistratiracing.com\/wp-content\/uploads\/2025\/02\/20241219_093757_edited-scaled.jpg\",\"datePublished\":\"2026-01-22T10:48:16+00:00\",\"dateModified\":\"2026-02-02T17:03:18+00:00\",\"breadcrumb\":{\"@id\":\"https:\/\/magistratiracing.com\/fr\/prodotto\/ecu-haltech-elite-pour-tmax-560-plug-play-tuning-et-performance-par-magistrati-racing\/#breadcrumb\"},\"inLanguage\":\"fr-FR\",\"potentialAction\":[{\"@type\":\"ReadAction\",\"target\":[\"https:\/\/magistratiracing.com\/fr\/prodotto\/ecu-haltech-elite-pour-tmax-560-plug-play-tuning-et-performance-par-magistrati-racing\/\"]}]},{\"@type\":\"ImageObject\",\"inLanguage\":\"fr-FR\",\"@id\":\"https:\/\/magistratiracing.com\/fr\/prodotto\/ecu-haltech-elite-pour-tmax-560-plug-play-tuning-et-performance-par-magistrati-racing\/#primaryimage\",\"url\":\"https:\/\/magistratiracing.com\/wp-content\/uploads\/2025\/02\/20241219_093757_edited-scaled.jpg\",\"contentUrl\":\"https:\/\/magistratiracing.com\/wp-content\/uploads\/2025\/02\/20241219_093757_edited-scaled.jpg\",\"width\":2133,\"height\":2560,\"caption\":\"Versione Silver\"},{\"@type\":\"BreadcrumbList\",\"@id\":\"https:\/\/magistratiracing.com\/fr\/prodotto\/ecu-haltech-elite-pour-tmax-560-plug-play-tuning-et-performance-par-magistrati-racing\/#breadcrumb\",\"itemListElement\":[{\"@type\":\"ListItem\",\"position\":1,\"name\":\"Home\",\"item\":\"https:\/\/magistratiracing.com\/fr\/\"},{\"@type\":\"ListItem\",\"position\":2,\"name\":\"Shop\",\"item\":\"https:\/\/magistratiracing.com\/fr\/boutique\/\"},{\"@type\":\"ListItem\",\"position\":3,\"name\":\"ECU Haltech Elite pour TMAX 560 (Plug &#038; Play) \u2013 Tuning et Performance par Magistrati Racing\u00ae\"}]},{\"@type\":\"WebSite\",\"@id\":\"https:\/\/magistratiracing.com\/fr\/#website\",\"url\":\"https:\/\/magistratiracing.com\/fr\/\",\"name\":\"Magistrati racing\",\"description\":\"\",\"potentialAction\":[{\"@type\":\"SearchAction\",\"target\":{\"@type\":\"EntryPoint\",\"urlTemplate\":\"https:\/\/magistratiracing.com\/fr\/?s={search_term_string}\"},\"query-input\":{\"@type\":\"PropertyValueSpecification\",\"valueRequired\":true,\"valueName\":\"search_term_string\"}}],\"inLanguage\":\"fr-FR\"}]}<\/script>\n<!-- \/ Yoast SEO plugin. -->","yoast_head_json":{"title":"ECU Haltech Elite pour TMAX 560 (Plug & Play) \u2013 Tuning et Performance par Magistrati Racing\u00ae - Magistrati racing","robots":{"index":"index","follow":"follow","max-snippet":"max-snippet:-1","max-image-preview":"max-image-preview:large","max-video-preview":"max-video-preview:-1"},"canonical":"https:\/\/magistratiracing.com\/fr\/prodotto\/ecu-haltech-elite-pour-tmax-560-plug-play-tuning-et-performance-par-magistrati-racing\/","og_locale":"fr_FR","og_type":"article","og_title":"ECU Haltech Elite pour TMAX 560 (Plug & Play) \u2013 Tuning et Performance par Magistrati Racing\u00ae - Magistrati racing","og_description":"ECU pr\u00e9-c\u00e2bl\u00e9e pour TMAX 560 \u2013 Carte de d\u00e9marrage incluse \u2013 Logiciel gratuit \ud83d\udd25 CENTRALE HALTECH ELITE PLUG &amp; PLAY pour TMAX 560 Turbo &amp; Atmosph\u00e9rique \u2013 par Magistrati Racing\u00ae ECU pr\u00e9-c\u00e2bl\u00e9e pour TMAX 560, avec carte de d\u00e9marrage incluse et logiciel de cartographie gratuit. C\u2019est la m\u00eame ECU utilis\u00e9e sur les TMAX Turbo et [&hellip;]","og_url":"https:\/\/magistratiracing.com\/fr\/prodotto\/ecu-haltech-elite-pour-tmax-560-plug-play-tuning-et-performance-par-magistrati-racing\/","og_site_name":"Magistrati racing","article_modified_time":"2026-02-02T17:03:18+00:00","og_image":[{"width":2133,"height":2560,"url":"https:\/\/magistratiracing.com\/wp-content\/uploads\/2025\/02\/20241219_093757_edited-scaled.jpg","type":"image\/jpeg"}],"twitter_card":"summary_large_image","twitter_misc":{"Dur\u00e9e de lecture estim\u00e9e":"3 minutes"},"schema":{"@context":"https:\/\/schema.org","@graph":[{"@type":"WebPage","@id":"https:\/\/magistratiracing.com\/fr\/prodotto\/ecu-haltech-elite-pour-tmax-560-plug-play-tuning-et-performance-par-magistrati-racing\/","url":"https:\/\/magistratiracing.com\/fr\/prodotto\/ecu-haltech-elite-pour-tmax-560-plug-play-tuning-et-performance-par-magistrati-racing\/","name":"ECU Haltech Elite pour TMAX 560 (Plug & Play) \u2013 Tuning et Performance par Magistrati Racing\u00ae - Magistrati racing","isPartOf":{"@id":"https:\/\/magistratiracing.com\/fr\/#website"},"primaryImageOfPage":{"@id":"https:\/\/magistratiracing.com\/fr\/prodotto\/ecu-haltech-elite-pour-tmax-560-plug-play-tuning-et-performance-par-magistrati-racing\/#primaryimage"},"image":{"@id":"https:\/\/magistratiracing.com\/fr\/prodotto\/ecu-haltech-elite-pour-tmax-560-plug-play-tuning-et-performance-par-magistrati-racing\/#primaryimage"},"thumbnailUrl":"https:\/\/magistratiracing.com\/wp-content\/uploads\/2025\/02\/20241219_093757_edited-scaled.jpg","datePublished":"2026-01-22T10:48:16+00:00","dateModified":"2026-02-02T17:03:18+00:00","breadcrumb":{"@id":"https:\/\/magistratiracing.com\/fr\/prodotto\/ecu-haltech-elite-pour-tmax-560-plug-play-tuning-et-performance-par-magistrati-racing\/#breadcrumb"},"inLanguage":"fr-FR","potentialAction":[{"@type":"ReadAction","target":["https:\/\/magistratiracing.com\/fr\/prodotto\/ecu-haltech-elite-pour-tmax-560-plug-play-tuning-et-performance-par-magistrati-racing\/"]}]},{"@type":"ImageObject","inLanguage":"fr-FR","@id":"https:\/\/magistratiracing.com\/fr\/prodotto\/ecu-haltech-elite-pour-tmax-560-plug-play-tuning-et-performance-par-magistrati-racing\/#primaryimage","url":"https:\/\/magistratiracing.com\/wp-content\/uploads\/2025\/02\/20241219_093757_edited-scaled.jpg","contentUrl":"https:\/\/magistratiracing.com\/wp-content\/uploads\/2025\/02\/20241219_093757_edited-scaled.jpg","width":2133,"height":2560,"caption":"Versione Silver"},{"@type":"BreadcrumbList","@id":"https:\/\/magistratiracing.com\/fr\/prodotto\/ecu-haltech-elite-pour-tmax-560-plug-play-tuning-et-performance-par-magistrati-racing\/#breadcrumb","itemListElement":[{"@type":"ListItem","position":1,"name":"Home","item":"https:\/\/magistratiracing.com\/fr\/"},{"@type":"ListItem","position":2,"name":"Shop","item":"https:\/\/magistratiracing.com\/fr\/boutique\/"},{"@type":"ListItem","position":3,"name":"ECU Haltech Elite pour TMAX 560 (Plug &#038; Play) \u2013 Tuning et Performance par Magistrati Racing\u00ae"}]},{"@type":"WebSite","@id":"https:\/\/magistratiracing.com\/fr\/#website","url":"https:\/\/magistratiracing.com\/fr\/","name":"Magistrati racing","description":"","potentialAction":[{"@type":"SearchAction","target":{"@type":"EntryPoint","urlTemplate":"https:\/\/magistratiracing.com\/fr\/?s={search_term_string}"},"query-input":{"@type":"PropertyValueSpecification","valueRequired":true,"valueName":"search_term_string"}}],"inLanguage":"fr-FR"}]}},"_links":{"self":[{"href":"https:\/\/magistratiracing.com\/fr\/wp-json\/wp\/v2\/product\/13035","targetHints":{"allow":["GET"]}}],"collection":[{"href":"https:\/\/magistratiracing.com\/fr\/wp-json\/wp\/v2\/product"}],"about":[{"href":"https:\/\/magistratiracing.com\/fr\/wp-json\/wp\/v2\/types\/product"}],"replies":[{"embeddable":true,"href":"https:\/\/magistratiracing.com\/fr\/wp-json\/wp\/v2\/comments?post=13035"}],"wp:featuredmedia":[{"embeddable":true,"href":"https:\/\/magistratiracing.com\/fr\/wp-json\/wp\/v2\/media\/11031"}],"wp:attachment":[{"href":"https:\/\/magistratiracing.com\/fr\/wp-json\/wp\/v2\/media?parent=13035"}],"wp:term":[{"taxonomy":"product_brand","embeddable":true,"href":"https:\/\/magistratiracing.com\/fr\/wp-json\/wp\/v2\/product_brand?post=13035"},{"taxonomy":"product_cat","embeddable":true,"href":"https:\/\/magistratiracing.com\/fr\/wp-json\/wp\/v2\/product_cat?post=13035"},{"taxonomy":"product_tag","embeddable":true,"href":"https:\/\/magistratiracing.com\/fr\/wp-json\/wp\/v2\/product_tag?post=13035"}],"curies":[{"name":"wp","href":"https:\/\/api.w.org\/{rel}","templated":true}]}}